{"id":5041,"date":"2026-05-08T11:12:47","date_gmt":"2026-05-08T14:12:47","guid":{"rendered":"https:\/\/sites.usp.br\/fisica\/?page_id=5041"},"modified":"2026-05-08T11:12:47","modified_gmt":"2026-05-08T14:12:47","slug":"ateste-servicos-acesso","status":"publish","type":"page","link":"https:\/\/sites.usp.br\/fisica\/ateste-servicos-acesso\/","title":{"rendered":"aTeste servi\u00e7os (Acesso)"},"content":{"rendered":"\t\t<div data-elementor-type=\"wp-page\" data-elementor-id=\"5041\" class=\"elementor elementor-5041\" data-elementor-post-type=\"page\">\n\t\t\t\t\t\t<section class=\"elementor-section elementor-top-section elementor-element elementor-element-4ed566b elementor-section-boxed elementor-section-height-default elementor-section-height-default\" data-id=\"4ed566b\" data-element_type=\"section\">\n\t\t\t\t\t\t<div class=\"elementor-container elementor-column-gap-default\">\n\t\t\t\t\t<div class=\"elementor-column elementor-col-100 elementor-top-column elementor-element elementor-element-71324b4\" data-id=\"71324b4\" data-element_type=\"column\">\n\t\t\t<div class=\"elementor-widget-wrap elementor-element-populated\">\n\t\t\t\t\t\t<div class=\"elementor-element elementor-element-b4832c0 elementor-widget elementor-widget-html\" data-id=\"b4832c0\" data-element_type=\"widget\" data-widget_type=\"html.default\">\n\t\t\t\t<div class=\"elementor-widget-container\">\n\t\t\t<div id=\"container-registro-lab\" style=\"padding: 20px; border: 1px solid #ddd; border-radius: 10px; background: #fff; font-family: sans-serif;\">\n    <form id=\"registro-lab-form\">\n        <div style=\"margin-bottom: 12px;\">\n            <label style=\"display:block; margin-bottom:5px; font-weight: bold;\">Nome Completo<\/label>\n            <input type=\"text\" name=\"nome\" required style=\"width:100%; padding: 8px; border: 1px solid #ccc; border-radius: 4px; box-sizing: border-box;\">\n        <\/div>\n        <div style=\"margin-bottom: 12px;\">\n            <label style=\"display:block; margin-bottom:5px; font-weight: bold;\">NUSP<\/label>\n            <input type=\"text\" name=\"nusp\" required style=\"width:100%; padding: 8px; border: 1px solid #ccc; border-radius: 4px; box-sizing: border-box;\">\n        <\/div>\n        <div style=\"margin-bottom: 12px;\">\n            <label style=\"display:block; margin-bottom:5px; font-weight: bold;\">E-mail<\/label>\n            <input type=\"email\" name=\"email\" required style=\"width:100%; padding: 8px; border: 1px solid #ccc; border-radius: 4px; box-sizing: border-box;\">\n        <\/div>\n        <div style=\"margin-bottom: 12px;\">\n            <label style=\"display:block; margin-bottom:5px; font-weight: bold;\">Telefone<\/label>\n            <input type=\"text\" name=\"telefone\" required style=\"width:100%; padding: 8px; border: 1px solid #ccc; border-radius: 4px; box-sizing: border-box;\">\n        <\/div>\n        <div style=\"margin-bottom: 15px;\">\n            <label style=\"display:block; margin-bottom:5px; font-weight: bold;\">Laborat\u00f3rio<\/label>\n            <select name=\"laboratorio\" style=\"width:100%; padding: 8px; border: 1px solid #ccc; border-radius: 4px; box-sizing: border-box; background: white;\">\n                <option value=\"GIIMUS\">GIIMUS<\/option>\n                <option value=\"BIOMAG\">BIOMAG<\/option>\n            <\/select>\n        <\/div>\n        <button type=\"submit\" id=\"btn-enviar\" style=\"background: #0073aa; color: #fff; border: none; padding: 12px 24px; cursor: pointer; border-radius: 5px; width: 100%; font-weight: bold; font-size: 14px;\">\n            Solicitar Cadastro\n        <\/button>\n    <\/form>\n    <div id=\"msg-retorno\" style=\"margin-top: 15px; font-weight: bold; text-align: center; font-size: 14px;\"><\/div>\n<\/div>\n\n<script>\njQuery(document).ready(function($) {\n    $('#registro-lab-form').on('submit', function(e) {\n        e.preventDefault();\n        \n        var formData = $(this).serialize() + '&action=enviar_giimus_direto';\n        $('#btn-enviar').prop('disabled', true).text('Processando...');\n\n        $.post(window.location.href, formData, function(res) {\n            if(res.success) {\n                $('#msg-retorno').css('color', 'green').html('Solicita\u00e7\u00e3o enviada com sucesso! Aguarde a aprova\u00e7\u00e3o.');\n                $('#registro-lab-form').hide();\n            } else {\n                $('#msg-retorno').css('color', 'red').html('Erro ao processar. Tente novamente.');\n                $('#btn-enviar').prop('disabled', false).text('Solicitar Cadastro');\n            }\n        }).fail(function() {\n            $('#msg-retorno').css('color', 'red').html('Erro de comunica\u00e7\u00e3o com o servidor.');\n            $('#btn-enviar').prop('disabled', false).text('Solicitar Cadastro');\n        });\n    });\n});\n<\/script>\t\t<\/div>\n\t\t\t\t<\/div>\n\t\t\t\t\t<\/div>\n\t\t<\/div>\n\t\t\t\t\t<\/div>\n\t\t<\/section>\n\t\t\t\t<\/div>\n\t\t","protected":false},"excerpt":{"rendered":"<p>Nome Completo NUSP E-mail Telefone Laborat\u00f3rio GIIMUSBIOMAG Solicitar Cadastro<\/p>\n","protected":false},"author":25223,"featured_media":0,"parent":0,"menu_order":0,"comment_status":"closed","ping_status":"closed","template":"","meta":{"_monsterinsights_skip_tracking":false,"_monsterinsights_sitenote_active":false,"_monsterinsights_sitenote_note":"","_monsterinsights_sitenote_category":0,"ocean_post_layout":"","ocean_both_sidebars_style":"","ocean_both_sidebars_content_width":0,"ocean_both_sidebars_sidebars_width":0,"ocean_sidebar":"0","ocean_second_sidebar":"0","ocean_disable_margins":"enable","ocean_add_body_class":"","ocean_shortcode_before_top_bar":"","ocean_shortcode_after_top_bar":"","ocean_shortcode_before_header":"","ocean_shortcode_after_header":"","ocean_has_shortcode":"","ocean_shortcode_after_title":"","ocean_shortcode_before_footer_widgets":"","ocean_shortcode_after_footer_widgets":"","ocean_shortcode_before_footer_bottom":"","ocean_shortcode_after_footer_bottom":"","ocean_display_top_bar":"default","ocean_display_header":"default","ocean_header_style":"","ocean_center_header_left_menu":"0","ocean_custom_header_template":"0","ocean_custom_logo":0,"ocean_custom_retina_logo":0,"ocean_custom_logo_max_width":0,"ocean_custom_logo_tablet_max_width":0,"ocean_custom_logo_mobile_max_width":0,"ocean_custom_logo_max_height":0,"ocean_custom_logo_tablet_max_height":0,"ocean_custom_logo_mobile_max_height":0,"ocean_header_custom_menu":"0","ocean_menu_typo_font_family":"0","ocean_menu_typo_font_subset":"","ocean_menu_typo_font_size":0,"ocean_menu_typo_font_size_tablet":0,"ocean_menu_typo_font_size_mobile":0,"ocean_menu_typo_font_size_unit":"px","ocean_menu_typo_font_weight":"","ocean_menu_typo_font_weight_tablet":"","ocean_menu_typo_font_weight_mobile":"","ocean_menu_typo_transform":"","ocean_menu_typo_transform_tablet":"","ocean_menu_typo_transform_mobile":"","ocean_menu_typo_line_height":0,"ocean_menu_typo_line_height_tablet":0,"ocean_menu_typo_line_height_mobile":0,"ocean_menu_typo_line_height_unit":"","ocean_menu_typo_spacing":0,"ocean_menu_typo_spacing_tablet":0,"ocean_menu_typo_spacing_mobile":0,"ocean_menu_typo_spacing_unit":"","ocean_menu_link_color":"","ocean_menu_link_color_hover":"","ocean_menu_link_color_active":"","ocean_menu_link_background":"","ocean_menu_link_hover_background":"","ocean_menu_link_active_background":"","ocean_menu_social_links_bg":"","ocean_menu_social_hover_links_bg":"","ocean_menu_social_links_color":"","ocean_menu_social_hover_links_color":"","ocean_disable_title":"default","ocean_disable_heading":"default","ocean_post_title":"","ocean_post_subheading":"","ocean_post_title_style":"","ocean_post_title_background_color":"","ocean_post_title_background":0,"ocean_post_title_bg_image_position":"","ocean_post_title_bg_image_attachment":"","ocean_post_title_bg_image_repeat":"","ocean_post_title_bg_image_size":"","ocean_post_title_height":0,"ocean_post_title_bg_overlay":0.5,"ocean_post_title_bg_overlay_color":"","ocean_disable_breadcrumbs":"default","ocean_breadcrumbs_color":"","ocean_breadcrumbs_separator_color":"","ocean_breadcrumbs_links_color":"","ocean_breadcrumbs_links_hover_color":"","ocean_display_footer_widgets":"default","ocean_display_footer_bottom":"default","ocean_custom_footer_template":"0","footnotes":"","_links_to":"","_links_to_target":""},"class_list":["post-5041","page","type-page","status-publish","hentry","entry"],"_links":{"self":[{"href":"https:\/\/sites.usp.br\/fisica\/wp-json\/wp\/v2\/pages\/5041","targetHints":{"allow":["GET"]}}],"collection":[{"href":"https:\/\/sites.usp.br\/fisica\/wp-json\/wp\/v2\/pages"}],"about":[{"href":"https:\/\/sites.usp.br\/fisica\/wp-json\/wp\/v2\/types\/page"}],"author":[{"embeddable":true,"href":"https:\/\/sites.usp.br\/fisica\/wp-json\/wp\/v2\/users\/25223"}],"replies":[{"embeddable":true,"href":"https:\/\/sites.usp.br\/fisica\/wp-json\/wp\/v2\/comments?post=5041"}],"version-history":[{"count":2,"href":"https:\/\/sites.usp.br\/fisica\/wp-json\/wp\/v2\/pages\/5041\/revisions"}],"predecessor-version":[{"id":5044,"href":"https:\/\/sites.usp.br\/fisica\/wp-json\/wp\/v2\/pages\/5041\/revisions\/5044"}],"wp:attachment":[{"href":"https:\/\/sites.usp.br\/fisica\/wp-json\/wp\/v2\/media?parent=5041"}],"curies":[{"name":"wp","href":"https:\/\/api.w.org\/{rel}","templated":true}]}}