{"id":192,"date":"2019-07-24T18:46:25","date_gmt":"2019-07-24T20:46:25","guid":{"rendered":"http:\/\/sites.usp.br\/flamori\/orientacoes\/pg\/"},"modified":"2025-08-29T17:57:56","modified_gmt":"2025-08-29T20:57:56","slug":"pg","status":"publish","type":"page","link":"https:\/\/sites.usp.br\/flamori\/orientacoes\/pg\/","title":{"rendered":"Mestrado"},"content":{"rendered":"<p><a href=\"http:\/\/each.uspnet.usp.br\/sistcomplexos\"><big>P\u00f3s-Gradua\u00e7\u00e3o em Nutri\u00e7\u00e3o em Sa\u00fade P\u00fablica<\/big><\/a><\/p>\n<p>Carla Danielli Fonseca. <a href=\"https:\/\/www.teses.usp.br\/teses\/disponiveis\/6\/6138\/tde-19102023-180822\/pt-br.php\">Sa\u00fade do adolescente: an\u00e1lise de indicadores de alimenta\u00e7\u00e3o, atividade f\u00edsica e estilo de vida em pa\u00edses sul-americanos.<\/a> 2021-2023.<\/p>\n<p>Renata Victoratti do Carmo. <a href=\"https:\/\/www.teses.usp.br\/teses\/disponiveis\/6\/6138\/tde-17022021-165445\/pt-br.php\">Estrat\u00e9gias de persuas\u00e3o de redes de <em>fast food<\/em> no Brasil: Proposta para an\u00e1lise dos componentes de propagandas direcionadas a crian\u00e7as nos canais YouTube.<\/a> 2018-2020.<\/p>\n<p>Amanda Dias Assoni. <a href=\"https:\/\/www.teses.usp.br\/teses\/disponiveis\/6\/6138\/tde-11022020-105519\/pt-br.php\">Caracter\u00edsticas do mercado mundial de carnes vermelhas: Evolu\u00e7\u00e3o de redes de com\u00e9rcio bilaterais e associa\u00e7\u00e3o com indicadores de sa\u00fade em n\u00edvel populacional.<\/a> 2017-2020.<\/p>\n<p>Vitor Bini Teodoro. <a href=\"https:\/\/teses.usp.br\/teses\/disponiveis\/6\/6138\/tde-16102018-154955\/pt-br.php\">An\u00e1lise custo-efetividade aplicada \u00e0 avalia\u00e7\u00e3o do padr\u00e3o alimentar de pacientes usu\u00e1rios da aten\u00e7\u00e3o b\u00e1sica do SUS no munic\u00edpio de Bauru, SP.<\/a> 2016-2018.<\/p>\n<p>&nbsp;<\/p>\n<p><a href=\"http:\/\/each.uspnet.usp.br\/sistcomplexos\"><big>P\u00f3s-Gradua\u00e7\u00e3o em Modelagem de Sistemas Complexos<\/big><\/a><\/p>\n<p>Antonio Carlos Baptista Coelho. <a href=\"https:\/\/doi.org\/10.11606\/D.100.2023.tde-09102023-085551\">Modelagem baseada em agentes aplicada a mercados em concorr\u00eancia imperfeita.<\/a> 2022-2023.<\/p>\n<p>Raphael Cardoso Mota Pereira. Fomento \u00e0 inova\u00e7\u00e3o por colabora\u00e7\u00f5es interdisciplinares em ci\u00eancia e tecnologia: An\u00e1lise de redes em projetos do programa Pesquisa Inovativa em Pequenas Empresas da FAPESP. 2022-2024.<\/p>\n<p>Yuri Freire Silva. Modelagem baseada em agentes para estimativa de efeitos de coparticipa\u00e7\u00e3o na demanda por servi\u00e7os de sa\u00fade suplementar. 2022-2024.<\/p>\n<p>Murilo Mazzotti Silvestrini. An\u00e1lise da rede de com\u00e9rcio mundial de alimentos pela abordagem de sistemas complexos e potenciais efeitos no mercado de trabalho brasileiro. 2018-2020.<\/p>\n<p>Carlos Henrique Botelho. <a href=\"https:\/\/teses.usp.br\/teses\/disponiveis\/100\/100132\/tde-20082018-175341\/pt-br.php\">Modelagem computacional para avalia\u00e7\u00e3o econ\u00f4mica do tratamento de pacientes com c\u00e2ncer de mama HER2 positivo.<\/a> 2016-2018.<\/p>\n<p>Felipe de Oliveira Simoyama. <a href=\"https:\/\/teses.usp.br\/teses\/disponiveis\/100\/100132\/tde-20092018-160704\/pt-br.php\">A complex-systems approach to computer modeling and simulation for evidence-based policy.<\/a> 2015-2018.<\/p>\n<p>Glaucia Ligia Kelly Priscilla Midori Funakura Gondo Magri.\u00a0<a href=\"https:\/\/teses.usp.br\/teses\/disponiveis\/100\/100132\/tde-05052015-233144\/pt-br.php\">Simula\u00e7\u00e3o baseada em agentes para a an\u00e1lise do comportamento do contribuinte quanto \u00e0 sonega\u00e7\u00e3o.<\/a> 2013-2014.<\/p>\n<p>Francisco Percival Pinheiro Filho.\u00a0<a href=\"https:\/\/teses.usp.br\/teses\/disponiveis\/100\/100132\/tde-14042016-103926\/pt-br.php\">Falhas de mercado e redes em pol\u00edticas p\u00fablicas: Desafios e possibilidades ao Sistema \u00danico de Sa\u00fade.<\/a> 2012-2015.<\/p>\n<p>Gabriel Magalh\u00e3es Nunes Guimar\u00e3es.\u00a0<a href=\"https:\/\/teses.usp.br\/teses\/disponiveis\/100\/100132\/tde-18122014-164429\/pt-br.php\">Simula\u00e7\u00e3o baseada em agentes para an\u00e1lise econ\u00f4mica de sistemas de apoio \u00e0 decis\u00e3o hospitalar em indica\u00e7\u00e3o de Unidades de Terapia Intensiva.<\/a> 2012-2014.<\/p>\n<p>Paula Trottmann.\u00a0<a href=\"https:\/\/teses.usp.br\/teses\/disponiveis\/100\/100132\/tde-06032013-134836\/pt-br.php\">A rede de produ\u00e7\u00e3o cient\u00edfica em pol\u00edticas p\u00fablicas no Brasil: Uma an\u00e1lise estrutural sob a \u00f3tica de sistemas complexos.<\/a> 2010-2012.<\/p>\n<p>&nbsp;<\/p>\n<p><big>P\u00f3s-Gradua\u00e7\u00e3o Interunidades em Nutri\u00e7\u00e3o Humana Aplicada<\/big><\/p>\n<p>Mariana Vidolin de Lima. <a href=\"https:\/\/teses.usp.br\/teses\/disponiveis\/89\/89131\/tde-29012018-155133\/pt-br.php\">Estrat\u00e9gias para tratamento farmacol\u00f3gico da obesidade no Brasil: Revis\u00e3o sistem\u00e1tica de literatura para an\u00e1lise econ\u00f4mica sob perspectiva privada.<\/a> 2015-2017.<\/p>\n<p>Aline Kassahara.\u00a0<a href=\"https:\/\/teses.usp.br\/teses\/disponiveis\/89\/89131\/tde-04082016-090711\/pt-br.php\">Monitoramento da propaganda de alimentos e bebidas no Brasil: Uma an\u00e1lise das transgress\u00f5es de normas \u00e9ticas julgadas pelo Conselho Nacional de Autorregulamenta\u00e7\u00e3o Publicit\u00e1ria.<\/a> 2014-2016.<\/p>\n<p>Paula Fernandes Castilho. <a href=\"https:\/\/teses.usp.br\/teses\/disponiveis\/89\/89131\/tde-10052017-093355\/pt-br.php\">Efetividade e ades\u00e3o a interven\u00e7\u00f5es para perda de peso no contexto do combate \u00e0 obesidade: Revis\u00e3o sistem\u00e1tica sobre promo\u00e7\u00e3o de alimenta\u00e7\u00e3o saud\u00e1vel e atividade f\u00edsica.<\/a> 2014-2017.<\/p>\n<p>Marina Sambrano de Oliveira Magno.\u00a0<a href=\"https:\/\/teses.usp.br\/teses\/disponiveis\/89\/89131\/tde-16052014-133357\/pt-br.php\">An\u00e1lise de evolu\u00e7\u00e3o de indicadores nutricionais na alimenta\u00e7\u00e3o escolar em unidades do ensino p\u00fablico municipal de S\u00e3o Paulo sob dois modelos de gest\u00e3o.<\/a> Mestrado (PRONUT-USP). 2011-2014.<\/p>\n<p>Andr\u00e9a dos Reis Lemos.\u00a0<a href=\"https:\/\/teses.usp.br\/teses\/disponiveis\/89\/89131\/tde-20122011-092310\/pt-br.php\">An\u00e1lise da comunica\u00e7\u00e3o de marketing no varejo de alimentos no munic\u00edpio de S\u00e3o Paulo.<\/a> 2009-2011.<\/p>\n<p>&nbsp;<\/p>\n","protected":false},"excerpt":{"rendered":"<p>P\u00f3s-Gradua\u00e7\u00e3o em Nutri\u00e7\u00e3o em Sa\u00fade P\u00fablica Carla Danielli Fonseca. Sa\u00fade do adolescente: an\u00e1lise de indicadores de alimenta\u00e7\u00e3o, atividade f\u00edsica e estilo de vida em pa\u00edses sul-americanos. 2021-2023. Renata Victoratti do Carmo. Estrat\u00e9gias de persuas\u00e3o de redes de fast food no Brasil: Proposta para an\u00e1lise dos componentes de propagandas direcionadas a crian\u00e7as nos canais YouTube. 2018-2020.<a href=\"https:\/\/sites.usp.br\/flamori\/orientacoes\/pg\/\">[&#8230;]<\/a><\/p>\n","protected":false},"author":653,"featured_media":0,"parent":188,"menu_order":11,"comment_status":"closed","ping_status":"closed","template":"","meta":{"footnotes":"","_links_to":"","_links_to_target":""},"class_list":["post-192","page","type-page","status-publish","hentry"],"_links":{"self":[{"href":"https:\/\/sites.usp.br\/flamori\/wp-json\/wp\/v2\/pages\/192","targetHints":{"allow":["GET"]}}],"collection":[{"href":"https:\/\/sites.usp.br\/flamori\/wp-json\/wp\/v2\/pages"}],"about":[{"href":"https:\/\/sites.usp.br\/flamori\/wp-json\/wp\/v2\/types\/page"}],"author":[{"embeddable":true,"href":"https:\/\/sites.usp.br\/flamori\/wp-json\/wp\/v2\/users\/653"}],"replies":[{"embeddable":true,"href":"https:\/\/sites.usp.br\/flamori\/wp-json\/wp\/v2\/comments?post=192"}],"version-history":[{"count":5,"href":"https:\/\/sites.usp.br\/flamori\/wp-json\/wp\/v2\/pages\/192\/revisions"}],"predecessor-version":[{"id":411,"href":"https:\/\/sites.usp.br\/flamori\/wp-json\/wp\/v2\/pages\/192\/revisions\/411"}],"up":[{"embeddable":true,"href":"https:\/\/sites.usp.br\/flamori\/wp-json\/wp\/v2\/pages\/188"}],"wp:attachment":[{"href":"https:\/\/sites.usp.br\/flamori\/wp-json\/wp\/v2\/media?parent=192"}],"curies":[{"name":"wp","href":"https:\/\/api.w.org\/{rel}","templated":true}]}}