{"id":268,"date":"2019-07-26T00:34:04","date_gmt":"2019-07-26T02:34:04","guid":{"rendered":"http:\/\/sites.usp.br\/flamori\/?page_id=268"},"modified":"2025-08-29T18:01:13","modified_gmt":"2025-08-29T21:01:13","slug":"research","status":"publish","type":"page","link":"https:\/\/sites.usp.br\/flamori\/english\/research\/","title":{"rendered":"Research"},"content":{"rendered":"<h2>Public Access Reports<\/h2>\n<p><span style=\"font-style: italic;\"><a href=\"http:\/\/www1.paho.org\/English\/DPM\/SHD\/HP\/hp-heg-casestudies.htm\">Health, human capital and economic growth in Brazil.<\/a><br \/>\n<\/span>Campino ACC, Monteiro CA, Conde WL, Machado FMS. Pan American Health Organization; 2003.<\/p>\n<p><span style=\"font-style: italic;\"><a href=\"http:\/\/pensa.org.br\/publicacoes\/grupo-carrefour-coordenando-acoes-para-exportacao-de-uvas-de-mesa-do-vale-do-sao-francisco\/\">Carrefour Group: Coordenating actions for exportation of table grapes from Sao Francisco Valley.<\/a><br \/>\n<\/span>Mori F, Jayo M, Saes MS, Farina E. Programa de Estudos dos Neg\u00f3cios do Sistema Agroindustrial (PENSA); 2005. [Portuguese]<\/p>\n<p><span style=\"font-style: italic;\"><a href=\"https:\/\/arxiv.org\/abs\/0905.0468\">A Markovian model market &#8211; Akerlof&#8217;s lemmons and the asymmetry of information.<\/a><br \/>\n<\/span>Tilles PFC, Ferreira FF, Francisco G, Pereira CB, Sarti FM.\u00a0Research Group on Complex Systems Modelling; 2009.<\/p>\n<p><span style=\"font-style: italic;\"><a href=\"http:\/\/www.funsalud.org.mx\/competitividad\/financiamiento\/Documentos\/Working%20paper%202\/Brasil%20sistemico.pdf\">Assessing financial protection and equity under the Brazilian national health care system.<\/a><br \/>\n<\/span>Iunes RF, Sarti FM, Campino ACC, Diaz MDM, Sierra R. Fundaci\u00f3n Mexicana para la Salud \/ International Development Research Centre (IDRC); 2011.<\/p>\n<p><a href=\"http:\/\/www.funsalud.org.mx\/competitividad\/financiamiento\/Documentos\/Working%20paper%20uno\/Brazil%20WP1.pdf\"><span style=\"font-style: italic;\">Catastrophic health expenditure in Brazil: Regional differences, budget constraints and private health insurance.<br \/>\n<\/span><\/a>Diaz MDM, Sarti FM, Campino ACC, Iunes RF.\u00a0Fundaci\u00f3n Mexicana para la Salud \/ International Development Research Centre (IDRC); 2011.<\/p>\n<p><span style=\"font-style: italic;\"><a href=\"http:\/\/www.cifor.org\/publications\/pdf_files\/OccPapers\/OP-118.pdf\">Bushmeat in the tri-frontier region of Brazil, Peru and Colombia: Demise or persistence?<\/a><br \/>\n<\/span>Van\u00a0Vliet N, Mesa\u00a0MPQ, Antia DC, Morsello C, Adams C, Sarti FM, Yag\u00fce B, Hernandez\u00a0S, Bonilla T, Tellez L, Aquino LN, Moreno J, Schor T, Princi MO, Haiden E, Trujillo\u00a0F, Nasi R. Center for International Forestry Research (CIFOR); 2014.<\/p>\n<h2><\/h2>\n<h2>Other thesis<\/h2>\n<p><a href=\"https:\/\/doi.org\/10.11606\/T.100.2010.tde-23062022-144954\">Dos microindicadores \u00e0 macropol\u00edtica: Uma proposta de avalia\u00e7\u00e3o econ\u00f4mica em pol\u00edticas p\u00fablicas de alimenta\u00e7\u00e3o e nutri\u00e7\u00e3o.<\/a><br \/>\nSarti FM. Livre Doc\u00eancia em Economia e Pol\u00edticas P\u00fablicas &#8211; Escola de Artes, Ci\u00eancias e Humanidades (EACH-USP); 2010. [Portuguese]<\/p>\n<h2><\/h2>\n<h2>PhD dissertation<\/h2>\n<p><a href=\"http:\/\/www.teses.usp.br\/teses\/disponiveis\/89\/89131\/tde-19072006-155322\/\">Estrat\u00e9gias de concorr\u00eancia da ind\u00fastria aliment\u00edcia e seus desdobramentos na dimens\u00e3o nutricional.<\/a><br \/>\nMachado FMS. Doutorado &#8211; Programa de P\u00f3s-Gradua\u00e7\u00e3o Interunidades em Nutri\u00e7\u00e3o Humana Aplicada (PRONUT-USP); 2003. [Portuguese]<\/p>\n<p>&nbsp;<\/p>\n","protected":false},"excerpt":{"rendered":"<p>Public Access Reports Health, human capital and economic growth in Brazil. Campino ACC, Monteiro CA, Conde WL, Machado FMS. Pan American Health Organization; 2003. Carrefour Group: Coordenating actions for exportation of table grapes from Sao Francisco Valley. Mori F, Jayo M, Saes MS, Farina E. Programa de Estudos dos Neg\u00f3cios do Sistema Agroindustrial (PENSA); 2005.<a href=\"https:\/\/sites.usp.br\/flamori\/english\/research\/\">[&#8230;]<\/a><\/p>\n","protected":false},"author":653,"featured_media":0,"parent":250,"menu_order":14,"comment_status":"closed","ping_status":"closed","template":"","meta":{"footnotes":"","_links_to":"","_links_to_target":""},"class_list":["post-268","page","type-page","status-publish","hentry"],"_links":{"self":[{"href":"https:\/\/sites.usp.br\/flamori\/wp-json\/wp\/v2\/pages\/268","targetHints":{"allow":["GET"]}}],"collection":[{"href":"https:\/\/sites.usp.br\/flamori\/wp-json\/wp\/v2\/pages"}],"about":[{"href":"https:\/\/sites.usp.br\/flamori\/wp-json\/wp\/v2\/types\/page"}],"author":[{"embeddable":true,"href":"https:\/\/sites.usp.br\/flamori\/wp-json\/wp\/v2\/users\/653"}],"replies":[{"embeddable":true,"href":"https:\/\/sites.usp.br\/flamori\/wp-json\/wp\/v2\/comments?post=268"}],"version-history":[{"count":5,"href":"https:\/\/sites.usp.br\/flamori\/wp-json\/wp\/v2\/pages\/268\/revisions"}],"predecessor-version":[{"id":413,"href":"https:\/\/sites.usp.br\/flamori\/wp-json\/wp\/v2\/pages\/268\/revisions\/413"}],"up":[{"embeddable":true,"href":"https:\/\/sites.usp.br\/flamori\/wp-json\/wp\/v2\/pages\/250"}],"wp:attachment":[{"href":"https:\/\/sites.usp.br\/flamori\/wp-json\/wp\/v2\/media?parent=268"}],"curies":[{"name":"wp","href":"https:\/\/api.w.org\/{rel}","templated":true}]}}