{"id":7351,"date":"2021-10-25T06:39:11","date_gmt":"2021-10-25T08:39:11","guid":{"rendered":"https:\/\/sites.usp.br\/flp50\/?page_id=7351"},"modified":"2021-10-25T21:14:53","modified_gmt":"2021-10-25T23:14:53","slug":"pessoas","status":"publish","type":"page","link":"https:\/\/sites.usp.br\/flp50\/pessoas\/","title":{"rendered":"Pessoas"},"content":{"rendered":"\t\t<div data-elementor-type=\"wp-page\" data-elementor-id=\"7351\" class=\"elementor elementor-7351\" data-elementor-post-type=\"page\">\n\t\t\t\t\t\t<section class=\"elementor-section elementor-top-section elementor-element elementor-element-098a428 elementor-section-full_width elementor-section-height-default elementor-section-height-default\" data-id=\"098a428\" data-element_type=\"section\">\n\t\t\t\t\t\t<div class=\"elementor-container elementor-column-gap-default\">\n\t\t\t\t\t<div class=\"elementor-column elementor-col-33 elementor-top-column elementor-element elementor-element-f50e2b5\" data-id=\"f50e2b5\" data-element_type=\"column\">\n\t\t\t<div class=\"elementor-widget-wrap\">\n\t\t\t\t\t\t\t<\/div>\n\t\t<\/div>\n\t\t\t\t<div class=\"elementor-column elementor-col-33 elementor-top-column elementor-element elementor-element-285ae04\" data-id=\"285ae04\" data-element_type=\"column\">\n\t\t\t<div class=\"elementor-widget-wrap\">\n\t\t\t\t\t\t\t<\/div>\n\t\t<\/div>\n\t\t\t\t<div class=\"elementor-column elementor-col-33 elementor-top-column elementor-element elementor-element-f103dae\" data-id=\"f103dae\" data-element_type=\"column\">\n\t\t\t<div class=\"elementor-widget-wrap elementor-element-populated\">\n\t\t\t\t\t\t<div class=\"elementor-element elementor-element-27885f1 elementor-nav-menu__align-end elementor-nav-menu--dropdown-tablet elementor-nav-menu__text-align-aside elementor-nav-menu--toggle elementor-nav-menu--burger elementor-widget elementor-widget-nav-menu\" data-id=\"27885f1\" data-element_type=\"widget\" data-settings=\"{&quot;submenu_icon&quot;:{&quot;value&quot;:&quot;&lt;i class=\\&quot;fas fa-plus\\&quot;&gt;&lt;\\\/i&gt;&quot;,&quot;library&quot;:&quot;fa-solid&quot;},&quot;layout&quot;:&quot;horizontal&quot;,&quot;toggle&quot;:&quot;burger&quot;}\" data-widget_type=\"nav-menu.default\">\n\t\t\t\t<div class=\"elementor-widget-container\">\n\t\t\t\t\t\t<nav aria-label=\"Menu\" class=\"elementor-nav-menu--main elementor-nav-menu__container elementor-nav-menu--layout-horizontal e--pointer-background e--animation-fade\">\n\t\t\t\t<ul id=\"menu-1-27885f1\" class=\"elementor-nav-menu\"><li class=\"menu-item menu-item-type-post_type menu-item-object-page menu-item-has-children menu-item-7523\"><a href=\"https:\/\/sites.usp.br\/flp50\/pessoas\/\" class=\"elementor-item\">Pessoas<\/a>\n<ul class=\"sub-menu elementor-nav-menu--dropdown\">\n\t<li class=\"menu-item menu-item-type-post_type menu-item-object-page menu-item-3899\"><a href=\"https:\/\/sites.usp.br\/flp50\/professores-emeritos\/\" class=\"elementor-sub-item\">Professores em\u00e9ritos<\/a><\/li>\n\t<li class=\"menu-item menu-item-type-post_type menu-item-object-page menu-item-3897\"><a href=\"https:\/\/sites.usp.br\/flp50\/docentes\/\" class=\"elementor-sub-item\">Docentes: 1971-2021<\/a><\/li>\n\t<li class=\"menu-item menu-item-type-post_type menu-item-object-page menu-item-3898\"><a href=\"https:\/\/sites.usp.br\/flp50\/titulados-e-tituladas-1980-2020\/\" class=\"elementor-sub-item\">Titulados: 1980-2020<\/a><\/li>\n<\/ul>\n<\/li>\n<li class=\"menu-item menu-item-type-post_type menu-item-object-page menu-item-7629\"><a href=\"https:\/\/sites.usp.br\/flp50\/obras-2\/\" class=\"elementor-item\">Obras<\/a><\/li>\n<li class=\"menu-item menu-item-type-post_type menu-item-object-page menu-item-7628\"><a href=\"https:\/\/sites.usp.br\/flp50\/historico\/\" class=\"elementor-item\">Hist\u00f3rias<\/a><\/li>\n<\/ul>\t\t\t<\/nav>\n\t\t\t\t\t<div class=\"elementor-menu-toggle\" role=\"button\" tabindex=\"0\" aria-label=\"Alternar menu\" aria-expanded=\"false\">\n\t\t\t<i aria-hidden=\"true\" role=\"presentation\" class=\"elementor-menu-toggle__icon--open eicon-menu-bar\"><\/i><i aria-hidden=\"true\" role=\"presentation\" class=\"elementor-menu-toggle__icon--close eicon-close\"><\/i>\t\t\t<span class=\"elementor-screen-only\">Menu<\/span>\n\t\t<\/div>\n\t\t\t\t\t<nav class=\"elementor-nav-menu--dropdown elementor-nav-menu__container\" aria-hidden=\"true\">\n\t\t\t\t<ul id=\"menu-2-27885f1\" class=\"elementor-nav-menu\"><li class=\"menu-item menu-item-type-post_type menu-item-object-page menu-item-has-children menu-item-7523\"><a href=\"https:\/\/sites.usp.br\/flp50\/pessoas\/\" class=\"elementor-item\" tabindex=\"-1\">Pessoas<\/a>\n<ul class=\"sub-menu elementor-nav-menu--dropdown\">\n\t<li class=\"menu-item menu-item-type-post_type menu-item-object-page menu-item-3899\"><a href=\"https:\/\/sites.usp.br\/flp50\/professores-emeritos\/\" class=\"elementor-sub-item\" tabindex=\"-1\">Professores em\u00e9ritos<\/a><\/li>\n\t<li class=\"menu-item menu-item-type-post_type menu-item-object-page menu-item-3897\"><a href=\"https:\/\/sites.usp.br\/flp50\/docentes\/\" class=\"elementor-sub-item\" tabindex=\"-1\">Docentes: 1971-2021<\/a><\/li>\n\t<li class=\"menu-item menu-item-type-post_type menu-item-object-page menu-item-3898\"><a href=\"https:\/\/sites.usp.br\/flp50\/titulados-e-tituladas-1980-2020\/\" class=\"elementor-sub-item\" tabindex=\"-1\">Titulados: 1980-2020<\/a><\/li>\n<\/ul>\n<\/li>\n<li class=\"menu-item menu-item-type-post_type menu-item-object-page menu-item-7629\"><a href=\"https:\/\/sites.usp.br\/flp50\/obras-2\/\" class=\"elementor-item\" tabindex=\"-1\">Obras<\/a><\/li>\n<li class=\"menu-item menu-item-type-post_type menu-item-object-page menu-item-7628\"><a href=\"https:\/\/sites.usp.br\/flp50\/historico\/\" class=\"elementor-item\" tabindex=\"-1\">Hist\u00f3rias<\/a><\/li>\n<\/ul>\t\t\t<\/nav>\n\t\t\t\t<\/div>\n\t\t\t\t<\/div>\n\t\t\t\t\t<\/div>\n\t\t<\/div>\n\t\t\t\t\t<\/div>\n\t\t<\/section>\n\t\t\t\t<section class=\"elementor-section elementor-top-section elementor-element elementor-element-958a6e1 elementor-section-full_width elementor-section-height-default elementor-section-height-default\" data-id=\"958a6e1\" data-element_type=\"section\" data-settings=\"{&quot;background_background&quot;:&quot;classic&quot;}\">\n\t\t\t\t\t\t<div class=\"elementor-container elementor-column-gap-default\">\n\t\t\t\t\t<div class=\"elementor-column elementor-col-33 elementor-top-column elementor-element elementor-element-f436cc7\" data-id=\"f436cc7\" data-element_type=\"column\">\n\t\t\t<div class=\"elementor-widget-wrap\">\n\t\t\t\t\t\t\t<\/div>\n\t\t<\/div>\n\t\t\t\t<div class=\"elementor-column elementor-col-33 elementor-top-column elementor-element elementor-element-ba7171e\" data-id=\"ba7171e\" data-element_type=\"column\">\n\t\t\t<div class=\"elementor-widget-wrap elementor-element-populated\">\n\t\t\t\t\t\t<div class=\"elementor-element elementor-element-3d9d826 flp-justify flp-dark-bg elementor-widget elementor-widget-text-editor\" data-id=\"3d9d826\" data-element_type=\"widget\" data-widget_type=\"text-editor.default\">\n\t\t\t\t<div class=\"elementor-widget-container\">\n\t\t\t\t\t\t\t<p>Ao longo de seus 50 anos de atividades, o Programa abrigou e formou gera\u00e7\u00f5es de pesquisadores. Reunidos hoje, formariam um time de 67 orientadores (tr\u00eas deles, Professores Em\u00e9ritos da Universidade de S\u00e3o Paulo), 290 doutores e 421 mestres.&nbsp;<\/p><p>Nessas p\u00e1ginas, listamos seus nomes e a \u00e9poca na qual cada um passou pelo Programa.<\/p>\t\t\t\t\t\t<\/div>\n\t\t\t\t<\/div>\n\t\t\t\t\t<\/div>\n\t\t<\/div>\n\t\t\t\t<div class=\"elementor-column elementor-col-33 elementor-top-column elementor-element elementor-element-fa51233\" data-id=\"fa51233\" data-element_type=\"column\">\n\t\t\t<div class=\"elementor-widget-wrap elementor-element-populated\">\n\t\t\t\t\t\t<div class=\"elementor-element elementor-element-5126c72 elementor-grid-2 elementor-grid-tablet-2 elementor-grid-mobile-1 elementor-widget elementor-widget-portfolio\" data-id=\"5126c72\" data-element_type=\"widget\" data-settings=\"{&quot;columns&quot;:&quot;2&quot;,&quot;item_ratio&quot;:{&quot;unit&quot;:&quot;px&quot;,&quot;size&quot;:0.95,&quot;sizes&quot;:[]},&quot;columns_tablet&quot;:&quot;2&quot;,&quot;columns_mobile&quot;:&quot;1&quot;,&quot;item_gap&quot;:{&quot;unit&quot;:&quot;px&quot;,&quot;size&quot;:&quot;&quot;,&quot;sizes&quot;:[]},&quot;row_gap&quot;:{&quot;unit&quot;:&quot;px&quot;,&quot;size&quot;:&quot;&quot;,&quot;sizes&quot;:[]}}\" data-widget_type=\"portfolio.default\">\n\t\t\t\t<div class=\"elementor-widget-container\">\n\t\t\t\t\t<div class=\"elementor-portfolio elementor-grid elementor-posts-container\">\n\t\t\t\t<article class=\"elementor-portfolio-item elementor-post  post-2974 page type-page status-publish has-post-thumbnail hentry entry has-media\">\n\t\t\t<a class=\"elementor-post__thumbnail__link\" href=\"https:\/\/sites.usp.br\/flp50\/docentes\/\">\n\t\t\t\t<div class=\"elementor-portfolio-item__img elementor-post__thumbnail\">\n\t\t\t<img fetchpriority=\"high\" decoding=\"async\" width=\"2768\" height=\"1900\" src=\"https:\/\/sites.usp.br\/flp50\/wp-content\/uploads\/sites\/921\/2021\/10\/Imagem-de-destaque-Docentes-galeria.png\" class=\"attachment-full size-full wp-image-3314\" alt=\"\" srcset=\"https:\/\/sites.usp.br\/flp50\/wp-content\/uploads\/sites\/921\/2021\/10\/Imagem-de-destaque-Docentes-galeria.png 2768w, https:\/\/sites.usp.br\/flp50\/wp-content\/uploads\/sites\/921\/2021\/10\/Imagem-de-destaque-Docentes-galeria-300x206.png 300w, https:\/\/sites.usp.br\/flp50\/wp-content\/uploads\/sites\/921\/2021\/10\/Imagem-de-destaque-Docentes-galeria-1024x703.png 1024w, https:\/\/sites.usp.br\/flp50\/wp-content\/uploads\/sites\/921\/2021\/10\/Imagem-de-destaque-Docentes-galeria-768x527.png 768w, https:\/\/sites.usp.br\/flp50\/wp-content\/uploads\/sites\/921\/2021\/10\/Imagem-de-destaque-Docentes-galeria-1536x1054.png 1536w, https:\/\/sites.usp.br\/flp50\/wp-content\/uploads\/sites\/921\/2021\/10\/Imagem-de-destaque-Docentes-galeria-2048x1406.png 2048w, https:\/\/sites.usp.br\/flp50\/wp-content\/uploads\/sites\/921\/2021\/10\/Imagem-de-destaque-Docentes-galeria-400x275.png 400w\" sizes=\"(max-width: 2768px) 100vw, 2768px\" \/>\t\t<\/div>\n\t\t\t\t<div class=\"elementor-portfolio-item__overlay\">\n\t\t\t\t<h3 class=\"elementor-portfolio-item__title\">\n\t\tDocentes: 1971-2021\t\t<\/h3>\n\t\t\t\t<\/div>\n\t\t\t\t<\/a>\n\t\t<\/article>\n\t\t\t\t<article class=\"elementor-portfolio-item elementor-post  post-2301 page type-page status-publish has-post-thumbnail hentry entry has-media\">\n\t\t\t<a class=\"elementor-post__thumbnail__link\" href=\"https:\/\/sites.usp.br\/flp50\/titulados-e-tituladas-1980-2020\/\">\n\t\t\t\t<div class=\"elementor-portfolio-item__img elementor-post__thumbnail\">\n\t\t\t<img decoding=\"async\" width=\"3497\" height=\"2539\" src=\"https:\/\/sites.usp.br\/flp50\/wp-content\/uploads\/sites\/921\/2021\/10\/sala-de-aula-e1633860192126.png\" class=\"attachment-full size-full wp-image-2446\" alt=\"\" srcset=\"https:\/\/sites.usp.br\/flp50\/wp-content\/uploads\/sites\/921\/2021\/10\/sala-de-aula-e1633860192126.png 3497w, https:\/\/sites.usp.br\/flp50\/wp-content\/uploads\/sites\/921\/2021\/10\/sala-de-aula-e1633860192126-300x218.png 300w, https:\/\/sites.usp.br\/flp50\/wp-content\/uploads\/sites\/921\/2021\/10\/sala-de-aula-e1633860192126-1024x743.png 1024w, https:\/\/sites.usp.br\/flp50\/wp-content\/uploads\/sites\/921\/2021\/10\/sala-de-aula-e1633860192126-768x558.png 768w, https:\/\/sites.usp.br\/flp50\/wp-content\/uploads\/sites\/921\/2021\/10\/sala-de-aula-e1633860192126-1536x1115.png 1536w, https:\/\/sites.usp.br\/flp50\/wp-content\/uploads\/sites\/921\/2021\/10\/sala-de-aula-e1633860192126-2048x1487.png 2048w, https:\/\/sites.usp.br\/flp50\/wp-content\/uploads\/sites\/921\/2021\/10\/sala-de-aula-e1633860192126-400x290.png 400w\" sizes=\"(max-width: 3497px) 100vw, 3497px\" \/>\t\t<\/div>\n\t\t\t\t<div class=\"elementor-portfolio-item__overlay\">\n\t\t\t\t<h3 class=\"elementor-portfolio-item__title\">\n\t\tTitulados: 1980-2020\t\t<\/h3>\n\t\t\t\t<\/div>\n\t\t\t\t<\/a>\n\t\t<\/article>\n\t\t\t\t<\/div>\n\t\t\t\t<\/div>\n\t\t\t\t<\/div>\n\t\t\t\t\t<\/div>\n\t\t<\/div>\n\t\t\t\t\t<\/div>\n\t\t<\/section>\n\t\t\t\t<\/div>\n\t\t","protected":false},"excerpt":{"rendered":"<p>Ao longo de seus 50 anos de atividades, o Programa abrigou e formou gera\u00e7\u00f5es de pesquisadores. Reunidos hoje, formariam um time de 67 orientadores (tr\u00eas deles, Professores Em\u00e9ritos da Universidade de S\u00e3o Paulo), 290 doutores e 421 mestres.&nbsp; Nessas p\u00e1ginas, listamos seus nomes e a \u00e9poca na qual cada um passou pelo Programa.<\/p>\n","protected":false},"author":21866,"featured_media":7507,"parent":0,"menu_order":0,"comment_status":"closed","ping_status":"closed","template":"elementor_header_footer","meta":{"_monsterinsights_skip_tracking":false,"_monsterinsights_sitenote_active":false,"_monsterinsights_sitenote_note":"","_monsterinsights_sitenote_category":0,"ocean_post_layout":"","ocean_both_sidebars_style":"","ocean_both_sidebars_content_width":0,"ocean_both_sidebars_sidebars_width":0,"ocean_sidebar":"","ocean_second_sidebar":"","ocean_disable_margins":"enable","ocean_add_body_class":"","ocean_shortcode_before_top_bar":"","ocean_shortcode_after_top_bar":"","ocean_shortcode_before_header":"","ocean_shortcode_after_header":"","ocean_has_shortcode":"","ocean_shortcode_after_title":"","ocean_shortcode_before_footer_widgets":"","ocean_shortcode_after_footer_widgets":"","ocean_shortcode_before_footer_bottom":"","ocean_shortcode_after_footer_bottom":"","ocean_display_top_bar":"default","ocean_display_header":"default","ocean_header_style":"","ocean_center_header_left_menu":"","ocean_custom_header_template":"","ocean_custom_logo":0,"ocean_custom_retina_logo":0,"ocean_custom_logo_max_width":0,"ocean_custom_logo_tablet_max_width":0,"ocean_custom_logo_mobile_max_width":0,"ocean_custom_logo_max_height":0,"ocean_custom_logo_tablet_max_height":0,"ocean_custom_logo_mobile_max_height":0,"ocean_header_custom_menu":"","ocean_menu_typo_font_family":"","ocean_menu_typo_font_subset":"","ocean_menu_typo_font_size":0,"ocean_menu_typo_font_size_tablet":0,"ocean_menu_typo_font_size_mobile":0,"ocean_menu_typo_font_size_unit":"px","ocean_menu_typo_font_weight":"","ocean_menu_typo_font_weight_tablet":"","ocean_menu_typo_font_weight_mobile":"","ocean_menu_typo_transform":"","ocean_menu_typo_transform_tablet":"","ocean_menu_typo_transform_mobile":"","ocean_menu_typo_line_height":0,"ocean_menu_typo_line_height_tablet":0,"ocean_menu_typo_line_height_mobile":0,"ocean_menu_typo_line_height_unit":"","ocean_menu_typo_spacing":0,"ocean_menu_typo_spacing_tablet":0,"ocean_menu_typo_spacing_mobile":0,"ocean_menu_typo_spacing_unit":"","ocean_menu_link_color":"","ocean_menu_link_color_hover":"","ocean_menu_link_color_active":"","ocean_menu_link_background":"","ocean_menu_link_hover_background":"","ocean_menu_link_active_background":"","ocean_menu_social_links_bg":"","ocean_menu_social_hover_links_bg":"","ocean_menu_social_links_color":"","ocean_menu_social_hover_links_color":"","ocean_disable_title":"default","ocean_disable_heading":"default","ocean_post_title":"","ocean_post_subheading":"","ocean_post_title_style":"","ocean_post_title_background_color":"","ocean_post_title_background":0,"ocean_post_title_bg_image_position":"","ocean_post_title_bg_image_attachment":"","ocean_post_title_bg_image_repeat":"","ocean_post_title_bg_image_size":"","ocean_post_title_height":0,"ocean_post_title_bg_overlay":0.5,"ocean_post_title_bg_overlay_color":"","ocean_disable_breadcrumbs":"default","ocean_breadcrumbs_color":"","ocean_breadcrumbs_separator_color":"","ocean_breadcrumbs_links_color":"","ocean_breadcrumbs_links_hover_color":"","ocean_display_footer_widgets":"default","ocean_display_footer_bottom":"default","ocean_custom_footer_template":"","footnotes":"","_links_to":"","_links_to_target":""},"class_list":["post-7351","page","type-page","status-publish","has-post-thumbnail","hentry","entry","has-media"],"_links":{"self":[{"href":"https:\/\/sites.usp.br\/flp50\/wp-json\/wp\/v2\/pages\/7351","targetHints":{"allow":["GET"]}}],"collection":[{"href":"https:\/\/sites.usp.br\/flp50\/wp-json\/wp\/v2\/pages"}],"about":[{"href":"https:\/\/sites.usp.br\/flp50\/wp-json\/wp\/v2\/types\/page"}],"author":[{"embeddable":true,"href":"https:\/\/sites.usp.br\/flp50\/wp-json\/wp\/v2\/users\/21866"}],"replies":[{"embeddable":true,"href":"https:\/\/sites.usp.br\/flp50\/wp-json\/wp\/v2\/comments?post=7351"}],"version-history":[{"count":4,"href":"https:\/\/sites.usp.br\/flp50\/wp-json\/wp\/v2\/pages\/7351\/revisions"}],"predecessor-version":[{"id":8003,"href":"https:\/\/sites.usp.br\/flp50\/wp-json\/wp\/v2\/pages\/7351\/revisions\/8003"}],"wp:featuredmedia":[{"embeddable":true,"href":"https:\/\/sites.usp.br\/flp50\/wp-json\/wp\/v2\/media\/7507"}],"wp:attachment":[{"href":"https:\/\/sites.usp.br\/flp50\/wp-json\/wp\/v2\/media?parent=7351"}],"curies":[{"name":"wp","href":"https:\/\/api.w.org\/{rel}","templated":true}]}}