{"id":771,"date":"2021-08-27T09:47:02","date_gmt":"2021-08-27T11:47:02","guid":{"rendered":"https:\/\/sites.usp.br\/flp50\/?page_id=771"},"modified":"2021-12-08T15:47:40","modified_gmt":"2021-12-08T17:47:40","slug":"comissao","status":"publish","type":"page","link":"https:\/\/sites.usp.br\/flp50\/comissao\/","title":{"rendered":"Comiss\u00e3o"},"content":{"rendered":"\t\t<div data-elementor-type=\"wp-page\" data-elementor-id=\"771\" class=\"elementor elementor-771\" data-elementor-post-type=\"page\">\n\t\t\t\t\t\t<section class=\"elementor-section elementor-top-section elementor-element elementor-element-4f652f49 elementor-section-boxed elementor-section-height-default elementor-section-height-default\" data-id=\"4f652f49\" data-element_type=\"section\">\n\t\t\t\t\t\t<div class=\"elementor-container elementor-column-gap-default\">\n\t\t\t\t\t<div class=\"elementor-column elementor-col-50 elementor-top-column elementor-element elementor-element-4bb1eae3\" data-id=\"4bb1eae3\" data-element_type=\"column\">\n\t\t\t<div class=\"elementor-widget-wrap\">\n\t\t\t\t\t\t\t<\/div>\n\t\t<\/div>\n\t\t\t\t<div class=\"elementor-column elementor-col-50 elementor-top-column elementor-element elementor-element-e8b2d98\" data-id=\"e8b2d98\" data-element_type=\"column\">\n\t\t\t<div class=\"elementor-widget-wrap elementor-element-populated\">\n\t\t\t\t\t\t<div class=\"elementor-element elementor-element-29da268 elementor-widget elementor-widget-heading\" data-id=\"29da268\" data-element_type=\"widget\" data-widget_type=\"heading.default\">\n\t\t\t\t<div class=\"elementor-widget-container\">\n\t\t\t<h2 class=\"elementor-heading-title elementor-size-default\">Organiza\u00e7\u00e3o do FLP50<br><\/h2>\t\t<\/div>\n\t\t\t\t<\/div>\n\t\t\t\t\t<\/div>\n\t\t<\/div>\n\t\t\t\t\t<\/div>\n\t\t<\/section>\n\t\t\t\t<section class=\"elementor-section elementor-top-section elementor-element elementor-element-ed2f05a elementor-section-boxed elementor-section-height-default elementor-section-height-default\" data-id=\"ed2f05a\" data-element_type=\"section\">\n\t\t\t\t\t\t<div class=\"elementor-container elementor-column-gap-default\">\n\t\t\t\t\t<div class=\"elementor-column elementor-col-33 elementor-top-column elementor-element elementor-element-b223f81\" data-id=\"b223f81\" data-element_type=\"column\">\n\t\t\t<div class=\"elementor-widget-wrap\">\n\t\t\t\t\t\t\t<\/div>\n\t\t<\/div>\n\t\t\t\t<div class=\"elementor-column elementor-col-33 elementor-top-column elementor-element elementor-element-ab0a584\" data-id=\"ab0a584\" data-element_type=\"column\">\n\t\t\t<div class=\"elementor-widget-wrap elementor-element-populated\">\n\t\t\t\t\t\t<div class=\"elementor-element elementor-element-34aa1f2 elementor-widget elementor-widget-text-editor\" data-id=\"34aa1f2\" data-element_type=\"widget\" data-widget_type=\"text-editor.default\">\n\t\t\t\t<div class=\"elementor-widget-container\">\n\t\t\t\t\t\t\tElis de Almeida Cardoso Caretta<br\/>\nIeda Maria Alves<br\/>\nMaria Clara Paix\u00e3o de Sousa<br\/>\nMarilza de Oliveira<br\/>\nMarli Quadros Leite<br\/>\nPatr\u00edcia Carvalhinhos<br\/>\t\t\t\t\t\t<\/div>\n\t\t\t\t<\/div>\n\t\t\t\t\t<\/div>\n\t\t<\/div>\n\t\t\t\t<div class=\"elementor-column elementor-col-33 elementor-top-column elementor-element elementor-element-edfd2a9\" data-id=\"edfd2a9\" data-element_type=\"column\">\n\t\t\t<div class=\"elementor-widget-wrap elementor-element-populated\">\n\t\t\t\t\t\t<div class=\"elementor-element elementor-element-28b4eb3 elementor-widget elementor-widget-text-editor\" data-id=\"28b4eb3\" data-element_type=\"widget\" data-widget_type=\"text-editor.default\">\n\t\t\t\t<div class=\"elementor-widget-container\">\n\t\t\t\t\t\t\tAdriana Tavares Lima<br\/>\n\u00c1lvaro Magalh\u00e3es Pereira da Silva<br\/>\nAntonio Rafael Mar\u00e7al da Silva<br\/>\nClara Beatriz Haag<br\/>\nMarcus Vinicius Pereira das Dores<br\/>\nMariana Marques da Silva<br\/>\nNancy Mendes Torres Vieira<br\/>\t\t\t\t\t\t<\/div>\n\t\t\t\t<\/div>\n\t\t\t\t\t<\/div>\n\t\t<\/div>\n\t\t\t\t\t<\/div>\n\t\t<\/section>\n\t\t\t\t<section class=\"elementor-section elementor-top-section elementor-element elementor-element-d4d45c1 elementor-section-full_width elementor-section-height-default elementor-section-height-default\" data-id=\"d4d45c1\" data-element_type=\"section\" data-settings=\"{&quot;background_background&quot;:&quot;classic&quot;}\">\n\t\t\t\t\t\t<div class=\"elementor-container elementor-column-gap-default\">\n\t\t\t\t\t<div class=\"elementor-column elementor-col-100 elementor-top-column elementor-element elementor-element-12094bd\" data-id=\"12094bd\" data-element_type=\"column\">\n\t\t\t<div class=\"elementor-widget-wrap elementor-element-populated\">\n\t\t\t\t\t\t<div class=\"elementor-element elementor-element-58a98b3 elementor-widget elementor-widget-global elementor-global-9072 elementor-widget-gallery\" data-id=\"58a98b3\" data-element_type=\"widget\" data-settings=\"{&quot;gallery_layout&quot;:&quot;justified&quot;,&quot;ideal_row_height&quot;:{&quot;unit&quot;:&quot;px&quot;,&quot;size&quot;:250,&quot;sizes&quot;:[]},&quot;gap&quot;:{&quot;unit&quot;:&quot;px&quot;,&quot;size&quot;:0,&quot;sizes&quot;:[]},&quot;overlay_title&quot;:&quot;caption&quot;,&quot;lazyload&quot;:&quot;yes&quot;,&quot;ideal_row_height_tablet&quot;:{&quot;unit&quot;:&quot;px&quot;,&quot;size&quot;:150,&quot;sizes&quot;:[]},&quot;ideal_row_height_mobile&quot;:{&quot;unit&quot;:&quot;px&quot;,&quot;size&quot;:150,&quot;sizes&quot;:[]},&quot;gap_tablet&quot;:{&quot;unit&quot;:&quot;px&quot;,&quot;size&quot;:10,&quot;sizes&quot;:[]},&quot;gap_mobile&quot;:{&quot;unit&quot;:&quot;px&quot;,&quot;size&quot;:10,&quot;sizes&quot;:[]},&quot;link_to&quot;:&quot;file&quot;,&quot;overlay_background&quot;:&quot;yes&quot;,&quot;content_hover_animation&quot;:&quot;fade-in&quot;}\" data-widget_type=\"gallery.default\">\n\t\t\t\t<div class=\"elementor-widget-container\">\n\t\t\t\t\t<div class=\"elementor-gallery__container\">\n\t\t\t\t\t\t\t<a class=\"e-gallery-item elementor-gallery-item elementor-animated-content\" href=\"https:\/\/sites.usp.br\/flp50\/wp-content\/uploads\/sites\/921\/2021\/10\/Marilza-de-Oliveira-iii.jpg\" data-elementor-open-lightbox=\"yes\" data-elementor-lightbox-slideshow=\"58a98b3\" data-elementor-lightbox-title=\"Marilza de Oliveira iii\" data-e-action-hash=\"#elementor-action%3Aaction%3Dlightbox%26settings%3DeyJpZCI6ODUxOSwidXJsIjoiaHR0cHM6XC9cL3NpdGVzLnVzcC5iclwvZmxwNTBcL3dwLWNvbnRlbnRcL3VwbG9hZHNcL3NpdGVzXC85MjFcLzIwMjFcLzEwXC9NYXJpbHphLWRlLU9saXZlaXJhLWlpaS5qcGciLCJzbGlkZXNob3ciOiI1OGE5OGIzIn0%3D\">\n\t\t\t\t\t<div class=\"e-gallery-image elementor-gallery-item__image\" data-thumbnail=\"https:\/\/sites.usp.br\/flp50\/wp-content\/uploads\/sites\/921\/2021\/10\/Marilza-de-Oliveira-iii-300x286.jpg\" data-width=\"300\" data-height=\"286\" aria-label=\"\" role=\"img\" ><\/div>\n\t\t\t\t\t\t\t\t\t\t\t<div class=\"elementor-gallery-item__overlay\"><\/div>\n\t\t\t\t\t\t\t\t\t\t\t\t\t\t\t<div class=\"elementor-gallery-item__content\">\n\t\t\t\t\t\t\t\t\t\t\t\t\t\t<div class=\"elementor-gallery-item__title\">\n\t\t\t\t\t\t\t\t\t\t\t\t\t\t\t\t\t\tMarilza de Oliveira\t\t\t\t\t\t\t\t<\/div>\n\t\t\t\t\t\t\t\t\t\t\t\t<\/div>\n\t\t\t\t\t\t\t\t\t<\/a>\n\t\t\t\t\t\t\t<a class=\"e-gallery-item elementor-gallery-item elementor-animated-content\" href=\"https:\/\/sites.usp.br\/flp50\/wp-content\/uploads\/sites\/921\/2021\/12\/Rafael.png\" data-elementor-open-lightbox=\"yes\" data-elementor-lightbox-slideshow=\"58a98b3\" data-elementor-lightbox-title=\"Rafael\" data-e-action-hash=\"#elementor-action%3Aaction%3Dlightbox%26settings%3DeyJpZCI6OTA2OCwidXJsIjoiaHR0cHM6XC9cL3NpdGVzLnVzcC5iclwvZmxwNTBcL3dwLWNvbnRlbnRcL3VwbG9hZHNcL3NpdGVzXC85MjFcLzIwMjFcLzEyXC9SYWZhZWwucG5nIiwic2xpZGVzaG93IjoiNThhOThiMyJ9\">\n\t\t\t\t\t<div class=\"e-gallery-image elementor-gallery-item__image\" data-thumbnail=\"https:\/\/sites.usp.br\/flp50\/wp-content\/uploads\/sites\/921\/2021\/12\/Rafael-300x300.png\" data-width=\"300\" data-height=\"300\" aria-label=\"\" role=\"img\" ><\/div>\n\t\t\t\t\t\t\t\t\t\t\t<div class=\"elementor-gallery-item__overlay\"><\/div>\n\t\t\t\t\t\t\t\t\t\t\t\t\t\t\t<div class=\"elementor-gallery-item__content\">\n\t\t\t\t\t\t\t\t\t\t\t\t\t\t<div class=\"elementor-gallery-item__title\">\n\t\t\t\t\t\t\t\t\t\t\t\t\t\t\t\t\t\tAntonio Rafael Mar\u00e7al da Silva\t\t\t\t\t\t\t\t<\/div>\n\t\t\t\t\t\t\t\t\t\t\t\t<\/div>\n\t\t\t\t\t\t\t\t\t<\/a>\n\t\t\t\t\t\t\t<a class=\"e-gallery-item elementor-gallery-item elementor-animated-content\" href=\"https:\/\/sites.usp.br\/flp50\/wp-content\/uploads\/sites\/921\/2021\/12\/Marli.jpeg\" data-elementor-open-lightbox=\"yes\" data-elementor-lightbox-slideshow=\"58a98b3\" data-elementor-lightbox-title=\"Marli\" data-e-action-hash=\"#elementor-action%3Aaction%3Dlightbox%26settings%3DeyJpZCI6OTEwNCwidXJsIjoiaHR0cHM6XC9cL3NpdGVzLnVzcC5iclwvZmxwNTBcL3dwLWNvbnRlbnRcL3VwbG9hZHNcL3NpdGVzXC85MjFcLzIwMjFcLzEyXC9NYXJsaS5qcGVnIiwic2xpZGVzaG93IjoiNThhOThiMyJ9\">\n\t\t\t\t\t<div class=\"e-gallery-image elementor-gallery-item__image\" data-thumbnail=\"https:\/\/sites.usp.br\/flp50\/wp-content\/uploads\/sites\/921\/2021\/12\/Marli-252x300.jpeg\" data-width=\"252\" data-height=\"300\" aria-label=\"\" role=\"img\" ><\/div>\n\t\t\t\t\t\t\t\t\t\t\t<div class=\"elementor-gallery-item__overlay\"><\/div>\n\t\t\t\t\t\t\t\t\t\t\t\t\t\t\t<div class=\"elementor-gallery-item__content\">\n\t\t\t\t\t\t\t\t\t\t\t\t\t\t<div class=\"elementor-gallery-item__title\">\n\t\t\t\t\t\t\t\t\t\t\t\t\t\t\t\t\t\tMarli Quadros Leite\t\t\t\t\t\t\t\t<\/div>\n\t\t\t\t\t\t\t\t\t\t\t\t<\/div>\n\t\t\t\t\t\t\t\t\t<\/a>\n\t\t\t\t\t\t\t<a class=\"e-gallery-item elementor-gallery-item elementor-animated-content\" href=\"https:\/\/sites.usp.br\/flp50\/wp-content\/uploads\/sites\/921\/2021\/12\/Alvaro.png\" data-elementor-open-lightbox=\"yes\" data-elementor-lightbox-slideshow=\"58a98b3\" data-elementor-lightbox-title=\"Alvaro\" data-e-action-hash=\"#elementor-action%3Aaction%3Dlightbox%26settings%3DeyJpZCI6OTA2NiwidXJsIjoiaHR0cHM6XC9cL3NpdGVzLnVzcC5iclwvZmxwNTBcL3dwLWNvbnRlbnRcL3VwbG9hZHNcL3NpdGVzXC85MjFcLzIwMjFcLzEyXC9BbHZhcm8ucG5nIiwic2xpZGVzaG93IjoiNThhOThiMyJ9\">\n\t\t\t\t\t<div class=\"e-gallery-image elementor-gallery-item__image\" data-thumbnail=\"https:\/\/sites.usp.br\/flp50\/wp-content\/uploads\/sites\/921\/2021\/12\/Alvaro-300x300.png\" data-width=\"300\" data-height=\"300\" aria-label=\"\" role=\"img\" ><\/div>\n\t\t\t\t\t\t\t\t\t\t\t<div class=\"elementor-gallery-item__overlay\"><\/div>\n\t\t\t\t\t\t\t\t\t\t\t\t\t\t\t<div class=\"elementor-gallery-item__content\">\n\t\t\t\t\t\t\t\t\t\t\t\t\t\t<div class=\"elementor-gallery-item__title\">\n\t\t\t\t\t\t\t\t\t\t\t\t\t\t\t\t\t\t\u00c1lvaro Magalh\u00e3es Pereira da Silva\t\t\t\t\t\t\t\t<\/div>\n\t\t\t\t\t\t\t\t\t\t\t\t<\/div>\n\t\t\t\t\t\t\t\t\t<\/a>\n\t\t\t\t\t\t\t<a class=\"e-gallery-item elementor-gallery-item elementor-animated-content\" href=\"https:\/\/sites.usp.br\/flp50\/wp-content\/uploads\/sites\/921\/2021\/12\/Adriana.png\" data-elementor-open-lightbox=\"yes\" data-elementor-lightbox-slideshow=\"58a98b3\" data-elementor-lightbox-title=\"Adriana\" data-e-action-hash=\"#elementor-action%3Aaction%3Dlightbox%26settings%3DeyJpZCI6OTA2NSwidXJsIjoiaHR0cHM6XC9cL3NpdGVzLnVzcC5iclwvZmxwNTBcL3dwLWNvbnRlbnRcL3VwbG9hZHNcL3NpdGVzXC85MjFcLzIwMjFcLzEyXC9BZHJpYW5hLnBuZyIsInNsaWRlc2hvdyI6IjU4YTk4YjMifQ%3D%3D\">\n\t\t\t\t\t<div class=\"e-gallery-image elementor-gallery-item__image\" data-thumbnail=\"https:\/\/sites.usp.br\/flp50\/wp-content\/uploads\/sites\/921\/2021\/12\/Adriana-300x300.png\" data-width=\"300\" data-height=\"300\" aria-label=\"\" role=\"img\" ><\/div>\n\t\t\t\t\t\t\t\t\t\t\t<div class=\"elementor-gallery-item__overlay\"><\/div>\n\t\t\t\t\t\t\t\t\t\t\t\t\t\t\t<div class=\"elementor-gallery-item__content\">\n\t\t\t\t\t\t\t\t\t\t\t\t\t\t<div class=\"elementor-gallery-item__title\">\n\t\t\t\t\t\t\t\t\t\t\t\t\t\t\t\t\t\tAdriana Tavares Lima\t\t\t\t\t\t\t\t<\/div>\n\t\t\t\t\t\t\t\t\t\t\t\t<\/div>\n\t\t\t\t\t\t\t\t\t<\/a>\n\t\t\t\t\t\t\t<a class=\"e-gallery-item elementor-gallery-item elementor-animated-content\" href=\"https:\/\/sites.usp.br\/flp50\/wp-content\/uploads\/sites\/921\/2021\/12\/MariMarques.png\" data-elementor-open-lightbox=\"yes\" data-elementor-lightbox-slideshow=\"58a98b3\" data-elementor-lightbox-title=\"MariMarques\" data-e-action-hash=\"#elementor-action%3Aaction%3Dlightbox%26settings%3DeyJpZCI6OTA2MSwidXJsIjoiaHR0cHM6XC9cL3NpdGVzLnVzcC5iclwvZmxwNTBcL3dwLWNvbnRlbnRcL3VwbG9hZHNcL3NpdGVzXC85MjFcLzIwMjFcLzEyXC9NYXJpTWFycXVlcy5wbmciLCJzbGlkZXNob3ciOiI1OGE5OGIzIn0%3D\">\n\t\t\t\t\t<div class=\"e-gallery-image elementor-gallery-item__image\" data-thumbnail=\"https:\/\/sites.usp.br\/flp50\/wp-content\/uploads\/sites\/921\/2021\/12\/MariMarques-300x300.png\" data-width=\"300\" data-height=\"300\" aria-label=\"\" role=\"img\" ><\/div>\n\t\t\t\t\t\t\t\t\t\t\t<div class=\"elementor-gallery-item__overlay\"><\/div>\n\t\t\t\t\t\t\t\t\t\t\t\t\t\t\t<div class=\"elementor-gallery-item__content\">\n\t\t\t\t\t\t\t\t\t\t\t\t\t\t<div class=\"elementor-gallery-item__title\">\n\t\t\t\t\t\t\t\t\t\t\t\t\t\t\t\t\t\tMariana Marques da Silva\t\t\t\t\t\t\t\t<\/div>\n\t\t\t\t\t\t\t\t\t\t\t\t<\/div>\n\t\t\t\t\t\t\t\t\t<\/a>\n\t\t\t\t\t\t\t<a class=\"e-gallery-item elementor-gallery-item elementor-animated-content\" href=\"https:\/\/sites.usp.br\/flp50\/wp-content\/uploads\/sites\/921\/2021\/10\/Elis.png\" data-elementor-open-lightbox=\"yes\" data-elementor-lightbox-slideshow=\"58a98b3\" data-elementor-lightbox-title=\"Elis\" data-e-action-hash=\"#elementor-action%3Aaction%3Dlightbox%26settings%3DeyJpZCI6Mjk4OSwidXJsIjoiaHR0cHM6XC9cL3NpdGVzLnVzcC5iclwvZmxwNTBcL3dwLWNvbnRlbnRcL3VwbG9hZHNcL3NpdGVzXC85MjFcLzIwMjFcLzEwXC9FbGlzLnBuZyIsInNsaWRlc2hvdyI6IjU4YTk4YjMifQ%3D%3D\">\n\t\t\t\t\t<div class=\"e-gallery-image elementor-gallery-item__image\" data-thumbnail=\"https:\/\/sites.usp.br\/flp50\/wp-content\/uploads\/sites\/921\/2021\/10\/Elis-295x300.png\" data-width=\"295\" data-height=\"300\" aria-label=\"\" role=\"img\" ><\/div>\n\t\t\t\t\t\t\t\t\t\t\t<div class=\"elementor-gallery-item__overlay\"><\/div>\n\t\t\t\t\t\t\t\t\t\t\t\t\t\t\t<div class=\"elementor-gallery-item__content\">\n\t\t\t\t\t\t\t\t\t\t\t\t\t\t<div class=\"elementor-gallery-item__title\">\n\t\t\t\t\t\t\t\t\t\t\t\t\t\t\t\t\t\tElis de Almeida Cardoso\t\t\t\t\t\t\t\t<\/div>\n\t\t\t\t\t\t\t\t\t\t\t\t<\/div>\n\t\t\t\t\t\t\t\t\t<\/a>\n\t\t\t\t\t\t\t<a class=\"e-gallery-item elementor-gallery-item elementor-animated-content\" href=\"https:\/\/sites.usp.br\/flp50\/wp-content\/uploads\/sites\/921\/2021\/12\/f1.jpg\" data-elementor-open-lightbox=\"yes\" data-elementor-lightbox-slideshow=\"58a98b3\" data-elementor-lightbox-title=\"f1\" data-e-action-hash=\"#elementor-action%3Aaction%3Dlightbox%26settings%3DeyJpZCI6OTAxNCwidXJsIjoiaHR0cHM6XC9cL3NpdGVzLnVzcC5iclwvZmxwNTBcL3dwLWNvbnRlbnRcL3VwbG9hZHNcL3NpdGVzXC85MjFcLzIwMjFcLzEyXC9mMS5qcGciLCJzbGlkZXNob3ciOiI1OGE5OGIzIn0%3D\">\n\t\t\t\t\t<div class=\"e-gallery-image elementor-gallery-item__image\" data-thumbnail=\"https:\/\/sites.usp.br\/flp50\/wp-content\/uploads\/sites\/921\/2021\/12\/f1.jpg\" data-width=\"100\" data-height=\"100\" aria-label=\"\" role=\"img\" ><\/div>\n\t\t\t\t\t\t\t\t\t\t\t<div class=\"elementor-gallery-item__overlay\"><\/div>\n\t\t\t\t\t\t\t\t\t\t\t\t\t\t\t<div class=\"elementor-gallery-item__content\">\n\t\t\t\t\t\t\t\t\t\t\t\t\t\t<div class=\"elementor-gallery-item__title\">\n\t\t\t\t\t\t\t\t\t\t\t\t\t\t\t\t\t\tPatr\u00edcia Carvalhinhos\t\t\t\t\t\t\t\t<\/div>\n\t\t\t\t\t\t\t\t\t\t\t\t<\/div>\n\t\t\t\t\t\t\t\t\t<\/a>\n\t\t\t\t\t\t\t<a class=\"e-gallery-item elementor-gallery-item elementor-animated-content\" href=\"https:\/\/sites.usp.br\/flp50\/wp-content\/uploads\/sites\/921\/2021\/12\/WhatsApp-Image-2021-12-08-at-10.44.24.jpeg\" data-elementor-open-lightbox=\"yes\" data-elementor-lightbox-slideshow=\"58a98b3\" data-elementor-lightbox-title=\"WhatsApp Image 2021-12-08 at 10.44.24\" data-e-action-hash=\"#elementor-action%3Aaction%3Dlightbox%26settings%3DeyJpZCI6OTA1NywidXJsIjoiaHR0cHM6XC9cL3NpdGVzLnVzcC5iclwvZmxwNTBcL3dwLWNvbnRlbnRcL3VwbG9hZHNcL3NpdGVzXC85MjFcLzIwMjFcLzEyXC9XaGF0c0FwcC1JbWFnZS0yMDIxLTEyLTA4LWF0LTEwLjQ0LjI0LmpwZWciLCJzbGlkZXNob3ciOiI1OGE5OGIzIn0%3D\">\n\t\t\t\t\t<div class=\"e-gallery-image elementor-gallery-item__image\" data-thumbnail=\"https:\/\/sites.usp.br\/flp50\/wp-content\/uploads\/sites\/921\/2021\/12\/WhatsApp-Image-2021-12-08-at-10.44.24-291x300.jpeg\" data-width=\"291\" data-height=\"300\" aria-label=\"\" role=\"img\" ><\/div>\n\t\t\t\t\t\t\t\t\t\t\t<div class=\"elementor-gallery-item__overlay\"><\/div>\n\t\t\t\t\t\t\t\t\t\t\t\t\t\t\t<div class=\"elementor-gallery-item__content\">\n\t\t\t\t\t\t\t\t\t\t\t\t\t\t<div class=\"elementor-gallery-item__title\">\n\t\t\t\t\t\t\t\t\t\t\t\t\t\t\t\t\t\tClara Beatriz Haag\t\t\t\t\t\t\t\t<\/div>\n\t\t\t\t\t\t\t\t\t\t\t\t<\/div>\n\t\t\t\t\t\t\t\t\t<\/a>\n\t\t\t\t\t\t\t<a class=\"e-gallery-item elementor-gallery-item elementor-animated-content\" href=\"https:\/\/sites.usp.br\/flp50\/wp-content\/uploads\/sites\/921\/2021\/12\/Nancy.png\" data-elementor-open-lightbox=\"yes\" data-elementor-lightbox-slideshow=\"58a98b3\" data-elementor-lightbox-title=\"Nancy\" data-e-action-hash=\"#elementor-action%3Aaction%3Dlightbox%26settings%3DeyJpZCI6OTA2NywidXJsIjoiaHR0cHM6XC9cL3NpdGVzLnVzcC5iclwvZmxwNTBcL3dwLWNvbnRlbnRcL3VwbG9hZHNcL3NpdGVzXC85MjFcLzIwMjFcLzEyXC9OYW5jeS5wbmciLCJzbGlkZXNob3ciOiI1OGE5OGIzIn0%3D\">\n\t\t\t\t\t<div class=\"e-gallery-image elementor-gallery-item__image\" data-thumbnail=\"https:\/\/sites.usp.br\/flp50\/wp-content\/uploads\/sites\/921\/2021\/12\/Nancy-300x300.png\" data-width=\"300\" data-height=\"300\" aria-label=\"\" role=\"img\" ><\/div>\n\t\t\t\t\t\t\t\t\t\t\t<div class=\"elementor-gallery-item__overlay\"><\/div>\n\t\t\t\t\t\t\t\t\t\t\t\t\t\t\t<div class=\"elementor-gallery-item__content\">\n\t\t\t\t\t\t\t\t\t\t\t\t\t\t<div class=\"elementor-gallery-item__title\">\n\t\t\t\t\t\t\t\t\t\t\t\t\t\t\t\t\t\tNancy Mendes Torres Vieira\t\t\t\t\t\t\t\t<\/div>\n\t\t\t\t\t\t\t\t\t\t\t\t<\/div>\n\t\t\t\t\t\t\t\t\t<\/a>\n\t\t\t\t\t\t\t<a class=\"e-gallery-item elementor-gallery-item elementor-animated-content\" href=\"https:\/\/sites.usp.br\/flp50\/wp-content\/uploads\/sites\/921\/2021\/10\/ieda_thumb.jpg\" data-elementor-open-lightbox=\"yes\" data-elementor-lightbox-slideshow=\"58a98b3\" data-elementor-lightbox-title=\"ieda_thumb\" data-e-action-hash=\"#elementor-action%3Aaction%3Dlightbox%26settings%3DeyJpZCI6Mjk5MiwidXJsIjoiaHR0cHM6XC9cL3NpdGVzLnVzcC5iclwvZmxwNTBcL3dwLWNvbnRlbnRcL3VwbG9hZHNcL3NpdGVzXC85MjFcLzIwMjFcLzEwXC9pZWRhX3RodW1iLmpwZyIsInNsaWRlc2hvdyI6IjU4YTk4YjMifQ%3D%3D\">\n\t\t\t\t\t<div class=\"e-gallery-image elementor-gallery-item__image\" data-thumbnail=\"https:\/\/sites.usp.br\/flp50\/wp-content\/uploads\/sites\/921\/2021\/10\/ieda_thumb-300x300.jpg\" data-width=\"300\" data-height=\"300\" aria-label=\"\" role=\"img\" ><\/div>\n\t\t\t\t\t\t\t\t\t\t\t<div class=\"elementor-gallery-item__overlay\"><\/div>\n\t\t\t\t\t\t\t\t\t\t\t\t\t\t\t<div class=\"elementor-gallery-item__content\">\n\t\t\t\t\t\t\t\t\t\t\t\t\t\t<div class=\"elementor-gallery-item__title\">\n\t\t\t\t\t\t\t\t\t\t\t\t\t\t\t\t\t\tIeda Maria Alves\t\t\t\t\t\t\t\t<\/div>\n\t\t\t\t\t\t\t\t\t\t\t\t<\/div>\n\t\t\t\t\t\t\t\t\t<\/a>\n\t\t\t\t\t\t\t<a class=\"e-gallery-item elementor-gallery-item elementor-animated-content\" href=\"https:\/\/sites.usp.br\/flp50\/wp-content\/uploads\/sites\/921\/2021\/10\/MariaClara_home.png\" data-elementor-open-lightbox=\"yes\" data-elementor-lightbox-slideshow=\"58a98b3\" data-elementor-lightbox-title=\"MariaClara_home\" data-e-action-hash=\"#elementor-action%3Aaction%3Dlightbox%26settings%3DeyJpZCI6Mjk5OSwidXJsIjoiaHR0cHM6XC9cL3NpdGVzLnVzcC5iclwvZmxwNTBcL3dwLWNvbnRlbnRcL3VwbG9hZHNcL3NpdGVzXC85MjFcLzIwMjFcLzEwXC9NYXJpYUNsYXJhX2hvbWUucG5nIiwic2xpZGVzaG93IjoiNThhOThiMyJ9\">\n\t\t\t\t\t<div class=\"e-gallery-image elementor-gallery-item__image\" data-thumbnail=\"https:\/\/sites.usp.br\/flp50\/wp-content\/uploads\/sites\/921\/2021\/10\/MariaClara_home-300x300.png\" data-width=\"300\" data-height=\"300\" aria-label=\"\" role=\"img\" ><\/div>\n\t\t\t\t\t\t\t\t\t\t\t<div class=\"elementor-gallery-item__overlay\"><\/div>\n\t\t\t\t\t\t\t\t\t\t\t\t\t\t\t<div class=\"elementor-gallery-item__content\">\n\t\t\t\t\t\t\t\t\t\t\t\t\t\t<div class=\"elementor-gallery-item__title\">\n\t\t\t\t\t\t\t\t\t\t\t\t\t\t\t\t\t\tMaria Clara Paix\u00e3o de Sousa\t\t\t\t\t\t\t\t<\/div>\n\t\t\t\t\t\t\t\t\t\t\t\t<\/div>\n\t\t\t\t\t\t\t\t\t<\/a>\n\t\t\t\t\t<\/div>\n\t\t\t<\/div>\n\t\t\t\t<\/div>\n\t\t\t\t\t<\/div>\n\t\t<\/div>\n\t\t\t\t\t<\/div>\n\t\t<\/section>\n\t\t\t\t<section class=\"elementor-section elementor-top-section elementor-element elementor-element-b8c2f26 elementor-section-boxed elementor-section-height-default elementor-section-height-default\" data-id=\"b8c2f26\" data-element_type=\"section\">\n\t\t\t\t\t\t<div class=\"elementor-container elementor-column-gap-default\">\n\t\t\t\t\t<div class=\"elementor-column elementor-col-100 elementor-top-column elementor-element elementor-element-28cf7cb\" data-id=\"28cf7cb\" data-element_type=\"column\">\n\t\t\t<div class=\"elementor-widget-wrap elementor-element-populated\">\n\t\t\t\t\t\t<div class=\"elementor-element elementor-element-5edd63b elementor-widget elementor-widget-heading\" data-id=\"5edd63b\" data-element_type=\"widget\" data-widget_type=\"heading.default\">\n\t\t\t\t<div class=\"elementor-widget-container\">\n\t\t\t<h2 class=\"elementor-heading-title elementor-size-default\">Contato<\/h2>\t\t<\/div>\n\t\t\t\t<\/div>\n\t\t\t\t<div class=\"elementor-element elementor-element-942a1ea elementor-widget elementor-widget-text-editor\" data-id=\"942a1ea\" data-element_type=\"widget\" data-widget_type=\"text-editor.default\">\n\t\t\t\t<div class=\"elementor-widget-container\">\n\t\t\t\t\t\t\t<p>flp50@usp.br<\/p>\t\t\t\t\t\t<\/div>\n\t\t\t\t<\/div>\n\t\t\t\t<div class=\"elementor-element elementor-element-fb05f29 elementor-widget elementor-widget-heading\" data-id=\"fb05f29\" data-element_type=\"widget\" data-widget_type=\"heading.default\">\n\t\t\t\t<div class=\"elementor-widget-container\">\n\t\t\t<h2 class=\"elementor-heading-title elementor-size-default\"><a href=\"https:\/\/sites.usp.br\/flp50\/galeria-de-imagens\/\">Veja aqui os cr\u00e9ditos do site<\/a><\/h2>\t\t<\/div>\n\t\t\t\t<\/div>\n\t\t\t\t<div class=\"elementor-element elementor-element-a281abb elementor-widget elementor-widget-spacer\" data-id=\"a281abb\" data-element_type=\"widget\" data-widget_type=\"spacer.default\">\n\t\t\t\t<div class=\"elementor-widget-container\">\n\t\t\t\t\t<div class=\"elementor-spacer\">\n\t\t\t<div class=\"elementor-spacer-inner\"><\/div>\n\t\t<\/div>\n\t\t\t\t<\/div>\n\t\t\t\t<\/div>\n\t\t\t\t\t<\/div>\n\t\t<\/div>\n\t\t\t\t\t<\/div>\n\t\t<\/section>\n\t\t\t\t<\/div>\n\t\t","protected":false},"excerpt":{"rendered":"<p>Organiza\u00e7\u00e3o do FLP50 Elis de Almeida Cardoso Caretta Ieda Maria Alves Maria Clara Paix\u00e3o de Sousa Marilza de Oliveira Marli Quadros Leite Patr\u00edcia CarvalhinhosAdriana Tavares Lima \u00c1lvaro Magalh\u00e3es Pereira da Silva Antonio Rafael Mar\u00e7al da Silva Clara Beatriz Haag Marcus Vinicius Pereira das Dores Mariana Marques da Silva Nancy Mendes Torres Vieira Mariana Marques da [&hellip;]<\/p>\n","protected":false},"author":21866,"featured_media":3880,"parent":0,"menu_order":0,"comment_status":"closed","ping_status":"closed","template":"elementor_header_footer","meta":{"_monsterinsights_skip_tracking":false,"_monsterinsights_sitenote_active":false,"_monsterinsights_sitenote_note":"","_monsterinsights_sitenote_category":0,"ocean_post_layout":"","ocean_both_sidebars_style":"","ocean_both_sidebars_content_width":0,"ocean_both_sidebars_sidebars_width":0,"ocean_sidebar":"0","ocean_second_sidebar":"0","ocean_disable_margins":"enable","ocean_add_body_class":"","ocean_shortcode_before_top_bar":"","ocean_shortcode_after_top_bar":"","ocean_shortcode_before_header":"","ocean_shortcode_after_header":"","ocean_has_shortcode":"","ocean_shortcode_after_title":"","ocean_shortcode_before_footer_widgets":"","ocean_shortcode_after_footer_widgets":"","ocean_shortcode_before_footer_bottom":"","ocean_shortcode_after_footer_bottom":"","ocean_display_top_bar":"default","ocean_display_header":"default","ocean_header_style":"","ocean_center_header_left_menu":"0","ocean_custom_header_template":"0","ocean_custom_logo":0,"ocean_custom_retina_logo":0,"ocean_custom_logo_max_width":0,"ocean_custom_logo_tablet_max_width":0,"ocean_custom_logo_mobile_max_width":0,"ocean_custom_logo_max_height":0,"ocean_custom_logo_tablet_max_height":0,"ocean_custom_logo_mobile_max_height":0,"ocean_header_custom_menu":"0","ocean_menu_typo_font_family":"0","ocean_menu_typo_font_subset":"","ocean_menu_typo_font_size":0,"ocean_menu_typo_font_size_tablet":0,"ocean_menu_typo_font_size_mobile":0,"ocean_menu_typo_font_size_unit":"px","ocean_menu_typo_font_weight":"","ocean_menu_typo_font_weight_tablet":"","ocean_menu_typo_font_weight_mobile":"","ocean_menu_typo_transform":"","ocean_menu_typo_transform_tablet":"","ocean_menu_typo_transform_mobile":"","ocean_menu_typo_line_height":0,"ocean_menu_typo_line_height_tablet":0,"ocean_menu_typo_line_height_mobile":0,"ocean_menu_typo_line_height_unit":"","ocean_menu_typo_spacing":0,"ocean_menu_typo_spacing_tablet":0,"ocean_menu_typo_spacing_mobile":0,"ocean_menu_typo_spacing_unit":"","ocean_menu_link_color":"","ocean_menu_link_color_hover":"","ocean_menu_link_color_active":"","ocean_menu_link_background":"","ocean_menu_link_hover_background":"","ocean_menu_link_active_background":"","ocean_menu_social_links_bg":"","ocean_menu_social_hover_links_bg":"","ocean_menu_social_links_color":"","ocean_menu_social_hover_links_color":"","ocean_disable_title":"default","ocean_disable_heading":"default","ocean_post_title":"","ocean_post_subheading":"","ocean_post_title_style":"","ocean_post_title_background_color":"","ocean_post_title_background":0,"ocean_post_title_bg_image_position":"","ocean_post_title_bg_image_attachment":"","ocean_post_title_bg_image_repeat":"","ocean_post_title_bg_image_size":"","ocean_post_title_height":0,"ocean_post_title_bg_overlay":0.5,"ocean_post_title_bg_overlay_color":"","ocean_disable_breadcrumbs":"default","ocean_breadcrumbs_color":"","ocean_breadcrumbs_separator_color":"","ocean_breadcrumbs_links_color":"","ocean_breadcrumbs_links_hover_color":"","ocean_display_footer_widgets":"default","ocean_display_footer_bottom":"default","ocean_custom_footer_template":"0","footnotes":"","_links_to":"","_links_to_target":""},"class_list":["post-771","page","type-page","status-publish","has-post-thumbnail","hentry","entry","has-media"],"_links":{"self":[{"href":"https:\/\/sites.usp.br\/flp50\/wp-json\/wp\/v2\/pages\/771","targetHints":{"allow":["GET"]}}],"collection":[{"href":"https:\/\/sites.usp.br\/flp50\/wp-json\/wp\/v2\/pages"}],"about":[{"href":"https:\/\/sites.usp.br\/flp50\/wp-json\/wp\/v2\/types\/page"}],"author":[{"embeddable":true,"href":"https:\/\/sites.usp.br\/flp50\/wp-json\/wp\/v2\/users\/21866"}],"replies":[{"embeddable":true,"href":"https:\/\/sites.usp.br\/flp50\/wp-json\/wp\/v2\/comments?post=771"}],"version-history":[{"count":4,"href":"https:\/\/sites.usp.br\/flp50\/wp-json\/wp\/v2\/pages\/771\/revisions"}],"predecessor-version":[{"id":9120,"href":"https:\/\/sites.usp.br\/flp50\/wp-json\/wp\/v2\/pages\/771\/revisions\/9120"}],"wp:featuredmedia":[{"embeddable":true,"href":"https:\/\/sites.usp.br\/flp50\/wp-json\/wp\/v2\/media\/3880"}],"wp:attachment":[{"href":"https:\/\/sites.usp.br\/flp50\/wp-json\/wp\/v2\/media?parent=771"}],"curies":[{"name":"wp","href":"https:\/\/api.w.org\/{rel}","templated":true}]}}