{"id":143,"date":"2019-05-16T15:01:59","date_gmt":"2019-05-16T17:01:59","guid":{"rendered":"https:\/\/sites.usp.br\/fotobiofisica\/?page_id=143"},"modified":"2022-01-31T15:37:38","modified_gmt":"2022-01-31T17:37:38","slug":"spectroscopy","status":"publish","type":"page","link":"https:\/\/sites.usp.br\/fotobiofisica\/facilities\/spectroscopy\/","title":{"rendered":"Spectroscopy"},"content":{"rendered":"<h3>1) Time-resolved Fluorescence Microscope<\/h3>\n<p align=\"justify\">The MicroTime 200 fluorescence lifetime system (PicoQuant) is a powerful multi purpose instrument capable of <a href=\"https:\/\/www.picoquant.com\/applications\/category\/life-science\/fluorescence-lifetime-imaging-flim\" target=\"_blank\" rel=\"noopener noreferrer\">fluorescence lifetime image (FLIM)<\/a> and <a href=\"https:\/\/www.picoquant.com\/applications\/category\/life-science\/fluorescence-correlation-spectroscopy-fcs\" target=\"_blank\" rel=\"noopener noreferrer\">fluorescence correlation spectroscopy (FCS)<\/a> with single molecule detection sensitivity. FLIM produces an image based on the differences in the excited state decay rate from a fluorescent sample. Thus, FLIM is a fluorescence imaging technique where the contrast is based on the lifetime of individual fluorophores rather than their emission spectra. FCS is a correlation analysis of temporal fluctuations of the fluorescence intensity and consist in the determination of the temporal autocorrelation of fluorescence fluctuations. The analysis of autocorrelation curves allows the determination of the diffusion coefficient of fluorophores at nanomolar concentrations.<\/p>\n<p align=\"justify\">A picosecond pulsed laser of the desired excitation wavelength<sup>1<\/sup> is reflected by a dichroic beam splitter into an inverted microscope\u2019s objective<sup>2<\/sup>. Fluorescence emission is collected with the same objective, passing through a dichroic to remove scattered light before reaching a pinhole (Thorlabs) for confocal detection. A filter<sup>3<\/sup> is added in the optical path to guarantee only fluorescence emission to be detected with a single avalanche photo diode (SPAD). Fluorescence intensity decay profiles are obtained in the same instrument using the time-correlated single photon counting (TCSPC) technique, and are analyzed by proprietary software of the microscope, SymPhoTime 64, by a non-linear least-squares formalism. The quality of the fit is analyzed from the reduced chi-square values and the residuals distribution. The same software is employed to analyze the temporal correlation of intensity fluctuations in order to obtain the auto-correlation curves and diffusion coefficients.<\/p>\n<p><sup>1<\/sup> Pulsed diode lasers (PicoQuant) with repetition rates up to 40 MHz: LDH-D-C375, LDH-D-C440, LDH-D-C470, LDH-P-FA530, LDH-D-C640<br \/>\n<sup>2<\/sup> Objectives: PlanN 20&#215;0.4, air; PlanN 40&#215;0.65, air; UplanFl 100&#215;1.3, oil; PlanF 100&#215;0.90, air; UPlanSApo 60&#215;1.2 with correction collar, water.<br \/>\n<sup>3<\/sup> Filters: HQ405 LP; HQ460 LP; BLP01-488R; HQ550 LP; HQ690\/70m<\/p>\n<p align=\"justify\">The Olympus IX 71 inverted microscope is equipped with bright field, fluorescence (xenon lamp) and differential interference contrast (DIC) optics; and with an Olympus DP73 camera for imaging of histological and fluorescent samples. Olympus CellSens software for standard imaging.<\/p>\n<p>Fluorescence Mirror Unit:<\/p>\n<table>\n<tbody>\n<tr>\n<td style=\"text-align: center;\">Unit name<\/td>\n<td style=\"text-align: center;\">Excitation filter (nm)<\/td>\n<td style=\"text-align: center;\">Emission filter (nm)<\/td>\n<td style=\"text-align: center;\">Dichromatic mirror (nm)<\/td>\n<\/tr>\n<tr>\n<td style=\"text-align: center;\">U-MNU2<\/td>\n<td style=\"text-align: center;\">360-370<\/td>\n<td style=\"text-align: center;\">420<\/td>\n<td style=\"text-align: center;\">400<\/td>\n<\/tr>\n<tr>\n<td style=\"text-align: center;\">U-MWB2<\/td>\n<td style=\"text-align: center;\">460-490<\/td>\n<td style=\"text-align: center;\">520IF<\/td>\n<td style=\"text-align: center;\">500<\/td>\n<\/tr>\n<tr>\n<td style=\"text-align: center;\">U-MWIG3<\/td>\n<td style=\"text-align: center;\">530-550<\/td>\n<td style=\"text-align: center;\">575IF<\/td>\n<td style=\"text-align: center;\">570<\/td>\n<\/tr>\n<\/tbody>\n<\/table>\n<div class=\"su-custom-gallery su-custom-gallery-align-left su-custom-gallery-title-hover\"><div class=\"su-custom-gallery-slide\" style=\"width:300px;height:90px\"><a href=\"https:\/\/sites.usp.br\/fotobiofisica\/wp-content\/uploads\/sites\/520\/2019\/08\/mt200a.jpg\" title=\"mt200a\"><img loading=\"lazy\" decoding=\"async\" src=\"https:\/\/sites.usp.br\/fotobiofisica\/wp-content\/uploads\/sites\/520\/2019\/08\/mt200a.jpg\" alt=\"mt200a\" width=\"300\" height=\"90\" \/><span class=\"su-custom-gallery-title\">mt200a<\/span><\/a><\/div><div class=\"su-custom-gallery-slide\" style=\"width:300px;height:90px\"><a href=\"https:\/\/sites.usp.br\/fotobiofisica\/wp-content\/uploads\/sites\/520\/2019\/08\/mt200c1.jpg\" title=\"mt200c1\"><img loading=\"lazy\" decoding=\"async\" src=\"https:\/\/sites.usp.br\/fotobiofisica\/wp-content\/uploads\/sites\/520\/2019\/08\/mt200c1.jpg\" alt=\"mt200c1\" width=\"300\" height=\"90\" \/><span class=\"su-custom-gallery-title\">mt200c1<\/span><\/a><\/div><div class=\"su-custom-gallery-slide\" style=\"width:300px;height:90px\"><a href=\"https:\/\/sites.usp.br\/fotobiofisica\/wp-content\/uploads\/sites\/520\/2019\/08\/mt200b1.jpg\" title=\"mt200b1\"><img loading=\"lazy\" decoding=\"async\" src=\"https:\/\/sites.usp.br\/fotobiofisica\/wp-content\/uploads\/sites\/520\/2019\/08\/mt200b1.jpg\" alt=\"mt200b1\" width=\"300\" height=\"90\" \/><span class=\"su-custom-gallery-title\">mt200b1<\/span><\/a><\/div><div class=\"su-clear\"><\/div><\/div>\n<h3>2) Time-resolved Fluorescence<\/h3>\n<p align=\"justify\">The Tsunami (Spectra-Physics) laser system is mode-locked to provide picosecond pulses of light and is tunable to wavelengths between 840 and 990 nm. The output is pulse-picked and frequency doubled or tripled to generate wavelengths between 280 &#8211; 330 nm and 420 &#8211; 495 nm, respectively. The pulses are directed to an L-format Edinburgh F900 spectrometer with a monochromator in the emission channel. Single photons are detected by a cooled Hamamatsu R3890U microchannel plate photomultiplier. In anisotropy experiments, a Soleil-Babinet compensator and a Glann-Thomson polarizer are used in the excitation and emission beam, respectively. Data are analyzed by using a commercial software (Edinburgh Instruments) based on non-linear least-squares method. The quality of fit is judged from statistical parameters like reduced chi-square values and the residuals distribution. This system is used for time-resolved spectroscopy and is based on the time-correlated single photon counting method (TCSPC).<\/p>\n<div class=\"su-custom-gallery su-custom-gallery-align-left su-custom-gallery-title-hover\"><div class=\"su-custom-gallery-slide\" style=\"width:300px;height:200px\"><a href=\"https:\/\/sites.usp.br\/fotobiofisica\/wp-content\/uploads\/sites\/520\/2019\/08\/tempo-vidab.jpg\" title=\"tempo-vidab\"><img loading=\"lazy\" decoding=\"async\" src=\"https:\/\/sites.usp.br\/fotobiofisica\/wp-content\/uploads\/sites\/520\/2019\/08\/tempo-vidab.jpg\" alt=\"tempo-vidab\" width=\"300\" height=\"200\" \/><span class=\"su-custom-gallery-title\">tempo-vidab<\/span><\/a><\/div><div class=\"su-custom-gallery-slide\" style=\"width:300px;height:200px\"><a href=\"https:\/\/sites.usp.br\/fotobiofisica\/wp-content\/uploads\/sites\/520\/2019\/08\/tempo-vida2a.jpg\" title=\"tempo-vida2a\"><img loading=\"lazy\" decoding=\"async\" src=\"https:\/\/sites.usp.br\/fotobiofisica\/wp-content\/uploads\/sites\/520\/2019\/08\/tempo-vida2a.jpg\" alt=\"tempo-vida2a\" width=\"300\" height=\"200\" \/><span class=\"su-custom-gallery-title\">tempo-vida2a<\/span><\/a><\/div><div class=\"su-custom-gallery-slide\" style=\"width:300px;height:200px\"><a href=\"https:\/\/sites.usp.br\/fotobiofisica\/wp-content\/uploads\/sites\/520\/2019\/08\/tempo-vida3a.jpg\" title=\"tempo-vida3a\"><img loading=\"lazy\" decoding=\"async\" src=\"https:\/\/sites.usp.br\/fotobiofisica\/wp-content\/uploads\/sites\/520\/2019\/08\/tempo-vida3a.jpg\" alt=\"tempo-vida3a\" width=\"300\" height=\"200\" \/><span class=\"su-custom-gallery-title\">tempo-vida3a<\/span><\/a><\/div><div class=\"su-clear\"><\/div><\/div>\n<h3>3) Static Fluorescence<\/h3>\n<p align=\"justify\">The Hitachi F-7000 spectrofluorimeter is used to measure emission and excitation spectra of light emitting or fluorescent samples. In addition, the instrument is equipped with a pair of polarizers that allow for the measurement of anisotropy. The sample temperature can be controlled using an external water bath.<\/p>\n<\/p>\n<p><a href=\"https:\/\/sites.usp.br\/fotobiofisica\/wp-content\/uploads\/sites\/520\/2019\/08\/hitachi-fluor1.jpg\"><img loading=\"lazy\" decoding=\"async\" class=\"size-medium wp-image-615 alignnone\" src=\"https:\/\/sites.usp.br\/fotobiofisica\/wp-content\/uploads\/sites\/520\/2019\/08\/hitachi-fluor1-300x210.jpg\" alt=\"\" width=\"300\" height=\"210\" srcset=\"https:\/\/sites.usp.br\/fotobiofisica\/wp-content\/uploads\/sites\/520\/2019\/08\/hitachi-fluor1-300x210.jpg 300w, https:\/\/sites.usp.br\/fotobiofisica\/wp-content\/uploads\/sites\/520\/2019\/08\/hitachi-fluor1-400x280.jpg 400w, https:\/\/sites.usp.br\/fotobiofisica\/wp-content\/uploads\/sites\/520\/2019\/08\/hitachi-fluor1.jpg 415w\" sizes=\"auto, (max-width: 300px) 100vw, 300px\" \/><\/a><\/p>\n<h3>4) In situ Fluorescence spectroscopy<\/h3>\n<p align=\"justify\">A Spectrometer (STS-VIS, Ocean Optics, USA ) is equipped with a 200 microns slit aperture for Fluorescence measurement over the spectral range of 350-800 nm. The spectrometer can be assembled with optical fibers and desirable laser excitation.<\/p>\n<p><a href=\"https:\/\/sites.usp.br\/fotobiofisica\/wp-content\/uploads\/sites\/520\/2019\/08\/sts-vis-oceanoptics.jpg\"><img loading=\"lazy\" decoding=\"async\" class=\"wp-image-617 alignnone\" src=\"https:\/\/sites.usp.br\/fotobiofisica\/wp-content\/uploads\/sites\/520\/2019\/08\/sts-vis-oceanoptics-300x300.jpg\" alt=\"\" width=\"240\" height=\"240\" srcset=\"https:\/\/sites.usp.br\/fotobiofisica\/wp-content\/uploads\/sites\/520\/2019\/08\/sts-vis-oceanoptics-300x300.jpg 300w, https:\/\/sites.usp.br\/fotobiofisica\/wp-content\/uploads\/sites\/520\/2019\/08\/sts-vis-oceanoptics-150x150.jpg 150w, https:\/\/sites.usp.br\/fotobiofisica\/wp-content\/uploads\/sites\/520\/2019\/08\/sts-vis-oceanoptics-45x45.jpg 45w, https:\/\/sites.usp.br\/fotobiofisica\/wp-content\/uploads\/sites\/520\/2019\/08\/sts-vis-oceanoptics-200x200.jpg 200w, https:\/\/sites.usp.br\/fotobiofisica\/wp-content\/uploads\/sites\/520\/2019\/08\/sts-vis-oceanoptics-400x400.jpg 400w, https:\/\/sites.usp.br\/fotobiofisica\/wp-content\/uploads\/sites\/520\/2019\/08\/sts-vis-oceanoptics.jpg 480w\" sizes=\"auto, (max-width: 240px) 100vw, 240px\" \/><\/a><\/p>\n<h3>5) Fourier Transform Infrared Spectroscopy<\/h3>\n<p align=\"justify\">Nicolet 380 FTIR spectrometer (Thermo Scientific Inc, Waltham, USA) is equipped with different accessories: 1) Transmittance accessory, including sample support for different sample diameters; 2) Diamond ATR (Attenuated Total Reflectance) accessory (Smart Omni-sampler, Thermo Scientific Inc., Waltham, USA) with a measurement area of 2 mm diameter.<\/p>\n<p><a href=\"https:\/\/sites.usp.br\/fotobiofisica\/wp-content\/uploads\/sites\/520\/2019\/08\/nicolet-380a.jpg\"><img loading=\"lazy\" decoding=\"async\" class=\"size-medium wp-image-630 alignnone\" src=\"https:\/\/sites.usp.br\/fotobiofisica\/wp-content\/uploads\/sites\/520\/2019\/08\/nicolet-380a-300x169.jpg\" alt=\"\" width=\"300\" height=\"169\" srcset=\"https:\/\/sites.usp.br\/fotobiofisica\/wp-content\/uploads\/sites\/520\/2019\/08\/nicolet-380a-300x169.jpg 300w, https:\/\/sites.usp.br\/fotobiofisica\/wp-content\/uploads\/sites\/520\/2019\/08\/nicolet-380a-310x174.jpg 310w, https:\/\/sites.usp.br\/fotobiofisica\/wp-content\/uploads\/sites\/520\/2019\/08\/nicolet-380a-400x225.jpg 400w, https:\/\/sites.usp.br\/fotobiofisica\/wp-content\/uploads\/sites\/520\/2019\/08\/nicolet-380a.jpg 700w\" sizes=\"auto, (max-width: 300px) 100vw, 300px\" \/><\/a><\/p>\n<h3>6) UV-Vis spectroscopy<\/h3>\n<p align=\"justify\">The Ultrospec 2100 pro (Amersham Pharmacia) is a single beam scanning UV-Vis spectrophotometer for routine use. It has a wavelength range from 200-900 nm.<\/p>\n<p><a href=\"https:\/\/sites.usp.br\/fotobiofisica\/wp-content\/uploads\/sites\/520\/2019\/08\/ultrospec.jpg\"><img loading=\"lazy\" decoding=\"async\" class=\"size-medium wp-image-616 alignnone\" src=\"https:\/\/sites.usp.br\/fotobiofisica\/wp-content\/uploads\/sites\/520\/2019\/08\/ultrospec-300x225.jpg\" alt=\"\" width=\"300\" height=\"225\" srcset=\"https:\/\/sites.usp.br\/fotobiofisica\/wp-content\/uploads\/sites\/520\/2019\/08\/ultrospec-300x225.jpg 300w, https:\/\/sites.usp.br\/fotobiofisica\/wp-content\/uploads\/sites\/520\/2019\/08\/ultrospec-768x576.jpg 768w, https:\/\/sites.usp.br\/fotobiofisica\/wp-content\/uploads\/sites\/520\/2019\/08\/ultrospec-1024x768.jpg 1024w, https:\/\/sites.usp.br\/fotobiofisica\/wp-content\/uploads\/sites\/520\/2019\/08\/ultrospec-80x60.jpg 80w, https:\/\/sites.usp.br\/fotobiofisica\/wp-content\/uploads\/sites\/520\/2019\/08\/ultrospec-400x300.jpg 400w, https:\/\/sites.usp.br\/fotobiofisica\/wp-content\/uploads\/sites\/520\/2019\/08\/ultrospec.jpg 1280w\" sizes=\"auto, (max-width: 300px) 100vw, 300px\" \/><\/a><\/p>\n<h3>7) Emission spectroscopy &#8211; Ultraviolet, Visible and Near-Infrared<\/h3>\n<p align=\"justify\">The Spectrometers (USB4000 and USB2000, Ocean Optics, Dunedin, USA ) calibrated to measure the spectral irradiance in the range of 290\u2013700 nm equipped with optical fibers and cosine-corrected irradiance probes (CC-3-UV, Ocean Optics, Dunedin, USA).<\/p>\n<p><a href=\"https:\/\/sites.usp.br\/fotobiofisica\/wp-content\/uploads\/sites\/520\/2019\/08\/Spectroradiometer-for-Ultraviolet-and-Visible-2.jpg\"><img loading=\"lazy\" decoding=\"async\" class=\"alignleft wp-image-556\" src=\"https:\/\/sites.usp.br\/fotobiofisica\/wp-content\/uploads\/sites\/520\/2019\/08\/Spectroradiometer-for-Ultraviolet-and-Visible-2-300x225.jpg\" alt=\"\" width=\"284\" height=\"213\" srcset=\"https:\/\/sites.usp.br\/fotobiofisica\/wp-content\/uploads\/sites\/520\/2019\/08\/Spectroradiometer-for-Ultraviolet-and-Visible-2-300x225.jpg 300w, https:\/\/sites.usp.br\/fotobiofisica\/wp-content\/uploads\/sites\/520\/2019\/08\/Spectroradiometer-for-Ultraviolet-and-Visible-2-80x60.jpg 80w, https:\/\/sites.usp.br\/fotobiofisica\/wp-content\/uploads\/sites\/520\/2019\/08\/Spectroradiometer-for-Ultraviolet-and-Visible-2-400x300.jpg 400w, https:\/\/sites.usp.br\/fotobiofisica\/wp-content\/uploads\/sites\/520\/2019\/08\/Spectroradiometer-for-Ultraviolet-and-Visible-2.jpg 562w\" sizes=\"auto, (max-width: 284px) 100vw, 284px\" \/><\/a> <a href=\"https:\/\/sites.usp.br\/fotobiofisica\/wp-content\/uploads\/sites\/520\/2019\/08\/Spectroradiometer-for-Ultraviolet-and-Visible-1.jpg\"><img loading=\"lazy\" decoding=\"async\" class=\" wp-image-555 alignnone\" src=\"https:\/\/sites.usp.br\/fotobiofisica\/wp-content\/uploads\/sites\/520\/2019\/08\/Spectroradiometer-for-Ultraviolet-and-Visible-1-300x225.jpg\" alt=\"\" width=\"285\" height=\"214\" srcset=\"https:\/\/sites.usp.br\/fotobiofisica\/wp-content\/uploads\/sites\/520\/2019\/08\/Spectroradiometer-for-Ultraviolet-and-Visible-1-300x225.jpg 300w, https:\/\/sites.usp.br\/fotobiofisica\/wp-content\/uploads\/sites\/520\/2019\/08\/Spectroradiometer-for-Ultraviolet-and-Visible-1-80x60.jpg 80w, https:\/\/sites.usp.br\/fotobiofisica\/wp-content\/uploads\/sites\/520\/2019\/08\/Spectroradiometer-for-Ultraviolet-and-Visible-1-400x300.jpg 400w, https:\/\/sites.usp.br\/fotobiofisica\/wp-content\/uploads\/sites\/520\/2019\/08\/Spectroradiometer-for-Ultraviolet-and-Visible-1.jpg 635w\" sizes=\"auto, (max-width: 285px) 100vw, 285px\" \/><\/a><\/p>\n<p align=\"justify\">The spectrometer (AvaSpec-NIR512, Avantes, Netherlands) is calibrated for wavelength and irradiance in the spectral region of 900 &#8211; 1750 nm. The entrance optics is CC-VIS\/NIR corrector.<\/p>\n<p><a href=\"https:\/\/sites.usp.br\/fotobiofisica\/wp-content\/uploads\/sites\/520\/2019\/08\/avaspec-nir.jpg\"><img loading=\"lazy\" decoding=\"async\" class=\"size-medium wp-image-627 alignnone\" src=\"https:\/\/sites.usp.br\/fotobiofisica\/wp-content\/uploads\/sites\/520\/2019\/08\/avaspec-nir-300x219.jpg\" alt=\"\" width=\"300\" height=\"219\" srcset=\"https:\/\/sites.usp.br\/fotobiofisica\/wp-content\/uploads\/sites\/520\/2019\/08\/avaspec-nir-300x219.jpg 300w, https:\/\/sites.usp.br\/fotobiofisica\/wp-content\/uploads\/sites\/520\/2019\/08\/avaspec-nir.jpg 400w\" sizes=\"auto, (max-width: 300px) 100vw, 300px\" \/><\/a><\/p>\n<h3>8) Diffuse Reflectance spectroscopy<\/h3>\n<p align=\"justify\">A Xenon ar Lamp and a Tungsten-Halogen light source can be employed to diffuse reflectance spectroscopy in the range of 250-1700 nm. The setup is modular and different spectrometers can be selected for the desired spectral range.<\/p>\n<h3 id=\"port\">9) Solar Spectral Irradiance at the city of Ribeir\u00e3o Preto.<\/h3>\n<p><!-- <strong><a href=\"https:\/\/sites.google.com\/site\/centrodefotobiologia\" target=\"_blank\" rel=\"noopener noreferrer\">Link to the realtime measurement of the spectral irradiance at Ribeirao preto.<\/a><\/strong> --><\/p>\n<p align=\"justify\">We employed a single CCD monochromator (USB2000+UV-Vis-ES, Ocean Optics, USA) preconfigured to 200-850nm, with 25\u00b5m slit. A bundle of quartz glass fibers (15 m length and 0.6 mm diameter) couple the spectroradiometer to a weatherproof global entrance optics (UV-J1002-SMA-SHUT, Schreder, Austria). An environmental box (J1025-ENVBOX-01-REG2, Schreder, Austria) with temperature regulation kept the spectroradiometer to 25O \u2103. The global entrance is located on the roof of a three-store high building, free of shadows or highly reflective areas. The system was calibrated with a 200 W quartz halogen (KS-J1011-LAMP, Schreder, Austria). The monochromator is controlled by a Matlab\u00ae routine that measures the relative intensity of the sun every 15 minutes.<\/p>\n<p align=\"justify\">The setup is located in Northwestern S\u00e3o Paulo State, in the city of Ribeir\u00e3o Preto (-21.167177,-47.848099), at the University of S\u00e3o Paulo Campus. These spectra are published in real-time as row data at the web page of the research center, \u201cCentro de Fotobiologia e Espectroradiometria Ambiental \u2013 CFEA\u201d, located at the \u201cSchool of Pharmaceutical Sciences of Ribeir\u00e3o Preto \u2013 USP\u201d. In the same website, we also provide in real-time the UV-index calculated from the sun spectral irradiance and erythema action spectrum.<\/p>\n<p><!-- <strong><a href=\"http:\/\/dcm.ffclrp.usp.br\/fotobiofisica\/ssim\/Spectral_Irrad.png\">Link to access the current spectral irradiance at Ribeir\u00e3o Preto City.<\/a><\/strong><\/p>\n\n\n<strong><a href=\"http:\/\/dcm.ffclrp.usp.br\/fotobiofisica\/ssim\/data_irrad\/\">Link to access the spectral irradiance archive.<\/a><\/strong><\/p>\n\n\n\n\n<p align=\"justify\"><strong><a href=\"http:\/\/dcm.ffclrp.usp.br\/fotobiofisica\/ssim\/UV_Index.png\">Link to the current UV index at Ribeir\u00e3o Preto City.<\/a><\/strong><\/p>\n\n\n\n\n<p align=\"justify\"><strong><a href=\"http:\/\/dcm.ffclrp.usp.br\/fotobiofisica\/ssim\/data_uv\/\">Link to access the UV index archive.<\/a><\/strong><\/p>\n\n --><\/p>\n<h3>10) Portable system for Solar Spectral Irradiance measurement<\/h3>\n<article>\n<p align=\"justify\">A portable system to measure the spectral irradiance (250-800 nm) of the Sun employes a single CCD monochromator (Flame, Ocean Optics, USA); A bundle of quartz glass fibers (2 m length and 0.6 mm diameter) couple the spectroradiometer to a weatherproof global entrance optics (UV-J1002-SMA-SHUT, Schreder, Austria). A home-made thermal box with temperature regulation kept the spectroradiometer to 24 \u2103. The system was calibrated with a 200 W quartz halogen (KS-J1011-LAMP, Schreder, Austria). The monochromator is controlled by a routine in Phyton and a Raspberry Pi\u2122.<\/p>\n<p align=\"justify\">The routine can calculate the UV index from the spectral irradiance.<br \/>\n<\/p>\n<\/article>\n","protected":false},"excerpt":{"rendered":"<p>1) Time-resolved Fluorescence Microscope The MicroTime 200 fluorescence lifetime system (PicoQuant) is a powerful multi purpose instrument capable of fluorescence lifetime image (FLIM) and fluorescence correlation spectroscopy (FCS) with single molecule detection sensitivity. FLIM produces an image based on the differences in the excited state decay rate from a fluorescent sample. Thus, FLIM is a [&hellip;]<\/p>\n","protected":false},"author":974,"featured_media":0,"parent":64,"menu_order":2,"comment_status":"closed","ping_status":"closed","template":"","meta":{"footnotes":"","_links_to":"","_links_to_target":""},"class_list":["post-143","page","type-page","status-publish","hentry"],"_links":{"self":[{"href":"https:\/\/sites.usp.br\/fotobiofisica\/wp-json\/wp\/v2\/pages\/143","targetHints":{"allow":["GET"]}}],"collection":[{"href":"https:\/\/sites.usp.br\/fotobiofisica\/wp-json\/wp\/v2\/pages"}],"about":[{"href":"https:\/\/sites.usp.br\/fotobiofisica\/wp-json\/wp\/v2\/types\/page"}],"author":[{"embeddable":true,"href":"https:\/\/sites.usp.br\/fotobiofisica\/wp-json\/wp\/v2\/users\/974"}],"replies":[{"embeddable":true,"href":"https:\/\/sites.usp.br\/fotobiofisica\/wp-json\/wp\/v2\/comments?post=143"}],"version-history":[{"count":5,"href":"https:\/\/sites.usp.br\/fotobiofisica\/wp-json\/wp\/v2\/pages\/143\/revisions"}],"predecessor-version":[{"id":821,"href":"https:\/\/sites.usp.br\/fotobiofisica\/wp-json\/wp\/v2\/pages\/143\/revisions\/821"}],"up":[{"embeddable":true,"href":"https:\/\/sites.usp.br\/fotobiofisica\/wp-json\/wp\/v2\/pages\/64"}],"wp:attachment":[{"href":"https:\/\/sites.usp.br\/fotobiofisica\/wp-json\/wp\/v2\/media?parent=143"}],"curies":[{"name":"wp","href":"https:\/\/api.w.org\/{rel}","templated":true}]}}