{"id":179,"date":"2019-05-16T15:54:56","date_gmt":"2019-05-16T17:54:56","guid":{"rendered":"https:\/\/sites.usp.br\/fotobiofisica\/?page_id=179"},"modified":"2020-07-28T17:53:21","modified_gmt":"2020-07-28T19:53:21","slug":"announcements","status":"publish","type":"page","link":"https:\/\/sites.usp.br\/fotobiofisica\/announcements\/","title":{"rendered":"Announcements"},"content":{"rendered":"<div class=\"su-accordion su-u-trim\">\n<div class=\"su-box su-box-style-soft\" id=\"\" style=\"border-color:#006178;border-radius:3px;max-width:none\"><div class=\"su-box-title\" style=\"background-color:#1094ab;color:#FFFFFF;border-top-left-radius:1px;border-top-right-radius:1px\"><\/div><div class=\"su-box-content su-u-clearfix su-u-trim\" style=\"border-bottom-left-radius:1px;border-bottom-right-radius:1px\">\n<div class=\"su-spoiler su-spoiler-style-default su-spoiler-icon-plus su-spoiler-closed\" data-scroll-offset=\"0\" data-anchor-in-url=\"no\"><div class=\"su-spoiler-title\" tabindex=\"0\" role=\"button\"><span class=\"su-spoiler-icon\"><\/span>Recent or 2020<\/div><div class=\"su-spoiler-content su-u-clearfix su-u-trim\">\n<ul>\n<li>\n<h2><strong>IV Simp\u00f3sio de Fotobiof\u00edsica &#8211; UV e V\u00edrus<\/strong><\/h2>\n<p>A IV edi\u00e7\u00e3o do Simp\u00f3sio de Fotobiof\u00edsica abordar\u00e1 a a\u00e7\u00e3o da Radia\u00e7\u00e3o<br \/>\nUltravioleta na inativa\u00e7\u00e3o de microrganismos com especial aten\u00e7\u00e3o a Sars-Cov-2.<\/p>\n<p>Este simp\u00f3sio abordar\u00e1 na parte da manh\u00e3 fundamentos da dosimetria \u00f3ptica,<br \/>\nos limites de exposi\u00e7\u00e3o a radia\u00e7\u00e3o ultravioleta (UV), sua dosimetria e dano \u00e0<br \/>\nmat\u00e9ria org\u00e2nica.<a href=\"https:\/\/www.youtube.com\/watch?v=6TtH8f9UiH0\" target=\"_blank\" rel=\"noopener noreferrer\">@fambUSP\/fundamentos UV e V\u00edrus \u2013 9:00<\/a><\/p>\n<p>Na parte da tarde haver\u00e1 a exposi\u00e7\u00e3o de diversas aplica\u00e7\u00f5es e desenvolvimentos<br \/>\nde produtos tecnol\u00f3gicos.<a href=\"https:\/\/www.youtube.com\/watch?v=gszFyqaDbaI\" target=\"_blank\" rel=\"noopener noreferrer\">@\/fambUSP\/aplica\u00e7\u00f5es UV e V\u00edrus \u2013 14:00<\/a><\/p>\n<p>O evento \u00e9 gratuito e haver\u00e1 emiss\u00e3o de certificados. <a href=\"https:\/\/forms.gle\/pKwm2yHnRTXJ2g3u7\" target=\"_blank\" rel=\"noopener noreferrer\">Fa\u00e7a sua inscri\u00e7\u00e3o aqui.<\/a><\/p>\n<p><strong>Data:<\/strong> 21 de agosto de 2020 (Sexta-feira)<br \/>\n<strong>Hor\u00e1rio:<\/strong> 9:00 \u2013 17:00 (Hor\u00e1rio de Bras\u00edlia)<br \/>\nTransmiss\u00e3o pelo canal <a href=\"https:\/\/www.youtube.com\/c\/FAMBUSP\/\" rel=\"noopener noreferrer\" target=\"_blank\">FAMB &#8211; USP<\/a><\/p>\n<p>Mais informa\u00e7\u00f5es aqui.[download id=&#8221;751&#8243;]<\/li>\n<\/div><\/div><\/div><\/div><\/div>\n<div class=\"su-accordion su-u-trim\">\n<div class=\"su-box su-box-style-soft\" id=\"\" style=\"border-color:#006178;border-radius:3px;max-width:none\"><div class=\"su-box-title\" style=\"background-color:#1094ab;color:#FFFFFF;border-top-left-radius:1px;border-top-right-radius:1px\"><\/div><div class=\"su-box-content su-u-clearfix su-u-trim\" style=\"border-bottom-left-radius:1px;border-bottom-right-radius:1px\">\n<div class=\"su-spoiler su-spoiler-style-default su-spoiler-icon-plus su-spoiler-closed\" data-scroll-offset=\"0\" data-anchor-in-url=\"no\"><div class=\"su-spoiler-title\" tabindex=\"0\" role=\"button\"><span class=\"su-spoiler-icon\"><\/span>Old or 2019<\/div><div class=\"su-spoiler-content su-u-clearfix su-u-trim\">\n<ul>\n<li>\n<h2><strong>III Photobiophysics Symposium:<\/strong><br \/>\n<strong>Nipo-Brazilian meeting on Biomedical Optical Imaging<\/strong><\/h2>\n<p>The Japanese-Brazilian Symposium of the Photobiophysics Group was held on September 2 and 3, 2019 at the CeTI-RP \/ STI amphitheater with the aim of bringing together Brazilian and Japanese scientists to discuss the techniques and applications of optical image processing generated by cameras specialized in medicine and biology.<br \/>\nWith the participation of 35 people from the scientific community, the event was coordinated by Prof. Dr. George Cunha Cardoso.<\/p>\n<p>More informations: https:\/\/cetirp.sti.usp.br\/simposio-nipo-brasileiro\/<\/li>\n<\/div><\/div><\/div><\/div><\/div>\n","protected":false},"excerpt":{"rendered":"","protected":false},"author":974,"featured_media":0,"parent":0,"menu_order":0,"comment_status":"closed","ping_status":"closed","template":"","meta":{"footnotes":"","_links_to":"","_links_to_target":""},"class_list":["post-179","page","type-page","status-publish","hentry"],"_links":{"self":[{"href":"https:\/\/sites.usp.br\/fotobiofisica\/wp-json\/wp\/v2\/pages\/179","targetHints":{"allow":["GET"]}}],"collection":[{"href":"https:\/\/sites.usp.br\/fotobiofisica\/wp-json\/wp\/v2\/pages"}],"about":[{"href":"https:\/\/sites.usp.br\/fotobiofisica\/wp-json\/wp\/v2\/types\/page"}],"author":[{"embeddable":true,"href":"https:\/\/sites.usp.br\/fotobiofisica\/wp-json\/wp\/v2\/users\/974"}],"replies":[{"embeddable":true,"href":"https:\/\/sites.usp.br\/fotobiofisica\/wp-json\/wp\/v2\/comments?post=179"}],"version-history":[{"count":5,"href":"https:\/\/sites.usp.br\/fotobiofisica\/wp-json\/wp\/v2\/pages\/179\/revisions"}],"predecessor-version":[{"id":765,"href":"https:\/\/sites.usp.br\/fotobiofisica\/wp-json\/wp\/v2\/pages\/179\/revisions\/765"}],"wp:attachment":[{"href":"https:\/\/sites.usp.br\/fotobiofisica\/wp-json\/wp\/v2\/media?parent=179"}],"curies":[{"name":"wp","href":"https:\/\/api.w.org\/{rel}","templated":true}]}}