{"id":46,"date":"2022-01-15T23:15:58","date_gmt":"2022-01-16T02:15:58","guid":{"rendered":"https:\/\/sites.usp.br\/fotografias\/?page_id=46"},"modified":"2022-03-03T20:28:45","modified_gmt":"2022-03-03T23:28:45","slug":"equipe","status":"publish","type":"page","link":"https:\/\/sites.usp.br\/fotografias\/equipe\/","title":{"rendered":"equipe"},"content":{"rendered":"\t\t<div data-elementor-type=\"wp-page\" data-elementor-id=\"46\" class=\"elementor elementor-46\" data-elementor-post-type=\"page\">\n\t\t\t\t\t\t<section class=\"elementor-section elementor-top-section elementor-element elementor-element-7f64cecd elementor-section-height-min-height elementor-section-boxed elementor-section-height-default elementor-section-items-middle\" data-id=\"7f64cecd\" data-element_type=\"section\">\n\t\t\t\t\t\t<div class=\"elementor-container elementor-column-gap-default\">\n\t\t\t\t\t<div class=\"elementor-column elementor-col-33 elementor-top-column elementor-element elementor-element-466b6708\" data-id=\"466b6708\" data-element_type=\"column\">\n\t\t\t<div class=\"elementor-widget-wrap elementor-element-populated\">\n\t\t\t\t\t\t<div class=\"elementor-element elementor-element-5712ffb0 elementor-widget elementor-widget-spacer\" data-id=\"5712ffb0\" data-element_type=\"widget\" data-widget_type=\"spacer.default\">\n\t\t\t\t<div class=\"elementor-widget-container\">\n\t\t\t\t\t<div class=\"elementor-spacer\">\n\t\t\t<div class=\"elementor-spacer-inner\"><\/div>\n\t\t<\/div>\n\t\t\t\t<\/div>\n\t\t\t\t<\/div>\n\t\t\t\t<div class=\"elementor-element elementor-element-331cb1a7 elementor-widget elementor-widget-image\" data-id=\"331cb1a7\" data-element_type=\"widget\" data-widget_type=\"image.default\">\n\t\t\t\t<div class=\"elementor-widget-container\">\n\t\t\t\t\t\t\t\t\t\t\t\t\t\t<a href=\"https:\/\/sites.usp.br\/fotografias\/\">\n\t\t\t\t\t\t\t<img decoding=\"async\" width=\"239\" height=\"80\" src=\"https:\/\/sites.usp.br\/fotografias\/wp-content\/uploads\/sites\/1065\/2022\/02\/Grafia_Titulo_FotografiaseTrajetorias_PequenaPAGINAS.png\" class=\"attachment-full size-full wp-image-1660\" alt=\"\" \/>\t\t\t\t\t\t\t\t<\/a>\n\t\t\t\t\t\t\t\t\t\t\t\t\t<\/div>\n\t\t\t\t<\/div>\n\t\t\t\t\t<\/div>\n\t\t<\/div>\n\t\t\t\t<div class=\"elementor-column elementor-col-66 elementor-top-column elementor-element elementor-element-51464076\" data-id=\"51464076\" data-element_type=\"column\">\n\t\t\t<div class=\"elementor-widget-wrap elementor-element-populated\">\n\t\t\t\t\t\t<div class=\"elementor-element elementor-element-2f7776c7 elementor-widget elementor-widget-spacer\" data-id=\"2f7776c7\" data-element_type=\"widget\" data-widget_type=\"spacer.default\">\n\t\t\t\t<div class=\"elementor-widget-container\">\n\t\t\t\t\t<div class=\"elementor-spacer\">\n\t\t\t<div class=\"elementor-spacer-inner\"><\/div>\n\t\t<\/div>\n\t\t\t\t<\/div>\n\t\t\t\t<\/div>\n\t\t\t\t<section class=\"elementor-section elementor-inner-section elementor-element elementor-element-6828370c elementor-section-boxed elementor-section-height-default elementor-section-height-default\" data-id=\"6828370c\" data-element_type=\"section\">\n\t\t\t\t\t\t<div class=\"elementor-container elementor-column-gap-default\">\n\t\t\t\t\t<div class=\"elementor-column elementor-col-20 elementor-inner-column elementor-element elementor-element-5065dd44\" data-id=\"5065dd44\" data-element_type=\"column\">\n\t\t\t<div class=\"elementor-widget-wrap\">\n\t\t\t\t\t\t\t<\/div>\n\t\t<\/div>\n\t\t\t\t<div class=\"elementor-column elementor-col-20 elementor-inner-column elementor-element elementor-element-a06a0c3\" data-id=\"a06a0c3\" data-element_type=\"column\">\n\t\t\t<div class=\"elementor-widget-wrap elementor-element-populated\">\n\t\t\t\t\t\t<div class=\"elementor-element elementor-element-dec57b6 elementor-align-center elementor-widget elementor-widget-button\" data-id=\"dec57b6\" data-element_type=\"widget\" data-widget_type=\"button.default\">\n\t\t\t\t<div class=\"elementor-widget-container\">\n\t\t\t\t\t\t\t<div class=\"elementor-button-wrapper\">\n\t\t\t\t\t<a class=\"elementor-button elementor-button-link elementor-size-xs\" href=\"https:\/\/sites.usp.br\/fotografias\/claudia-andujar\/\">\n\t\t\t\t\t\t<span class=\"elementor-button-content-wrapper\">\n\t\t\t\t\t\t\t\t\t<span class=\"elementor-button-text\">Claudia Andujar<\/span>\n\t\t\t\t\t<\/span>\n\t\t\t\t\t<\/a>\n\t\t\t\t<\/div>\n\t\t\t\t\t\t<\/div>\n\t\t\t\t<\/div>\n\t\t\t\t\t<\/div>\n\t\t<\/div>\n\t\t\t\t<div class=\"elementor-column elementor-col-20 elementor-inner-column elementor-element elementor-element-530fe115\" data-id=\"530fe115\" data-element_type=\"column\">\n\t\t\t<div class=\"elementor-widget-wrap elementor-element-populated\">\n\t\t\t\t\t\t<div class=\"elementor-element elementor-element-6462a295 elementor-align-center elementor-widget elementor-widget-button\" data-id=\"6462a295\" data-element_type=\"widget\" data-widget_type=\"button.default\">\n\t\t\t\t<div class=\"elementor-widget-container\">\n\t\t\t\t\t\t\t<div class=\"elementor-button-wrapper\">\n\t\t\t\t\t<a class=\"elementor-button elementor-button-link elementor-size-xs\" href=\"https:\/\/sites.usp.br\/fotografias\/lux-vidal\/\">\n\t\t\t\t\t\t<span class=\"elementor-button-content-wrapper\">\n\t\t\t\t\t\t\t\t\t<span class=\"elementor-button-text\">Lux Vidal<\/span>\n\t\t\t\t\t<\/span>\n\t\t\t\t\t<\/a>\n\t\t\t\t<\/div>\n\t\t\t\t\t\t<\/div>\n\t\t\t\t<\/div>\n\t\t\t\t\t<\/div>\n\t\t<\/div>\n\t\t\t\t<div class=\"elementor-column elementor-col-20 elementor-inner-column elementor-element elementor-element-499c3fc2\" data-id=\"499c3fc2\" data-element_type=\"column\">\n\t\t\t<div class=\"elementor-widget-wrap elementor-element-populated\">\n\t\t\t\t\t\t<div class=\"elementor-element elementor-element-4b3e6c0a elementor-align-center elementor-widget elementor-widget-button\" data-id=\"4b3e6c0a\" data-element_type=\"widget\" data-widget_type=\"button.default\">\n\t\t\t\t<div class=\"elementor-widget-container\">\n\t\t\t\t\t\t\t<div class=\"elementor-button-wrapper\">\n\t\t\t\t\t<a class=\"elementor-button elementor-button-link elementor-size-xs\" href=\"https:\/\/sites.usp.br\/fotografias\/maureen-bisilliat\/\">\n\t\t\t\t\t\t<span class=\"elementor-button-content-wrapper\">\n\t\t\t\t\t\t\t\t\t<span class=\"elementor-button-text\">Maureen Bisilliat<\/span>\n\t\t\t\t\t<\/span>\n\t\t\t\t\t<\/a>\n\t\t\t\t<\/div>\n\t\t\t\t\t\t<\/div>\n\t\t\t\t<\/div>\n\t\t\t\t\t<\/div>\n\t\t<\/div>\n\t\t\t\t<div class=\"elementor-column elementor-col-20 elementor-inner-column elementor-element elementor-element-1eff9b36\" data-id=\"1eff9b36\" data-element_type=\"column\">\n\t\t\t<div class=\"elementor-widget-wrap elementor-element-populated\">\n\t\t\t\t\t\t<div class=\"elementor-element elementor-element-21344b1b elementor-align-center elementor-widget elementor-widget-button\" data-id=\"21344b1b\" data-element_type=\"widget\" data-widget_type=\"button.default\">\n\t\t\t\t<div class=\"elementor-widget-container\">\n\t\t\t\t\t\t\t<div class=\"elementor-button-wrapper\">\n\t\t\t\t\t<a class=\"elementor-button elementor-button-link elementor-size-xs\" href=\"https:\/\/sites.usp.br\/fotografias\/olhares-cruzados\/\">\n\t\t\t\t\t\t<span class=\"elementor-button-content-wrapper\">\n\t\t\t\t\t\t\t\t\t<span class=\"elementor-button-text\">Olhares cruzados<\/span>\n\t\t\t\t\t<\/span>\n\t\t\t\t\t<\/a>\n\t\t\t\t<\/div>\n\t\t\t\t\t\t<\/div>\n\t\t\t\t<\/div>\n\t\t\t\t\t<\/div>\n\t\t<\/div>\n\t\t\t\t\t<\/div>\n\t\t<\/section>\n\t\t\t\t\t<\/div>\n\t\t<\/div>\n\t\t\t\t\t<\/div>\n\t\t<\/section>\n\t\t\t\t<section class=\"elementor-section elementor-top-section elementor-element elementor-element-6d207ea elementor-section-boxed elementor-section-height-default elementor-section-height-default\" data-id=\"6d207ea\" data-element_type=\"section\">\n\t\t\t\t\t\t<div class=\"elementor-container elementor-column-gap-default\">\n\t\t\t\t\t<div class=\"elementor-column elementor-col-100 elementor-top-column elementor-element elementor-element-3397c14d\" data-id=\"3397c14d\" data-element_type=\"column\">\n\t\t\t<div class=\"elementor-widget-wrap elementor-element-populated\">\n\t\t\t\t\t\t<div class=\"elementor-element elementor-element-512e5e0c elementor-widget elementor-widget-spacer\" data-id=\"512e5e0c\" data-element_type=\"widget\" data-widget_type=\"spacer.default\">\n\t\t\t\t<div class=\"elementor-widget-container\">\n\t\t\t\t\t<div class=\"elementor-spacer\">\n\t\t\t<div class=\"elementor-spacer-inner\"><\/div>\n\t\t<\/div>\n\t\t\t\t<\/div>\n\t\t\t\t<\/div>\n\t\t\t\t<div class=\"elementor-element elementor-element-757456b elementor-widget elementor-widget-text-editor\" data-id=\"757456b\" data-element_type=\"widget\" data-widget_type=\"text-editor.default\">\n\t\t\t\t<div class=\"elementor-widget-container\">\n\t\t\t\t\t\t\t<h2>Equipe<\/h2>\t\t\t\t\t\t<\/div>\n\t\t\t\t<\/div>\n\t\t\t\t\t<\/div>\n\t\t<\/div>\n\t\t\t\t\t<\/div>\n\t\t<\/section>\n\t\t\t\t<section class=\"elementor-section elementor-top-section elementor-element elementor-element-3c49885a elementor-section-boxed elementor-section-height-default elementor-section-height-default\" data-id=\"3c49885a\" data-element_type=\"section\">\n\t\t\t\t\t\t<div class=\"elementor-container elementor-column-gap-default\">\n\t\t\t\t\t<div class=\"elementor-column elementor-col-100 elementor-top-column elementor-element elementor-element-43040b72\" data-id=\"43040b72\" data-element_type=\"column\">\n\t\t\t<div class=\"elementor-widget-wrap elementor-element-populated\">\n\t\t\t\t\t\t<section class=\"elementor-section elementor-inner-section elementor-element elementor-element-c58bd1b elementor-section-boxed elementor-section-height-default elementor-section-height-default\" data-id=\"c58bd1b\" data-element_type=\"section\">\n\t\t\t\t\t\t<div class=\"elementor-container elementor-column-gap-default\">\n\t\t\t\t\t<div class=\"elementor-column elementor-col-66 elementor-inner-column elementor-element elementor-element-8107ab8\" data-id=\"8107ab8\" data-element_type=\"column\">\n\t\t\t<div class=\"elementor-widget-wrap elementor-element-populated\">\n\t\t\t\t\t\t<div class=\"elementor-element elementor-element-6c072b2d elementor-widget elementor-widget-text-editor\" data-id=\"6c072b2d\" data-element_type=\"widget\" data-widget_type=\"text-editor.default\">\n\t\t\t\t<div class=\"elementor-widget-container\">\n\t\t\t\t\t\t\t<h4><b>Apresenta\u00e7\u00e3o da Equipe<\/b><\/h4>\n<p>O projeto &#8220;Fotografias e trajet\u00f3rias: Claudia Andujar, Lux Vidal e Maureen Bisilliat&#8221; foi coordenado por Sylvia Caiuby Novaes e sediado no Laborat\u00f3rio de Imagem e Som em Antropologia (LISA-USP). Esta pesquisa foi financiada pela Funda\u00e7\u00e3o de Amparo \u00e0 Pesquisa do Estado de S\u00e3o Paulo (Processo 2018\/21140-9).&nbsp;<\/p>\n<h4><b>Equipe de pesquisa&nbsp;<\/b><\/h4>\n<p><strong>Beatriz Rego Vinci de Moraes<\/strong> &#8211; <span style=\"font-size: 14px; color: var( --e-global-color-text );\">Ex-bolsista de inicia\u00e7\u00e3o cient\u00edfica da Funda\u00e7\u00e3o de Amparo \u00e0 Pesquisa do Estado de S\u00e3o Paulo (FAPESP), com o projeto &#8220;Imagem e palavra: rela\u00e7\u00f5es das po\u00e9ticas fotogr\u00e1ficas e liter\u00e1rias nos livros de Maureen Bisilliat&#8221; (Processo 2019\/13727-2). Email: beatriz.vinci@hotmail.com<\/span><\/p>\n<p><strong>Fabiana Bruno<\/strong> &#8211; Pesquisadora colaboradora do Departamento de Antropologia do Instituto de Filosofia e Ci\u00eancias Humanas da Universidade Estadual de Campinas, co-coordenadora do La&#8217;grima (Laborat\u00f3rio Antropol\u00f3gico de Grafia e Imagem) IFCH-Unicamp. Pesquisadora associada ao projeto &#8220;Fotografias e trajet\u00f3rias: Claudia Andujar, Lux Vidal e Maureen Bisilliat&#8221;.&nbsp; Email: fabybruno@uol.com.br<\/p>\n<p><strong>Isabella Finholdt<\/strong> &#8211; Ex-bolsista de inicia\u00e7\u00e3o cient\u00edfica da Funda\u00e7\u00e3o de Amparo \u00e0 Pesquisa do Estado de S\u00e3o Paulo (FAPESP), com o projeto &#8220;Imagem impressa: a import\u00e2ncia da c\u00f3pia e da impress\u00e3o na fotografia: pesquisa sobre reprodu\u00e7\u00e3o, transcri\u00e7\u00e3o, tratamento do acervo de Lux Vidal&#8221; (Processo 19\/02976-1). Email: isabella.finholdt@gmail.com<\/p>\n<p><strong>Jo\u00e3o Luis Musa<\/strong> &#8211; Professor Livre-Docente do Departamento de Artes Visuais da Escola de Comunica\u00e7\u00f5es e Artes da Universidade de S\u00e3o Paulo, co-orientador do projeto de recupera\u00e7\u00e3o dos arquivos fotogr\u00e1ficos da antrop\u00f3loga e professora Lux Vidal guardados no Departamento de Antropologia da USP. Pesquisador associado ao projeto &#8220;Fotografias e trajet\u00f3rias: Claudia Andujar, Lux Vidal e Maureen Bisilliat&#8221;<span style=\"background-color: transparent; font-family: Arial; font-size: 11pt; font-style: normal; font-variant-ligatures: normal; font-variant-caps: normal; font-weight: 400; white-space: pre-wrap; color: var( --e-global-color-text );\">. <\/span><span style=\"font-size: 14px; color: var( --e-global-color-text );\">Email: joaomusa@gmail.com<\/span><\/p>\n<p><strong>Kelly Koide<\/strong> &#8211; Bolsista de p\u00f3s-doutorado da Funda\u00e7\u00e3o de Amparo \u00e0 Pesquisa do Estado de S\u00e3o Paulo (FAPESP), com o projeto &#8220;Contatos e proximidades: as influ\u00eancias art\u00edsticas e o contexto sociocultural da produ\u00e7\u00e3o fotogr\u00e1fica de Claudia Andujar e Maureen Bisilliat&#8221; (Processo 2018\/25159-6).&nbsp; Email: kelly.koide@yahoo.com.br&nbsp;&nbsp;<\/p>\n<p><strong>Laila Zilber Kontic<\/strong> &#8211; Ex-bolsista de inicia\u00e7\u00e3o cient\u00edfica da Funda\u00e7\u00e3o de Amparo \u00e0 Pesquisa do Estado de S\u00e3o Paulo (FAPESP), com o projeto &#8220;O xamanismo e a cosmologia yanomami pelas fotografias de Claudia Andujar&#8221; (Processo 2018\/25158-0). Email: laila.kontic@usp.br<\/p>\n<p><strong>Mariana Floria Baumgaertner<\/strong> &#8211; Desenvolveu a pesquisa de inicia\u00e7\u00e3o cient\u00edfica intitulada \u201cTra\u00e7o, mem\u00f3ria e trajet\u00f3ria: Pesquisa sobre os desenhos figurativos Mebengokr\u00e9-Xikrin do Acervo Lux Vidal\u201d. Email: mariana.baumgaertner@alumni.usp.br<\/p>\n<p><strong>Sylvia Caiuby Novaes<\/strong> &#8211; Professora Titular no Departamento de Antropologia da Universidade de S\u00e3o Paulo e Coordenadora do LISA &#8211; Laborat\u00f3rio de Imagem e Som em Antropologia. Bolsista PQ 1-B do CNPq. Email: scaiuby@usp.br<\/p>\n<h4><strong>Equipe t\u00e9cnica<\/strong><\/h4>\n<p><strong>Clarissa Reche<\/strong> &#8211; Doutoranda no Programa de P\u00f3s-gradua\u00e7\u00e3o em Ci\u00eancias Sociais da Universidade Estadual de Campinas e respons\u00e1vel pelo desenvolvimento e implanta\u00e7\u00e3o do site Fotografias e Trajet\u00f3rias. E-mail: clari.reche@gmail.com<\/p>\n<p><strong>Fabiana Bruno<\/strong> &#8211; Coordenadora do site Fotografias e Trajet\u00f3rias. Email: fabybruno@uol.com.br<\/p>\n<p><strong>F\u00e1bio Messias<\/strong> &#8211; Designer respons\u00e1vel pela identidade visual do site Fotografias e Trajet\u00f3rias. Email: fabio@zootz.com.br<\/p>\n<p><b>Jeferson Carvalho<\/b> &#8211; Desenho. E-mail:&nbsp;jefersoncs@usp.br<\/p>\n<p><strong>Leo Fuzer &#8211;<\/strong> Apoio administrativo ao projeto e pesquisadores. Email: leofuzer@usp.br<\/p>\n<p><strong>Leonardo Pereira dos Santos<\/strong> &#8211; Estagi\u00e1rio do Laborat\u00f3rio de Imagem e Som em Antropologia da Universidade de S\u00e3o Paulo. E-mail: leonardosantos@usp.br<\/p>\n<p><strong>Mateus Bravin Constant Lopes<\/strong> &#8211; Bolsista FAPESP de treinamento t\u00e9cnico. E-mail: bravinlopes@gmail.com<\/p>\n<p><strong>Mihai Andrei Leaha<\/strong> &#8211; Apoio T\u00e9cnico &#8211; cinegrafista. E-mail:&nbsp;<a href=\"mailto:mihaileaha@gmail.com\">mihaileaha@gmail.com<\/a><\/p>\n<h4><strong>Agradecimentos<\/strong><\/h4>\n<p>Um agradecimento especial a Claudia Andujar, Lux Vidal e Maureen Bisilliat, por terem possibilitado essa pesquisa<\/p>\n<p>FAPESP &#8211; Funda\u00e7\u00e3o de Amparo \u00e0 Pesquisa do Estado de S\u00e3o Paulo<\/p>\n<p>Galeria Vermelho<\/p>\n<p><span style=\"color: var( --e-global-color-text ); font-size: 13px;\">IMS &#8211; Instituto Moreira Salles<\/span><\/p><p><span style=\"font-family: Roboto, sans-serif; font-size: 13px; font-style: normal; font-variant-ligatures: normal; font-variant-caps: normal; font-weight: 300;\">L\u00e9o Ramos Chaves<\/span><span style=\"color: var( --e-global-color-text ); font-size: 13px;\"><br><\/span><\/p>\n<p>LISA &#8211; Laborat\u00f3rio de Imagem e Som em Antropologia &#8211; USP<\/p>\n<p><span style=\"font-family: Roboto, sans-serif; font-size: 13px; font-style: normal; font-variant-ligatures: normal; font-variant-caps: normal; font-weight: 300;\">MAC &#8211; Museu de Arte Contempor\u00e2nea<\/span><\/p>\n<p>Marlui Miranda<\/p>\t\t\t\t\t\t<\/div>\n\t\t\t\t<\/div>\n\t\t\t\t\t<\/div>\n\t\t<\/div>\n\t\t\t\t<div class=\"elementor-column elementor-col-33 elementor-inner-column elementor-element elementor-element-42fe493\" data-id=\"42fe493\" data-element_type=\"column\">\n\t\t\t<div class=\"elementor-widget-wrap\">\n\t\t\t\t\t\t\t<\/div>\n\t\t<\/div>\n\t\t\t\t\t<\/div>\n\t\t<\/section>\n\t\t\t\t\t<\/div>\n\t\t<\/div>\n\t\t\t\t\t<\/div>\n\t\t<\/section>\n\t\t\t\t<\/div>\n\t\t","protected":false},"excerpt":{"rendered":"<p>Claudia Andujar Lux Vidal Maureen Bisilliat Olhares cruzados Equipe Apresenta\u00e7\u00e3o da Equipe O projeto &#8220;Fotografias e trajet\u00f3rias: Claudia Andujar, Lux Vidal e Maureen Bisilliat&#8221; foi coordenado por Sylvia Caiuby Novaes e sediado no Laborat\u00f3rio de Imagem e Som em Antropologia (LISA-USP). Esta pesquisa foi financiada pela Funda\u00e7\u00e3o de Amparo \u00e0 Pesquisa do Estado de S\u00e3o [&hellip;]<\/p>\n","protected":false},"author":22731,"featured_media":0,"parent":0,"menu_order":0,"comment_status":"closed","ping_status":"closed","template":"","meta":{"ocean_post_layout":"","ocean_both_sidebars_style":"","ocean_both_sidebars_content_width":0,"ocean_both_sidebars_sidebars_width":0,"ocean_sidebar":"0","ocean_second_sidebar":"0","ocean_disable_margins":"enable","ocean_add_body_class":"","ocean_shortcode_before_top_bar":"","ocean_shortcode_after_top_bar":"","ocean_shortcode_before_header":"","ocean_shortcode_after_header":"","ocean_has_shortcode":"","ocean_shortcode_after_title":"","ocean_shortcode_before_footer_widgets":"","ocean_shortcode_after_footer_widgets":"","ocean_shortcode_before_footer_bottom":"","ocean_shortcode_after_footer_bottom":"","ocean_display_top_bar":"default","ocean_display_header":"default","ocean_header_style":"","ocean_center_header_left_menu":"0","ocean_custom_header_template":"0","ocean_custom_logo":0,"ocean_custom_retina_logo":0,"ocean_custom_logo_max_width":0,"ocean_custom_logo_tablet_max_width":0,"ocean_custom_logo_mobile_max_width":0,"ocean_custom_logo_max_height":0,"ocean_custom_logo_tablet_max_height":0,"ocean_custom_logo_mobile_max_height":0,"ocean_header_custom_menu":"0","ocean_menu_typo_font_family":"0","ocean_menu_typo_font_subset":"","ocean_menu_typo_font_size":0,"ocean_menu_typo_font_size_tablet":0,"ocean_menu_typo_font_size_mobile":0,"ocean_menu_typo_font_size_unit":"px","ocean_menu_typo_font_weight":"","ocean_menu_typo_font_weight_tablet":"","ocean_menu_typo_font_weight_mobile":"","ocean_menu_typo_transform":"","ocean_menu_typo_transform_tablet":"","ocean_menu_typo_transform_mobile":"","ocean_menu_typo_line_height":0,"ocean_menu_typo_line_height_tablet":0,"ocean_menu_typo_line_height_mobile":0,"ocean_menu_typo_line_height_unit":"","ocean_menu_typo_spacing":0,"ocean_menu_typo_spacing_tablet":0,"ocean_menu_typo_spacing_mobile":0,"ocean_menu_typo_spacing_unit":"","ocean_menu_link_color":"","ocean_menu_link_color_hover":"","ocean_menu_link_color_active":"","ocean_menu_link_background":"","ocean_menu_link_hover_background":"","ocean_menu_link_active_background":"","ocean_menu_social_links_bg":"","ocean_menu_social_hover_links_bg":"","ocean_menu_social_links_color":"","ocean_menu_social_hover_links_color":"","ocean_disable_title":"default","ocean_disable_heading":"default","ocean_post_title":"","ocean_post_subheading":"","ocean_post_title_style":"","ocean_post_title_background_color":"","ocean_post_title_background":0,"ocean_post_title_bg_image_position":"","ocean_post_title_bg_image_attachment":"","ocean_post_title_bg_image_repeat":"","ocean_post_title_bg_image_size":"","ocean_post_title_height":0,"ocean_post_title_bg_overlay":0.5,"ocean_post_title_bg_overlay_color":"","ocean_disable_breadcrumbs":"default","ocean_breadcrumbs_color":"","ocean_breadcrumbs_separator_color":"","ocean_breadcrumbs_links_color":"","ocean_breadcrumbs_links_hover_color":"","ocean_display_footer_widgets":"default","ocean_display_footer_bottom":"default","ocean_custom_footer_template":"0","footnotes":"","_links_to":"","_links_to_target":""},"class_list":["post-46","page","type-page","status-publish","hentry","entry"],"_links":{"self":[{"href":"https:\/\/sites.usp.br\/fotografias\/wp-json\/wp\/v2\/pages\/46","targetHints":{"allow":["GET"]}}],"collection":[{"href":"https:\/\/sites.usp.br\/fotografias\/wp-json\/wp\/v2\/pages"}],"about":[{"href":"https:\/\/sites.usp.br\/fotografias\/wp-json\/wp\/v2\/types\/page"}],"author":[{"embeddable":true,"href":"https:\/\/sites.usp.br\/fotografias\/wp-json\/wp\/v2\/users\/22731"}],"replies":[{"embeddable":true,"href":"https:\/\/sites.usp.br\/fotografias\/wp-json\/wp\/v2\/comments?post=46"}],"version-history":[{"count":4,"href":"https:\/\/sites.usp.br\/fotografias\/wp-json\/wp\/v2\/pages\/46\/revisions"}],"predecessor-version":[{"id":2462,"href":"https:\/\/sites.usp.br\/fotografias\/wp-json\/wp\/v2\/pages\/46\/revisions\/2462"}],"wp:attachment":[{"href":"https:\/\/sites.usp.br\/fotografias\/wp-json\/wp\/v2\/media?parent=46"}],"curies":[{"name":"wp","href":"https:\/\/api.w.org\/{rel}","templated":true}]}}