{"id":720,"date":"2022-01-25T21:33:49","date_gmt":"2022-01-26T00:33:49","guid":{"rendered":"https:\/\/sites.usp.br\/fotografias\/?page_id=720"},"modified":"2022-02-16T16:28:52","modified_gmt":"2022-02-16T19:28:52","slug":"referencias","status":"publish","type":"page","link":"https:\/\/sites.usp.br\/fotografias\/lux-vidal\/referencias\/","title":{"rendered":"Lux Vidal &#8211; Referencias"},"content":{"rendered":"\t\t<div data-elementor-type=\"wp-page\" data-elementor-id=\"720\" class=\"elementor elementor-720\" data-elementor-post-type=\"page\">\n\t\t\t\t\t\t<section class=\"elementor-section elementor-top-section elementor-element elementor-element-63578bb5 elementor-section-height-min-height elementor-section-boxed elementor-section-height-default elementor-section-items-middle\" data-id=\"63578bb5\" data-element_type=\"section\">\n\t\t\t\t\t\t<div class=\"elementor-container elementor-column-gap-default\">\n\t\t\t\t\t<div class=\"elementor-column elementor-col-33 elementor-top-column elementor-element elementor-element-37105400\" data-id=\"37105400\" data-element_type=\"column\">\n\t\t\t<div class=\"elementor-widget-wrap elementor-element-populated\">\n\t\t\t\t\t\t<div class=\"elementor-element elementor-element-27737563 elementor-widget elementor-widget-spacer\" data-id=\"27737563\" data-element_type=\"widget\" data-widget_type=\"spacer.default\">\n\t\t\t\t<div class=\"elementor-widget-container\">\n\t\t\t\t\t<div class=\"elementor-spacer\">\n\t\t\t<div class=\"elementor-spacer-inner\"><\/div>\n\t\t<\/div>\n\t\t\t\t<\/div>\n\t\t\t\t<\/div>\n\t\t\t\t<div class=\"elementor-element elementor-element-183e58a6 elementor-widget elementor-widget-image\" data-id=\"183e58a6\" data-element_type=\"widget\" data-widget_type=\"image.default\">\n\t\t\t\t<div class=\"elementor-widget-container\">\n\t\t\t\t\t\t\t\t\t\t\t\t\t\t<a href=\"https:\/\/sites.usp.br\/fotografias\/\">\n\t\t\t\t\t\t\t<img decoding=\"async\" width=\"239\" height=\"80\" src=\"https:\/\/sites.usp.br\/fotografias\/wp-content\/uploads\/sites\/1065\/2022\/02\/Grafia_Titulo_FotografiaseTrajetorias_PequenaPAGINAS.png\" class=\"attachment-full size-full wp-image-1660\" alt=\"\" \/>\t\t\t\t\t\t\t\t<\/a>\n\t\t\t\t\t\t\t\t\t\t\t\t\t<\/div>\n\t\t\t\t<\/div>\n\t\t\t\t\t<\/div>\n\t\t<\/div>\n\t\t\t\t<div class=\"elementor-column elementor-col-66 elementor-top-column elementor-element elementor-element-7e4ef839\" data-id=\"7e4ef839\" data-element_type=\"column\">\n\t\t\t<div class=\"elementor-widget-wrap elementor-element-populated\">\n\t\t\t\t\t\t<div class=\"elementor-element elementor-element-4782eeb7 elementor-widget elementor-widget-spacer\" data-id=\"4782eeb7\" data-element_type=\"widget\" data-widget_type=\"spacer.default\">\n\t\t\t\t<div class=\"elementor-widget-container\">\n\t\t\t\t\t<div class=\"elementor-spacer\">\n\t\t\t<div class=\"elementor-spacer-inner\"><\/div>\n\t\t<\/div>\n\t\t\t\t<\/div>\n\t\t\t\t<\/div>\n\t\t\t\t<section class=\"elementor-section elementor-inner-section elementor-element elementor-element-1ffdd008 elementor-section-boxed elementor-section-height-default elementor-section-height-default\" data-id=\"1ffdd008\" data-element_type=\"section\">\n\t\t\t\t\t\t<div class=\"elementor-container elementor-column-gap-default\">\n\t\t\t\t\t<div class=\"elementor-column elementor-col-20 elementor-inner-column elementor-element elementor-element-5d90d464\" data-id=\"5d90d464\" data-element_type=\"column\">\n\t\t\t<div class=\"elementor-widget-wrap\">\n\t\t\t\t\t\t\t<\/div>\n\t\t<\/div>\n\t\t\t\t<div class=\"elementor-column elementor-col-20 elementor-inner-column elementor-element elementor-element-21f9f030\" data-id=\"21f9f030\" data-element_type=\"column\">\n\t\t\t<div class=\"elementor-widget-wrap elementor-element-populated\">\n\t\t\t\t\t\t<div class=\"elementor-element elementor-element-4942e582 elementor-align-center elementor-widget elementor-widget-button\" data-id=\"4942e582\" data-element_type=\"widget\" data-widget_type=\"button.default\">\n\t\t\t\t<div class=\"elementor-widget-container\">\n\t\t\t\t\t\t\t<div class=\"elementor-button-wrapper\">\n\t\t\t\t\t<a class=\"elementor-button elementor-button-link elementor-size-xs\" href=\"https:\/\/sites.usp.br\/fotografias\/claudia-andujar\/\">\n\t\t\t\t\t\t<span class=\"elementor-button-content-wrapper\">\n\t\t\t\t\t\t\t\t\t<span class=\"elementor-button-text\">Claudia Andujar<\/span>\n\t\t\t\t\t<\/span>\n\t\t\t\t\t<\/a>\n\t\t\t\t<\/div>\n\t\t\t\t\t\t<\/div>\n\t\t\t\t<\/div>\n\t\t\t\t\t<\/div>\n\t\t<\/div>\n\t\t\t\t<div class=\"elementor-column elementor-col-20 elementor-inner-column elementor-element elementor-element-6102be2b\" data-id=\"6102be2b\" data-element_type=\"column\">\n\t\t\t<div class=\"elementor-widget-wrap elementor-element-populated\">\n\t\t\t\t\t\t<div class=\"elementor-element elementor-element-3c51883 elementor-align-center elementor-widget elementor-widget-button\" data-id=\"3c51883\" data-element_type=\"widget\" data-widget_type=\"button.default\">\n\t\t\t\t<div class=\"elementor-widget-container\">\n\t\t\t\t\t\t\t<div class=\"elementor-button-wrapper\">\n\t\t\t\t\t<a class=\"elementor-button elementor-button-link elementor-size-xs\" href=\"https:\/\/sites.usp.br\/fotografias\/lux-vidal\/\">\n\t\t\t\t\t\t<span class=\"elementor-button-content-wrapper\">\n\t\t\t\t\t\t\t\t\t<span class=\"elementor-button-text\">Lux Vidal<\/span>\n\t\t\t\t\t<\/span>\n\t\t\t\t\t<\/a>\n\t\t\t\t<\/div>\n\t\t\t\t\t\t<\/div>\n\t\t\t\t<\/div>\n\t\t\t\t\t<\/div>\n\t\t<\/div>\n\t\t\t\t<div class=\"elementor-column elementor-col-20 elementor-inner-column elementor-element elementor-element-22353011\" data-id=\"22353011\" data-element_type=\"column\">\n\t\t\t<div class=\"elementor-widget-wrap elementor-element-populated\">\n\t\t\t\t\t\t<div class=\"elementor-element elementor-element-78b992a elementor-align-center elementor-widget elementor-widget-button\" data-id=\"78b992a\" data-element_type=\"widget\" data-widget_type=\"button.default\">\n\t\t\t\t<div class=\"elementor-widget-container\">\n\t\t\t\t\t\t\t<div class=\"elementor-button-wrapper\">\n\t\t\t\t\t<a class=\"elementor-button elementor-button-link elementor-size-xs\" href=\"https:\/\/sites.usp.br\/fotografias\/maureen-bisilliat\/\">\n\t\t\t\t\t\t<span class=\"elementor-button-content-wrapper\">\n\t\t\t\t\t\t\t\t\t<span class=\"elementor-button-text\">Maureen Bisilliat<\/span>\n\t\t\t\t\t<\/span>\n\t\t\t\t\t<\/a>\n\t\t\t\t<\/div>\n\t\t\t\t\t\t<\/div>\n\t\t\t\t<\/div>\n\t\t\t\t\t<\/div>\n\t\t<\/div>\n\t\t\t\t<div class=\"elementor-column elementor-col-20 elementor-inner-column elementor-element elementor-element-451be34\" data-id=\"451be34\" data-element_type=\"column\">\n\t\t\t<div class=\"elementor-widget-wrap elementor-element-populated\">\n\t\t\t\t\t\t<div class=\"elementor-element elementor-element-71712dd2 elementor-align-center elementor-widget elementor-widget-button\" data-id=\"71712dd2\" data-element_type=\"widget\" data-widget_type=\"button.default\">\n\t\t\t\t<div class=\"elementor-widget-container\">\n\t\t\t\t\t\t\t<div class=\"elementor-button-wrapper\">\n\t\t\t\t\t<a class=\"elementor-button elementor-button-link elementor-size-xs\" href=\"https:\/\/sites.usp.br\/fotografias\/olhares-cruzados\/\">\n\t\t\t\t\t\t<span class=\"elementor-button-content-wrapper\">\n\t\t\t\t\t\t\t\t\t<span class=\"elementor-button-text\">Olhares cruzados<\/span>\n\t\t\t\t\t<\/span>\n\t\t\t\t\t<\/a>\n\t\t\t\t<\/div>\n\t\t\t\t\t\t<\/div>\n\t\t\t\t<\/div>\n\t\t\t\t\t<\/div>\n\t\t<\/div>\n\t\t\t\t\t<\/div>\n\t\t<\/section>\n\t\t\t\t\t<\/div>\n\t\t<\/div>\n\t\t\t\t\t<\/div>\n\t\t<\/section>\n\t\t\t\t<section class=\"elementor-section elementor-top-section elementor-element elementor-element-17f9826 elementor-section-boxed elementor-section-height-default elementor-section-height-default\" data-id=\"17f9826\" data-element_type=\"section\">\n\t\t\t\t\t\t<div class=\"elementor-container elementor-column-gap-default\">\n\t\t\t\t\t<div class=\"elementor-column elementor-col-100 elementor-top-column elementor-element elementor-element-63055fb1\" data-id=\"63055fb1\" data-element_type=\"column\">\n\t\t\t<div class=\"elementor-widget-wrap elementor-element-populated\">\n\t\t\t\t\t\t<div class=\"elementor-element elementor-element-1f0f13d elementor-widget elementor-widget-spacer\" data-id=\"1f0f13d\" data-element_type=\"widget\" data-widget_type=\"spacer.default\">\n\t\t\t\t<div class=\"elementor-widget-container\">\n\t\t\t\t\t<div class=\"elementor-spacer\">\n\t\t\t<div class=\"elementor-spacer-inner\"><\/div>\n\t\t<\/div>\n\t\t\t\t<\/div>\n\t\t\t\t<\/div>\n\t\t\t\t<div class=\"elementor-element elementor-element-c9c6500 elementor-widget elementor-widget-text-editor\" data-id=\"c9c6500\" data-element_type=\"widget\" data-widget_type=\"text-editor.default\">\n\t\t\t\t<div class=\"elementor-widget-container\">\n\t\t\t\t\t\t\t<h5>Refer\u00eancias<\/h5>\t\t\t\t\t\t<\/div>\n\t\t\t\t<\/div>\n\t\t\t\t<div class=\"elementor-element elementor-element-33e5f6e1 elementor-widget elementor-widget-text-editor\" data-id=\"33e5f6e1\" data-element_type=\"widget\" data-widget_type=\"text-editor.default\">\n\t\t\t\t<div class=\"elementor-widget-container\">\n\t\t\t\t\t\t\t<h2>Lux Vidal<\/h2>\t\t\t\t\t\t<\/div>\n\t\t\t\t<\/div>\n\t\t\t\t\t<\/div>\n\t\t<\/div>\n\t\t\t\t\t<\/div>\n\t\t<\/section>\n\t\t\t\t<section class=\"elementor-section elementor-top-section elementor-element elementor-element-3c49885a elementor-section-boxed elementor-section-height-default elementor-section-height-default\" data-id=\"3c49885a\" data-element_type=\"section\">\n\t\t\t\t\t\t<div class=\"elementor-container elementor-column-gap-default\">\n\t\t\t\t\t<div class=\"elementor-column elementor-col-100 elementor-top-column elementor-element elementor-element-43040b72\" data-id=\"43040b72\" data-element_type=\"column\">\n\t\t\t<div class=\"elementor-widget-wrap elementor-element-populated\">\n\t\t\t\t\t\t<section class=\"elementor-section elementor-inner-section elementor-element elementor-element-9a38cd9 elementor-section-boxed elementor-section-height-default elementor-section-height-default\" data-id=\"9a38cd9\" data-element_type=\"section\">\n\t\t\t\t\t\t<div class=\"elementor-container elementor-column-gap-default\">\n\t\t\t\t\t<div class=\"elementor-column elementor-col-50 elementor-inner-column elementor-element elementor-element-b3e5b06\" data-id=\"b3e5b06\" data-element_type=\"column\">\n\t\t\t<div class=\"elementor-widget-wrap elementor-element-populated\">\n\t\t\t\t\t\t<div class=\"elementor-element elementor-element-0c41eb7 elementor-widget elementor-widget-text-editor\" data-id=\"0c41eb7\" data-element_type=\"widget\" data-widget_type=\"text-editor.default\">\n\t\t\t\t<div class=\"elementor-widget-container\">\n\t\t\t\t\t\t\t<p>MACEDO, Val\u00e9ria; GRUPIONI, Lu\u00eds Donisete Benzi; VIDAL, Lux. Exposi\u00e7\u00f5es e invis\u00edveis na antropologia de Lux Vidal. Revista de Antropologia, p. 789-813. 2009.<\/p>\n<p>RATTS, A. J. P.; FREHSE, F.; COLLA\u00c7O, J. H. L.; ARA\u00daJO, M. A. M. D. Entrevista com Lux Vidal. Cadernos de Campo (S\u00e3o Paulo &#8211; 1991), [S. l.], v. 9, n. 9, p. 103-122, 2000. DOI: 10.11606\/issn.2316-9133.v9i9p103-122. Dispon\u00edvel em: https:\/\/www.revistas.usp.br\/cadernosdecampo\/article\/view\/53100. Acesso em: 5 jan. 2022.<\/p>\n<p>SILVA, Fab\u00edola Andr\u00e9a; GORDON, Cesar. (Orgs.) Xikrin: uma cole\u00e7\u00e3o etnogr\u00e1fica. S\u00e3o Paulo: Editora da Universidade de S\u00e3o Paulo, 2011.<\/p>\n<p>VALENTINI, Lu\u00edsa. Arquivos do futuro: rela\u00e7\u00f5es, caminhos e cuidados no arranjo preliminar da documenta\u00e7\u00e3o pessoal de antrop\u00f3logos. 2020. 223 p. Tese (Doutorado em Antropologia Social) &#8211; Faculdade de Filosofia, Letras e Ci\u00eancias Humanas, Universidade de S\u00e3o Paulo, S\u00e3o Paulo, 2020.<\/p>\n<p style=\"font-variant-ligatures: normal; font-variant-caps: normal; font-family: Roboto, sans-serif; font-size: 13px; font-style: normal; font-weight: 300;\">VIDAL, Lux; GIANNINI, Isabelle Vidal. Benadjuro-tum: Homenagem ao chefe Boti\u00ea e \u00e0 hist\u00f3ria Xikrin. S\u00e3o Roque: Isabelle Vidal Giannini, 156 p., 2020.<\/p><p style=\"font-variant-ligatures: normal; font-variant-caps: normal; font-family: Roboto, sans-serif; font-size: 13px; font-style: normal; font-weight: 300;\">VIDAL, Lux; GIANNINI, Isabelle Vidal. M\u1ebd-kukrodjo-tum: O conhecimento dos antigos. S\u00e3o Roque: Isabelle Vidal Giannini, 331 p., 2020.<\/p><p style=\"font-variant-ligatures: normal; font-variant-caps: normal; font-family: Roboto, sans-serif; font-size: 13px; font-style: normal; font-weight: 300;\"><span style=\"font-family: Roboto, sans-serif; font-size: 13px; font-style: normal; font-variant-ligatures: normal; font-variant-caps: normal; font-weight: 300;\">VIDAL, Lux. Lux Boelitz Vidal: Colecionadora de culturas. Entrevista concedida a Maria Guimar\u00e3es. Revista Pesquisa FAPESP, S\u00e3o Paulo, ano 18, n\u00ba251, pp. 26-33, jan. 2017.<\/span><br><\/p>\n<p>VIDAL, Lux Boelitz; LEVINHO, Jos\u00e9 Carlos; GRUPIONI, Lu\u00eds Donisete Benzi (Org.). A presen\u00e7a do invis\u00edvel \u2013 Vida cotidiana e ritual entre os povos ind\u00edgenas do Oiapoque. Rio de Janeiro: Iep\u00e9 \/ Museu do \u00cdndio. 384 p. 2016.<\/p>\n<p>VIDAL, Lux (Org). Grafismo ind\u00edgena: estudo de antropologia est\u00e9tica. 2 ed. S\u00e3o Paulo: Studio Nobel\/ FAPESP\/ Editora da Universidade de S\u00e3o Paulo, 2000.<\/p><p style=\"font-variant-ligatures: normal; font-variant-caps: normal; font-family: Roboto, sans-serif; font-size: 13px; font-style: normal; font-weight: 300;\"><span style=\"font-variant-ligatures: normal; font-variant-caps: normal; font-family: Roboto, sans-serif; font-size: 13px; font-style: normal; font-weight: 300;\">VIDAL, Lux (coord). O \u00edndio e a cidadania. S\u00e3o Paulo: Comiss\u00e3o Pr\u00f3-\u00cdndio de S\u00e3o Paulo\/Editora Brasiliense. 104p. 1983.<\/span><br><\/p><p style=\"font-variant-ligatures: normal; font-variant-caps: normal; font-family: Roboto, sans-serif; font-size: 13px; font-style: normal; font-weight: 300;\">VIDAL, Lux. Morte e vida de uma sociedade ind\u00edgena brasileira. S\u00e3o Paulo: Hucitec\/Edusp, 1977.<\/p>\n<p><\/p>\t\t\t\t\t\t<\/div>\n\t\t\t\t<\/div>\n\t\t\t\t\t<\/div>\n\t\t<\/div>\n\t\t\t\t<div class=\"elementor-column elementor-col-50 elementor-inner-column elementor-element elementor-element-f2a0d8e\" data-id=\"f2a0d8e\" data-element_type=\"column\">\n\t\t\t<div class=\"elementor-widget-wrap\">\n\t\t\t\t\t\t\t<\/div>\n\t\t<\/div>\n\t\t\t\t\t<\/div>\n\t\t<\/section>\n\t\t\t\t\t<\/div>\n\t\t<\/div>\n\t\t\t\t\t<\/div>\n\t\t<\/section>\n\t\t\t\t<\/div>\n\t\t","protected":false},"excerpt":{"rendered":"<p>Claudia Andujar Lux Vidal Maureen Bisilliat Olhares cruzados Refer\u00eancias Lux Vidal MACEDO, Val\u00e9ria; GRUPIONI, Lu\u00eds Donisete Benzi; VIDAL, Lux. Exposi\u00e7\u00f5es e invis\u00edveis na antropologia de Lux Vidal. Revista de Antropologia, p. 789-813. 2009. RATTS, A. J. P.; FREHSE, F.; COLLA\u00c7O, J. H. L.; ARA\u00daJO, M. A. M. D. Entrevista com Lux Vidal. Cadernos de Campo [&hellip;]<\/p>\n","protected":false},"author":22737,"featured_media":0,"parent":41,"menu_order":0,"comment_status":"closed","ping_status":"closed","template":"","meta":{"ocean_post_layout":"","ocean_both_sidebars_style":"","ocean_both_sidebars_content_width":0,"ocean_both_sidebars_sidebars_width":0,"ocean_sidebar":"0","ocean_second_sidebar":"0","ocean_disable_margins":"enable","ocean_add_body_class":"","ocean_shortcode_before_top_bar":"","ocean_shortcode_after_top_bar":"","ocean_shortcode_before_header":"","ocean_shortcode_after_header":"","ocean_has_shortcode":"","ocean_shortcode_after_title":"","ocean_shortcode_before_footer_widgets":"","ocean_shortcode_after_footer_widgets":"","ocean_shortcode_before_footer_bottom":"","ocean_shortcode_after_footer_bottom":"","ocean_display_top_bar":"default","ocean_display_header":"default","ocean_header_style":"","ocean_center_header_left_menu":"0","ocean_custom_header_template":"0","ocean_custom_logo":0,"ocean_custom_retina_logo":0,"ocean_custom_logo_max_width":0,"ocean_custom_logo_tablet_max_width":0,"ocean_custom_logo_mobile_max_width":0,"ocean_custom_logo_max_height":0,"ocean_custom_logo_tablet_max_height":0,"ocean_custom_logo_mobile_max_height":0,"ocean_header_custom_menu":"0","ocean_menu_typo_font_family":"0","ocean_menu_typo_font_subset":"","ocean_menu_typo_font_size":0,"ocean_menu_typo_font_size_tablet":0,"ocean_menu_typo_font_size_mobile":0,"ocean_menu_typo_font_size_unit":"px","ocean_menu_typo_font_weight":"","ocean_menu_typo_font_weight_tablet":"","ocean_menu_typo_font_weight_mobile":"","ocean_menu_typo_transform":"","ocean_menu_typo_transform_tablet":"","ocean_menu_typo_transform_mobile":"","ocean_menu_typo_line_height":0,"ocean_menu_typo_line_height_tablet":0,"ocean_menu_typo_line_height_mobile":0,"ocean_menu_typo_line_height_unit":"","ocean_menu_typo_spacing":0,"ocean_menu_typo_spacing_tablet":0,"ocean_menu_typo_spacing_mobile":0,"ocean_menu_typo_spacing_unit":"","ocean_menu_link_color":"","ocean_menu_link_color_hover":"","ocean_menu_link_color_active":"","ocean_menu_link_background":"","ocean_menu_link_hover_background":"","ocean_menu_link_active_background":"","ocean_menu_social_links_bg":"","ocean_menu_social_hover_links_bg":"","ocean_menu_social_links_color":"","ocean_menu_social_hover_links_color":"","ocean_disable_title":"default","ocean_disable_heading":"default","ocean_post_title":"","ocean_post_subheading":"","ocean_post_title_style":"","ocean_post_title_background_color":"","ocean_post_title_background":0,"ocean_post_title_bg_image_position":"","ocean_post_title_bg_image_attachment":"","ocean_post_title_bg_image_repeat":"","ocean_post_title_bg_image_size":"","ocean_post_title_height":0,"ocean_post_title_bg_overlay":0.5,"ocean_post_title_bg_overlay_color":"","ocean_disable_breadcrumbs":"default","ocean_breadcrumbs_color":"","ocean_breadcrumbs_separator_color":"","ocean_breadcrumbs_links_color":"","ocean_breadcrumbs_links_hover_color":"","ocean_display_footer_widgets":"default","ocean_display_footer_bottom":"default","ocean_custom_footer_template":"0","footnotes":"","_links_to":"","_links_to_target":""},"class_list":["post-720","page","type-page","status-publish","hentry","entry"],"_links":{"self":[{"href":"https:\/\/sites.usp.br\/fotografias\/wp-json\/wp\/v2\/pages\/720","targetHints":{"allow":["GET"]}}],"collection":[{"href":"https:\/\/sites.usp.br\/fotografias\/wp-json\/wp\/v2\/pages"}],"about":[{"href":"https:\/\/sites.usp.br\/fotografias\/wp-json\/wp\/v2\/types\/page"}],"author":[{"embeddable":true,"href":"https:\/\/sites.usp.br\/fotografias\/wp-json\/wp\/v2\/users\/22737"}],"replies":[{"embeddable":true,"href":"https:\/\/sites.usp.br\/fotografias\/wp-json\/wp\/v2\/comments?post=720"}],"version-history":[{"count":4,"href":"https:\/\/sites.usp.br\/fotografias\/wp-json\/wp\/v2\/pages\/720\/revisions"}],"predecessor-version":[{"id":2189,"href":"https:\/\/sites.usp.br\/fotografias\/wp-json\/wp\/v2\/pages\/720\/revisions\/2189"}],"up":[{"embeddable":true,"href":"https:\/\/sites.usp.br\/fotografias\/wp-json\/wp\/v2\/pages\/41"}],"wp:attachment":[{"href":"https:\/\/sites.usp.br\/fotografias\/wp-json\/wp\/v2\/media?parent=720"}],"curies":[{"name":"wp","href":"https:\/\/api.w.org\/{rel}","templated":true}]}}