{"id":164,"date":"2025-02-04T12:32:01","date_gmt":"2025-02-04T15:32:01","guid":{"rendered":"https:\/\/sites.usp.br\/fpgch\/?page_id=164"},"modified":"2025-03-16T18:40:10","modified_gmt":"2025-03-16T21:40:10","slug":"pessoas","status":"publish","type":"page","link":"https:\/\/sites.usp.br\/fpgch\/pessoas\/","title":{"rendered":"Pessoas"},"content":{"rendered":"\t\t<div data-elementor-type=\"wp-page\" data-elementor-id=\"164\" class=\"elementor elementor-164\" data-elementor-post-type=\"page\">\n\t\t\t\t\t\t<section class=\"elementor-section elementor-top-section elementor-element elementor-element-30e9ea4 elementor-section-boxed elementor-section-height-default elementor-section-height-default\" data-id=\"30e9ea4\" data-element_type=\"section\">\n\t\t\t\t\t\t<div class=\"elementor-container elementor-column-gap-default\">\n\t\t\t\t\t<div class=\"elementor-column elementor-col-100 elementor-top-column elementor-element elementor-element-5f8ce4b\" data-id=\"5f8ce4b\" data-element_type=\"column\">\n\t\t\t<div class=\"elementor-widget-wrap elementor-element-populated\">\n\t\t\t\t\t\t<div class=\"elementor-element elementor-element-9e8a39b elementor-widget elementor-widget-heading\" data-id=\"9e8a39b\" data-element_type=\"widget\" data-widget_type=\"heading.default\">\n\t\t\t\t<div class=\"elementor-widget-container\">\n\t\t\t<h2 class=\"elementor-heading-title elementor-size-default\">Pessoas<\/h2>\t\t<\/div>\n\t\t\t\t<\/div>\n\t\t\t\t\t<\/div>\n\t\t<\/div>\n\t\t\t\t\t<\/div>\n\t\t<\/section>\n\t\t\t\t<section class=\"elementor-section elementor-top-section elementor-element elementor-element-033a278 elementor-section-boxed elementor-section-height-default elementor-section-height-default\" data-id=\"033a278\" data-element_type=\"section\">\n\t\t\t\t\t\t<div class=\"elementor-container elementor-column-gap-default\">\n\t\t\t\t\t<div class=\"elementor-column elementor-col-100 elementor-top-column elementor-element elementor-element-6b1c58c\" data-id=\"6b1c58c\" data-element_type=\"column\">\n\t\t\t<div class=\"elementor-widget-wrap elementor-element-populated\">\n\t\t\t\t\t\t<div class=\"elementor-element elementor-element-5221fb6 elementor-widget elementor-widget-spacer\" data-id=\"5221fb6\" data-element_type=\"widget\" data-widget_type=\"spacer.default\">\n\t\t\t\t<div class=\"elementor-widget-container\">\n\t\t\t\t\t<div class=\"elementor-spacer\">\n\t\t\t<div class=\"elementor-spacer-inner\"><\/div>\n\t\t<\/div>\n\t\t\t\t<\/div>\n\t\t\t\t<\/div>\n\t\t\t\t\t<\/div>\n\t\t<\/div>\n\t\t\t\t\t<\/div>\n\t\t<\/section>\n\t\t\t\t<section class=\"elementor-section elementor-top-section elementor-element elementor-element-0b30552 elementor-section-boxed elementor-section-height-default elementor-section-height-default\" data-id=\"0b30552\" data-element_type=\"section\">\n\t\t\t\t\t\t<div class=\"elementor-container elementor-column-gap-default\">\n\t\t\t\t\t<div class=\"elementor-column elementor-col-100 elementor-top-column elementor-element elementor-element-b2679ee\" data-id=\"b2679ee\" data-element_type=\"column\">\n\t\t\t<div class=\"elementor-widget-wrap elementor-element-populated\">\n\t\t\t\t\t\t<div class=\"elementor-element elementor-element-aa92811 elementor-widget elementor-widget-heading\" data-id=\"aa92811\" data-element_type=\"widget\" data-widget_type=\"heading.default\">\n\t\t\t\t<div class=\"elementor-widget-container\">\n\t\t\t<h2 class=\"elementor-heading-title elementor-size-default\">Organizadores<\/h2>\t\t<\/div>\n\t\t\t\t<\/div>\n\t\t\t\t\t<\/div>\n\t\t<\/div>\n\t\t\t\t\t<\/div>\n\t\t<\/section>\n\t\t\t\t<section class=\"elementor-section elementor-top-section elementor-element elementor-element-bdae1d7 elementor-section-boxed elementor-section-height-default elementor-section-height-default\" data-id=\"bdae1d7\" data-element_type=\"section\">\n\t\t\t\t\t\t<div class=\"elementor-container elementor-column-gap-default\">\n\t\t\t\t\t<div class=\"elementor-column elementor-col-100 elementor-top-column elementor-element elementor-element-76c9119\" data-id=\"76c9119\" data-element_type=\"column\">\n\t\t\t<div class=\"elementor-widget-wrap elementor-element-populated\">\n\t\t\t\t\t\t<div class=\"elementor-element elementor-element-17797b9 elementor-widget elementor-widget-spacer\" data-id=\"17797b9\" data-element_type=\"widget\" data-widget_type=\"spacer.default\">\n\t\t\t\t<div class=\"elementor-widget-container\">\n\t\t\t\t\t<div class=\"elementor-spacer\">\n\t\t\t<div class=\"elementor-spacer-inner\"><\/div>\n\t\t<\/div>\n\t\t\t\t<\/div>\n\t\t\t\t<\/div>\n\t\t\t\t\t<\/div>\n\t\t<\/div>\n\t\t\t\t\t<\/div>\n\t\t<\/section>\n\t\t\t\t<section class=\"elementor-section elementor-top-section elementor-element elementor-element-34b787f elementor-section-boxed elementor-section-height-default elementor-section-height-default\" data-id=\"34b787f\" data-element_type=\"section\">\n\t\t\t\t\t\t<div class=\"elementor-container elementor-column-gap-custom\">\n\t\t\t\t\t<div class=\"elementor-column elementor-col-25 elementor-top-column elementor-element elementor-element-ce40bd3\" data-id=\"ce40bd3\" data-element_type=\"column\">\n\t\t\t<div class=\"elementor-widget-wrap elementor-element-populated\">\n\t\t\t\t\t\t<div class=\"elementor-element elementor-element-c98ea8e elementor-widget elementor-widget-image\" data-id=\"c98ea8e\" data-element_type=\"widget\" data-widget_type=\"image.default\">\n\t\t\t\t<div class=\"elementor-widget-container\">\n\t\t\t\t\t\t\t\t\t\t<figure class=\"wp-caption\">\n\t\t\t\t\t\t\t\t\t\t<img fetchpriority=\"high\" decoding=\"async\" width=\"500\" height=\"500\" src=\"https:\/\/sites.usp.br\/fpgch\/wp-content\/uploads\/sites\/1589\/2025\/02\/Design-sem-nome-2.png\" class=\"attachment-2048x2048 size-2048x2048 wp-image-169\" alt=\"\" srcset=\"https:\/\/sites.usp.br\/fpgch\/wp-content\/uploads\/sites\/1589\/2025\/02\/Design-sem-nome-2.png 500w, https:\/\/sites.usp.br\/fpgch\/wp-content\/uploads\/sites\/1589\/2025\/02\/Design-sem-nome-2-300x300.png 300w, https:\/\/sites.usp.br\/fpgch\/wp-content\/uploads\/sites\/1589\/2025\/02\/Design-sem-nome-2-150x150.png 150w, https:\/\/sites.usp.br\/fpgch\/wp-content\/uploads\/sites\/1589\/2025\/02\/Design-sem-nome-2-45x45.png 45w\" sizes=\"(max-width: 500px) 100vw, 500px\" \/>\t\t\t\t\t\t\t\t\t\t\t<figcaption class=\"widget-image-caption wp-caption-text\">Foto: Jardiel Carvalho, FolhaPress.<\/figcaption>\n\t\t\t\t\t\t\t\t\t\t<\/figure>\n\t\t\t\t\t\t\t<\/div>\n\t\t\t\t<\/div>\n\t\t\t\t<div class=\"elementor-element elementor-element-34c838d elementor-widget elementor-widget-heading\" data-id=\"34c838d\" data-element_type=\"widget\" data-widget_type=\"heading.default\">\n\t\t\t\t<div class=\"elementor-widget-container\">\n\t\t\t<h2 class=\"elementor-heading-title elementor-size-default\">Arlene Elizabeth Clemesha<\/h2>\t\t<\/div>\n\t\t\t\t<\/div>\n\t\t\t\t<div class=\"elementor-element elementor-element-34dffb2 elementor-widget elementor-widget-text-editor\" data-id=\"34dffb2\" data-element_type=\"widget\" data-widget_type=\"text-editor.default\">\n\t\t\t\t<div class=\"elementor-widget-container\">\n\t\t\t\t\t\t\t<div><p>Professora Dra. de Hist\u00f3ria \u00c1rabe do Curso de \u00c1rabe do Departamento de Letras Orientais da Universidade de S\u00e3o Paulo. Doutorado (2003) e Mestrado (1998) pelo programa de p\u00f3s-gradua\u00e7\u00e3o em Hist\u00f3ria Econ\u00f4mica da Universidade de S\u00e3o Paulo, possui textos publicados em ingl\u00eas, espanhol, franc\u00eas, italiano, \u00e1rabe e farsi. Sua pesquisa est\u00e1 centrada na Hist\u00f3ria \u00e1rabe contempor\u00e2nea, Hist\u00f3ria da Palestina, e das rela\u00e7\u00f5es Brasil-Pa\u00edses \u00c1rabes.<\/p><\/div>\t\t\t\t\t\t<\/div>\n\t\t\t\t<\/div>\n\t\t\t\t\t<\/div>\n\t\t<\/div>\n\t\t\t\t<div class=\"elementor-column elementor-col-25 elementor-top-column elementor-element elementor-element-ad30f0f\" data-id=\"ad30f0f\" data-element_type=\"column\">\n\t\t\t<div class=\"elementor-widget-wrap elementor-element-populated\">\n\t\t\t\t\t\t<div class=\"elementor-element elementor-element-a50f49a elementor-widget elementor-widget-image\" data-id=\"a50f49a\" data-element_type=\"widget\" data-widget_type=\"image.default\">\n\t\t\t\t<div class=\"elementor-widget-container\">\n\t\t\t\t\t\t\t\t\t\t\t\t\t<img decoding=\"async\" width=\"500\" height=\"500\" src=\"https:\/\/sites.usp.br\/fpgch\/wp-content\/uploads\/sites\/1589\/2025\/03\/Design-sem-nome-35.png\" class=\"attachment-2048x2048 size-2048x2048 wp-image-469\" alt=\"\" srcset=\"https:\/\/sites.usp.br\/fpgch\/wp-content\/uploads\/sites\/1589\/2025\/03\/Design-sem-nome-35.png 500w, https:\/\/sites.usp.br\/fpgch\/wp-content\/uploads\/sites\/1589\/2025\/03\/Design-sem-nome-35-300x300.png 300w, https:\/\/sites.usp.br\/fpgch\/wp-content\/uploads\/sites\/1589\/2025\/03\/Design-sem-nome-35-150x150.png 150w, https:\/\/sites.usp.br\/fpgch\/wp-content\/uploads\/sites\/1589\/2025\/03\/Design-sem-nome-35-45x45.png 45w\" sizes=\"(max-width: 500px) 100vw, 500px\" \/>\t\t\t\t\t\t\t\t\t\t\t\t\t<\/div>\n\t\t\t\t<\/div>\n\t\t\t\t<div class=\"elementor-element elementor-element-6b9078c elementor-widget elementor-widget-heading\" data-id=\"6b9078c\" data-element_type=\"widget\" data-widget_type=\"heading.default\">\n\t\t\t\t<div class=\"elementor-widget-container\">\n\t\t\t<h2 class=\"elementor-heading-title elementor-size-default\">Arthur Capella Giannattasio<\/h2>\t\t<\/div>\n\t\t\t\t<\/div>\n\t\t\t\t<div class=\"elementor-element elementor-element-f64bee7 elementor-widget-tablet__width-initial elementor-widget elementor-widget-text-editor\" data-id=\"f64bee7\" data-element_type=\"widget\" data-widget_type=\"text-editor.default\">\n\t\t\t\t<div class=\"elementor-widget-container\">\n\t\t\t\t\t\t\t<div><p>Professor Dr. de Organiza\u00e7\u00f5es Internacionais Regionais do Instituto de Rela\u00e7\u00f5es Internacionais da Universidade de S\u00e3o Paulo. Doutorado (2013) em Direito Internacional e Comparado pela Faculdade de Direito da Universidade de S\u00e3o Paulo. Possui gradua\u00e7\u00e3o em Direito (2007) e em Filosofia (2012) pela Universidade de S\u00e3o Paulo. Tem experi\u00eancia na \u00e1rea de Direito, Filosofia Pol\u00edtica e Rela\u00e7\u00f5es Internacionais, com \u00eanfase em Direito Internacional.<\/p><\/div>\t\t\t\t\t\t<\/div>\n\t\t\t\t<\/div>\n\t\t\t\t\t<\/div>\n\t\t<\/div>\n\t\t\t\t<div class=\"elementor-column elementor-col-25 elementor-top-column elementor-element elementor-element-a79dce3\" data-id=\"a79dce3\" data-element_type=\"column\">\n\t\t\t<div class=\"elementor-widget-wrap elementor-element-populated\">\n\t\t\t\t\t\t<div class=\"elementor-element elementor-element-ac5ae30 elementor-widget elementor-widget-image\" data-id=\"ac5ae30\" data-element_type=\"widget\" data-widget_type=\"image.default\">\n\t\t\t\t<div class=\"elementor-widget-container\">\n\t\t\t\t\t\t\t\t\t\t\t\t\t<img decoding=\"async\" width=\"500\" height=\"500\" src=\"https:\/\/sites.usp.br\/fpgch\/wp-content\/uploads\/sites\/1589\/2025\/02\/Design-sem-nome-6.png\" class=\"attachment-2048x2048 size-2048x2048 wp-image-180\" alt=\"\" srcset=\"https:\/\/sites.usp.br\/fpgch\/wp-content\/uploads\/sites\/1589\/2025\/02\/Design-sem-nome-6.png 500w, https:\/\/sites.usp.br\/fpgch\/wp-content\/uploads\/sites\/1589\/2025\/02\/Design-sem-nome-6-300x300.png 300w, https:\/\/sites.usp.br\/fpgch\/wp-content\/uploads\/sites\/1589\/2025\/02\/Design-sem-nome-6-150x150.png 150w, https:\/\/sites.usp.br\/fpgch\/wp-content\/uploads\/sites\/1589\/2025\/02\/Design-sem-nome-6-45x45.png 45w\" sizes=\"(max-width: 500px) 100vw, 500px\" \/>\t\t\t\t\t\t\t\t\t\t\t\t\t<\/div>\n\t\t\t\t<\/div>\n\t\t\t\t<div class=\"elementor-element elementor-element-b46a1b7 elementor-widget elementor-widget-heading\" data-id=\"b46a1b7\" data-element_type=\"widget\" data-widget_type=\"heading.default\">\n\t\t\t\t<div class=\"elementor-widget-container\">\n\t\t\t<h2 class=\"elementor-heading-title elementor-size-default\">Felipe Pimentel Alamino<\/h2>\t\t<\/div>\n\t\t\t\t<\/div>\n\t\t\t\t<div class=\"elementor-element elementor-element-1ff7d60 elementor-widget elementor-widget-text-editor\" data-id=\"1ff7d60\" data-element_type=\"widget\" data-widget_type=\"text-editor.default\">\n\t\t\t\t<div class=\"elementor-widget-container\">\n\t\t\t\t\t\t\t<div><p>Doutor em Direito pela Universidade de S\u00e3o Paulo (2021) e especialista em Direito Internacional pela Pontif\u00edcia Universidade Cat\u00f3lica de S\u00e3o Paulo (2017). Membro fundador e pesquisador do atual Centro de Pesquisas sobre a Prote\u00e7\u00e3o Internacional de Minorias (CEPIM-USP). Autor do livro &#8220;Anexa\u00e7\u00e3o da Crimeia: o conceito de agress\u00e3o no Direito Internacional&#8221; e professor da FADISP.<\/p><\/div>\t\t\t\t\t\t<\/div>\n\t\t\t\t<\/div>\n\t\t\t\t\t<\/div>\n\t\t<\/div>\n\t\t\t\t<div class=\"elementor-column elementor-col-25 elementor-top-column elementor-element elementor-element-563bd60\" data-id=\"563bd60\" data-element_type=\"column\">\n\t\t\t<div class=\"elementor-widget-wrap elementor-element-populated\">\n\t\t\t\t\t\t<div class=\"elementor-element elementor-element-67a8b4f elementor-widget elementor-widget-image\" data-id=\"67a8b4f\" data-element_type=\"widget\" data-widget_type=\"image.default\">\n\t\t\t\t<div class=\"elementor-widget-container\">\n\t\t\t\t\t\t\t\t\t\t\t\t\t<img loading=\"lazy\" decoding=\"async\" width=\"500\" height=\"500\" src=\"https:\/\/sites.usp.br\/fpgch\/wp-content\/uploads\/sites\/1589\/2025\/02\/Design-sem-nome-7.png\" class=\"attachment-2048x2048 size-2048x2048 wp-image-181\" alt=\"\" srcset=\"https:\/\/sites.usp.br\/fpgch\/wp-content\/uploads\/sites\/1589\/2025\/02\/Design-sem-nome-7.png 500w, https:\/\/sites.usp.br\/fpgch\/wp-content\/uploads\/sites\/1589\/2025\/02\/Design-sem-nome-7-300x300.png 300w, https:\/\/sites.usp.br\/fpgch\/wp-content\/uploads\/sites\/1589\/2025\/02\/Design-sem-nome-7-150x150.png 150w, https:\/\/sites.usp.br\/fpgch\/wp-content\/uploads\/sites\/1589\/2025\/02\/Design-sem-nome-7-45x45.png 45w\" sizes=\"(max-width: 500px) 100vw, 500px\" \/>\t\t\t\t\t\t\t\t\t\t\t\t\t<\/div>\n\t\t\t\t<\/div>\n\t\t\t\t<div class=\"elementor-element elementor-element-7b2d629 elementor-widget elementor-widget-heading\" data-id=\"7b2d629\" data-element_type=\"widget\" data-widget_type=\"heading.default\">\n\t\t\t\t<div class=\"elementor-widget-container\">\n\t\t\t<h2 class=\"elementor-heading-title elementor-size-default\">Paulo Borba Casella<\/h2>\t\t<\/div>\n\t\t\t\t<\/div>\n\t\t\t\t<div class=\"elementor-element elementor-element-2260d27 elementor-widget elementor-widget-text-editor\" data-id=\"2260d27\" data-element_type=\"widget\" data-widget_type=\"text-editor.default\">\n\t\t\t\t<div class=\"elementor-widget-container\">\n\t\t\t\t\t\t\t<div><p>Professor Dr. de Direito Internacional P\u00fablico na Faculdade de Direito da Universidade de S\u00e3o Paulo, depois de se graduar em Direito, completou seu Doutorado (1986) na Universidade de S\u00e3o Paulo. Fluente em alem\u00e3o, espanhol, franc\u00eas, ingl\u00eas, italiano e portugu\u00eas. Suas publica\u00e7\u00f5es incluem diversos livros, bem como artigos e cap\u00edtulos, publicados em mais de vinte pa\u00edses.<\/p><\/div>\t\t\t\t\t\t<\/div>\n\t\t\t\t<\/div>\n\t\t\t\t\t<\/div>\n\t\t<\/div>\n\t\t\t\t\t<\/div>\n\t\t<\/section>\n\t\t\t\t<section class=\"elementor-section elementor-top-section elementor-element elementor-element-5f177ff elementor-section-boxed elementor-section-height-default elementor-section-height-default\" data-id=\"5f177ff\" data-element_type=\"section\">\n\t\t\t\t\t\t<div class=\"elementor-container elementor-column-gap-default\">\n\t\t\t\t\t<div class=\"elementor-column elementor-col-100 elementor-top-column elementor-element elementor-element-a205e64\" data-id=\"a205e64\" data-element_type=\"column\">\n\t\t\t<div class=\"elementor-widget-wrap elementor-element-populated\">\n\t\t\t\t\t\t<div class=\"elementor-element elementor-element-5cb6304 elementor-widget elementor-widget-spacer\" data-id=\"5cb6304\" data-element_type=\"widget\" data-widget_type=\"spacer.default\">\n\t\t\t\t<div class=\"elementor-widget-container\">\n\t\t\t\t\t<div class=\"elementor-spacer\">\n\t\t\t<div class=\"elementor-spacer-inner\"><\/div>\n\t\t<\/div>\n\t\t\t\t<\/div>\n\t\t\t\t<\/div>\n\t\t\t\t\t<\/div>\n\t\t<\/div>\n\t\t\t\t\t<\/div>\n\t\t<\/section>\n\t\t\t\t<section class=\"elementor-section elementor-top-section elementor-element elementor-element-8e06116 elementor-section-boxed elementor-section-height-default elementor-section-height-default\" data-id=\"8e06116\" data-element_type=\"section\">\n\t\t\t\t\t\t<div class=\"elementor-container elementor-column-gap-default\">\n\t\t\t\t\t<div class=\"elementor-column elementor-col-100 elementor-top-column elementor-element elementor-element-577dc5c\" data-id=\"577dc5c\" data-element_type=\"column\">\n\t\t\t<div class=\"elementor-widget-wrap elementor-element-populated\">\n\t\t\t\t\t\t<div class=\"elementor-element elementor-element-12a49b9 elementor-widget elementor-widget-heading\" data-id=\"12a49b9\" data-element_type=\"widget\" data-widget_type=\"heading.default\">\n\t\t\t\t<div class=\"elementor-widget-container\">\n\t\t\t<h2 class=\"elementor-heading-title elementor-size-default\">Bolsistas<\/h2>\t\t<\/div>\n\t\t\t\t<\/div>\n\t\t\t\t\t<\/div>\n\t\t<\/div>\n\t\t\t\t\t<\/div>\n\t\t<\/section>\n\t\t\t\t<section class=\"elementor-section elementor-top-section elementor-element elementor-element-1845470 elementor-section-boxed elementor-section-height-default elementor-section-height-default\" data-id=\"1845470\" data-element_type=\"section\">\n\t\t\t\t\t\t<div class=\"elementor-container elementor-column-gap-default\">\n\t\t\t\t\t<div class=\"elementor-column elementor-col-100 elementor-top-column elementor-element elementor-element-16d0a88\" data-id=\"16d0a88\" data-element_type=\"column\">\n\t\t\t<div class=\"elementor-widget-wrap elementor-element-populated\">\n\t\t\t\t\t\t<div class=\"elementor-element elementor-element-bfeb9d6 elementor-widget elementor-widget-spacer\" data-id=\"bfeb9d6\" data-element_type=\"widget\" data-widget_type=\"spacer.default\">\n\t\t\t\t<div class=\"elementor-widget-container\">\n\t\t\t\t\t<div class=\"elementor-spacer\">\n\t\t\t<div class=\"elementor-spacer-inner\"><\/div>\n\t\t<\/div>\n\t\t\t\t<\/div>\n\t\t\t\t<\/div>\n\t\t\t\t\t<\/div>\n\t\t<\/div>\n\t\t\t\t\t<\/div>\n\t\t<\/section>\n\t\t\t\t<section class=\"elementor-section elementor-top-section elementor-element elementor-element-81253a3 elementor-section-boxed elementor-section-height-default elementor-section-height-default\" data-id=\"81253a3\" data-element_type=\"section\">\n\t\t\t\t\t\t<div class=\"elementor-container elementor-column-gap-default\">\n\t\t\t\t\t<div class=\"elementor-column elementor-col-33 elementor-top-column elementor-element elementor-element-b6ad88b\" data-id=\"b6ad88b\" data-element_type=\"column\">\n\t\t\t<div class=\"elementor-widget-wrap\">\n\t\t\t\t\t\t\t<\/div>\n\t\t<\/div>\n\t\t\t\t<div class=\"elementor-column elementor-col-33 elementor-top-column elementor-element elementor-element-6ea4f1e\" data-id=\"6ea4f1e\" data-element_type=\"column\">\n\t\t\t<div class=\"elementor-widget-wrap elementor-element-populated\">\n\t\t\t\t\t\t<div class=\"elementor-element elementor-element-63e6709 elementor-widget elementor-widget-image\" data-id=\"63e6709\" data-element_type=\"widget\" data-widget_type=\"image.default\">\n\t\t\t\t<div class=\"elementor-widget-container\">\n\t\t\t\t\t\t\t\t\t\t\t\t\t<img loading=\"lazy\" decoding=\"async\" width=\"150\" height=\"150\" src=\"https:\/\/sites.usp.br\/fpgch\/wp-content\/uploads\/sites\/1589\/2025\/03\/Design-sem-nome-37-150x150.png\" class=\"attachment-thumbnail size-thumbnail wp-image-470\" alt=\"\" srcset=\"https:\/\/sites.usp.br\/fpgch\/wp-content\/uploads\/sites\/1589\/2025\/03\/Design-sem-nome-37-150x150.png 150w, https:\/\/sites.usp.br\/fpgch\/wp-content\/uploads\/sites\/1589\/2025\/03\/Design-sem-nome-37-300x300.png 300w, https:\/\/sites.usp.br\/fpgch\/wp-content\/uploads\/sites\/1589\/2025\/03\/Design-sem-nome-37-45x45.png 45w, https:\/\/sites.usp.br\/fpgch\/wp-content\/uploads\/sites\/1589\/2025\/03\/Design-sem-nome-37.png 500w\" sizes=\"(max-width: 150px) 100vw, 150px\" \/>\t\t\t\t\t\t\t\t\t\t\t\t\t<\/div>\n\t\t\t\t<\/div>\n\t\t\t\t<div class=\"elementor-element elementor-element-ecac431 elementor-widget elementor-widget-heading\" data-id=\"ecac431\" data-element_type=\"widget\" data-widget_type=\"heading.default\">\n\t\t\t\t<div class=\"elementor-widget-container\">\n\t\t\t<h2 class=\"elementor-heading-title elementor-size-default\">Ana Clara Gabrich Bittencourt<\/h2>\t\t<\/div>\n\t\t\t\t<\/div>\n\t\t\t\t<div class=\"elementor-element elementor-element-2877d8d elementor-widget-tablet__width-initial elementor-widget elementor-widget-text-editor\" data-id=\"2877d8d\" data-element_type=\"widget\" data-widget_type=\"text-editor.default\">\n\t\t\t\t<div class=\"elementor-widget-container\">\n\t\t\t\t\t\t\t<div><p>Discente de Rela\u00e7\u00f5es Internacionais (IRI-USP) e bolsista pelo Programa Unificado de Bolsas da Universidade de S\u00e3o Paulo.<\/p><\/div>\t\t\t\t\t\t<\/div>\n\t\t\t\t<\/div>\n\t\t\t\t\t<\/div>\n\t\t<\/div>\n\t\t\t\t<div class=\"elementor-column elementor-col-33 elementor-top-column elementor-element elementor-element-96d5720\" data-id=\"96d5720\" data-element_type=\"column\">\n\t\t\t<div class=\"elementor-widget-wrap\">\n\t\t\t\t\t\t\t<\/div>\n\t\t<\/div>\n\t\t\t\t\t<\/div>\n\t\t<\/section>\n\t\t\t\t<\/div>\n\t\t","protected":false},"excerpt":{"rendered":"<p>Pessoas Organizadores Foto: Jardiel Carvalho, FolhaPress. Arlene Elizabeth Clemesha Professora Dra. de Hist\u00f3ria \u00c1rabe do Curso de \u00c1rabe do Departamento de Letras Orientais da Universidade de S\u00e3o Paulo. Doutorado (2003) [&hellip;]<\/p>\n","protected":false},"author":24422,"featured_media":0,"parent":0,"menu_order":0,"comment_status":"closed","ping_status":"closed","template":"","meta":{"ocean_post_layout":"","ocean_both_sidebars_style":"","ocean_both_sidebars_content_width":0,"ocean_both_sidebars_sidebars_width":0,"ocean_sidebar":"","ocean_second_sidebar":"","ocean_disable_margins":"enable","ocean_add_body_class":"","ocean_shortcode_before_top_bar":"","ocean_shortcode_after_top_bar":"","ocean_shortcode_before_header":"","ocean_shortcode_after_header":"","ocean_has_shortcode":"","ocean_shortcode_after_title":"","ocean_shortcode_before_footer_widgets":"","ocean_shortcode_after_footer_widgets":"","ocean_shortcode_before_footer_bottom":"","ocean_shortcode_after_footer_bottom":"","ocean_display_top_bar":"default","ocean_display_header":"default","ocean_header_style":"","ocean_center_header_left_menu":"","ocean_custom_header_template":"","ocean_custom_logo":0,"ocean_custom_retina_logo":0,"ocean_custom_logo_max_width":0,"ocean_custom_logo_tablet_max_width":0,"ocean_custom_logo_mobile_max_width":0,"ocean_custom_logo_max_height":0,"ocean_custom_logo_tablet_max_height":0,"ocean_custom_logo_mobile_max_height":0,"ocean_header_custom_menu":"","ocean_menu_typo_font_family":"","ocean_menu_typo_font_subset":"","ocean_menu_typo_font_size":0,"ocean_menu_typo_font_size_tablet":0,"ocean_menu_typo_font_size_mobile":0,"ocean_menu_typo_font_size_unit":"px","ocean_menu_typo_font_weight":"","ocean_menu_typo_font_weight_tablet":"","ocean_menu_typo_font_weight_mobile":"","ocean_menu_typo_transform":"","ocean_menu_typo_transform_tablet":"","ocean_menu_typo_transform_mobile":"","ocean_menu_typo_line_height":0,"ocean_menu_typo_line_height_tablet":0,"ocean_menu_typo_line_height_mobile":0,"ocean_menu_typo_line_height_unit":"","ocean_menu_typo_spacing":0,"ocean_menu_typo_spacing_tablet":0,"ocean_menu_typo_spacing_mobile":0,"ocean_menu_typo_spacing_unit":"","ocean_menu_link_color":"","ocean_menu_link_color_hover":"","ocean_menu_link_color_active":"","ocean_menu_link_background":"","ocean_menu_link_hover_background":"","ocean_menu_link_active_background":"","ocean_menu_social_links_bg":"","ocean_menu_social_hover_links_bg":"","ocean_menu_social_links_color":"","ocean_menu_social_hover_links_color":"","ocean_disable_title":"default","ocean_disable_heading":"default","ocean_post_title":"","ocean_post_subheading":"","ocean_post_title_style":"","ocean_post_title_background_color":"","ocean_post_title_background":0,"ocean_post_title_bg_image_position":"","ocean_post_title_bg_image_attachment":"","ocean_post_title_bg_image_repeat":"","ocean_post_title_bg_image_size":"","ocean_post_title_height":0,"ocean_post_title_bg_overlay":0.5,"ocean_post_title_bg_overlay_color":"","ocean_disable_breadcrumbs":"default","ocean_breadcrumbs_color":"","ocean_breadcrumbs_separator_color":"","ocean_breadcrumbs_links_color":"","ocean_breadcrumbs_links_hover_color":"","ocean_display_footer_widgets":"default","ocean_display_footer_bottom":"default","ocean_custom_footer_template":"","footnotes":"","_links_to":"","_links_to_target":""},"class_list":["post-164","page","type-page","status-publish","hentry","entry"],"_links":{"self":[{"href":"https:\/\/sites.usp.br\/fpgch\/wp-json\/wp\/v2\/pages\/164","targetHints":{"allow":["GET"]}}],"collection":[{"href":"https:\/\/sites.usp.br\/fpgch\/wp-json\/wp\/v2\/pages"}],"about":[{"href":"https:\/\/sites.usp.br\/fpgch\/wp-json\/wp\/v2\/types\/page"}],"author":[{"embeddable":true,"href":"https:\/\/sites.usp.br\/fpgch\/wp-json\/wp\/v2\/users\/24422"}],"replies":[{"embeddable":true,"href":"https:\/\/sites.usp.br\/fpgch\/wp-json\/wp\/v2\/comments?post=164"}],"version-history":[{"count":4,"href":"https:\/\/sites.usp.br\/fpgch\/wp-json\/wp\/v2\/pages\/164\/revisions"}],"predecessor-version":[{"id":477,"href":"https:\/\/sites.usp.br\/fpgch\/wp-json\/wp\/v2\/pages\/164\/revisions\/477"}],"wp:attachment":[{"href":"https:\/\/sites.usp.br\/fpgch\/wp-json\/wp\/v2\/media?parent=164"}],"curies":[{"name":"wp","href":"https:\/\/api.w.org\/{rel}","templated":true}]}}