{"id":15,"date":"2013-11-21T18:33:04","date_gmt":"2013-11-21T18:33:04","guid":{"rendered":"http:\/\/sites.usp.brfsp\/?page_id=15"},"modified":"2013-12-15T18:17:45","modified_gmt":"2013-12-15T20:17:45","slug":"cursos","status":"publish","type":"page","link":"https:\/\/sites.usp.br\/fsp\/en\/cursos\/","title":{"rendered":"Courses"},"content":{"rendered":"<p><\/p>\n<h5>Courses offered in the Faculty of the Public Health in the following levels:<\/h5>\n<p><a href=\"http:\/\/sites.usp.br\/fsp\/wp-content\/uploads\/sites\/3\/2013\/12\/intra4.jpg\"><img loading=\"lazy\" decoding=\"async\" class=\"wp-image-1128 alignright\" alt=\"intra4\" src=\"http:\/\/sites.usp.br\/fsp\/wp-content\/uploads\/sites\/3\/2013\/12\/intra4.jpg\" width=\"351\" height=\"117\" \/><\/a><a title=\"Gradua\u00e7\u00e3o\" href=\"http:\/\/sites.usp.br\/fsp\/en\/cursos\/estudante\/\"><strong><span style=\"color: #0000ff\">Undergraduate<\/span><\/strong><\/a><\/p>\n<p><a title=\"P\u00f3s-gradua\u00e7\u00e3o\" href=\"http:\/\/sites.usp.br\/fsp\/en\/pos-graduacao\/\"><span style=\"color: #0000ff\"><strong>Graduate<\/strong><\/span><\/a><\/p>\n<p><a title=\"Especializa\u00e7\u00e3o\" href=\"http:\/\/sites.usp.br\/fsp\/en\/cursos\/especializacao\/\"><strong><span style=\"color: #0000ff\">Specialization<\/span><\/strong><\/a><\/p>\n<p>&nbsp;<\/p>","protected":false},"excerpt":{"rendered":"<p>Courses offered in the Faculty of the Public Health in the following levels: Undergraduate Graduate Specialization &nbsp;<\/p>\n","protected":false},"author":1,"featured_media":0,"parent":0,"menu_order":7,"comment_status":"closed","ping_status":"closed","template":"","meta":{"footnotes":"","_links_to":"","_links_to_target":""},"class_list":["post-15","page","type-page","status-publish","hentry"],"_links":{"self":[{"href":"https:\/\/sites.usp.br\/fsp\/en\/wp-json\/wp\/v2\/pages\/15","targetHints":{"allow":["GET"]}}],"collection":[{"href":"https:\/\/sites.usp.br\/fsp\/en\/wp-json\/wp\/v2\/pages"}],"about":[{"href":"https:\/\/sites.usp.br\/fsp\/en\/wp-json\/wp\/v2\/types\/page"}],"author":[{"embeddable":true,"href":"https:\/\/sites.usp.br\/fsp\/en\/wp-json\/wp\/v2\/users\/1"}],"replies":[{"embeddable":true,"href":"https:\/\/sites.usp.br\/fsp\/en\/wp-json\/wp\/v2\/comments?post=15"}],"version-history":[{"count":6,"href":"https:\/\/sites.usp.br\/fsp\/en\/wp-json\/wp\/v2\/pages\/15\/revisions"}],"predecessor-version":[{"id":1343,"href":"https:\/\/sites.usp.br\/fsp\/en\/wp-json\/wp\/v2\/pages\/15\/revisions\/1343"}],"wp:attachment":[{"href":"https:\/\/sites.usp.br\/fsp\/en\/wp-json\/wp\/v2\/media?parent=15"}],"curies":[{"name":"wp","href":"https:\/\/api.w.org\/{rel}","templated":true}]}}