{"id":1474,"date":"2014-04-29T17:14:00","date_gmt":"2014-04-29T19:14:00","guid":{"rendered":"http:\/\/sites.usp.br\/fsp\/?page_id=1474"},"modified":"2015-12-22T11:00:34","modified_gmt":"2015-12-22T13:00:34","slug":"guia-estrangeiro","status":"publish","type":"page","link":"https:\/\/sites.usp.br\/fsp\/es\/guia-estrangeiro\/","title":{"rendered":"(Portugu\u00eas) Guia do Estrangeiro"},"content":{"rendered":"<p class=\"qtranxs-available-languages-message qtranxs-available-languages-message-es\">Disculpa, pero esta entrada est\u00e1 disponible s\u00f3lo en <a href=\"https:\/\/sites.usp.br\/fsp\/pt\/wp-json\/wp\/v2\/pages\/1474\" class=\"qtranxs-available-language-link qtranxs-available-language-link-pt\" title=\"Portugu\u00eas\">Portugu\u00eas<\/a> y <a href=\"https:\/\/sites.usp.br\/fsp\/en\/wp-json\/wp\/v2\/pages\/1474\" class=\"qtranxs-available-language-link qtranxs-available-language-link-en\" title=\"English\">English<\/a>.<\/p>","protected":false},"excerpt":{"rendered":"<p>Disculpa, pero esta entrada est\u00e1 disponible s\u00f3lo en Portugu\u00eas y English.<\/p>\n","protected":false},"author":34,"featured_media":0,"parent":0,"menu_order":0,"comment_status":"open","ping_status":"open","template":"","meta":{"footnotes":"","_links_to":"","_links_to_target":""},"class_list":["post-1474","page","type-page","status-publish","hentry"],"_links":{"self":[{"href":"https:\/\/sites.usp.br\/fsp\/es\/wp-json\/wp\/v2\/pages\/1474","targetHints":{"allow":["GET"]}}],"collection":[{"href":"https:\/\/sites.usp.br\/fsp\/es\/wp-json\/wp\/v2\/pages"}],"about":[{"href":"https:\/\/sites.usp.br\/fsp\/es\/wp-json\/wp\/v2\/types\/page"}],"author":[{"embeddable":true,"href":"https:\/\/sites.usp.br\/fsp\/es\/wp-json\/wp\/v2\/users\/34"}],"replies":[{"embeddable":true,"href":"https:\/\/sites.usp.br\/fsp\/es\/wp-json\/wp\/v2\/comments?post=1474"}],"version-history":[{"count":2,"href":"https:\/\/sites.usp.br\/fsp\/es\/wp-json\/wp\/v2\/pages\/1474\/revisions"}],"predecessor-version":[{"id":1499,"href":"https:\/\/sites.usp.br\/fsp\/es\/wp-json\/wp\/v2\/pages\/1474\/revisions\/1499"}],"wp:attachment":[{"href":"https:\/\/sites.usp.br\/fsp\/es\/wp-json\/wp\/v2\/media?parent=1474"}],"curies":[{"name":"wp","href":"https:\/\/api.w.org\/{rel}","templated":true}]}}