{"id":320,"date":"2013-11-29T16:58:30","date_gmt":"2013-11-29T18:58:30","guid":{"rendered":"http:\/\/sites.usp.br\/fsp\/?page_id=320"},"modified":"2013-12-15T18:21:25","modified_gmt":"2013-12-15T20:21:25","slug":"saude-global-e-sustentabilidade","status":"publish","type":"page","link":"https:\/\/sites.usp.br\/fsp\/es\/saude-global-e-sustentabilidade\/","title":{"rendered":"Salud Global e Sostenibilidad"},"content":{"rendered":"<p class=\"qtranxs-available-languages-message qtranxs-available-languages-message-es\">Disculpa, pero esta entrada est\u00e1 disponible s\u00f3lo en <a href=\"https:\/\/sites.usp.br\/fsp\/pt\/wp-json\/wp\/v2\/pages\/320\" class=\"qtranxs-available-language-link qtranxs-available-language-link-pt\" title=\"Portugu\u00eas\">Portugu\u00eas<\/a> y <a href=\"https:\/\/sites.usp.br\/fsp\/en\/wp-json\/wp\/v2\/pages\/320\" class=\"qtranxs-available-language-link qtranxs-available-language-link-en\" title=\"English\">English<\/a>.<\/p>","protected":false},"excerpt":{"rendered":"<p>Disculpa, pero esta entrada est\u00e1 disponible s\u00f3lo en Portugu\u00eas y English.<\/p>\n","protected":false},"author":2,"featured_media":0,"parent":0,"menu_order":2,"comment_status":"closed","ping_status":"closed","template":"","meta":{"footnotes":"","_links_to":"","_links_to_target":""},"class_list":["post-320","page","type-page","status-publish","hentry"],"_links":{"self":[{"href":"https:\/\/sites.usp.br\/fsp\/es\/wp-json\/wp\/v2\/pages\/320","targetHints":{"allow":["GET"]}}],"collection":[{"href":"https:\/\/sites.usp.br\/fsp\/es\/wp-json\/wp\/v2\/pages"}],"about":[{"href":"https:\/\/sites.usp.br\/fsp\/es\/wp-json\/wp\/v2\/types\/page"}],"author":[{"embeddable":true,"href":"https:\/\/sites.usp.br\/fsp\/es\/wp-json\/wp\/v2\/users\/2"}],"replies":[{"embeddable":true,"href":"https:\/\/sites.usp.br\/fsp\/es\/wp-json\/wp\/v2\/comments?post=320"}],"version-history":[{"count":7,"href":"https:\/\/sites.usp.br\/fsp\/es\/wp-json\/wp\/v2\/pages\/320\/revisions"}],"predecessor-version":[{"id":1345,"href":"https:\/\/sites.usp.br\/fsp\/es\/wp-json\/wp\/v2\/pages\/320\/revisions\/1345"}],"wp:attachment":[{"href":"https:\/\/sites.usp.br\/fsp\/es\/wp-json\/wp\/v2\/media?parent=320"}],"curies":[{"name":"wp","href":"https:\/\/api.w.org\/{rel}","templated":true}]}}