{"id":52,"date":"2013-11-25T09:26:44","date_gmt":"2013-11-25T11:26:44","guid":{"rendered":"http:\/\/sites.usp.br\/fsp\/?page_id=52"},"modified":"2018-06-29T13:27:10","modified_gmt":"2018-06-29T15:27:10","slug":"localizacao","status":"publish","type":"page","link":"https:\/\/sites.usp.br\/fsp\/es\/localizacao\/","title":{"rendered":"Ubicaci\u00f3n"},"content":{"rendered":"<p><\/p>\n<table border=\"0\" width=\"100%\" cellpadding=\"10\">\n<tbody>\n<tr>\n<td valign=\"top\" width=\"50%\">\n<h5>Nuestra Ubicaci\u00f3n<\/h5>\n<h6><strong>Toda la correspondencia debe ser dirigida al sector espec\u00edfico para:<\/strong><\/h6>\n<ul>\n<li><strong>Avenida Doutor Arnaldo, 715<\/strong><\/li>\n<li><strong>Cerqueira C\u00e9sar &#8211; S\u00e3o Paulo &#8211; SP<\/strong><\/li>\n<li><strong>CEP 01246-904<\/strong><\/li>\n<li><strong>Brasil<\/strong><\/li>\n<\/ul>\n<\/td>\n<td valign=\"top\" width=\"50%\"><iframe loading=\"lazy\" width=\"400\" height=\"300\" frameborder=\"0\" scrolling=\"no\" marginheight=\"0\" marginwidth=\"0\" src=\"https:\/\/maps.google.com.br\/maps?q=Faculdade+Sa%C3%BAde+P%C3%BAblica+Usp+-+Avenida+Doutor+Arnaldo,+S%C3%A3o+Paulo&amp;ie=UTF8&amp;t=m&amp;hq=Faculdade+Sa%C3%BAde+P%C3%BAblica+Usp+-+Avenida+Doutor+Arnaldo,+S%C3%A3o+Paulo&amp;z=161&amp;output=embed\"><\/iframe><a href=\"https:\/\/www.google.com\/maps?f=q&amp;source=embed&amp;hl=pt-BR&amp;geocode=&amp;q=Av.+Dr.+Arnaldo,+715,+S%C3%A3o+Paulo,+Rep%C3%BAblica+Federativa+do+Brasil&amp;aq=&amp;sll=-23.550402,-46.660997&amp;sspn=0.043668,0.057936&amp;ie=UTF8&amp;hq=&amp;hnear=Av.+Dr.+Arnaldo,+715+-+Consola%C3%A7%C3%A3o,+S%C3%A3o+Paulo,+01255-000,+Rep%C3%BAblica+Federativa+do+Brasil&amp;t=m&amp;z=14&amp;ll=-23.553145,-46.673357\" target=\"_blank\" rel=\"noopener noreferrer\">Obtener el mapa ampliado<\/a><\/td>\n<\/tr>\n<\/tbody>\n<\/table>\n<table border=\"0\" width=\"100%\" cellpadding=\"10\">\n<tbody>\n<tr>\n<td valign=\"top\" width=\"50%\">\n<h6>Para el contacto directo por Correo Electr\u00f3nico<\/h6>\n<p><strong style=\"line-height: 1.5\">Departamento de<\/strong><strong>Salud Ambiental<\/strong><br \/>\nE-mail: <a href=\"mailto:hsa@fsp.usp.br\">hsa@fsp.usp.br<\/a><\/p>\n<p><strong style=\"line-height: 1.5\">Departamento de <\/strong><strong>Epidemiologia <\/strong><br \/>\nEmail: <a href=\"mailto:hep@fsp.usp.br\">hep@fsp.usp.br<\/a><\/p>\n<p><strong style=\"line-height: 1.5\">Departamento de <\/strong><strong>Salud Materno-Infantil<\/strong><br \/>\nEmail: <a href=\"mailto:hsm@fsp.usp.br\">hsm@fsp.usp.br<\/a> or <a href=\"mailto:hsmcpg@fsp.usp.br\">hsmcpg@fsp.usp.br<\/a><\/p>\n<p><strong>Departamento de Nutrici\u00f3n<\/strong><br \/>\nEmail: <a href=\"mailto:hnt@fsp.usp.br\">hnt@fsp.usp.br<\/a><\/p>\n<p><strong>Departamento de Pr\u00e1ctica de Salud P\u00fablica<\/strong><br \/>\nEmail: <a href=\"mailto:hsp@fsp.usp.br\">hsp@fsp.usp.br<\/a><\/td>\n<td valign=\"top\" width=\"50%\"><strong>Secretar\u00eda de la Comisi\u00f3n de Investigaci\u00f3n<\/strong><br \/>\nE-mail: <a href=\"mailto:cpq@fsp.usp.br\">cpq@fsp.usp.br<\/a><\/p>\n<p><strong>Secretar\u00eda de la Comisi\u00f3n de Postgrado<br \/>\n<\/strong>Email: <a href=\"mailto:posgrad@fsp.usp.br\">posgrad@fsp.usp.br<\/a><\/p>\n<p><strong>Comisi\u00f3n de Relaciones Internacionales<\/strong><br \/>\nEmail:\u00a0<a href=\"mailto:crint@usp.br\">crint@usp.br<\/a><\/p>\n<p><strong>Programa de Postgrado en Salud P\u00fablica<\/strong><br \/>\nEmail: <a href=\"mailto:ppg.saudepubli@usp.br\">ppg.saudepubli@usp.br<\/a><\/p>\n<p><strong>Programa de Postgrado en Nutrici\u00f3n y Salud P\u00fablica<br \/>\n<\/strong>Email: <a href=\"mailto:ppg.nutrifsp@usp.br\">ppg.nutrifsp@usp.br<\/a><\/p>\n<p><strong>Maestr\u00eda Profesional en Medio Ambiente, Salud y Sostenibilidad<\/strong><br \/>\nEmail: <a href=\"mailto:ppg.mproasas@usp.br\">ppg.mproasas@usp.br<\/a><\/p>\n<p><strong>Programa de Salud Global y Sostenibilidad <\/strong><br \/>\nEmail: <a href=\"mailto:saudeglobal@fsp.usp.br\">saudeglobal@fsp.usp.br<\/a><\/td>\n<\/tr>\n<\/tbody>\n<\/table>\n<p><\/p>","protected":false},"excerpt":{"rendered":"<p>Nuestra Ubicaci\u00f3n Toda la correspondencia debe ser dirigida al sector espec\u00edfico para: Avenida Doutor Arnaldo, 715 Cerqueira C\u00e9sar &#8211; S\u00e3o Paulo &#8211; SP CEP 01246-904 Brasil Obtener el mapa ampliado Para el contacto directo por Correo Electr\u00f3nico Departamento deSalud Ambiental E-mail: hsa@fsp.usp.br Departamento de Epidemiologia Email: hep@fsp.usp.br Departamento de Salud Materno-Infantil Email: hsm@fsp.usp.br or hsmcpg@fsp.usp.br [&hellip;]<\/p>\n","protected":false},"author":1,"featured_media":0,"parent":0,"menu_order":1,"comment_status":"closed","ping_status":"closed","template":"","meta":{"footnotes":"","_links_to":"","_links_to_target":""},"class_list":["post-52","page","type-page","status-publish","hentry"],"_links":{"self":[{"href":"https:\/\/sites.usp.br\/fsp\/es\/wp-json\/wp\/v2\/pages\/52","targetHints":{"allow":["GET"]}}],"collection":[{"href":"https:\/\/sites.usp.br\/fsp\/es\/wp-json\/wp\/v2\/pages"}],"about":[{"href":"https:\/\/sites.usp.br\/fsp\/es\/wp-json\/wp\/v2\/types\/page"}],"author":[{"embeddable":true,"href":"https:\/\/sites.usp.br\/fsp\/es\/wp-json\/wp\/v2\/users\/1"}],"replies":[{"embeddable":true,"href":"https:\/\/sites.usp.br\/fsp\/es\/wp-json\/wp\/v2\/comments?post=52"}],"version-history":[{"count":7,"href":"https:\/\/sites.usp.br\/fsp\/es\/wp-json\/wp\/v2\/pages\/52\/revisions"}],"predecessor-version":[{"id":1530,"href":"https:\/\/sites.usp.br\/fsp\/es\/wp-json\/wp\/v2\/pages\/52\/revisions\/1530"}],"wp:attachment":[{"href":"https:\/\/sites.usp.br\/fsp\/es\/wp-json\/wp\/v2\/media?parent=52"}],"curies":[{"name":"wp","href":"https:\/\/api.w.org\/{rel}","templated":true}]}}