{"id":54,"date":"2013-11-25T09:27:12","date_gmt":"2013-11-25T11:27:12","guid":{"rendered":"http:\/\/sites.usp.br\/fsp\/?page_id=54"},"modified":"2019-11-19T20:24:42","modified_gmt":"2019-11-19T22:24:42","slug":"biblioteca","status":"publish","type":"page","link":"https:\/\/sites.usp.br\/fsp\/es\/biblioteca\/","title":{"rendered":"Biblioteca"},"content":{"rendered":"<p><div id=\"attachment_1171\" style=\"width: 298px\" class=\"wp-caption alignright\"><a href=\"http:\/\/sites.usp.br\/fsp\/wp-content\/uploads\/sites\/3\/2013\/12\/nv-034.jpg\"><img loading=\"lazy\" decoding=\"async\" aria-describedby=\"caption-attachment-1171\" class=\" wp-image-1171  \" title=\"Vista da Biblioteca\" alt=\"nv 034\" src=\"http:\/\/sites.usp.br\/fsp\/wp-content\/uploads\/sites\/3\/2013\/12\/nv-034.jpg\" width=\"288\" height=\"216\" \/><\/a><p id=\"caption-attachment-1171\" class=\"wp-caption-text\">Vista interna de la Biblioteca de la Facultad<\/p><\/div><\/p>","protected":false},"excerpt":{"rendered":"<p>Disculpa, pero esta entrada est\u00e1 disponible s\u00f3lo en Portugu\u00eas y English.<\/p>\n","protected":false},"author":1,"featured_media":0,"parent":0,"menu_order":2,"comment_status":"closed","ping_status":"closed","template":"","meta":{"footnotes":"","_links_to":"","_links_to_target":""},"class_list":["post-54","page","type-page","status-publish","hentry"],"_links":{"self":[{"href":"https:\/\/sites.usp.br\/fsp\/es\/wp-json\/wp\/v2\/pages\/54","targetHints":{"allow":["GET"]}}],"collection":[{"href":"https:\/\/sites.usp.br\/fsp\/es\/wp-json\/wp\/v2\/pages"}],"about":[{"href":"https:\/\/sites.usp.br\/fsp\/es\/wp-json\/wp\/v2\/types\/page"}],"author":[{"embeddable":true,"href":"https:\/\/sites.usp.br\/fsp\/es\/wp-json\/wp\/v2\/users\/1"}],"replies":[{"embeddable":true,"href":"https:\/\/sites.usp.br\/fsp\/es\/wp-json\/wp\/v2\/comments?post=54"}],"version-history":[{"count":5,"href":"https:\/\/sites.usp.br\/fsp\/es\/wp-json\/wp\/v2\/pages\/54\/revisions"}],"predecessor-version":[{"id":1570,"href":"https:\/\/sites.usp.br\/fsp\/es\/wp-json\/wp\/v2\/pages\/54\/revisions\/1570"}],"wp:attachment":[{"href":"https:\/\/sites.usp.br\/fsp\/es\/wp-json\/wp\/v2\/media?parent=54"}],"curies":[{"name":"wp","href":"https:\/\/api.w.org\/{rel}","templated":true}]}}