{"id":71,"date":"2013-11-25T09:37:17","date_gmt":"2013-11-25T11:37:17","guid":{"rendered":"http:\/\/sites.usp.br\/fsp\/?page_id=71"},"modified":"2019-11-19T19:37:54","modified_gmt":"2019-11-19T21:37:54","slug":"hcv-2","status":"publish","type":"page","link":"https:\/\/sites.usp.br\/fsp\/es\/departamentos\/hcv-2\/","title":{"rendered":"Departamento de Salud, Ciclos de Vida y Sociedad"},"content":{"rendered":"<p class=\"qtranxs-available-languages-message qtranxs-available-languages-message-es\">Disculpa, pero esta entrada est\u00e1 disponible s\u00f3lo en <a href=\"https:\/\/sites.usp.br\/fsp\/pt\/wp-json\/wp\/v2\/pages\/71\" class=\"qtranxs-available-language-link qtranxs-available-language-link-pt\" title=\"Portugu\u00eas\">Portugu\u00eas<\/a> y <a href=\"https:\/\/sites.usp.br\/fsp\/en\/wp-json\/wp\/v2\/pages\/71\" class=\"qtranxs-available-language-link qtranxs-available-language-link-en\" title=\"English\">English<\/a>.<\/p>","protected":false},"excerpt":{"rendered":"<p>Disculpa, pero esta entrada est\u00e1 disponible s\u00f3lo en Portugu\u00eas y English.<\/p>\n","protected":false},"author":1,"featured_media":0,"parent":20,"menu_order":2,"comment_status":"closed","ping_status":"closed","template":"","meta":{"footnotes":"","_links_to":"","_links_to_target":""},"class_list":["post-71","page","type-page","status-publish","hentry"],"_links":{"self":[{"href":"https:\/\/sites.usp.br\/fsp\/es\/wp-json\/wp\/v2\/pages\/71","targetHints":{"allow":["GET"]}}],"collection":[{"href":"https:\/\/sites.usp.br\/fsp\/es\/wp-json\/wp\/v2\/pages"}],"about":[{"href":"https:\/\/sites.usp.br\/fsp\/es\/wp-json\/wp\/v2\/types\/page"}],"author":[{"embeddable":true,"href":"https:\/\/sites.usp.br\/fsp\/es\/wp-json\/wp\/v2\/users\/1"}],"replies":[{"embeddable":true,"href":"https:\/\/sites.usp.br\/fsp\/es\/wp-json\/wp\/v2\/comments?post=71"}],"version-history":[{"count":6,"href":"https:\/\/sites.usp.br\/fsp\/es\/wp-json\/wp\/v2\/pages\/71\/revisions"}],"predecessor-version":[{"id":1560,"href":"https:\/\/sites.usp.br\/fsp\/es\/wp-json\/wp\/v2\/pages\/71\/revisions\/1560"}],"up":[{"embeddable":true,"href":"https:\/\/sites.usp.br\/fsp\/es\/wp-json\/wp\/v2\/pages\/20"}],"wp:attachment":[{"href":"https:\/\/sites.usp.br\/fsp\/es\/wp-json\/wp\/v2\/media?parent=71"}],"curies":[{"name":"wp","href":"https:\/\/api.w.org\/{rel}","templated":true}]}}