{"id":73,"date":"2013-11-25T09:37:46","date_gmt":"2013-11-25T11:37:46","guid":{"rendered":"http:\/\/sites.usp.br\/fsp\/?page_id=73"},"modified":"2019-11-19T19:38:30","modified_gmt":"2019-11-19T21:38:30","slug":"nutricao","status":"publish","type":"page","link":"https:\/\/sites.usp.br\/fsp\/es\/departamentos\/nutricao\/","title":{"rendered":"Nutrici\u00f3n"},"content":{"rendered":"<p>Esta p\u00e1gina est\u00e1 en construci\u00f3n<\/p>","protected":false},"excerpt":{"rendered":"<p>Esta p\u00e1gina est\u00e1 en construci\u00f3n<\/p>\n","protected":false},"author":1,"featured_media":0,"parent":20,"menu_order":3,"comment_status":"closed","ping_status":"closed","template":"","meta":{"footnotes":"","_links_to":"","_links_to_target":""},"class_list":["post-73","page","type-page","status-publish","hentry"],"_links":{"self":[{"href":"https:\/\/sites.usp.br\/fsp\/es\/wp-json\/wp\/v2\/pages\/73","targetHints":{"allow":["GET"]}}],"collection":[{"href":"https:\/\/sites.usp.br\/fsp\/es\/wp-json\/wp\/v2\/pages"}],"about":[{"href":"https:\/\/sites.usp.br\/fsp\/es\/wp-json\/wp\/v2\/types\/page"}],"author":[{"embeddable":true,"href":"https:\/\/sites.usp.br\/fsp\/es\/wp-json\/wp\/v2\/users\/1"}],"replies":[{"embeddable":true,"href":"https:\/\/sites.usp.br\/fsp\/es\/wp-json\/wp\/v2\/comments?post=73"}],"version-history":[{"count":5,"href":"https:\/\/sites.usp.br\/fsp\/es\/wp-json\/wp\/v2\/pages\/73\/revisions"}],"predecessor-version":[{"id":1563,"href":"https:\/\/sites.usp.br\/fsp\/es\/wp-json\/wp\/v2\/pages\/73\/revisions\/1563"}],"up":[{"embeddable":true,"href":"https:\/\/sites.usp.br\/fsp\/es\/wp-json\/wp\/v2\/pages\/20"}],"wp:attachment":[{"href":"https:\/\/sites.usp.br\/fsp\/es\/wp-json\/wp\/v2\/media?parent=73"}],"curies":[{"name":"wp","href":"https:\/\/api.w.org\/{rel}","templated":true}]}}