{"id":106,"date":"2013-11-25T14:58:13","date_gmt":"2013-11-25T16:58:13","guid":{"rendered":"http:\/\/sites.usp.br\/fsp\/?page_id=106"},"modified":"2019-11-19T18:44:01","modified_gmt":"2019-11-19T20:44:01","slug":"faculdade-de-saude-publica","status":"publish","type":"page","link":"https:\/\/sites.usp.br\/fsp\/faculdade-de-saude-publica\/","title":{"rendered":"Faculdade de Sa\u00fade P\u00fablica"},"content":{"rendered":"<p><div id=\"attachment_107\" style=\"width: 416px\" class=\"wp-caption alignright\"><a href=\"http:\/\/sites.usp.br\/fsp\/wp-content\/uploads\/sites\/3\/2013\/11\/saude-publica.jpg\"><img loading=\"lazy\" decoding=\"async\" aria-describedby=\"caption-attachment-107\" class=\" wp-image-107 \" style=\"margin-top: 48px; margin-bottom: 24px;\" title=\"Edif\u00edcio principal da Faculdade de Sa\u00fade P\u00fablica\" src=\"http:\/\/sites.usp.br\/fsp\/wp-content\/uploads\/sites\/3\/2013\/11\/saude-publica.jpg\" alt=\"Faculdade de Sa\u00fade P\u00fablica\" width=\"406\" height=\"243\" srcset=\"https:\/\/sites.usp.br\/fsp\/wp-content\/uploads\/sites\/3\/2013\/11\/saude-publica.jpg 500w, https:\/\/sites.usp.br\/fsp\/wp-content\/uploads\/sites\/3\/2013\/11\/saude-publica-300x180.jpg 300w\" sizes=\"auto, (max-width: 406px) 100vw, 406px\" \/><\/a><p id=\"caption-attachment-107\" class=\"wp-caption-text\">Vista da fachada do edif\u00edcio principal da Faculdade de Sa\u00fade P\u00fablica<\/p><\/div><\/p>\n<p><span style=\"color: #888888;\"><strong>Bem-vindo a Faculdade de Sa\u00fade P\u00fablica<\/strong><\/span><\/p>\n<p style=\"text-align: justify;\">Fundada em 1918, a Faculdade de Sa\u00fade P\u00fablica da Universidade de S\u00e3o Paulo, um centro de refer\u00eancia nacional e internacional no campo da Sa\u00fade P\u00fablica, tem a miss\u00e3o de produzir e disseminar conhecimentos e formar recursos humanos em Sa\u00fade P\u00fablica e Nutri\u00e7\u00e3o atrav\u00e9s de ensino, pesquisa e extens\u00e3o, contribuindo para a melhoria das condi\u00e7\u00f5es de sa\u00fade da popula\u00e7\u00e3o e formula\u00e7\u00e3o de pol\u00edticas p\u00fablicas em sa\u00fade.<\/p>\n<p style=\"text-align: justify;\">A Faculdade de Sa\u00fade P\u00fablica \u00e9 constitu\u00edda por cinco Departamentos: Sa\u00fade Ambiental, Epidemiologia, Sa\u00fade Materno Infantil, Nutri\u00e7\u00e3o, e Pr\u00e1tica de Sa\u00fade P\u00fablica. A Faculdade \u00e9 respons\u00e1vel por dois cursos de gradua\u00e7\u00e3o: Sa\u00fade P\u00fablica, e Nutri\u00e7\u00e3o. Oferece tamb\u00e9m oportunidades de p\u00f3s-gradua\u00e7\u00e3o em quatro Programas: Sa\u00fade P\u00fablica, Nutri\u00e7\u00e3o, Sa\u00fade Global e Sustentabilidade, e Ambiente, Sa\u00fade e Sustentabilidade. Dezenas de cursos de especializa\u00e7\u00e3o s\u00e3o tamb\u00e9m oferecidos em seu tradicional Programa de ver\u00e3o.<\/p>\n<p style=\"text-align: center;\"><strong>Veja vers\u00e3o completa do nosso site institucional em: <a href=\"https:\/\/www.fsp.usp.br\/site\/\">www.fsp.usp.br<\/a><\/strong><\/p>\n<p><\/p>","protected":false},"excerpt":{"rendered":"<p>Bem-vindo a Faculdade de Sa\u00fade P\u00fablica Fundada em 1918, a Faculdade de Sa\u00fade P\u00fablica da Universidade de S\u00e3o Paulo, um centro de refer\u00eancia nacional e internacional no campo da Sa\u00fade P\u00fablica, tem a miss\u00e3o de produzir e disseminar conhecimentos e formar recursos humanos em Sa\u00fade P\u00fablica e Nutri\u00e7\u00e3o atrav\u00e9s de ensino, pesquisa e extens\u00e3o, contribuindo [&hellip;]<\/p>\n","protected":false},"author":1,"featured_media":0,"parent":0,"menu_order":3,"comment_status":"closed","ping_status":"closed","template":"","meta":{"footnotes":"","_links_to":"","_links_to_target":""},"class_list":["post-106","page","type-page","status-publish","hentry"],"_links":{"self":[{"href":"https:\/\/sites.usp.br\/fsp\/wp-json\/wp\/v2\/pages\/106","targetHints":{"allow":["GET"]}}],"collection":[{"href":"https:\/\/sites.usp.br\/fsp\/wp-json\/wp\/v2\/pages"}],"about":[{"href":"https:\/\/sites.usp.br\/fsp\/wp-json\/wp\/v2\/types\/page"}],"author":[{"embeddable":true,"href":"https:\/\/sites.usp.br\/fsp\/wp-json\/wp\/v2\/users\/1"}],"replies":[{"embeddable":true,"href":"https:\/\/sites.usp.br\/fsp\/wp-json\/wp\/v2\/comments?post=106"}],"version-history":[{"count":6,"href":"https:\/\/sites.usp.br\/fsp\/wp-json\/wp\/v2\/pages\/106\/revisions"}],"predecessor-version":[{"id":1551,"href":"https:\/\/sites.usp.br\/fsp\/wp-json\/wp\/v2\/pages\/106\/revisions\/1551"}],"wp:attachment":[{"href":"https:\/\/sites.usp.br\/fsp\/wp-json\/wp\/v2\/media?parent=106"}],"curies":[{"name":"wp","href":"https:\/\/api.w.org\/{rel}","templated":true}]}}