{"id":1470,"date":"2014-04-29T17:05:00","date_gmt":"2014-04-29T19:05:00","guid":{"rendered":"http:\/\/sites.usp.br\/fsp\/?page_id=1470"},"modified":"2018-06-06T15:35:29","modified_gmt":"2018-06-06T17:35:29","slug":"sobre-comissao","status":"publish","type":"page","link":"https:\/\/sites.usp.br\/fsp\/sobre-comissao\/","title":{"rendered":"Sobre a Comiss\u00e3o"},"content":{"rendered":"<p>A atual Comiss\u00e3o foi criada atrav\u00e9s de Portaria Diretor FSP-USP (06\/06\/2018), seguindo as diretrizes da da USP. \u00c9 composta por 6 (seis) membros sendo: 5 servidores docentes indicados pela Diretoria (incluindo-se o Presidente e o Vice-Presidente) e 1 servidor especialmente designado.<\/p>\n<h4><span style=\"color: #ff6600\">Objetivos:<\/span><\/h4>\n<p>Na qualidade de agente facilitador a CRInt-FSP busca:<\/p>\n<ul>\n<li>Fortalecer, apoiar e impulsionar a diretriz de internacionaliza\u00e7\u00e3o implementada pelo Plano Acad\u00eamico Institucional;<\/li>\n<li>Incentivar a internacionaliza\u00e7\u00e3o da FSP-USP;<\/li>\n<li>Planejamento de Metas e Estrat\u00e9gias a serem alcan\u00e7adas e seu feed back;<\/li>\n<li>Orientar e promover a formaliza\u00e7\u00e3o de conv\u00eanios acad\u00eamicos e de pesquisa;<\/li>\n<li>Buscar fontes de financiamento para a\u00e7\u00f5es de internacionaliza\u00e7\u00e3o;<\/li>\n<li>Manter mapeamento sistem\u00e1tico das a\u00e7\u00f5es internacionais da FSP-USP.<\/li>\n<\/ul>\n<h4><span style=\"color: #ff6600\">Membros:<\/span><\/h4>\n<ul>\n<li><span style=\"color: #339966\">Professora Dra. Claudia Roberto de Castro Moreno<\/span>\u00a0|\u00a0Presidente<\/li>\n<li><span style=\"color: #339966\">Professor Dr. Fredi Alexander Diaz Quijano<\/span>\u00a0|\u00a0Vice-Presidente<\/li>\n<li><span style=\"color: #339966\">Professora Dra. Maria Tereza Pepe Razzolini<\/span><\/li>\n<li><span style=\"color: #339966\">Professora Dra. Claudia Maria B\u00f3gus<\/span><\/li>\n<li><span style=\"color: #339966\">Professora Dra. Kelly Polido Kaneshiro<\/span><\/li>\n<li><span style=\"color: #339966\">Marlei Pirozelli<\/span>\u00a0\u00a0|\u00a0Assessora<\/li>\n<\/ul>\n<h4><span style=\"color: #ff6600\">Estagi\u00e1rios:<\/span><\/h4>\n<ul>\n<li class=\"link\">Joanna Ricci<\/li>\n<\/ul>\n<h5 style=\"text-align: right\"><span style=\"color: #ff6600\">Atendimento Presencial:<\/span><\/h5>\n<div style=\"text-align: right\">\u00a0\u00a0\u00a0\u00a0\u00a0\u00a0 2\u00aaf a 6\u00aaf:\u00a0 das 10:30h \u00e0s 13h\u00a0\u00a0 e das 15h \u00e0s 18h<\/div>\n<p><\/p>","protected":false},"excerpt":{"rendered":"<p>A atual Comiss\u00e3o foi criada atrav\u00e9s de Portaria Diretor FSP-USP (06\/06\/2018), seguindo as diretrizes da da USP. \u00c9 composta por 6 (seis) membros sendo: 5 servidores docentes indicados pela Diretoria (incluindo-se o Presidente e o Vice-Presidente) e 1 servidor especialmente designado. Objetivos: Na qualidade de agente facilitador a CRInt-FSP busca: Fortalecer, apoiar e impulsionar a [&hellip;]<\/p>\n","protected":false},"author":34,"featured_media":0,"parent":0,"menu_order":0,"comment_status":"open","ping_status":"open","template":"","meta":{"footnotes":"","_links_to":"","_links_to_target":""},"class_list":["post-1470","page","type-page","status-publish","hentry"],"_links":{"self":[{"href":"https:\/\/sites.usp.br\/fsp\/wp-json\/wp\/v2\/pages\/1470","targetHints":{"allow":["GET"]}}],"collection":[{"href":"https:\/\/sites.usp.br\/fsp\/wp-json\/wp\/v2\/pages"}],"about":[{"href":"https:\/\/sites.usp.br\/fsp\/wp-json\/wp\/v2\/types\/page"}],"author":[{"embeddable":true,"href":"https:\/\/sites.usp.br\/fsp\/wp-json\/wp\/v2\/users\/34"}],"replies":[{"embeddable":true,"href":"https:\/\/sites.usp.br\/fsp\/wp-json\/wp\/v2\/comments?post=1470"}],"version-history":[{"count":5,"href":"https:\/\/sites.usp.br\/fsp\/wp-json\/wp\/v2\/pages\/1470\/revisions"}],"predecessor-version":[{"id":1525,"href":"https:\/\/sites.usp.br\/fsp\/wp-json\/wp\/v2\/pages\/1470\/revisions\/1525"}],"wp:attachment":[{"href":"https:\/\/sites.usp.br\/fsp\/wp-json\/wp\/v2\/media?parent=1470"}],"curies":[{"name":"wp","href":"https:\/\/api.w.org\/{rel}","templated":true}]}}