{"id":18,"date":"2013-11-21T18:34:16","date_gmt":"2013-11-21T18:34:16","guid":{"rendered":"http:\/\/sites.usp.brfsp\/?page_id=18"},"modified":"2019-11-19T19:42:20","modified_gmt":"2019-11-19T21:42:20","slug":"pesquisa","status":"publish","type":"page","link":"https:\/\/sites.usp.br\/fsp\/pesquisa\/","title":{"rendered":"Pesquisa"},"content":{"rendered":"<p><\/p>\n<h6>Apresenta\u00e7\u00e3o<\/h6>\n<p style=\"text-align: justify;\"><a href=\"http:\/\/sites.usp.br\/fsp\/wp-content\/uploads\/sites\/3\/2013\/12\/jardimroxo3.jpg\"><img loading=\"lazy\" decoding=\"async\" class=\"wp-image-1134 alignright\" src=\"http:\/\/sites.usp.br\/fsp\/wp-content\/uploads\/sites\/3\/2013\/12\/jardimroxo3.jpg\" alt=\"jardimroxo3\" width=\"351\" height=\"117\" \/><\/a>A Faculdade de Sa\u00fade P\u00fablica trabalha constantemente para a constru\u00e7\u00e3o de novos conhecimentos que auxiliem na inova\u00e7\u00e3o e desenvolvimento de tecnologias e de pol\u00edticas p\u00fablicas. Seu objetivo \u00e9 a melhoria das condi\u00e7\u00f5es de sa\u00fade da popula\u00e7\u00e3o brasileira. As principais \u00e1reas de pesquisa da Institui\u00e7\u00e3o s\u00e3o: Epidemiologia; Nutri\u00e7\u00e3o; Sa\u00fade Ambiental; Sa\u00fade, Ciclos de Vida e Sociedade; e, Pol\u00edtica, Gest\u00e3o e Sa\u00fade \u2013 que representam os cinco departamentos da Faculdade.<\/p>\n<p style=\"text-align: justify;\">As pesquisas s\u00e3o pautadas pelos interesses e prioridades da Sa\u00fade P\u00fablica, valorizando a excel\u00eancia e a inova\u00e7\u00e3o. A Faculdade tem uma produ\u00e7\u00e3o cient\u00edfica expressiva e busca a interdisciplinaridade e a integra\u00e7\u00e3o com demais institui\u00e7\u00f5es de pesquisa e servi\u00e7os, para o fortalecimento e difus\u00e3o do saber.<\/p>\n<div style=\"text-align: center;\"><strong>Veja vers\u00e3o completa de nosso site institucional em: <a href=\"https:\/\/www.fsp.usp.br\/site\/\">www.fsp.usp.br<\/a><\/strong><\/div>\n<div><\/div>\n<p style=\"text-align: center;\"><a title=\"Grupos de Pesquisa\" href=\"http:\/\/sites.usp.br\/fsp\/pesquisa\/grupos-de-pesquisa-2\/\" target=\"_blank\" rel=\"noopener noreferrer\"><span style=\"color: #236c8e;\"><strong>Grupos de Pesquisa da Faculdade de Sa\u00fade P\u00fablica<\/strong><\/span><\/a><\/p>\n<p><\/p>","protected":false},"excerpt":{"rendered":"<p>Apresenta\u00e7\u00e3o A Faculdade de Sa\u00fade P\u00fablica trabalha constantemente para a constru\u00e7\u00e3o de novos conhecimentos que auxiliem na inova\u00e7\u00e3o e desenvolvimento de tecnologias e de pol\u00edticas p\u00fablicas. Seu objetivo \u00e9 a melhoria das condi\u00e7\u00f5es de sa\u00fade da popula\u00e7\u00e3o brasileira. As principais \u00e1reas de pesquisa da Institui\u00e7\u00e3o s\u00e3o: Epidemiologia; Nutri\u00e7\u00e3o; Sa\u00fade Ambiental; Sa\u00fade, Ciclos de Vida e [&hellip;]<\/p>\n","protected":false},"author":1,"featured_media":0,"parent":0,"menu_order":8,"comment_status":"closed","ping_status":"closed","template":"","meta":{"footnotes":"","_links_to":"","_links_to_target":""},"class_list":["post-18","page","type-page","status-publish","hentry"],"_links":{"self":[{"href":"https:\/\/sites.usp.br\/fsp\/wp-json\/wp\/v2\/pages\/18","targetHints":{"allow":["GET"]}}],"collection":[{"href":"https:\/\/sites.usp.br\/fsp\/wp-json\/wp\/v2\/pages"}],"about":[{"href":"https:\/\/sites.usp.br\/fsp\/wp-json\/wp\/v2\/types\/page"}],"author":[{"embeddable":true,"href":"https:\/\/sites.usp.br\/fsp\/wp-json\/wp\/v2\/users\/1"}],"replies":[{"embeddable":true,"href":"https:\/\/sites.usp.br\/fsp\/wp-json\/wp\/v2\/comments?post=18"}],"version-history":[{"count":4,"href":"https:\/\/sites.usp.br\/fsp\/wp-json\/wp\/v2\/pages\/18\/revisions"}],"predecessor-version":[{"id":1565,"href":"https:\/\/sites.usp.br\/fsp\/wp-json\/wp\/v2\/pages\/18\/revisions\/1565"}],"wp:attachment":[{"href":"https:\/\/sites.usp.br\/fsp\/wp-json\/wp\/v2\/media?parent=18"}],"curies":[{"name":"wp","href":"https:\/\/api.w.org\/{rel}","templated":true}]}}