{"id":20,"date":"2013-11-21T18:34:49","date_gmt":"2013-11-21T18:34:49","guid":{"rendered":"http:\/\/sites.usp.brfsp\/?page_id=20"},"modified":"2019-11-19T19:31:14","modified_gmt":"2019-11-19T21:31:14","slug":"departamentos","status":"publish","type":"page","link":"https:\/\/sites.usp.br\/fsp\/departamentos\/","title":{"rendered":"Departamentos"},"content":{"rendered":"<p><\/p>\n<h5><strong>A Faculdade de Sa\u00fade P\u00fablica \u00e9 formada por cinco Departamentos:<\/strong><\/h5>\n<p><span style=\"color: #0000ff;\"><strong><em><a href=\"http:\/\/sites.usp.br\/fsp\/wp-content\/uploads\/sites\/3\/2013\/12\/nv11.jpg\"><img loading=\"lazy\" decoding=\"async\" class=\"wp-image-1169 aligncenter\" src=\"http:\/\/sites.usp.br\/fsp\/wp-content\/uploads\/sites\/3\/2013\/12\/nv11.jpg\" alt=\"nv1\" width=\"541\" height=\"160\" srcset=\"https:\/\/sites.usp.br\/fsp\/wp-content\/uploads\/sites\/3\/2013\/12\/nv11.jpg 676w, https:\/\/sites.usp.br\/fsp\/wp-content\/uploads\/sites\/3\/2013\/12\/nv11-300x88.jpg 300w\" sizes=\"auto, (max-width: 541px) 100vw, 541px\" \/><\/a><\/em><\/strong><\/span><\/p>\n<p><span style=\"color: #000000;\"><a href=\"http:\/\/sites.usp.br\/fsp\/departamentos\/hsa\/\"><span style=\"color: #000000;\"><strong><em>Sa\u00fade Ambiental<\/em><\/strong><\/span><\/a><\/span><\/p>\n<p><a href=\"http:\/\/sites.usp.br\/fsp\/departamentos\/epidemiologia\/\"><span style=\"color: #0000ff;\"><strong><em><span style=\"color: #000000;\">Epidemiologia<\/span><\/em><\/strong><\/span><\/a><\/p>\n<p><a href=\"https:\/\/sites.usp.br\/fsp\/departamentos\/hcv-2\/\"><strong><em><span style=\"color: #000000;\"><span style=\"color: #000000;\">Sa\u00fade, Ciclo de Vida e Sociedade<\/span><\/span><\/em><\/strong><\/a><\/p>\n<p><a href=\"http:\/\/sites.usp.br\/fsp\/departamentos\/nutricao\/\"><strong><em><span style=\"color: #000000;\"><span style=\"color: #000000;\">Nutri\u00e7\u00e3o<\/span><\/span><\/em><\/strong><\/a><\/p>\n<p><a href=\"https:\/\/sites.usp.br\/fsp\/departamentos\/hsp\/\"><strong><em><span style=\"color: #000000;\"><span style=\"color: #000000;\">Pol\u00edtica, Gest\u00e3o e Sa\u00fade<\/span><\/span><\/em><\/strong><\/a><\/p>\n<p><a href=\"http:\/\/sites.usp.br\/fsp\/departamentos\/pratica-de-saude-publica\/\">\u00a0<\/a><\/p>","protected":false},"excerpt":{"rendered":"<p>A Faculdade de Sa\u00fade P\u00fablica \u00e9 formada por cinco Departamentos: Sa\u00fade Ambiental Epidemiologia Sa\u00fade, Ciclo de Vida e Sociedade Nutri\u00e7\u00e3o Pol\u00edtica, Gest\u00e3o e Sa\u00fade \u00a0<\/p>\n","protected":false},"author":1,"featured_media":0,"parent":0,"menu_order":6,"comment_status":"closed","ping_status":"closed","template":"","meta":{"footnotes":"","_links_to":"","_links_to_target":""},"class_list":["post-20","page","type-page","status-publish","hentry"],"_links":{"self":[{"href":"https:\/\/sites.usp.br\/fsp\/wp-json\/wp\/v2\/pages\/20","targetHints":{"allow":["GET"]}}],"collection":[{"href":"https:\/\/sites.usp.br\/fsp\/wp-json\/wp\/v2\/pages"}],"about":[{"href":"https:\/\/sites.usp.br\/fsp\/wp-json\/wp\/v2\/types\/page"}],"author":[{"embeddable":true,"href":"https:\/\/sites.usp.br\/fsp\/wp-json\/wp\/v2\/users\/1"}],"replies":[{"embeddable":true,"href":"https:\/\/sites.usp.br\/fsp\/wp-json\/wp\/v2\/comments?post=20"}],"version-history":[{"count":5,"href":"https:\/\/sites.usp.br\/fsp\/wp-json\/wp\/v2\/pages\/20\/revisions"}],"predecessor-version":[{"id":1558,"href":"https:\/\/sites.usp.br\/fsp\/wp-json\/wp\/v2\/pages\/20\/revisions\/1558"}],"wp:attachment":[{"href":"https:\/\/sites.usp.br\/fsp\/wp-json\/wp\/v2\/media?parent=20"}],"curies":[{"name":"wp","href":"https:\/\/api.w.org\/{rel}","templated":true}]}}