{"id":200,"date":"2013-11-27T12:11:09","date_gmt":"2013-11-27T14:11:09","guid":{"rendered":"http:\/\/sites.usp.br\/fsp\/?page_id=200"},"modified":"2013-11-28T16:00:25","modified_gmt":"2013-11-28T18:00:25","slug":"linhas-de-pesquisa","status":"publish","type":"page","link":"https:\/\/sites.usp.br\/fsp\/departamentos\/epidemiologia\/linhas-de-pesquisa\/","title":{"rendered":"Linhas de Pesquisa"},"content":{"rendered":"<p><strong>Aspectos Gerais<\/strong><\/p>\n<p>Reconhecendo a import\u00e2ncia da pesquisa para a sa\u00fade, no Departamento de Epidemiologia s\u00e3o realizadas pesquisas em Bioestat\u00edstica, Entomologia de sa\u00fade P\u00fablica e Epidemiologia, voltadas para o diagn\u00f3stico de sa\u00fade da popula\u00e7\u00e3o. Neste contexto, tem import\u00e2ncia o estudo das doen\u00e7as e a forma pela qual elas atingem as pessoas, incluindo sua distribui\u00e7\u00e3o, seus fatores de risco e sua mortalidade, procurando identificar como proteger e promover a sa\u00fade e reduzir a doen\u00e7a.<\/p>\n<p><em><strong>Os projetos de pesquisa s\u00e3o desenvolvidos, principalmente, em tr\u00eas linhas:<\/strong><\/em><\/p>\n<ul>\n<li><strong>1. M\u00e9todos em Epidemiologia e Bioestat\u00edstica<\/strong><\/li>\n<\/ul>\n<p>Compreende estudos de natalidade, morbidade e mortalidade, visando a contribuir para o aperfei\u00e7oamento dos m\u00e9todos epidemiol\u00f3gicos e estat\u00edsticos, aplicados \u00e0s investiga\u00e7\u00f5es em Sa\u00fade P\u00fablica. Visa, ainda, a avaliar a qualidade dos dados e de suas principais fontes oficiais, em especial, os Sistemas de Informa\u00e7\u00f5es sobre Sa\u00fade.<\/p>\n<ul>\n<li><strong>2. Entomologia e Ecologia em Sa\u00fade P\u00fablica<\/strong><\/li>\n<\/ul>\n<p>Sistem\u00e1tica de insetos hemat\u00f3fagos, em especial aqueles das Fam\u00edlias Culicidae, Pshychodidae e Reduvidae. Estudos sobre a biologia,\u00a0 ecologia e comportamento de popula\u00e7\u00f5es de insetos vetores de agentes infecciosos. Epidemiologia das doen\u00e7as veiculadas por insetos vetores e vigil\u00e2ncia e controle de insetos vetores. Estudos sobre gen\u00e9tica de popula\u00e7\u00f5es de insetos vetores.<\/p>\n<ul>\n<li><strong>3. Epidemiologia do Ciclo de Vida e dos Agravos \u00e0 Sa\u00fade.<\/strong><\/li>\n<\/ul>\n<p>Estudos visando a identifica\u00e7\u00e3o, quantifica\u00e7\u00e3o e caracteriza\u00e7\u00e3o de danos \u00e0 sa\u00fade da popula\u00e7\u00e3o em todas as fases da vida; a produ\u00e7\u00e3o do conhecimento sobre a hist\u00f3ria natural de eventos de relev\u00e2ncia em sa\u00fade p\u00fablica; an\u00e1lise de riscos ambientais associados a exposi\u00e7\u00f5es no trabalho e \u00e0 vida de popula\u00e7\u00f5es em \u00e1reas urbanas; avalia\u00e7\u00e3o de interven\u00e7\u00f5es em sa\u00fade p\u00fablica; avalia\u00e7\u00e3o de procedimentos terap\u00eauticos ou profil\u00e1ticos com \u00eanfase na efic\u00e1cia\/efetividade e seguran\u00e7a de vacinas.<\/p>","protected":false},"excerpt":{"rendered":"<p>Aspectos Gerais Reconhecendo a import\u00e2ncia da pesquisa para a sa\u00fade, no Departamento de Epidemiologia s\u00e3o realizadas pesquisas em Bioestat\u00edstica, Entomologia de sa\u00fade P\u00fablica e Epidemiologia, voltadas para o diagn\u00f3stico de sa\u00fade da popula\u00e7\u00e3o. Neste contexto, tem import\u00e2ncia o estudo das doen\u00e7as e a forma pela qual elas atingem as pessoas, incluindo sua distribui\u00e7\u00e3o, seus fatores [&hellip;]<\/p>\n","protected":false},"author":4,"featured_media":0,"parent":69,"menu_order":0,"comment_status":"closed","ping_status":"closed","template":"","meta":{"footnotes":"","_links_to":"","_links_to_target":""},"class_list":["post-200","page","type-page","status-publish","hentry"],"_links":{"self":[{"href":"https:\/\/sites.usp.br\/fsp\/wp-json\/wp\/v2\/pages\/200","targetHints":{"allow":["GET"]}}],"collection":[{"href":"https:\/\/sites.usp.br\/fsp\/wp-json\/wp\/v2\/pages"}],"about":[{"href":"https:\/\/sites.usp.br\/fsp\/wp-json\/wp\/v2\/types\/page"}],"author":[{"embeddable":true,"href":"https:\/\/sites.usp.br\/fsp\/wp-json\/wp\/v2\/users\/4"}],"replies":[{"embeddable":true,"href":"https:\/\/sites.usp.br\/fsp\/wp-json\/wp\/v2\/comments?post=200"}],"version-history":[{"count":6,"href":"https:\/\/sites.usp.br\/fsp\/wp-json\/wp\/v2\/pages\/200\/revisions"}],"predecessor-version":[{"id":269,"href":"https:\/\/sites.usp.br\/fsp\/wp-json\/wp\/v2\/pages\/200\/revisions\/269"}],"up":[{"embeddable":true,"href":"https:\/\/sites.usp.br\/fsp\/wp-json\/wp\/v2\/pages\/69"}],"wp:attachment":[{"href":"https:\/\/sites.usp.br\/fsp\/wp-json\/wp\/v2\/media?parent=200"}],"curies":[{"name":"wp","href":"https:\/\/api.w.org\/{rel}","templated":true}]}}