{"id":308,"date":"2013-11-29T16:39:59","date_gmt":"2013-11-29T18:39:59","guid":{"rendered":"http:\/\/sites.usp.br\/fsp\/?page_id=308"},"modified":"2013-12-29T22:49:21","modified_gmt":"2013-12-30T00:49:21","slug":"pos-graduacao","status":"publish","type":"page","link":"https:\/\/sites.usp.br\/fsp\/pos-graduacao\/","title":{"rendered":"P\u00f3s-gradua\u00e7\u00e3o"},"content":{"rendered":"<p><\/p>\n<h4>A Faculdade de Sa\u00fade P\u00fablica oferece v\u00e1rios programas de p\u00f3s-gradua\u00e7\u00e3o<\/h4>\n<h6><span style=\"color: #236b8e\"><span style=\"color: #000000\">Mais informa\u00e7\u00f5es podem ser obtidas no site oficial da P\u00f3s-gradua\u00e7\u00e3o<\/span> <span style=\"color: #236c8e\"><a href=\"http:\/\/www.fsp.usp.br\/pos\" target=\"_blank\"><span style=\"color: #236c8e\">http:\/\/www.fsp.usp.br\/pos<\/span><\/a><\/span><\/span><\/h6>\n<p><\/p>","protected":false},"excerpt":{"rendered":"<p>A Faculdade de Sa\u00fade P\u00fablica oferece v\u00e1rios programas de p\u00f3s-gradua\u00e7\u00e3o Mais informa\u00e7\u00f5es podem ser obtidas no site oficial da P\u00f3s-gradua\u00e7\u00e3o http:\/\/www.fsp.usp.br\/pos<\/p>\n","protected":false},"author":2,"featured_media":0,"parent":0,"menu_order":2,"comment_status":"closed","ping_status":"closed","template":"","meta":{"footnotes":"","_links_to":"","_links_to_target":""},"class_list":["post-308","page","type-page","status-publish","hentry"],"_links":{"self":[{"href":"https:\/\/sites.usp.br\/fsp\/wp-json\/wp\/v2\/pages\/308","targetHints":{"allow":["GET"]}}],"collection":[{"href":"https:\/\/sites.usp.br\/fsp\/wp-json\/wp\/v2\/pages"}],"about":[{"href":"https:\/\/sites.usp.br\/fsp\/wp-json\/wp\/v2\/types\/page"}],"author":[{"embeddable":true,"href":"https:\/\/sites.usp.br\/fsp\/wp-json\/wp\/v2\/users\/2"}],"replies":[{"embeddable":true,"href":"https:\/\/sites.usp.br\/fsp\/wp-json\/wp\/v2\/comments?post=308"}],"version-history":[{"count":6,"href":"https:\/\/sites.usp.br\/fsp\/wp-json\/wp\/v2\/pages\/308\/revisions"}],"predecessor-version":[{"id":393,"href":"https:\/\/sites.usp.br\/fsp\/wp-json\/wp\/v2\/pages\/308\/revisions\/393"}],"wp:attachment":[{"href":"https:\/\/sites.usp.br\/fsp\/wp-json\/wp\/v2\/media?parent=308"}],"curies":[{"name":"wp","href":"https:\/\/api.w.org\/{rel}","templated":true}]}}