{"id":314,"date":"2013-11-29T16:46:23","date_gmt":"2013-11-29T18:46:23","guid":{"rendered":"http:\/\/sites.usp.br\/fsp\/?page_id=314"},"modified":"2013-12-17T09:13:24","modified_gmt":"2013-12-17T11:13:24","slug":"saude-publica","status":"publish","type":"page","link":"https:\/\/sites.usp.br\/fsp\/saude-publica\/","title":{"rendered":"Sa\u00fade P\u00fablica"},"content":{"rendered":"<p><\/p>\n<p style=\"text-align: left\"><strong>P\u00f3s Gradua\u00e7\u00e3o em Sa\u00fade P\u00fablica (Mestrado e Doutorado)<\/strong><\/p>\n<p style=\"text-align: left\">Para informa\u00e7\u00f5es mais detalhadas consulte o site<span style=\"color: #236b8e\"> <a href=\"http:\/\/www.fsp.usp.br\/pos\" target=\"_blank\"><span style=\"color: #236b8e\"><strong>http:\/\/www.fsp.usp.br\/pos<\/strong><\/span><\/a><\/span><\/p>\n<ul>\n<li><strong><em>Apresenta\u00e7\u00e3o<\/em><\/strong><\/li>\n<\/ul>\n<p style=\"text-align: justify\"><a href=\"http:\/\/sites.usp.br\/fsp\/wp-content\/uploads\/sites\/3\/2013\/12\/fototv.jpg\"><img loading=\"lazy\" decoding=\"async\" class=\" wp-image-1090 alignright\" alt=\"fototv\" src=\"http:\/\/sites.usp.br\/fsp\/wp-content\/uploads\/sites\/3\/2013\/12\/fototv.jpg\" width=\"217\" height=\"124\" srcset=\"https:\/\/sites.usp.br\/fsp\/wp-content\/uploads\/sites\/3\/2013\/12\/fototv.jpg 867w, https:\/\/sites.usp.br\/fsp\/wp-content\/uploads\/sites\/3\/2013\/12\/fototv-300x171.jpg 300w\" sizes=\"auto, (max-width: 217px) 100vw, 217px\" \/><\/a>O programa de Sa\u00fade P\u00fablica da FSP da USP tem uma longa tradi\u00e7\u00e3o de forma\u00e7\u00e3o p\u00f3s-graduada, antes mesmo da implanta\u00e7\u00e3o formal da p\u00f3s-gradua\u00e7\u00e3o no Brasil. Desde 1928 a Faculdade de Sa\u00fade P\u00fablica vem formando quadros de especialistas em Sa\u00fade P\u00fablica para todos os n\u00edveis de governo, que muito influenciaram as pol\u00edticas p\u00fablicas na \u00e1rea de Sa\u00fade no Brasil.<\/p>\n<p style=\"text-align: center\"><span style=\"color: #236b8e\"><a title=\"Linhas de Pesquisa\" href=\"http:\/\/sites.usp.br\/fsp\/saude-publica\/linhas-de-pesquisa\/\"><span style=\"color: #236b8e\"><strong><span style=\"color: #0000ff\">Linhas de Pesquisa do Programa<\/span><\/strong><\/span><\/a><\/span><\/p>\n<p><\/p>","protected":false},"excerpt":{"rendered":"<p>P\u00f3s Gradua\u00e7\u00e3o em Sa\u00fade P\u00fablica (Mestrado e Doutorado) Para informa\u00e7\u00f5es mais detalhadas consulte o site http:\/\/www.fsp.usp.br\/pos Apresenta\u00e7\u00e3o O programa de Sa\u00fade P\u00fablica da FSP da USP tem uma longa tradi\u00e7\u00e3o de forma\u00e7\u00e3o p\u00f3s-graduada, antes mesmo da implanta\u00e7\u00e3o formal da p\u00f3s-gradua\u00e7\u00e3o no Brasil. Desde 1928 a Faculdade de Sa\u00fade P\u00fablica vem formando quadros de especialistas em [&hellip;]<\/p>\n","protected":false},"author":2,"featured_media":0,"parent":0,"menu_order":2,"comment_status":"closed","ping_status":"closed","template":"","meta":{"footnotes":"","_links_to":"","_links_to_target":""},"class_list":["post-314","page","type-page","status-publish","hentry"],"_links":{"self":[{"href":"https:\/\/sites.usp.br\/fsp\/wp-json\/wp\/v2\/pages\/314","targetHints":{"allow":["GET"]}}],"collection":[{"href":"https:\/\/sites.usp.br\/fsp\/wp-json\/wp\/v2\/pages"}],"about":[{"href":"https:\/\/sites.usp.br\/fsp\/wp-json\/wp\/v2\/types\/page"}],"author":[{"embeddable":true,"href":"https:\/\/sites.usp.br\/fsp\/wp-json\/wp\/v2\/users\/2"}],"replies":[{"embeddable":true,"href":"https:\/\/sites.usp.br\/fsp\/wp-json\/wp\/v2\/comments?post=314"}],"version-history":[{"count":6,"href":"https:\/\/sites.usp.br\/fsp\/wp-json\/wp\/v2\/pages\/314\/revisions"}],"predecessor-version":[{"id":1352,"href":"https:\/\/sites.usp.br\/fsp\/wp-json\/wp\/v2\/pages\/314\/revisions\/1352"}],"wp:attachment":[{"href":"https:\/\/sites.usp.br\/fsp\/wp-json\/wp\/v2\/media?parent=314"}],"curies":[{"name":"wp","href":"https:\/\/api.w.org\/{rel}","templated":true}]}}