{"id":323,"date":"2013-11-29T17:03:46","date_gmt":"2013-11-29T19:03:46","guid":{"rendered":"http:\/\/sites.usp.br\/fsp\/?page_id=323"},"modified":"2013-12-12T14:00:59","modified_gmt":"2013-12-12T16:00:59","slug":"ambiente-saude-e-sustentabilidade","status":"publish","type":"page","link":"https:\/\/sites.usp.br\/fsp\/ambiente-saude-e-sustentabilidade\/","title":{"rendered":"Ambiente, Sa\u00fade e Sustentabilidade"},"content":{"rendered":"<p><strong class=\" wp-image-595 \"><a href=\"http:\/\/sites.usp.br\/fsp\/wp-content\/uploads\/sites\/3\/2013\/12\/DSC03127.jpg\"><img loading=\"lazy\" decoding=\"async\" class=\" wp-image-1017 alignleft\" alt=\"DSC03127\" src=\"http:\/\/sites.usp.br\/fsp\/wp-content\/uploads\/sites\/3\/2013\/12\/DSC03127.jpg\" width=\"288\" height=\"216\" srcset=\"https:\/\/sites.usp.br\/fsp\/wp-content\/uploads\/sites\/3\/2013\/12\/DSC03127.jpg 2048w, https:\/\/sites.usp.br\/fsp\/wp-content\/uploads\/sites\/3\/2013\/12\/DSC03127-300x225.jpg 300w, https:\/\/sites.usp.br\/fsp\/wp-content\/uploads\/sites\/3\/2013\/12\/DSC03127-1024x768.jpg 1024w\" sizes=\"auto, (max-width: 288px) 100vw, 288px\" \/><\/a>Ambiente, Sa\u00fade e Sustentabilidade (Mestrado Profissional)<\/strong><\/p>\n<p>Para informa\u00e7\u00f5es mais detalhadas consulte o site<a href=\"http:\/\/www.fsp.usp.br\/pos\" target=\"_blank\"> <strong><span style=\"color: #0000ff\">http:\/\/www.fsp.usp.br\/pos<\/span><\/strong><\/a><\/p>\n<ul>\n<li><strong><em>Apresenta\u00e7\u00e3o<\/em><\/strong><\/li>\n<\/ul>\n<p>A Faculdade de Sa\u00fade P\u00fablica da USP acaba de lan\u00e7ar, por meio de seu Departamento de Sa\u00fade Ambiental, o Curso de Mestrado Profissional em Ambiente, Sa\u00fade e Sustentabilidade, recentemente recomendado pela CAPES com conceito 5 \u2013 nota m\u00e1xima para essa modalidade. Esse curso objetiva promover a forma\u00e7\u00e3o profissional stricto sensu com a produ\u00e7\u00e3o de conhecimento aplicado, desenvolvimento de pensamento cr\u00edtico, aprimoramento de tecnologias e inova\u00e7\u00f5es, inclusive sociais, em processos de gest\u00e3o e interven\u00e7\u00e3o com foco intersetorial em ambiente, sa\u00fade e sustentabilidade.<\/p>\n<p>A FSP conta com ampla tradi\u00e7\u00e3o na \u00e1rea, laborat\u00f3rios, biblioteca de refer\u00eancia e renomado corpo docente incluindo professores de outras unidades da Universidade de S\u00e3o Paulo, al\u00e9m de relevantes parcerias nacionais e internacionais.<\/p>\n<p><a title=\"Linhas de Pesquisa\" href=\"http:\/\/sites.usp.br\/fsp\/ambiente-saude-e-sustentabilidade\/linhas-de-pesquisa\/\"><span style=\"color: #0000ff\"><strong>Linhas de Pesquisa do Programa<\/strong><\/span><\/a><\/p>","protected":false},"excerpt":{"rendered":"<p>Ambiente, Sa\u00fade e Sustentabilidade (Mestrado Profissional) Para informa\u00e7\u00f5es mais detalhadas consulte o site http:\/\/www.fsp.usp.br\/pos Apresenta\u00e7\u00e3o A Faculdade de Sa\u00fade P\u00fablica da USP acaba de lan\u00e7ar, por meio de seu Departamento de Sa\u00fade Ambiental, o Curso de Mestrado Profissional em Ambiente, Sa\u00fade e Sustentabilidade, recentemente recomendado pela CAPES com conceito 5 \u2013 nota m\u00e1xima para essa [&hellip;]<\/p>\n","protected":false},"author":2,"featured_media":0,"parent":0,"menu_order":0,"comment_status":"closed","ping_status":"closed","template":"","meta":{"footnotes":"","_links_to":"","_links_to_target":""},"class_list":["post-323","page","type-page","status-publish","hentry"],"_links":{"self":[{"href":"https:\/\/sites.usp.br\/fsp\/wp-json\/wp\/v2\/pages\/323","targetHints":{"allow":["GET"]}}],"collection":[{"href":"https:\/\/sites.usp.br\/fsp\/wp-json\/wp\/v2\/pages"}],"about":[{"href":"https:\/\/sites.usp.br\/fsp\/wp-json\/wp\/v2\/types\/page"}],"author":[{"embeddable":true,"href":"https:\/\/sites.usp.br\/fsp\/wp-json\/wp\/v2\/users\/2"}],"replies":[{"embeddable":true,"href":"https:\/\/sites.usp.br\/fsp\/wp-json\/wp\/v2\/comments?post=323"}],"version-history":[{"count":6,"href":"https:\/\/sites.usp.br\/fsp\/wp-json\/wp\/v2\/pages\/323\/revisions"}],"predecessor-version":[{"id":1217,"href":"https:\/\/sites.usp.br\/fsp\/wp-json\/wp\/v2\/pages\/323\/revisions\/1217"}],"wp:attachment":[{"href":"https:\/\/sites.usp.br\/fsp\/wp-json\/wp\/v2\/media?parent=323"}],"curies":[{"name":"wp","href":"https:\/\/api.w.org\/{rel}","templated":true}]}}