{"id":415,"date":"2013-12-01T00:50:20","date_gmt":"2013-12-01T02:50:20","guid":{"rendered":"http:\/\/sites.usp.br\/fsp\/?page_id=415"},"modified":"2019-11-19T19:51:08","modified_gmt":"2019-11-19T21:51:08","slug":"graduacao-em-saude-publica","status":"publish","type":"page","link":"https:\/\/sites.usp.br\/fsp\/graduacao-em-saude-publica\/","title":{"rendered":"Gradua\u00e7\u00e3o em Sa\u00fade P\u00fablica"},"content":{"rendered":"<p><\/p>\n<h6>Gradua\u00e7\u00e3o em Sa\u00fade P\u00fablica<\/h6>\n<p style=\"text-align: justify;\"><a href=\"http:\/\/sites.usp.br\/fsp\/wp-content\/uploads\/sites\/3\/2013\/12\/DSC_0306.jpg\"><img loading=\"lazy\" decoding=\"async\" class=\" wp-image-1035 alignright\" src=\"http:\/\/sites.usp.br\/fsp\/wp-content\/uploads\/sites\/3\/2013\/12\/DSC_0306.jpg\" alt=\"DSC_0306\" width=\"246\" height=\"163\" srcset=\"https:\/\/sites.usp.br\/fsp\/wp-content\/uploads\/sites\/3\/2013\/12\/DSC_0306.jpg 2464w, https:\/\/sites.usp.br\/fsp\/wp-content\/uploads\/sites\/3\/2013\/12\/DSC_0306-300x198.jpg 300w, https:\/\/sites.usp.br\/fsp\/wp-content\/uploads\/sites\/3\/2013\/12\/DSC_0306-1024x678.jpg 1024w\" sizes=\"auto, (max-width: 246px) 100vw, 246px\" \/><\/a>Para informa\u00e7\u00f5es mais detalhadas consulte o site: <a href=\"http:\/\/www.fsp.usp.br\/site\/graduacao-em-saude-publica\/mostra\/960\" target=\"_blank\" rel=\"noopener noreferrer\"><span style=\"color: #0000ff;\"><strong>http:\/\/www.fsp.usp.br\/site\/graduacao-em-saude-publica\/mostra\/960<\/strong><\/span><\/a><\/p>\n<p style=\"text-align: justify;\">A cria\u00e7\u00e3o do curso de gradua\u00e7\u00e3o em Sa\u00fade P\u00fablica foi aprovada, pela Universidade de S\u00e3o Paulo, em 2010 e teve in\u00edcio em 2012. S\u00e3o oferecidas 40 vagas por ano e o curso ocorre no per\u00edodo vespertino, com a dura\u00e7\u00e3o de oito semestres. Ao egresso do curso \u00e9 conferido o Grau de Bacharel em Sa\u00fade P\u00fablica. A Sa\u00fade P\u00fablica orienta-se para a aten\u00e7\u00e3o aos agravos sobre a sa\u00fade das popula\u00e7\u00f5es e, por isso, est\u00e1 intimamente relacionada com as disciplinas que estudam a sa\u00fade enquanto um fen\u00f4meno coletivo, constitu\u00eddo por aspectos hist\u00f3ricos, demogr\u00e1ficos, epidemiol\u00f3gicos, sociais, pol\u00edticos e ambientais. Sua atua\u00e7\u00e3o \u00e9 voltada para a\u00e7\u00f5es preventivas e para a promo\u00e7\u00e3o da sa\u00fade.<br \/>\nIngresso<\/p>\n<p style=\"text-align: justify;\">O ingresso no curso de gradua\u00e7\u00e3o em Sa\u00fade P\u00fablica se d\u00e1 mediante processo seletivo realizado anualmente pela FUVEST.<\/p>\n<p style=\"text-align: justify;\">Acesse aqui o site da<a href=\"http:\/\/www.fuvest.br\" target=\"_blank\" rel=\"noopener noreferrer\"><strong><span style=\"color: #000080;\"> FUVEST<\/span><\/strong><\/a> para mais informa\u00e7\u00f5es (texto em Portugu\u00eas).<br \/>\nNa Universidade de S\u00e3o Paulo todos os cursos de gradua\u00e7\u00e3o s\u00e3o gratuitos.<\/p>\n<p><\/p>","protected":false},"excerpt":{"rendered":"<p>Gradua\u00e7\u00e3o em Sa\u00fade P\u00fablica Para informa\u00e7\u00f5es mais detalhadas consulte o site: http:\/\/www.fsp.usp.br\/site\/graduacao-em-saude-publica\/mostra\/960 A cria\u00e7\u00e3o do curso de gradua\u00e7\u00e3o em Sa\u00fade P\u00fablica foi aprovada, pela Universidade de S\u00e3o Paulo, em 2010 e teve in\u00edcio em 2012. S\u00e3o oferecidas 40 vagas por ano e o curso ocorre no per\u00edodo vespertino, com a dura\u00e7\u00e3o de oito semestres. Ao [&hellip;]<\/p>\n","protected":false},"author":2,"featured_media":0,"parent":0,"menu_order":1,"comment_status":"closed","ping_status":"closed","template":"","meta":{"footnotes":"","_links_to":"","_links_to_target":""},"class_list":["post-415","page","type-page","status-publish","hentry"],"_links":{"self":[{"href":"https:\/\/sites.usp.br\/fsp\/wp-json\/wp\/v2\/pages\/415","targetHints":{"allow":["GET"]}}],"collection":[{"href":"https:\/\/sites.usp.br\/fsp\/wp-json\/wp\/v2\/pages"}],"about":[{"href":"https:\/\/sites.usp.br\/fsp\/wp-json\/wp\/v2\/types\/page"}],"author":[{"embeddable":true,"href":"https:\/\/sites.usp.br\/fsp\/wp-json\/wp\/v2\/users\/2"}],"replies":[{"embeddable":true,"href":"https:\/\/sites.usp.br\/fsp\/wp-json\/wp\/v2\/comments?post=415"}],"version-history":[{"count":4,"href":"https:\/\/sites.usp.br\/fsp\/wp-json\/wp\/v2\/pages\/415\/revisions"}],"predecessor-version":[{"id":1568,"href":"https:\/\/sites.usp.br\/fsp\/wp-json\/wp\/v2\/pages\/415\/revisions\/1568"}],"wp:attachment":[{"href":"https:\/\/sites.usp.br\/fsp\/wp-json\/wp\/v2\/media?parent=415"}],"curies":[{"name":"wp","href":"https:\/\/api.w.org\/{rel}","templated":true}]}}