{"id":50,"date":"2013-11-25T09:26:16","date_gmt":"2013-11-25T11:26:16","guid":{"rendered":"http:\/\/sites.usp.br\/fsp\/?page_id=50"},"modified":"2014-07-30T16:53:34","modified_gmt":"2014-07-30T18:53:34","slug":"historia","status":"publish","type":"page","link":"https:\/\/sites.usp.br\/fsp\/historia\/","title":{"rendered":"Hist\u00f3ria"},"content":{"rendered":"<p><div id=\"attachment_611\" style=\"width: 397px\" class=\"wp-caption alignleft\"><a href=\"http:\/\/sites.usp.br\/fsp\/wp-content\/uploads\/sites\/3\/2013\/11\/fsp-antiga.jpg\"><img loading=\"lazy\" decoding=\"async\" aria-describedby=\"caption-attachment-611\" class=\" wp-image-611      \" title=\"FSP na Inaugura\u00e7\u00e3o\" alt=\"Foto antiga da FSP\" src=\"http:\/\/sites.usp.br\/fsp\/wp-content\/uploads\/sites\/3\/2013\/11\/fsp-antiga.jpg\" width=\"387\" height=\"231\" srcset=\"https:\/\/sites.usp.br\/fsp\/wp-content\/uploads\/sites\/3\/2013\/11\/fsp-antiga.jpg 1792w, https:\/\/sites.usp.br\/fsp\/wp-content\/uploads\/sites\/3\/2013\/11\/fsp-antiga-300x178.jpg 300w, https:\/\/sites.usp.br\/fsp\/wp-content\/uploads\/sites\/3\/2013\/11\/fsp-antiga-1024x610.jpg 1024w\" sizes=\"auto, (max-width: 387px) 100vw, 387px\" \/><\/a><p id=\"caption-attachment-611\" class=\"wp-caption-text\">A Faculdade nos anos 1930<\/p><\/div><\/p>\n<p style=\"text-align: justify\">A Faculdade de Sa\u00fade P\u00fablica da USP tem sua origem em 1918, quando o Laborat\u00f3rio de Higiene e Sa\u00fade Preventiva foi criado ligado \u00e0 Faculdade de Medicina. Em 1930 o Laborat\u00f3rio foi transformado no Instituto de Higiene e ganhou um importante edif\u00edcio, financiado pela Funda\u00e7\u00e3o Rockfeller. Quando, em 1934, o governador de S\u00e3o Paulo criou a Universidade de S\u00e3o Paulo, o Instituto de Higiene foi transformado na Escola de Higiene e Sa\u00fade P\u00fablica. Em 1938, a Escola de Higiene come\u00e7ou a oferecer cursos para m\u00e9dicos sanitaristas, tornando-se um centro de refer\u00eancia nacional e internacional. A partir de 1969 a Faculdade passou a ser denominada de Faculdade de Sa\u00fade P\u00fablica.<\/p>\n<p><\/p>","protected":false},"excerpt":{"rendered":"<p>A Faculdade de Sa\u00fade P\u00fablica da USP tem sua origem em 1918, quando o Laborat\u00f3rio de Higiene e Sa\u00fade Preventiva foi criado ligado \u00e0 Faculdade de Medicina. Em 1930 o Laborat\u00f3rio foi transformado no Instituto de Higiene e ganhou um importante edif\u00edcio, financiado pela Funda\u00e7\u00e3o Rockfeller. Quando, em 1934, o governador de S\u00e3o Paulo criou [&hellip;]<\/p>\n","protected":false},"author":1,"featured_media":0,"parent":0,"menu_order":0,"comment_status":"closed","ping_status":"closed","template":"","meta":{"footnotes":"","_links_to":"","_links_to_target":""},"class_list":["post-50","page","type-page","status-publish","hentry"],"_links":{"self":[{"href":"https:\/\/sites.usp.br\/fsp\/wp-json\/wp\/v2\/pages\/50","targetHints":{"allow":["GET"]}}],"collection":[{"href":"https:\/\/sites.usp.br\/fsp\/wp-json\/wp\/v2\/pages"}],"about":[{"href":"https:\/\/sites.usp.br\/fsp\/wp-json\/wp\/v2\/types\/page"}],"author":[{"embeddable":true,"href":"https:\/\/sites.usp.br\/fsp\/wp-json\/wp\/v2\/users\/1"}],"replies":[{"embeddable":true,"href":"https:\/\/sites.usp.br\/fsp\/wp-json\/wp\/v2\/comments?post=50"}],"version-history":[{"count":6,"href":"https:\/\/sites.usp.br\/fsp\/wp-json\/wp\/v2\/pages\/50\/revisions"}],"predecessor-version":[{"id":1483,"href":"https:\/\/sites.usp.br\/fsp\/wp-json\/wp\/v2\/pages\/50\/revisions\/1483"}],"wp:attachment":[{"href":"https:\/\/sites.usp.br\/fsp\/wp-json\/wp\/v2\/media?parent=50"}],"curies":[{"name":"wp","href":"https:\/\/api.w.org\/{rel}","templated":true}]}}