{"id":508,"date":"2013-12-02T22:38:47","date_gmt":"2013-12-03T00:38:47","guid":{"rendered":"http:\/\/sites.usp.br\/fsp\/?page_id=508"},"modified":"2013-12-05T18:40:05","modified_gmt":"2013-12-05T20:40:05","slug":"linhas-de-pesquisa","status":"publish","type":"page","link":"https:\/\/sites.usp.br\/fsp\/saude-global-e-sustentabilidade\/linhas-de-pesquisa\/","title":{"rendered":"Linhas de Pesquisa"},"content":{"rendered":"<p><\/p>\n<h6><strong>Linhas de pesquisa:<\/strong><\/h6>\n<p><strong>Pol\u00edticas, sistemas e institui\u00e7\u00f5es internacionais de sa\u00fade global e ambiente sustent\u00e1vel<\/strong><\/p>\n<p>Pretende analisar a din\u00e2mica dos processos de mundializa\u00e7\u00e3o econ\u00f4mica e globaliza\u00e7\u00e3o sobre as pol\u00edticas, sistemas e institui\u00e7\u00f5es relacionadas \u00e0 sa\u00fade e ao ambiente sustent\u00e1vel, com \u00eanfase nas novas fun\u00e7\u00f5es do Estado na sociedade contempor\u00e2nea, nas rela\u00e7\u00f5es e acordos internacionais, nas transforma\u00e7\u00f5es dos perfis demogr\u00e1ficos, nas enfermidades emergentes, reemergentes e cr\u00f4nicas e nas seguran\u00e7as sanit\u00e1ria, nutricional, alimentar e ambiental.<\/p>\n<ul>\n<li><strong><em>Sub Linha: Seguran\u00e7a sanit\u00e1ria, seguran\u00e7a nutricional, alimentar e ambiental<\/em><\/strong><\/li>\n<\/ul>\n<p>Pretende aprofundar, por meio de investiga\u00e7\u00f5es, quest\u00f5es globais relacionadas \u00e0s seguran\u00e7as sanit\u00e1ria, nutricional, alimentar e ambiental, com \u00eanfase nas seguintes tem\u00e1ticas: transi\u00e7\u00f5es demogr\u00e1ficas e doen\u00e7as emergentes, reemergentes e cr\u00f4nicas; arcabou\u00e7o normativo internacional, inova\u00e7\u00e3o tecnol\u00f3gica, bancos de dados informacionais e suas implica\u00e7\u00f5es locais e globais; contamina\u00e7\u00e3o e riscos e benef\u00edcios nos processos de produ\u00e7\u00e3o.<\/p>\n<ul>\n<li><strong><em>Sub Linha: Fun\u00e7\u00f5es de Estado, pol\u00edticas, institui\u00e7\u00f5es e sistemas internacionais de sa\u00fade e ambientais<\/em><\/strong><\/li>\n<\/ul>\n<p>Pretende aprofundar, por meio de investiga\u00e7\u00f5es, quest\u00f5es globais relacionadas \u00e0s pol\u00edticas, institui\u00e7\u00f5es e sistemas sanit\u00e1rios e ambientais, com \u00eanfase nas seguintes tem\u00e1ticas: Fun\u00e7\u00f5es de Estado e sistemas internacionais de prote\u00e7\u00e3o social e sa\u00fade; rela\u00e7\u00f5es internacionais, negocia\u00e7\u00f5es e conflitos de interesses; sistemas nacionais e internacionais de Direitos Humanos; diplomacia e coopera\u00e7\u00e3o internacional; e movimentos sociais transnacionais.<\/p>\n<p><strong><em>Orientadores:<\/em> <\/strong>Carlos Augusto Monteiro, Chester Luiz Galv\u00e3o Cesar, Deborah Helena Markowicz Bastos, Deisy de Freitas Lima Ventura, Eliseu Alves Waldman, Ivan Fran\u00e7a Junior, Jos\u00e9 Alfredo Gomes Ar\u00eaas, Maria Rita Bertolozzi, Paulo Antonio de Carvalho Fortes, Paulo Capel Narvai, Sueli Gandolfi Dallari.<\/p>\n<p><strong>Sustentabilidade, deslocamentos humanos e modos de vida no contempor\u00e2neo<\/strong><\/p>\n<p>Pretende analisar e compreender quest\u00f5es relacionadas \u00e0 natureza e sociedade, \u00e0 inova\u00e7\u00e3o tecnol\u00f3gica e cultura da sustentabilidade e realizar investiga\u00e7\u00f5es sobre movimentos sociais, identidades, migra\u00e7\u00f5es, deslocamentos humanos e modos de vida no contempor\u00e2neo.<\/p>\n<ul>\n<li><strong><em>Sub Linha: Sustentabilidade e inova\u00e7\u00e3o tecnol\u00f3gica<\/em><\/strong><\/li>\n<\/ul>\n<p>Pretende analisar a din\u00e2mica de processos pol\u00edticos, sociais e tecnol\u00f3gicos, voltados \u00e0 cultura da sustentabilidade, com \u00eanfase no desenvolvimento econ\u00f4mico, no processo de produ\u00e7\u00e3o e gerenciamento em tecnologias limpas, res\u00edduos, transporte e mobilidade.<\/p>\n<ul>\n<li><strong><em>Sub Linha: Mobilidades, deslocamentos humanos e modos de vida no contempor\u00e2neo<\/em><\/strong><\/li>\n<\/ul>\n<p>Pretende analisar a import\u00e2ncia dada \u00e0 experi\u00eancia humana, explorando a diversidade de sentidos e significados que emergem na pr\u00e1tica cotidiana e nos modos de levar a vida com \u00eanfase na mobilidade humana e nas condi\u00e7\u00f5es de vida, sofrimento e risco social, representa\u00e7\u00f5es simb\u00f3licas da vida coletiva, multiculturalismo, redes sociais, constru\u00e7\u00e3o de identidades, consumo e subjetividades no contempor\u00e2neo.<\/p>\n<p><strong style=\"line-height: 1.5\"><em>Orientadores:<\/em><\/strong><span style=\"line-height: 1.5\"> Arlindo Philippi Junior, Claudia Maria B\u00f3gus, Gabriela Marques Di Giulio, Helena Ribeiro, Maria da Penha Vasconcellos, Rubens de Camargo Ferreira Adorno, Wanda Maria Risso G\u00fcnther, Marcia Faria Westphal.<\/span><\/p>","protected":false},"excerpt":{"rendered":"<p>Linhas de pesquisa: Pol\u00edticas, sistemas e institui\u00e7\u00f5es internacionais de sa\u00fade global e ambiente sustent\u00e1vel Pretende analisar a din\u00e2mica dos processos de mundializa\u00e7\u00e3o econ\u00f4mica e globaliza\u00e7\u00e3o sobre as pol\u00edticas, sistemas e institui\u00e7\u00f5es relacionadas \u00e0 sa\u00fade e ao ambiente sustent\u00e1vel, com \u00eanfase nas novas fun\u00e7\u00f5es do Estado na sociedade contempor\u00e2nea, nas rela\u00e7\u00f5es e acordos internacionais, nas transforma\u00e7\u00f5es [&hellip;]<\/p>\n","protected":false},"author":2,"featured_media":0,"parent":320,"menu_order":0,"comment_status":"closed","ping_status":"closed","template":"","meta":{"footnotes":"","_links_to":"","_links_to_target":""},"class_list":["post-508","page","type-page","status-publish","hentry"],"_links":{"self":[{"href":"https:\/\/sites.usp.br\/fsp\/wp-json\/wp\/v2\/pages\/508","targetHints":{"allow":["GET"]}}],"collection":[{"href":"https:\/\/sites.usp.br\/fsp\/wp-json\/wp\/v2\/pages"}],"about":[{"href":"https:\/\/sites.usp.br\/fsp\/wp-json\/wp\/v2\/types\/page"}],"author":[{"embeddable":true,"href":"https:\/\/sites.usp.br\/fsp\/wp-json\/wp\/v2\/users\/2"}],"replies":[{"embeddable":true,"href":"https:\/\/sites.usp.br\/fsp\/wp-json\/wp\/v2\/comments?post=508"}],"version-history":[{"count":6,"href":"https:\/\/sites.usp.br\/fsp\/wp-json\/wp\/v2\/pages\/508\/revisions"}],"predecessor-version":[{"id":715,"href":"https:\/\/sites.usp.br\/fsp\/wp-json\/wp\/v2\/pages\/508\/revisions\/715"}],"up":[{"embeddable":true,"href":"https:\/\/sites.usp.br\/fsp\/wp-json\/wp\/v2\/pages\/320"}],"wp:attachment":[{"href":"https:\/\/sites.usp.br\/fsp\/wp-json\/wp\/v2\/media?parent=508"}],"curies":[{"name":"wp","href":"https:\/\/api.w.org\/{rel}","templated":true}]}}