{"id":52,"date":"2013-11-25T09:26:44","date_gmt":"2013-11-25T11:26:44","guid":{"rendered":"http:\/\/sites.usp.br\/fsp\/?page_id=52"},"modified":"2018-06-29T13:27:10","modified_gmt":"2018-06-29T15:27:10","slug":"localizacao","status":"publish","type":"page","link":"https:\/\/sites.usp.br\/fsp\/localizacao\/","title":{"rendered":"Localiza\u00e7\u00e3o"},"content":{"rendered":"<p><\/p>\n<h5>Nossa Localiza\u00e7\u00e3o<\/h5>\n<h6>Toda correspond\u00eancia para a Faculdade de Sa\u00fade P\u00fablica deve ser endere\u00e7ada ao setor espec\u00edfico para:<\/h6>\n<ul>\n<li><strong>Avenida Doutor Arnaldo, 715 &#8211; S\u00e3o Paulo &#8211; SP &#8211; Brasil &#8211; CEP 01246904<\/strong><\/li>\n<\/ul>\n<p style=\"text-align: center\"><iframe loading=\"lazy\" width=\"400\" height=\"300\" frameborder=\"0\" scrolling=\"no\" marginheight=\"0\" marginwidth=\"0\" src=\"https:\/\/maps.google.com.br\/maps?q=Faculdade+Sa%C3%BAde+P%C3%BAblica+Usp+-+Avenida+Doutor+Arnaldo,+S%C3%A3o+Paulo&amp;ie=UTF8&amp;t=m&amp;hq=Faculdade+Sa%C3%BAde+P%C3%BAblica+Usp+-+Avenida+Doutor+Arnaldo,+S%C3%A3o+Paulo&amp;z=161&amp;output=embed\"><\/iframe><\/p>\n<p><a href=\"https:\/\/www.google.com\/maps?f=q&amp;source=embed&amp;hl=pt-BR&amp;geocode=&amp;q=Av.+Dr.+Arnaldo,+715,+S%C3%A3o+Paulo,+Rep%C3%BAblica+Federativa+do+Brasil&amp;aq=&amp;sll=-23.550402,-46.660997&amp;sspn=0.043668,0.057936&amp;ie=UTF8&amp;hq=&amp;hnear=Av.+Dr.+Arnaldo,+715+-+Consola%C3%A7%C3%A3o,+S%C3%A3o+Paulo,+01246-904,+Rep%C3%BAblica+Federativa+do+Brasil&amp;t=m&amp;z=14&amp;ll=-23.553145,-46.673357\" target=\"_blank\" rel=\"noopener noreferrer\">Exibir o Mapa Ampliado<\/a><\/p>\n<h6>Para contato direto via email<\/h6>\n<p><strong>Secretaria da Comiss\u00e3o de Pesquisa<\/strong><br \/>\nE-mail:\u00a0<a href=\"mailto:cpq@fsp.usp.br\">cpq@fsp.usp.br<\/a><\/p>\n<p><strong>Secretaria dos Cursos de Gradua\u00e7\u00e3o<\/strong><br \/>\nEmail:\u00a0<a href=\"mailto:svgrad06@fsp.usp.br\">svgrad06@fsp.usp.br<\/a><\/p>\n<p><strong>Secretaria da Comiss\u00e3o de P\u00f3s-gradua\u00e7\u00e3o<\/strong><br \/>\nEmail:\u00a0<a href=\"mailto:posgrad@fsp.usp.br\">posgrad@fsp.usp.br<\/a><\/p>\n<p><strong>Comiss\u00e3o de Rela\u00e7\u00f5es Internacionais<\/strong><br \/>\nEmail:\u00a0<a href=\"mailto:crint@fsp.usp.br\">crint@fsp.usp.br<\/a><\/p>\n<p><strong>Programa de P\u00f3s-Gradua\u00e7\u00e3o em Sa\u00fade P\u00fablica<\/strong><br \/>\nEmail:\u00a0<a href=\"mailto:ppg.saudepubli@usp.br\">ppg.saudepubli@usp.br<\/a><\/p>\n<p><strong>Programa de P\u00f3s-Gradua\u00e7\u00e3o Nutri\u00e7\u00e3o em Sa\u00fade P\u00fablica<\/strong><br \/>\nEmail:\u00a0<a href=\"mailto:ppg.nutrifsp@usp.br\">ppg.nutrifsp@usp.br<\/a><\/p>\n<p><strong>Programa Sa\u00fade Global e Sustentabilidade<\/strong><br \/>\nEmail:\u00a0<a href=\"mailto:saudeglobal@fsp.usp.br\">saudeglobal@fsp.usp.br<\/a><\/p>\n<p><strong>Programa Mestrado Profissional Ambiente, Sa\u00fade e Sustentabilidade<\/strong><br \/>\nEmail:\u00a0<a href=\"mailto:ppg.mproasas@usp.br\">ppg.mproasas@usp.br<\/a><\/p>\n<p><strong>Departamento de Sa\u00fade Ambiental<\/strong><br \/>\nE-mail: <a href=\"mailto:hsa@fsp.usp.br\">hsa@fsp.usp.br<\/a><\/p>\n<p><strong>Departamento de Epidemiologia<\/strong><br \/>\nEmail: <a href=\"mailto:hep@fsp.usp.br\">hep@fsp.usp.br<\/a><\/p>\n<p><strong>Departamento de Sa\u00fade Materno Infantil<\/strong><br \/>\nEmail: <a href=\"mailto:hsm@fsp.usp.br\">hsm@fsp.usp.br<\/a> ou <a href=\"mailto:hsmcpg@fsp.usp.br\">hsmcpg@fsp.usp.br<\/a><\/p>\n<p><strong>Departamento de Nutri\u00e7\u00e3o<\/strong><br \/>\nEmail: <a href=\"mailto:hnt@fsp.usp.br\">hnt@fsp.usp.br<\/a><\/p>\n<p><strong>Departamento de Pr\u00e1tica de Sa\u00fade P\u00fablica<\/strong><br \/>\nEmail: <a href=\"mailto:hsp@fsp.usp.br\">hsp@fsp.usp.br<\/a><\/p>","protected":false},"excerpt":{"rendered":"<p>Nossa Localiza\u00e7\u00e3o Toda correspond\u00eancia para a Faculdade de Sa\u00fade P\u00fablica deve ser endere\u00e7ada ao setor espec\u00edfico para: Avenida Doutor Arnaldo, 715 &#8211; S\u00e3o Paulo &#8211; SP &#8211; Brasil &#8211; CEP 01246904 Exibir o Mapa Ampliado Para contato direto via email Secretaria da Comiss\u00e3o de Pesquisa E-mail:\u00a0cpq@fsp.usp.br Secretaria dos Cursos de Gradua\u00e7\u00e3o Email:\u00a0svgrad06@fsp.usp.br Secretaria da Comiss\u00e3o [&hellip;]<\/p>\n","protected":false},"author":1,"featured_media":0,"parent":0,"menu_order":1,"comment_status":"closed","ping_status":"closed","template":"","meta":{"footnotes":"","_links_to":"","_links_to_target":""},"class_list":["post-52","page","type-page","status-publish","hentry"],"_links":{"self":[{"href":"https:\/\/sites.usp.br\/fsp\/wp-json\/wp\/v2\/pages\/52","targetHints":{"allow":["GET"]}}],"collection":[{"href":"https:\/\/sites.usp.br\/fsp\/wp-json\/wp\/v2\/pages"}],"about":[{"href":"https:\/\/sites.usp.br\/fsp\/wp-json\/wp\/v2\/types\/page"}],"author":[{"embeddable":true,"href":"https:\/\/sites.usp.br\/fsp\/wp-json\/wp\/v2\/users\/1"}],"replies":[{"embeddable":true,"href":"https:\/\/sites.usp.br\/fsp\/wp-json\/wp\/v2\/comments?post=52"}],"version-history":[{"count":7,"href":"https:\/\/sites.usp.br\/fsp\/wp-json\/wp\/v2\/pages\/52\/revisions"}],"predecessor-version":[{"id":1530,"href":"https:\/\/sites.usp.br\/fsp\/wp-json\/wp\/v2\/pages\/52\/revisions\/1530"}],"wp:attachment":[{"href":"https:\/\/sites.usp.br\/fsp\/wp-json\/wp\/v2\/media?parent=52"}],"curies":[{"name":"wp","href":"https:\/\/api.w.org\/{rel}","templated":true}]}}