{"id":529,"date":"2013-12-03T13:43:10","date_gmt":"2013-12-03T15:43:10","guid":{"rendered":"http:\/\/sites.usp.br\/fsp\/?page_id=529"},"modified":"2019-11-19T19:55:05","modified_gmt":"2019-11-19T21:55:05","slug":"programa-de-verao","status":"publish","type":"page","link":"https:\/\/sites.usp.br\/fsp\/programa-de-verao\/","title":{"rendered":"Programa de Ver\u00e3o"},"content":{"rendered":"<p><\/p>\n<h6>Programa de Ver\u00e3o<\/h6>\n<p style=\"text-align: justify;\"><a href=\"http:\/\/sites.usp.br\/fsp\/wp-content\/uploads\/sites\/3\/2013\/12\/nutri2011tic-38.jpg\"><img loading=\"lazy\" decoding=\"async\" class=\"wp-image-1152 alignright\" src=\"http:\/\/sites.usp.br\/fsp\/wp-content\/uploads\/sites\/3\/2013\/12\/nutri2011tic-38.jpg\" alt=\"nutri2011tic (38)\" width=\"213\" height=\"159\" srcset=\"https:\/\/sites.usp.br\/fsp\/wp-content\/uploads\/sites\/3\/2013\/12\/nutri2011tic-38.jpg 1701w, https:\/\/sites.usp.br\/fsp\/wp-content\/uploads\/sites\/3\/2013\/12\/nutri2011tic-38-300x224.jpg 300w, https:\/\/sites.usp.br\/fsp\/wp-content\/uploads\/sites\/3\/2013\/12\/nutri2011tic-38-1024x767.jpg 1024w\" sizes=\"auto, (max-width: 213px) 100vw, 213px\" \/><\/a>A Faculdade de Sa\u00fade P\u00fablica oferece, sob responsabilidade de sua Comiss\u00e3o de Cultura e Extens\u00e3o Universit\u00e1ria, uma programa\u00e7\u00e3o especial de cursos de extens\u00e3o universit\u00e1ria na forma de Programa de Ver\u00e3o.<\/p>\n<p style=\"text-align: justify;\">Trata-se de uma maneira rica de desenvolver e fortalecer os la\u00e7os da academia com a comunidade.<\/p>\n<p style=\"text-align: justify;\">Acesse ao material dos cursos de ver\u00e3o\u00a0<a href=\"http:\/\/www.fsp.usp.br\/cverao\" target=\"_blank\" rel=\"noopener noreferrer\"><span style=\"color: #0000ff;\"><strong> aqui.<\/strong><\/span><\/a><\/p>\n<p><\/p>","protected":false},"excerpt":{"rendered":"<p>Programa de Ver\u00e3o A Faculdade de Sa\u00fade P\u00fablica oferece, sob responsabilidade de sua Comiss\u00e3o de Cultura e Extens\u00e3o Universit\u00e1ria, uma programa\u00e7\u00e3o especial de cursos de extens\u00e3o universit\u00e1ria na forma de Programa de Ver\u00e3o. Trata-se de uma maneira rica de desenvolver e fortalecer os la\u00e7os da academia com a comunidade. Acesse ao material dos cursos de [&hellip;]<\/p>\n","protected":false},"author":2,"featured_media":0,"parent":0,"menu_order":0,"comment_status":"closed","ping_status":"closed","template":"","meta":{"footnotes":"","_links_to":"","_links_to_target":""},"class_list":["post-529","page","type-page","status-publish","hentry"],"_links":{"self":[{"href":"https:\/\/sites.usp.br\/fsp\/wp-json\/wp\/v2\/pages\/529","targetHints":{"allow":["GET"]}}],"collection":[{"href":"https:\/\/sites.usp.br\/fsp\/wp-json\/wp\/v2\/pages"}],"about":[{"href":"https:\/\/sites.usp.br\/fsp\/wp-json\/wp\/v2\/types\/page"}],"author":[{"embeddable":true,"href":"https:\/\/sites.usp.br\/fsp\/wp-json\/wp\/v2\/users\/2"}],"replies":[{"embeddable":true,"href":"https:\/\/sites.usp.br\/fsp\/wp-json\/wp\/v2\/comments?post=529"}],"version-history":[{"count":5,"href":"https:\/\/sites.usp.br\/fsp\/wp-json\/wp\/v2\/pages\/529\/revisions"}],"predecessor-version":[{"id":1569,"href":"https:\/\/sites.usp.br\/fsp\/wp-json\/wp\/v2\/pages\/529\/revisions\/1569"}],"wp:attachment":[{"href":"https:\/\/sites.usp.br\/fsp\/wp-json\/wp\/v2\/media?parent=529"}],"curies":[{"name":"wp","href":"https:\/\/api.w.org\/{rel}","templated":true}]}}