{"id":54,"date":"2013-11-25T09:27:12","date_gmt":"2013-11-25T11:27:12","guid":{"rendered":"http:\/\/sites.usp.br\/fsp\/?page_id=54"},"modified":"2019-11-19T20:24:42","modified_gmt":"2019-11-19T22:24:42","slug":"biblioteca","status":"publish","type":"page","link":"https:\/\/sites.usp.br\/fsp\/biblioteca\/","title":{"rendered":"Biblioteca"},"content":{"rendered":"<p><div id=\"attachment_1127\" style=\"width: 375px\" class=\"wp-caption alignleft\"><a href=\"http:\/\/sites.usp.br\/fsp\/wp-content\/uploads\/sites\/3\/2013\/12\/intra3.jpg\"><img loading=\"lazy\" decoding=\"async\" aria-describedby=\"caption-attachment-1127\" class=\" wp-image-1127 \" style=\"margin-bottom: 24px; margin-right: 12px;\" src=\"http:\/\/sites.usp.br\/fsp\/wp-content\/uploads\/sites\/3\/2013\/12\/intra3.jpg\" alt=\"Vista externa da Biblioteca\" width=\"365\" height=\"108\" srcset=\"https:\/\/sites.usp.br\/fsp\/wp-content\/uploads\/sites\/3\/2013\/12\/intra3.jpg 676w, https:\/\/sites.usp.br\/fsp\/wp-content\/uploads\/sites\/3\/2013\/12\/intra3-300x88.jpg 300w\" sizes=\"auto, (max-width: 365px) 100vw, 365px\" \/><\/a><p id=\"caption-attachment-1127\" class=\"wp-caption-text\">Vista externa da Biblioteca<\/p><\/div><\/p>\n<div id=\"attachment_1114\" style=\"width: 269px\" class=\"wp-caption alignright\"><a href=\"http:\/\/sites.usp.br\/fsp\/wp-content\/uploads\/sites\/3\/2013\/12\/IMG_4391.jpg\"><img loading=\"lazy\" decoding=\"async\" aria-describedby=\"caption-attachment-1114\" class=\" wp-image-1114 \" style=\"margin-bottom: 24px; margin-left: 12px;\" src=\"http:\/\/sites.usp.br\/fsp\/wp-content\/uploads\/sites\/3\/2013\/12\/IMG_4391.jpg\" alt=\"Vista interna da Biblioteca\" width=\"259\" height=\"194\" srcset=\"https:\/\/sites.usp.br\/fsp\/wp-content\/uploads\/sites\/3\/2013\/12\/IMG_4391.jpg 2592w, https:\/\/sites.usp.br\/fsp\/wp-content\/uploads\/sites\/3\/2013\/12\/IMG_4391-300x225.jpg 300w, https:\/\/sites.usp.br\/fsp\/wp-content\/uploads\/sites\/3\/2013\/12\/IMG_4391-1024x768.jpg 1024w\" sizes=\"auto, (max-width: 259px) 100vw, 259px\" \/><\/a><p id=\"caption-attachment-1114\" class=\"wp-caption-text\">Vista interna da Biblioteca<\/p><\/div>\n<p style=\"text-align: justify;\"><span style=\"text-align: justify; color: #141412; font-size: 16px; line-height: 1.5;\">A Faculdade de Sa\u00fade P\u00fablica conta com moderna biblioteca que re\u00fane acervo expressivo na \u00e1rea de Sa\u00fade P\u00fablica, Nutri\u00e7\u00e3o, Ambiente, Epidemiologia e \u00e1reas afins.<\/span><\/p>\n<p style=\"text-align: justify;\">Acesse o site da Biblioteca atrav\u00e9s do link abaixo:<\/p>\n<p style=\"text-align: center;\"><a style=\"text-align: center;\" title=\"Biblioteca da Faculdade de Sa\u00fade P\u00fablica\" href=\"http:\/\/biblioteca.fsp.usp.br\" target=\"_blank\" rel=\"noopener noreferrer\"><span style=\"color: #236b8e;\"><strong>Biblioteca da Faculdade de Sa\u00fade P\u00fablica<\/strong><\/span><\/a><\/p>\n<p><\/p>","protected":false},"excerpt":{"rendered":"<p>A Faculdade de Sa\u00fade P\u00fablica conta com moderna biblioteca que re\u00fane acervo expressivo na \u00e1rea de Sa\u00fade P\u00fablica, Nutri\u00e7\u00e3o, Ambiente, Epidemiologia e \u00e1reas afins. Acesse o site da Biblioteca atrav\u00e9s do link abaixo: Biblioteca da Faculdade de Sa\u00fade P\u00fablica<\/p>\n","protected":false},"author":1,"featured_media":0,"parent":0,"menu_order":2,"comment_status":"closed","ping_status":"closed","template":"","meta":{"footnotes":"","_links_to":"","_links_to_target":""},"class_list":["post-54","page","type-page","status-publish","hentry"],"_links":{"self":[{"href":"https:\/\/sites.usp.br\/fsp\/wp-json\/wp\/v2\/pages\/54","targetHints":{"allow":["GET"]}}],"collection":[{"href":"https:\/\/sites.usp.br\/fsp\/wp-json\/wp\/v2\/pages"}],"about":[{"href":"https:\/\/sites.usp.br\/fsp\/wp-json\/wp\/v2\/types\/page"}],"author":[{"embeddable":true,"href":"https:\/\/sites.usp.br\/fsp\/wp-json\/wp\/v2\/users\/1"}],"replies":[{"embeddable":true,"href":"https:\/\/sites.usp.br\/fsp\/wp-json\/wp\/v2\/comments?post=54"}],"version-history":[{"count":5,"href":"https:\/\/sites.usp.br\/fsp\/wp-json\/wp\/v2\/pages\/54\/revisions"}],"predecessor-version":[{"id":1570,"href":"https:\/\/sites.usp.br\/fsp\/wp-json\/wp\/v2\/pages\/54\/revisions\/1570"}],"wp:attachment":[{"href":"https:\/\/sites.usp.br\/fsp\/wp-json\/wp\/v2\/media?parent=54"}],"curies":[{"name":"wp","href":"https:\/\/api.w.org\/{rel}","templated":true}]}}