{"id":546,"date":"2013-12-03T14:13:41","date_gmt":"2013-12-03T16:13:41","guid":{"rendered":"http:\/\/sites.usp.br\/fsp\/?page_id=546"},"modified":"2014-02-18T13:28:42","modified_gmt":"2014-02-18T15:28:42","slug":"pos-doutorado","status":"publish","type":"page","link":"https:\/\/sites.usp.br\/fsp\/pos-doutorado\/","title":{"rendered":"P\u00f3s Doutorado"},"content":{"rendered":"<p><\/p>\n<h6>P\u00f3s-Doutorado na FSP<\/h6>\n<p style=\"text-align: justify\"><a href=\"http:\/\/sites.usp.br\/fsp\/wp-content\/uploads\/sites\/3\/2013\/12\/nv-034.jpg\"><img loading=\"lazy\" decoding=\"async\" class=\" wp-image-1171 alignright\" alt=\"nv 034\" src=\"http:\/\/sites.usp.br\/fsp\/wp-content\/uploads\/sites\/3\/2013\/12\/nv-034.jpg\" width=\"233\" height=\"177\" srcset=\"https:\/\/sites.usp.br\/fsp\/wp-content\/uploads\/sites\/3\/2013\/12\/nv-034.jpg 1860w, https:\/\/sites.usp.br\/fsp\/wp-content\/uploads\/sites\/3\/2013\/12\/nv-034-300x228.jpg 300w, https:\/\/sites.usp.br\/fsp\/wp-content\/uploads\/sites\/3\/2013\/12\/nv-034-1024x779.jpg 1024w\" sizes=\"auto, (max-width: 233px) 100vw, 233px\" \/><\/a>O P\u00f3s-Doutorado na USP \u00e9 um programa de pesquisa, realizado nas Unidades, \u00d3rg\u00e3os de Integra\u00e7\u00e3o e \u00d3rg\u00e3os Complementares, por portadores de t\u00edtulo de doutor, com o objetivo de permitir o desenvolvimento de doutores em atividades de pesquisa e contribuir para melhorar o n\u00edvel de excel\u00eancia cient\u00edfica da Universidade.<br \/>\nA inscri\u00e7\u00e3o no programa deve ser realizada na Secretaria da Comiss\u00e3o de Pesquisa, atendendo aos requisitos da Resolu\u00e7\u00e3o 5868, de 23\/09\/10.<\/p>\n<p><strong><span style=\"color: #236b8e\">Documentos obrigat\u00f3rios<\/span><\/strong><\/p>\n<p>Que dever\u00e3o ser encaminhados \u00e0 Comiss\u00e3o de Pesquisa:<\/p>\n<ul>\n<li>Normas Internas;<\/li>\n<li>Lista de documentos obrigat\u00f3rios;<\/li>\n<li>Formul\u00e1rio de inscri\u00e7\u00e3o;<\/li>\n<li>Formul\u00e1rio para prorroga\u00e7\u00e3o;<\/li>\n<li>Formul\u00e1rio para conclus\u00e3o.<\/li>\n<li>Anexos da Resolu\u00e7\u00e3o 5868 (em formato \u201c.doc\u201c):<\/li>\n<li>Anexo I (Termo de Compromisso de P\u00f3s-Doutorado \u2013 Modalidade Sem Bolsa);<\/li>\n<li>Anexo II (Termo de Ci\u00eancia);<\/li>\n<li>Anexo III (Declara\u00e7\u00e3o de Reconhecimento de Direitos de Propriedade Intelectual).<\/li>\n<\/ul>\n<p style=\"text-align: justify\"><a href=\"http:\/\/sites.usp.br\/fsp\/wp-content\/uploads\/sites\/3\/2013\/12\/Mvc-005f.jpg\"><img loading=\"lazy\" decoding=\"async\" class=\"size-full wp-image-1142 alignleft\" alt=\"Mvc-005f\" src=\"http:\/\/sites.usp.br\/fsp\/wp-content\/uploads\/sites\/3\/2013\/12\/Mvc-005f.jpg\" width=\"255\" height=\"191\" \/><\/a>Observa\u00e7\u00e3o: \u00c9 necess\u00e1rio consultar os artigos 3\u00ba e 8\u00ba da Resolu\u00e7\u00e3o acima, sobre o preenchimento dos anexos obrigat\u00f3rios pelo interessado a participar do P\u00f3s-Doc, de acordo com a modalidade de seu programa.<\/p>\n<p style=\"text-align: justify\">Cadastramento de Jovem Pesquisador na Comiss\u00e3o de Pesquisa FSP<br \/>\nO Jovem Pesquisador da FAPESP poder\u00e1 se inscrever no Programa de P\u00f3s-Doutorado da USP na Secretaria da Comiss\u00e3o de Pesquisa da Faculdade de Sa\u00fade P\u00fablica.<\/p>\n<p style=\"text-align: justify\">Dessa maneira o Jovem Pesquisador poder\u00e1 possuir carteira com n\u00famero USP, o que facilitar\u00e1 sobremaneira a sua vida na USP, at\u00e9 mesmo receber aux\u00edlios financeiros e aloc\u00e1-los na Unidade de Trabalho.<\/p>\n<p><\/p>","protected":false},"excerpt":{"rendered":"<p>P\u00f3s-Doutorado na FSP O P\u00f3s-Doutorado na USP \u00e9 um programa de pesquisa, realizado nas Unidades, \u00d3rg\u00e3os de Integra\u00e7\u00e3o e \u00d3rg\u00e3os Complementares, por portadores de t\u00edtulo de doutor, com o objetivo de permitir o desenvolvimento de doutores em atividades de pesquisa e contribuir para melhorar o n\u00edvel de excel\u00eancia cient\u00edfica da Universidade. A inscri\u00e7\u00e3o no programa [&hellip;]<\/p>\n","protected":false},"author":2,"featured_media":0,"parent":0,"menu_order":0,"comment_status":"closed","ping_status":"closed","template":"","meta":{"footnotes":"","_links_to":"","_links_to_target":""},"class_list":["post-546","page","type-page","status-publish","hentry"],"_links":{"self":[{"href":"https:\/\/sites.usp.br\/fsp\/wp-json\/wp\/v2\/pages\/546","targetHints":{"allow":["GET"]}}],"collection":[{"href":"https:\/\/sites.usp.br\/fsp\/wp-json\/wp\/v2\/pages"}],"about":[{"href":"https:\/\/sites.usp.br\/fsp\/wp-json\/wp\/v2\/types\/page"}],"author":[{"embeddable":true,"href":"https:\/\/sites.usp.br\/fsp\/wp-json\/wp\/v2\/users\/2"}],"replies":[{"embeddable":true,"href":"https:\/\/sites.usp.br\/fsp\/wp-json\/wp\/v2\/comments?post=546"}],"version-history":[{"count":7,"href":"https:\/\/sites.usp.br\/fsp\/wp-json\/wp\/v2\/pages\/546\/revisions"}],"predecessor-version":[{"id":1417,"href":"https:\/\/sites.usp.br\/fsp\/wp-json\/wp\/v2\/pages\/546\/revisions\/1417"}],"wp:attachment":[{"href":"https:\/\/sites.usp.br\/fsp\/wp-json\/wp\/v2\/media?parent=546"}],"curies":[{"name":"wp","href":"https:\/\/api.w.org\/{rel}","templated":true}]}}