{"id":548,"date":"2013-12-03T14:16:07","date_gmt":"2013-12-03T16:16:07","guid":{"rendered":"http:\/\/sites.usp.br\/fsp\/?page_id=548"},"modified":"2013-12-13T17:15:34","modified_gmt":"2013-12-13T19:15:34","slug":"pibic-programa-institucional-de-bolsas-de-iniciacao-cientifica","status":"publish","type":"page","link":"https:\/\/sites.usp.br\/fsp\/pibic-programa-institucional-de-bolsas-de-iniciacao-cientifica\/","title":{"rendered":"PIBIC"},"content":{"rendered":"<p><a href=\"http:\/\/sites.usp.br\/fsp\/wp-content\/uploads\/sites\/3\/2013\/12\/Mvc-008f.jpg\"><img loading=\"lazy\" decoding=\"async\" class=\" wp-image-1144 alignright\" alt=\"Mvc-008f\" src=\"http:\/\/sites.usp.br\/fsp\/wp-content\/uploads\/sites\/3\/2013\/12\/Mvc-008f.jpg\" width=\"288\" height=\"216\" \/><\/a><span style=\"color: #236b8e\"><strong>Programa Institucional de Bolsas de Inicia\u00e7\u00e3o Cient\u00edfica<\/strong><\/span><\/p>\n<p><span style=\"color: #236b8e\"><strong><em>O Programa PIBIC<\/em><\/strong><\/span><\/p>\n<p style=\"text-align: justify\">O programa \u00e9 voltado para alunos de gradua\u00e7\u00e3o e tem como objetivo promover desenvolvimento da Pesquisa na Institui\u00e7\u00e3o, mediante o encaminhamento de alunos de gradua\u00e7\u00e3o para descoberta cient\u00edfica, e conviv\u00eancia com o procedimento e a metodologia adotada em ci\u00eancia e em tecnologia. Al\u00e9m de ser uma oportunidade de complementar sua forma\u00e7\u00e3o acad\u00eamica, aprimorando seu conhecimento e preparo para a vida profissional.<\/p>\n<p><\/p>","protected":false},"excerpt":{"rendered":"<p>Programa Institucional de Bolsas de Inicia\u00e7\u00e3o Cient\u00edfica O Programa PIBIC O programa \u00e9 voltado para alunos de gradua\u00e7\u00e3o e tem como objetivo promover desenvolvimento da Pesquisa na Institui\u00e7\u00e3o, mediante o encaminhamento de alunos de gradua\u00e7\u00e3o para descoberta cient\u00edfica, e conviv\u00eancia com o procedimento e a metodologia adotada em ci\u00eancia e em tecnologia. Al\u00e9m de ser [&hellip;]<\/p>\n","protected":false},"author":2,"featured_media":0,"parent":0,"menu_order":0,"comment_status":"closed","ping_status":"closed","template":"","meta":{"footnotes":"","_links_to":"","_links_to_target":""},"class_list":["post-548","page","type-page","status-publish","hentry"],"_links":{"self":[{"href":"https:\/\/sites.usp.br\/fsp\/wp-json\/wp\/v2\/pages\/548","targetHints":{"allow":["GET"]}}],"collection":[{"href":"https:\/\/sites.usp.br\/fsp\/wp-json\/wp\/v2\/pages"}],"about":[{"href":"https:\/\/sites.usp.br\/fsp\/wp-json\/wp\/v2\/types\/page"}],"author":[{"embeddable":true,"href":"https:\/\/sites.usp.br\/fsp\/wp-json\/wp\/v2\/users\/2"}],"replies":[{"embeddable":true,"href":"https:\/\/sites.usp.br\/fsp\/wp-json\/wp\/v2\/comments?post=548"}],"version-history":[{"count":6,"href":"https:\/\/sites.usp.br\/fsp\/wp-json\/wp\/v2\/pages\/548\/revisions"}],"predecessor-version":[{"id":1305,"href":"https:\/\/sites.usp.br\/fsp\/wp-json\/wp\/v2\/pages\/548\/revisions\/1305"}],"wp:attachment":[{"href":"https:\/\/sites.usp.br\/fsp\/wp-json\/wp\/v2\/media?parent=548"}],"curies":[{"name":"wp","href":"https:\/\/api.w.org\/{rel}","templated":true}]}}