{"id":552,"date":"2013-12-03T14:23:19","date_gmt":"2013-12-03T16:23:19","guid":{"rendered":"http:\/\/sites.usp.br\/fsp\/?page_id=552"},"modified":"2019-11-19T20:27:46","modified_gmt":"2019-11-19T22:27:46","slug":"comissao-de-relacoes-internacionais","status":"publish","type":"page","link":"https:\/\/sites.usp.br\/fsp\/comissao-de-relacoes-internacionais\/","title":{"rendered":"Rela\u00e7\u00f5es Internacionais"},"content":{"rendered":"<p><\/p>\n<h6><a href=\"http:\/\/sites.usp.br\/fsp\/wp-content\/uploads\/sites\/3\/2013\/12\/IMG_5289.jpg\"><img loading=\"lazy\" decoding=\"async\" class=\" wp-image-1118 alignleft\" style=\"margin-bottom: 24px;\" src=\"http:\/\/sites.usp.br\/fsp\/wp-content\/uploads\/sites\/3\/2013\/12\/IMG_5289.jpg\" alt=\"IMG_5289\" width=\"288\" height=\"216\" srcset=\"https:\/\/sites.usp.br\/fsp\/wp-content\/uploads\/sites\/3\/2013\/12\/IMG_5289.jpg 1575w, https:\/\/sites.usp.br\/fsp\/wp-content\/uploads\/sites\/3\/2013\/12\/IMG_5289-300x224.jpg 300w, https:\/\/sites.usp.br\/fsp\/wp-content\/uploads\/sites\/3\/2013\/12\/IMG_5289-1024x767.jpg 1024w\" sizes=\"auto, (max-width: 288px) 100vw, 288px\" \/><\/a>A Comiss\u00e3o de Rela\u00e7\u00f5es Internacionais (CRInt)<\/h6>\n<p style=\"text-align: justify;\">\u00a0Seguindo as diretrizes da USP, a CRInt foi criada em 2006.\u00a0 A atual Comiss\u00e3o &#8211; criada atrav\u00e9s de Portaria Diretor FSP-USP\u00a0 de 06\/06\/18 -, \u00e9 composta por 6 (seis) membros sendo: 5 servidores docentes indicados pela Diretoria (incluindo-se o Presidente e o Vice-Presidente) e 1 servidor especialmente designado.<\/p>\n<h6><strong><a href=\"http:\/\/sites.usp.br\/fsp\/wp-content\/uploads\/sites\/3\/2013\/12\/IMG_5509.jpg\"><img loading=\"lazy\" decoding=\"async\" class=\" wp-image-1124 alignright\" src=\"http:\/\/sites.usp.br\/fsp\/wp-content\/uploads\/sites\/3\/2013\/12\/IMG_5509.jpg\" alt=\"IMG_5509\" width=\"288\" height=\"216\" srcset=\"https:\/\/sites.usp.br\/fsp\/wp-content\/uploads\/sites\/3\/2013\/12\/IMG_5509.jpg 1600w, https:\/\/sites.usp.br\/fsp\/wp-content\/uploads\/sites\/3\/2013\/12\/IMG_5509-300x225.jpg 300w, https:\/\/sites.usp.br\/fsp\/wp-content\/uploads\/sites\/3\/2013\/12\/IMG_5509-1024x768.jpg 1024w\" sizes=\"auto, (max-width: 288px) 100vw, 288px\" \/><\/a><\/strong><strong>Objetivos:<\/strong><\/h6>\n<p style=\"text-align: justify;\">Na qualidade de agente facilitador a CRInt-FSP busca:<\/p>\n<ul>\n<li>Fortalecer, apoiar e impulsionar a diretriz de internacionaliza\u00e7\u00e3o implementada pelo Plano Acad\u00eamico Institucional;<\/li>\n<li>Incentivar a internacionaliza\u00e7\u00e3o da FSP-USP;<\/li>\n<li>Planejamento de Metas e Estrat\u00e9gias a serem alcan\u00e7adas e seu feed back;<\/li>\n<li>Orientar e promover a formaliza\u00e7\u00e3o de conv\u00eanios acad\u00eamicos e de pesquisa;<\/li>\n<li>Buscar fontes de financiamento para a\u00e7\u00f5es de internacionaliza\u00e7\u00e3o;<\/li>\n<li>Manter mapeamento sistem\u00e1tico das a\u00e7\u00f5es internacionais da FSP-USP.<\/li>\n<\/ul>\n<h6>Membros:<\/h6>\n<ul>\n<li><span style=\"color: #339966;\">Professora Dra. Claudia Roberto de Castro Moreno<\/span>\u00a0|\u00a0Presidente<\/li>\n<li><span style=\"color: #339966;\">Professor Dr. Fredi Alexander Diaz Quijano<\/span> |\u00a0Vice-Presidente<\/li>\n<li><span style=\"color: #339966;\">Professora Dra. Maria Tereza Pepe Razzolini<\/span><\/li>\n<li><span style=\"color: #339966;\">Professora Dra. Claudia Maria B\u00f3gus<\/span><\/li>\n<li><span style=\"color: #339966;\">Professora Dra. Kelly Polido Kaneshiro<\/span><\/li>\n<li><span style=\"color: #339966;\">Marlei Pirozelli<\/span> \u00a0|\u00a0Assessora<\/li>\n<\/ul>\n<h6>Estagi\u00e1rios:<\/h6>\n<ul>\n<li>Joanna Ricci<\/li>\n<\/ul>\n<h6><b>Contato:<\/b><\/h6>\n<ul>\n<li><b><a href=\"mailto:crint@fsp.usp.br\">crint@fsp.usp.br<\/a><\/b><\/li>\n<li><a href=\"http:\/\/www.facebook.com\/CRInt-FSP\" target=\"_blank\" rel=\"noopener noreferrer\"><b>http:\/\/www.facebook.com\/CRInt-FSP<\/b><\/a><\/li>\n<li><a href=\"http:\/\/www.fsp.usp.br\/site\/relacoes-internacionais\/mostra\/876\">http:\/\/www.fsp.usp.br\/site\/relacoes-internacionais\/mostra\/876<\/a><\/li>\n<\/ul>\n<p><\/p>","protected":false},"excerpt":{"rendered":"<p>A Comiss\u00e3o de Rela\u00e7\u00f5es Internacionais (CRInt) \u00a0Seguindo as diretrizes da USP, a CRInt foi criada em 2006.\u00a0 A atual Comiss\u00e3o &#8211; criada atrav\u00e9s de Portaria Diretor FSP-USP\u00a0 de 06\/06\/18 -, \u00e9 composta por 6 (seis) membros sendo: 5 servidores docentes indicados pela Diretoria (incluindo-se o Presidente e o Vice-Presidente) e 1 servidor especialmente designado. Objetivos: [&hellip;]<\/p>\n","protected":false},"author":2,"featured_media":0,"parent":0,"menu_order":0,"comment_status":"closed","ping_status":"closed","template":"","meta":{"footnotes":"","_links_to":"","_links_to_target":""},"class_list":["post-552","page","type-page","status-publish","hentry"],"_links":{"self":[{"href":"https:\/\/sites.usp.br\/fsp\/wp-json\/wp\/v2\/pages\/552","targetHints":{"allow":["GET"]}}],"collection":[{"href":"https:\/\/sites.usp.br\/fsp\/wp-json\/wp\/v2\/pages"}],"about":[{"href":"https:\/\/sites.usp.br\/fsp\/wp-json\/wp\/v2\/types\/page"}],"author":[{"embeddable":true,"href":"https:\/\/sites.usp.br\/fsp\/wp-json\/wp\/v2\/users\/2"}],"replies":[{"embeddable":true,"href":"https:\/\/sites.usp.br\/fsp\/wp-json\/wp\/v2\/comments?post=552"}],"version-history":[{"count":7,"href":"https:\/\/sites.usp.br\/fsp\/wp-json\/wp\/v2\/pages\/552\/revisions"}],"predecessor-version":[{"id":1571,"href":"https:\/\/sites.usp.br\/fsp\/wp-json\/wp\/v2\/pages\/552\/revisions\/1571"}],"wp:attachment":[{"href":"https:\/\/sites.usp.br\/fsp\/wp-json\/wp\/v2\/media?parent=552"}],"curies":[{"name":"wp","href":"https:\/\/api.w.org\/{rel}","templated":true}]}}