{"id":58,"date":"2013-11-25T09:28:58","date_gmt":"2013-11-25T11:28:58","guid":{"rendered":"http:\/\/sites.usp.br\/fsp\/?page_id=58"},"modified":"2019-11-19T19:43:47","modified_gmt":"2019-11-19T21:43:47","slug":"estudante","status":"publish","type":"page","link":"https:\/\/sites.usp.br\/fsp\/cursos\/estudante\/","title":{"rendered":"Gradua\u00e7\u00e3o"},"content":{"rendered":"<p><\/p>\n<h6 style=\"text-align: left;\"><a href=\"http:\/\/sites.usp.br\/fsp\/wp-content\/uploads\/sites\/3\/2013\/12\/IMG_5536.jpg\"><img loading=\"lazy\" decoding=\"async\" class=\" wp-image-1125 alignleft\" src=\"http:\/\/sites.usp.br\/fsp\/wp-content\/uploads\/sites\/3\/2013\/12\/IMG_5536.jpg\" alt=\"IMG_5536\" width=\"178\" height=\"150\" \/><\/a><a href=\"http:\/\/sites.usp.br\/fsp\/wp-content\/uploads\/sites\/3\/2013\/12\/nutri2011tic-97.jpg\"><img loading=\"lazy\" decoding=\"async\" class=\" wp-image-1159 alignright\" src=\"http:\/\/sites.usp.br\/fsp\/wp-content\/uploads\/sites\/3\/2013\/12\/nutri2011tic-97.jpg\" alt=\"nutri2011tic (97)\" width=\"170\" height=\"128\" srcset=\"https:\/\/sites.usp.br\/fsp\/wp-content\/uploads\/sites\/3\/2013\/12\/nutri2011tic-97.jpg 1701w, https:\/\/sites.usp.br\/fsp\/wp-content\/uploads\/sites\/3\/2013\/12\/nutri2011tic-97-300x224.jpg 300w, https:\/\/sites.usp.br\/fsp\/wp-content\/uploads\/sites\/3\/2013\/12\/nutri2011tic-97-1024x767.jpg 1024w\" sizes=\"auto, (max-width: 170px) 100vw, 170px\" \/><\/a>A Faculdade de Sa\u00fade P\u00fablica oferece dois cursos de gradua\u00e7\u00e3o:<\/h6>\n<p style=\"text-align: center;\"><strong><span style=\"color: #236b8e;\"><a title=\"Gradua\u00e7\u00e3o em Nutri\u00e7\u00e3o\" href=\"http:\/\/sites.usp.br\/fsp\/graduacao-em-nutricao\/\"><span style=\"color: #236b8e;\">Nutri\u00e7\u00e3o<\/span><\/a><\/span><\/strong><\/p>\n<p style=\"text-align: center;\"><a title=\"Gradua\u00e7\u00e3o em Sa\u00fade P\u00fablica\" href=\"http:\/\/sites.usp.br\/fsp\/graduacao-em-saude-publica\/\"><span style=\"color: #236b8e;\"><strong>Sa\u00fade P\u00fablica<\/strong><\/span><\/a><\/p>\n<div style=\"text-align: center;\"><strong>Veja vers\u00e3o completa e atualizada de nosso site institucional em: <a href=\"https:\/\/www.fsp.usp.br\/site\/\">www.fsp.usp.br<\/a><\/strong><\/div>\n<p><\/p>","protected":false},"excerpt":{"rendered":"<p>A Faculdade de Sa\u00fade P\u00fablica oferece dois cursos de gradua\u00e7\u00e3o: Nutri\u00e7\u00e3o Sa\u00fade P\u00fablica Veja vers\u00e3o completa e atualizada de nosso site institucional em: www.fsp.usp.br<\/p>\n","protected":false},"author":1,"featured_media":0,"parent":15,"menu_order":4,"comment_status":"closed","ping_status":"closed","template":"","meta":{"footnotes":"","_links_to":"","_links_to_target":""},"class_list":["post-58","page","type-page","status-publish","hentry"],"_links":{"self":[{"href":"https:\/\/sites.usp.br\/fsp\/wp-json\/wp\/v2\/pages\/58","targetHints":{"allow":["GET"]}}],"collection":[{"href":"https:\/\/sites.usp.br\/fsp\/wp-json\/wp\/v2\/pages"}],"about":[{"href":"https:\/\/sites.usp.br\/fsp\/wp-json\/wp\/v2\/types\/page"}],"author":[{"embeddable":true,"href":"https:\/\/sites.usp.br\/fsp\/wp-json\/wp\/v2\/users\/1"}],"replies":[{"embeddable":true,"href":"https:\/\/sites.usp.br\/fsp\/wp-json\/wp\/v2\/comments?post=58"}],"version-history":[{"count":5,"href":"https:\/\/sites.usp.br\/fsp\/wp-json\/wp\/v2\/pages\/58\/revisions"}],"predecessor-version":[{"id":1566,"href":"https:\/\/sites.usp.br\/fsp\/wp-json\/wp\/v2\/pages\/58\/revisions\/1566"}],"up":[{"embeddable":true,"href":"https:\/\/sites.usp.br\/fsp\/wp-json\/wp\/v2\/pages\/15"}],"wp:attachment":[{"href":"https:\/\/sites.usp.br\/fsp\/wp-json\/wp\/v2\/media?parent=58"}],"curies":[{"name":"wp","href":"https:\/\/api.w.org\/{rel}","templated":true}]}}