{"id":621,"date":"2013-12-04T16:10:27","date_gmt":"2013-12-04T18:10:27","guid":{"rendered":"http:\/\/sites.usp.br\/fsp\/?page_id=621"},"modified":"2019-11-25T15:53:15","modified_gmt":"2019-11-25T17:53:15","slug":"institucional","status":"publish","type":"page","link":"https:\/\/sites.usp.br\/fsp\/institucional\/","title":{"rendered":"Institucional"},"content":{"rendered":"<p><a href=\"http:\/\/sites.usp.br\/fsp\/wp-content\/uploads\/sites\/3\/2013\/12\/intra-func2-c\u00f3pia.jpg\"><img loading=\"lazy\" decoding=\"async\" class=\" wp-image-1130 alignleft\" style=\"margin-top: 20px; margin-bottom: 0px;\" src=\"http:\/\/sites.usp.br\/fsp\/wp-content\/uploads\/sites\/3\/2013\/12\/intra-func2-c\u00f3pia.jpg\" alt=\"intra func2 c\u00f3pia\" width=\"537\" height=\"160\" srcset=\"https:\/\/sites.usp.br\/fsp\/wp-content\/uploads\/sites\/3\/2013\/12\/intra-func2-c\u00f3pia.jpg 676w, https:\/\/sites.usp.br\/fsp\/wp-content\/uploads\/sites\/3\/2013\/12\/intra-func2-c\u00f3pia-300x88.jpg 300w\" sizes=\"auto, (max-width: 537px) 100vw, 537px\" \/><\/a><span style=\"color: #236b8e;\"><strong><span style=\"font-size: large;\"> A Miss\u00e3o da Faculdade de Sa\u00fade P\u00fablica<\/span><\/strong><\/span><\/p>\n<p style=\"text-align: justify;\">A miss\u00e3o da Faculdade de Sa\u00fade P\u00fablica \u00e9 produzir e disseminar conhecimento e formar pessoas em sa\u00fade p\u00fablica e em nutri\u00e7\u00e3o, por meio da pesquisa, ensino e extens\u00e3o, contribuindo para a melhoria das condi\u00e7\u00f5es de sa\u00fade da popula\u00e7\u00e3o e para a formula\u00e7\u00e3o de pol\u00edticas p\u00fablicas.<\/p>\n<p><span style=\"color: #236b8e;\"><strong><span style=\"font-size: large;\">Os Departamentos<\/span><\/strong><\/span><\/p>\n<p style=\"text-align: justify;\">A Faculdade \u00e9 constitu\u00edda por cinco departamentos: Epidemiologia; Nutri\u00e7\u00e3o; Pol\u00edtica Gest\u00e3o e Sociedade;\u00a0 Sa\u00fade Ambiental; e Sa\u00fade, Ciclos de Vida e Sociedade .<\/p>\n<div style=\"text-align: center;\"><strong>Veja vers\u00e3o completa de nosso site institucional em: <a href=\"https:\/\/www.fsp.usp.br\/site\/\">www.fsp.usp.br<\/a><\/strong><\/div>\n<p><\/p>","protected":false},"excerpt":{"rendered":"<p>A Miss\u00e3o da Faculdade de Sa\u00fade P\u00fablica A miss\u00e3o da Faculdade de Sa\u00fade P\u00fablica \u00e9 produzir e disseminar conhecimento e formar pessoas em sa\u00fade p\u00fablica e em nutri\u00e7\u00e3o, por meio da pesquisa, ensino e extens\u00e3o, contribuindo para a melhoria das condi\u00e7\u00f5es de sa\u00fade da popula\u00e7\u00e3o e para a formula\u00e7\u00e3o de pol\u00edticas p\u00fablicas. Os Departamentos A [&hellip;]<\/p>\n","protected":false},"author":2,"featured_media":0,"parent":0,"menu_order":0,"comment_status":"open","ping_status":"open","template":"","meta":{"footnotes":"","_links_to":"","_links_to_target":""},"class_list":["post-621","page","type-page","status-publish","hentry"],"_links":{"self":[{"href":"https:\/\/sites.usp.br\/fsp\/wp-json\/wp\/v2\/pages\/621","targetHints":{"allow":["GET"]}}],"collection":[{"href":"https:\/\/sites.usp.br\/fsp\/wp-json\/wp\/v2\/pages"}],"about":[{"href":"https:\/\/sites.usp.br\/fsp\/wp-json\/wp\/v2\/types\/page"}],"author":[{"embeddable":true,"href":"https:\/\/sites.usp.br\/fsp\/wp-json\/wp\/v2\/users\/2"}],"replies":[{"embeddable":true,"href":"https:\/\/sites.usp.br\/fsp\/wp-json\/wp\/v2\/comments?post=621"}],"version-history":[{"count":5,"href":"https:\/\/sites.usp.br\/fsp\/wp-json\/wp\/v2\/pages\/621\/revisions"}],"predecessor-version":[{"id":1582,"href":"https:\/\/sites.usp.br\/fsp\/wp-json\/wp\/v2\/pages\/621\/revisions\/1582"}],"wp:attachment":[{"href":"https:\/\/sites.usp.br\/fsp\/wp-json\/wp\/v2\/media?parent=621"}],"curies":[{"name":"wp","href":"https:\/\/api.w.org\/{rel}","templated":true}]}}