{"id":63,"date":"2013-11-25T09:30:56","date_gmt":"2013-11-25T11:30:56","guid":{"rendered":"http:\/\/sites.usp.br\/fsp\/?page_id=63"},"modified":"2014-02-18T12:59:39","modified_gmt":"2014-02-18T14:59:39","slug":"especializacao","status":"publish","type":"page","link":"https:\/\/sites.usp.br\/fsp\/cursos\/especializacao\/","title":{"rendered":"Especializa\u00e7\u00e3o"},"content":{"rendered":"<p><\/p>\n<h6>Apresenta\u00e7\u00e3o<\/h6>\n<p style=\"text-align: justify\"><a href=\"http:\/\/sites.usp.br\/fsp\/wp-content\/uploads\/sites\/3\/2013\/12\/nutri\u00e7\u00e3o-019.jpg\"><img loading=\"lazy\" decoding=\"async\" class=\" wp-image-1167 alignright\" alt=\"nutri\u00e7\u00e3o 019\" src=\"http:\/\/sites.usp.br\/fsp\/wp-content\/uploads\/sites\/3\/2013\/12\/nutri\u00e7\u00e3o-019.jpg\" width=\"283\" height=\"208\" srcset=\"https:\/\/sites.usp.br\/fsp\/wp-content\/uploads\/sites\/3\/2013\/12\/nutri\u00e7\u00e3o-019.jpg 850w, https:\/\/sites.usp.br\/fsp\/wp-content\/uploads\/sites\/3\/2013\/12\/nutri\u00e7\u00e3o-019-300x220.jpg 300w\" sizes=\"auto, (max-width: 283px) 100vw, 283px\" \/><\/a>A Pr\u00f3-Reitoria de Cultura e Extens\u00e3o foi criada em 1988 com o objetivo de regulamentar as atividades de cultura e extens\u00e3o universit\u00e1ria na Universidade de S\u00e3o Paulo (USP). Na USP, respons\u00e1vel pelo Teatro, Cinema (Cinusp), Orquestra Sinf\u00f4nica (Osusp), Orquestra de C\u00e2mara (Ocam), Coral (Coralusp), Biblioteca Mindline, Centro de Preserva\u00e7\u00e3o Cultural (CPC), Centro Universit\u00e1rio Maria Antonia (CEUMA), Esta\u00e7\u00e3o Ci\u00eancia, Museu de Ci\u00eancias, Museu de Arte Contempor\u00e2nea (MAC), Museu de Arqueologia e Etnologia (MAE), Museu Paulista, Museu de Zoologia, Parque Cientec, Ru\u00ednas Engenho S\u00e3o Jorge dos Erasmos. Al\u00e9m disso, \u00e9 respons\u00e1vel por regulamentar os cursos de especializa\u00e7\u00e3o, aperfei\u00e7oamento, atualiza\u00e7\u00e3o e difus\u00e3o cultural.<\/p>\n<p style=\"text-align: justify\">A Faculdade de Sa\u00fade P\u00fablica \u00e9 respons\u00e1vel pelo Programa de Ver\u00e3o que, em 2013, teve 24 cursos, com 910 vagas e 770 alunos matriculados. Em 2012 foram realizados 8 cursos de Especializa\u00e7\u00e3o, com 975 vagas e 1408 inscritos, (Direito Sanit\u00e1rio, Interdisciplinar em Sa\u00fade P\u00fablica, Psicopatologia e Sa\u00fade P\u00fablica, Sa\u00fade da Mulher no Climat\u00e9rio, Vigil\u00e2ncia Sanit\u00e1ria de Alimentos, Economia da Sa\u00fade, Gest\u00e3o de Recursos Humanos em Sa\u00fade e Regula\u00e7\u00e3o em Sa\u00fade). Al\u00e9m disso, \u00e9 respons\u00e1vel pelo Programa de Aprimoramento Profissional e, em 2013, foram concedidas 16 bolsas pela FUNDAP, para 170 inscritos, distribu\u00eddos nos seguintes Programas:<\/p>\n<ul>\n<li>Programa Psicologia em Unidade B\u00e1sica de Sa\u00fade<\/li>\n<li>Programa de Entomologia M\u00e9dica e Soroepidemiologia<\/li>\n<li>Programa Laborat\u00f3rio de Sa\u00fade P\u00fablica<\/li>\n<li>Programa de Nutri\u00e7\u00e3o em Sa\u00fade P\u00fablica<\/li>\n<li>Programa de Nutri\u00e7\u00e3o Cl\u00ednica.<\/li>\n<li>Programa de Direito Sanit\u00e1rio em Advocacia<\/li>\n<\/ul>\n<p>Para informa\u00e7\u00f5es mais detalhadas, consulte o site <span style=\"color: #0000ff\"><strong><a href=\"http:\/\/www.fsp.usp.br\"><span style=\"color: #0000ff\">http:\/\/www.fsp.usp.br<\/span><\/a><\/strong><\/span><\/p>\n<div id=\"attachment_1132\" style=\"width: 610px\" class=\"wp-caption alignnone\"><a href=\"http:\/\/sites.usp.br\/fsp\/wp-content\/uploads\/sites\/3\/2013\/12\/JARDI1.jpg\"><img loading=\"lazy\" decoding=\"async\" aria-describedby=\"caption-attachment-1132\" class=\"size-full wp-image-1132\" alt=\"View of the gardens of the Faculty\" src=\"http:\/\/sites.usp.br\/fsp\/wp-content\/uploads\/sites\/3\/2013\/12\/JARDI1.jpg\" width=\"600\" height=\"200\" srcset=\"https:\/\/sites.usp.br\/fsp\/wp-content\/uploads\/sites\/3\/2013\/12\/JARDI1.jpg 600w, https:\/\/sites.usp.br\/fsp\/wp-content\/uploads\/sites\/3\/2013\/12\/JARDI1-300x100.jpg 300w\" sizes=\"auto, (max-width: 600px) 100vw, 600px\" \/><\/a><p id=\"caption-attachment-1132\" class=\"wp-caption-text\">Vista dos Jardins da Faculdade<\/p><\/div>\n<p style=\"text-align: justify\">Na \u00e1rea de pesquisa, existe o Programa Aprender com Cultura e Extens\u00e3o, da Pr\u00f3-Reitoria de Cultura e Extens\u00e3o que, em 2012 e 2013, foram contemplados 6 bolsistas em projetos apresentados por docentes da FSP, sendo 5 para o Departamento de Nutri\u00e7\u00e3o e 1 para o Departamento de Sa\u00fade Materno Infantil.<\/p>\n<p style=\"text-align: justify\">Foram realizados em 2012, 39 eventos diversos, sendo que em todos foi feita a divulga\u00e7\u00e3o e emiss\u00e3o de certificados (3784 certificados).<\/p>\n<p style=\"text-align: justify\"><span style=\"line-height: 1.5\">\u00a0<\/span>A Faculdade de Sa\u00fade P\u00fablica oferece, sob responsabilidade de sua Comiss\u00e3o de Cultura e Extens\u00e3o Universit\u00e1ria, uma programa\u00e7\u00e3o especial de cursos de extens\u00e3o universit\u00e1ria na forma de <a title=\"Programa de Ver\u00e3o\" href=\"http:\/\/sites.usp.br\/fsp\/programa-de-verao\/\"><span style=\"color: #0000ff\"><strong>Programa de Ver\u00e3o<\/strong><\/span>.<\/a><\/p>\n<p><\/p>","protected":false},"excerpt":{"rendered":"<p>Apresenta\u00e7\u00e3o A Pr\u00f3-Reitoria de Cultura e Extens\u00e3o foi criada em 1988 com o objetivo de regulamentar as atividades de cultura e extens\u00e3o universit\u00e1ria na Universidade de S\u00e3o Paulo (USP). Na USP, respons\u00e1vel pelo Teatro, Cinema (Cinusp), Orquestra Sinf\u00f4nica (Osusp), Orquestra de C\u00e2mara (Ocam), Coral (Coralusp), Biblioteca Mindline, Centro de Preserva\u00e7\u00e3o Cultural (CPC), Centro Universit\u00e1rio Maria [&hellip;]<\/p>\n","protected":false},"author":1,"featured_media":0,"parent":15,"menu_order":3,"comment_status":"closed","ping_status":"closed","template":"","meta":{"footnotes":"","_links_to":"","_links_to_target":""},"class_list":["post-63","page","type-page","status-publish","hentry"],"_links":{"self":[{"href":"https:\/\/sites.usp.br\/fsp\/wp-json\/wp\/v2\/pages\/63","targetHints":{"allow":["GET"]}}],"collection":[{"href":"https:\/\/sites.usp.br\/fsp\/wp-json\/wp\/v2\/pages"}],"about":[{"href":"https:\/\/sites.usp.br\/fsp\/wp-json\/wp\/v2\/types\/page"}],"author":[{"embeddable":true,"href":"https:\/\/sites.usp.br\/fsp\/wp-json\/wp\/v2\/users\/1"}],"replies":[{"embeddable":true,"href":"https:\/\/sites.usp.br\/fsp\/wp-json\/wp\/v2\/comments?post=63"}],"version-history":[{"count":6,"href":"https:\/\/sites.usp.br\/fsp\/wp-json\/wp\/v2\/pages\/63\/revisions"}],"predecessor-version":[{"id":1408,"href":"https:\/\/sites.usp.br\/fsp\/wp-json\/wp\/v2\/pages\/63\/revisions\/1408"}],"up":[{"embeddable":true,"href":"https:\/\/sites.usp.br\/fsp\/wp-json\/wp\/v2\/pages\/15"}],"wp:attachment":[{"href":"https:\/\/sites.usp.br\/fsp\/wp-json\/wp\/v2\/media?parent=63"}],"curies":[{"name":"wp","href":"https:\/\/api.w.org\/{rel}","templated":true}]}}