{"id":67,"date":"2013-11-25T09:33:08","date_gmt":"2013-11-25T11:33:08","guid":{"rendered":"http:\/\/sites.usp.br\/fsp\/?page_id=67"},"modified":"2019-11-19T19:36:47","modified_gmt":"2019-11-19T21:36:47","slug":"hsa","status":"publish","type":"page","link":"https:\/\/sites.usp.br\/fsp\/departamentos\/hsa\/","title":{"rendered":"Sa\u00fade Ambiental"},"content":{"rendered":"<p><\/p>\n<h5><strong>Hist\u00f3rico<\/strong><\/h5>\n<p style=\"text-align: justify;\"><a href=\"http:\/\/sites.usp.br\/fsp\/wp-content\/uploads\/sites\/3\/2013\/12\/IMG_3126b.jpg\"><img loading=\"lazy\" decoding=\"async\" class=\" wp-image-1113 alignright\" src=\"http:\/\/sites.usp.br\/fsp\/wp-content\/uploads\/sites\/3\/2013\/12\/IMG_3126b.jpg\" alt=\"IMG_3126b\" width=\"288\" height=\"216\" \/><\/a>A concep\u00e7\u00e3o de sa\u00fade do ambiente est\u00e1 intimamente ligada \u00e0 cria\u00e7\u00e3o da Faculdade de Sa\u00fade P\u00fablica. Em 1949, pioneiramente na Am\u00e9rica Latina e \u00c1frica Portuguesa, a Faculdade de Sa\u00fade P\u00fablica formou a primeira turma de engenheiros sanitaristas. Ap\u00f3s 20 anos, esse n\u00facleo de docentes, durante a primeira reforma da USP, tornou-se o atual departamento de Sa\u00fade Ambiental.<\/p>\n<p style=\"text-align: justify;\">O Departamento de Sa\u00fade Ambiental \u00e9 o respons\u00e1vel por cursos, pesquisas e presta\u00e7\u00e3o de servi\u00e7os na \u00e1rea de saneamento, de meio ambiente e de sa\u00fade do trabalhador, dentro da concep\u00e7\u00e3o integral e preventiva de sa\u00fade p\u00fablica e de promo\u00e7\u00e3o da sa\u00fade atrav\u00e9s de um ambiente saud\u00e1vel.<\/p>\n<p style=\"text-align: justify;\">O Departamento tem posi\u00e7\u00e3o de destaque, n\u00e3o s\u00f3 no Brasil, como na Am\u00e9rica Latina, tendo tido importante participa\u00e7\u00e3o na concep\u00e7\u00e3o e na cria\u00e7\u00e3o de \u00f3rg\u00e3os de meio ambiente no estado de S\u00e3o Paulo e no pa\u00eds. Tem prestado colabora\u00e7\u00e3o, sob a forma de organiza\u00e7\u00e3o de cursos, assessorias e consultorias, a entidades e \u00f3rg\u00e3os nacionais e internacionais como, dentre outros: Organiza\u00e7\u00e3o Mundial de Sa\u00fade, Organiza\u00e7\u00e3o Internacional do Trabalho, UNIDO, Banco Interamericano de Desenvolvimento, Banco Mundial, Secretarias de Estado, CETESB, SABESP, Minist\u00e9rio P\u00fablico, Minist\u00e9rios, Prefeituras, etc. N\u00e3o se pode esquecer, tamb\u00e9m, a assessoria ad hoc para entidades financiadoras, avaliando projetos de pesquisa, tais como FAPESP, CNPq, e outras. Ressalta-se que ele tem tido um papel l\u00edder e ativo na forma\u00e7\u00e3o de recursos humanos para as institui\u00e7\u00f5es de saneamento e de recursos ambientais do Brasil, da Am\u00e9rica Latina e mesmo da \u00c1frica.<\/p>\n<p style=\"text-align: justify;\">Os cursos que oferece t\u00eam se modificado ao longo de seus anos de exist\u00eancia, com o objetivo de torn\u00e1-los mais din\u00e2micos e de atender melhor aos problemas de saneamento de \u00e1reas em desenvolvimento. A \u00eanfase ficou mais ecol\u00f3gica, relacionando problemas t\u00e9cnicos, operacionais e estruturais com as condi\u00e7\u00f5es e transforma\u00e7\u00f5es ambientais decorrentes da a\u00e7\u00e3o humana. Disciplinas como Biologia Sanit\u00e1ria, Saneamento e Planejamento Territorial, Controle da Polui\u00e7\u00e3o, Sa\u00fade Ocupacional, Geografia da Sa\u00fade e das doen\u00e7as, An\u00e1lise de Riscos, Reuso da \u00e1gua, etc, foram acrescentadas com o fim de alargar o campo do saneamento para sa\u00fade ambiental, numa abordagem mais hol\u00edstica e global. Esta evolu\u00e7\u00e3o de uma vis\u00e3o mais estreita de saneamento para uma mais ampla deu aos cursos oferecidos pelo departamento um papel pioneiro na Am\u00e9rica Latina. A Sa\u00fade Ambiental, neste enfoque, adquiriu uma abordagem multidisciplinar, mas muito espec\u00edfica dentro da Faculdade de Sa\u00fade P\u00fablica, dando-lhe uma marca especial.<\/p>\n<p style=\"text-align: justify;\"><a href=\"http:\/\/sites.usp.br\/fsp\/wp-content\/uploads\/sites\/3\/2013\/12\/FOTO_1b_-_ADUBAGEM.jpg\"><img loading=\"lazy\" decoding=\"async\" class=\" wp-image-1083 alignleft\" src=\"http:\/\/sites.usp.br\/fsp\/wp-content\/uploads\/sites\/3\/2013\/12\/FOTO_1b_-_ADUBAGEM.jpg\" alt=\"FOTO_1b_-_ADUBAGEM\" width=\"288\" height=\"216\" \/><\/a>O Departamento de Sa\u00fade Ambiental vem procurando manter sua posi\u00e7\u00e3o de destaque na forma\u00e7\u00e3o de recursos humanos para atua\u00e7\u00e3o em meio ambiente e sa\u00fade do trabalhador.<\/p>\n<p style=\"text-align: justify;\">Assim, seus docentes t\u00eam olhado para as altera\u00e7\u00f5es ocorridas e que est\u00e3o em curso para atualizar-se de forma continuada, tanto em rela\u00e7\u00e3o a conte\u00fados de cursos e disciplinas, como em suas pesquisas.<\/p>\n<p style=\"text-align: justify;\">O Departamento possui grande voca\u00e7\u00e3o para o ensino e para a presta\u00e7\u00e3o de servi\u00e7os \u00e0 comunidade (popula\u00e7\u00e3o em geral, \u00f3rg\u00e3os de meio ambiente e de saneamento, sindicatos de trabalhadores, \u00f3rg\u00e3os de sa\u00fade do trabalhador, etc). Essa voca\u00e7\u00e3o decorre da experi\u00eancia profissional de grande parte de seus docentes, e da vis\u00e3o quanto \u00e0 necessidade que tem o pa\u00eds da melhoria das suas condi\u00e7\u00f5es de saneamento, meio ambiente e sa\u00fade do trabalhador.As mudan\u00e7as que v\u00eam ocorrendo no Brasil e no mundo, como a degrada\u00e7\u00e3o de \u00e1reas urbanas, superpopula\u00e7\u00e3o, \u00eaxodo rural, degrada\u00e7\u00e3o ambiental, globaliza\u00e7\u00e3o da economia, nova mentalidade dos trabalhadores em rela\u00e7\u00e3o aos riscos \u00e0 sa\u00fade por condi\u00e7\u00f5es inadequadas de trabalho, normas internacionais do tipo ISO 9000 e ISO 14000, a informatiza\u00e7\u00e3o, a Internet, a economia de mercado e as medidas preconizadas pela Agenda 21 pressionam fortemente para um maior dimensionamento das atividades do Departamento.<\/p>\n<p style=\"text-align: justify;\">O papel de relev\u00e2ncia do Departamento pode ser verificado por seu reconhecimento pela sociedade e por institui\u00e7\u00f5es p\u00fablicas e privadas. Um indicador deste reconhecimento \u00e9 o elevado n\u00famero de estudantes que o procuram para sua forma\u00e7\u00e3o profissional.<\/p>\n<h5><strong>Miss\u00e3o<\/strong><\/h5>\n<p style=\"text-align: justify;\">Produzir e disseminar conhecimentos, formar pessoas em Sa\u00fade Ambiental, por meio de ensino, pesquisa e extens\u00e3o, contribuindo para a melhoria das condi\u00e7\u00f5es ambientais, visando a promo\u00e7\u00e3o da sa\u00fade p\u00fablica e a qualidade no trabalho e de vida.<\/p>\n<div style=\"text-align: center;\"><strong>Veja vers\u00e3o completa de nosso site institucional em: <a href=\"https:\/\/www.fsp.usp.br\/site\/\">www.fsp.usp.br<\/a><\/strong><\/div>\n<h6 style=\"text-align: center;\"><span style=\"color: #236b8e;\"><a title=\"Linhas de Pesquisa\" href=\"http:\/\/sites.usp.br\/fsp\/departamentos\/saude-ambiental\/linhas-de-pesquisa\/\"><span style=\"color: #236b8e;\"><strong>Linhas de Pesquisa<\/strong><\/span><\/a><\/span><\/h6>\n<p><\/p>","protected":false},"excerpt":{"rendered":"<p>Hist\u00f3rico A concep\u00e7\u00e3o de sa\u00fade do ambiente est\u00e1 intimamente ligada \u00e0 cria\u00e7\u00e3o da Faculdade de Sa\u00fade P\u00fablica. Em 1949, pioneiramente na Am\u00e9rica Latina e \u00c1frica Portuguesa, a Faculdade de Sa\u00fade P\u00fablica formou a primeira turma de engenheiros sanitaristas. Ap\u00f3s 20 anos, esse n\u00facleo de docentes, durante a primeira reforma da USP, tornou-se o atual departamento [&hellip;]<\/p>\n","protected":false},"author":1,"featured_media":0,"parent":20,"menu_order":0,"comment_status":"closed","ping_status":"closed","template":"","meta":{"footnotes":"","_links_to":"","_links_to_target":""},"class_list":["post-67","page","type-page","status-publish","hentry"],"_links":{"self":[{"href":"https:\/\/sites.usp.br\/fsp\/wp-json\/wp\/v2\/pages\/67","targetHints":{"allow":["GET"]}}],"collection":[{"href":"https:\/\/sites.usp.br\/fsp\/wp-json\/wp\/v2\/pages"}],"about":[{"href":"https:\/\/sites.usp.br\/fsp\/wp-json\/wp\/v2\/types\/page"}],"author":[{"embeddable":true,"href":"https:\/\/sites.usp.br\/fsp\/wp-json\/wp\/v2\/users\/1"}],"replies":[{"embeddable":true,"href":"https:\/\/sites.usp.br\/fsp\/wp-json\/wp\/v2\/comments?post=67"}],"version-history":[{"count":6,"href":"https:\/\/sites.usp.br\/fsp\/wp-json\/wp\/v2\/pages\/67\/revisions"}],"predecessor-version":[{"id":1561,"href":"https:\/\/sites.usp.br\/fsp\/wp-json\/wp\/v2\/pages\/67\/revisions\/1561"}],"up":[{"embeddable":true,"href":"https:\/\/sites.usp.br\/fsp\/wp-json\/wp\/v2\/pages\/20"}],"wp:attachment":[{"href":"https:\/\/sites.usp.br\/fsp\/wp-json\/wp\/v2\/media?parent=67"}],"curies":[{"name":"wp","href":"https:\/\/api.w.org\/{rel}","templated":true}]}}