{"id":69,"date":"2013-11-25T09:35:29","date_gmt":"2013-11-25T11:35:29","guid":{"rendered":"http:\/\/sites.usp.br\/fsp\/?page_id=69"},"modified":"2019-11-19T19:37:33","modified_gmt":"2019-11-19T21:37:33","slug":"epidemiologia","status":"publish","type":"page","link":"https:\/\/sites.usp.br\/fsp\/departamentos\/epidemiologia\/","title":{"rendered":"Epidemiologia"},"content":{"rendered":"<p><\/p>\n<h5><strong>Atua\u00e7\u00e3o<\/strong><\/h5>\n<p style=\"text-align: justify;\"><a href=\"http:\/\/sites.usp.br\/fsp\/wp-content\/uploads\/sites\/3\/2013\/12\/DSC_9414.jpg\"><img loading=\"lazy\" decoding=\"async\" class=\" wp-image-1072 alignright\" src=\"http:\/\/sites.usp.br\/fsp\/wp-content\/uploads\/sites\/3\/2013\/12\/DSC_9414.jpg\" alt=\"DSC_9414\" width=\"246\" height=\"163\" srcset=\"https:\/\/sites.usp.br\/fsp\/wp-content\/uploads\/sites\/3\/2013\/12\/DSC_9414.jpg 2464w, https:\/\/sites.usp.br\/fsp\/wp-content\/uploads\/sites\/3\/2013\/12\/DSC_9414-300x198.jpg 300w, https:\/\/sites.usp.br\/fsp\/wp-content\/uploads\/sites\/3\/2013\/12\/DSC_9414-1024x678.jpg 1024w\" sizes=\"auto, (max-width: 246px) 100vw, 246px\" \/><\/a>O Departamento de Epidemiologia desenvolve atividades de ensino, pesquisa e extens\u00e3o universit\u00e1ria. Em rela\u00e7\u00e3o ao ensino, os docentes do Departamento atuam em tr\u00eas dimens\u00f5es: gradua\u00e7\u00e3o, p\u00f3s-gradua\u00e7\u00e3o (stricto e lato sensu) e cursos de atualiza\u00e7\u00e3o. Os projetos de pesquisa dos docentes est\u00e3o nucleados em tr\u00eas principais linhas: a) M\u00e9todos em Epidemiologia e Bioestat\u00edstica; b) Entomologia e Ecologia em Sa\u00fade P\u00fablica; c) Epidemiologia do Ciclo de Vida e dos Agravos \u00e0 Sa\u00fade. Na extens\u00e3o universit\u00e1ria os docentes do Departamento, al\u00e9m dos cursos de atualiza\u00e7\u00e3o, atuam como assessores e consultores em diferentes n\u00edveis da administra\u00e7\u00e3o p\u00fablica de sa\u00fade e outros \u00f3rg\u00e3os p\u00fablicos. Tamb\u00e9m desenvolvem pesquisas sobre pol\u00edticas p\u00fablicas em conjunto com os servi\u00e7os de sa\u00fade.<\/p>\n<h5><strong>Miss\u00e3o<\/strong><\/h5>\n<p style=\"text-align: justify;\"><a style=\"color: #ea9629; text-decoration: underline;\" href=\"http:\/\/sites.usp.br\/fsp\/wp-content\/uploads\/sites\/3\/2013\/12\/pariq1.jpg\"><img loading=\"lazy\" decoding=\"async\" class=\" wp-image-1173 alignleft\" src=\"http:\/\/sites.usp.br\/fsp\/wp-content\/uploads\/sites\/3\/2013\/12\/pariq1.jpg\" alt=\"pariq\" width=\"222\" height=\"141\" srcset=\"https:\/\/sites.usp.br\/fsp\/wp-content\/uploads\/sites\/3\/2013\/12\/pariq1.jpg 1776w, https:\/\/sites.usp.br\/fsp\/wp-content\/uploads\/sites\/3\/2013\/12\/pariq1-300x190.jpg 300w, https:\/\/sites.usp.br\/fsp\/wp-content\/uploads\/sites\/3\/2013\/12\/pariq1-1024x650.jpg 1024w\" sizes=\"auto, (max-width: 222px) 100vw, 222px\" \/><\/a>Produzir e disseminar conhecimentos e capacitar recursos humanos em Epidemiologia por meio de pesquisa, ensino e atividades de extens\u00e3o universit\u00e1ria, subsidiando informa\u00e7\u00f5es para a formula\u00e7\u00e3o de pol\u00edticas p\u00fablicas destinadas \u00e0 melhoria das condi\u00e7\u00f5es de sa\u00fade da popula\u00e7\u00e3o.<\/p>\n<div style=\"text-align: center;\"><strong>Veja vers\u00e3o completa de nosso site institucional em: <a href=\"https:\/\/www.fsp.usp.br\/site\/\">www.fsp.usp.br<\/a><\/strong><\/div>\n<h6 style=\"text-align: center;\"><span style=\"color: #236b8e;\"><a title=\"Linhas de Pesquisa\" href=\"http:\/\/sites.usp.br\/fsp\/departamentos\/epidemiologia\/linhas-de-pesquisa\/\"><span style=\"color: #236b8e;\"><strong>Linhas de Pesquisa<\/strong><\/span><\/a><\/span><\/h6>\n<p><\/p>","protected":false},"excerpt":{"rendered":"<p>Atua\u00e7\u00e3o O Departamento de Epidemiologia desenvolve atividades de ensino, pesquisa e extens\u00e3o universit\u00e1ria. Em rela\u00e7\u00e3o ao ensino, os docentes do Departamento atuam em tr\u00eas dimens\u00f5es: gradua\u00e7\u00e3o, p\u00f3s-gradua\u00e7\u00e3o (stricto e lato sensu) e cursos de atualiza\u00e7\u00e3o. Os projetos de pesquisa dos docentes est\u00e3o nucleados em tr\u00eas principais linhas: a) M\u00e9todos em Epidemiologia e Bioestat\u00edstica; b) Entomologia [&hellip;]<\/p>\n","protected":false},"author":1,"featured_media":0,"parent":20,"menu_order":1,"comment_status":"closed","ping_status":"closed","template":"","meta":{"footnotes":"","_links_to":"","_links_to_target":""},"class_list":["post-69","page","type-page","status-publish","hentry"],"_links":{"self":[{"href":"https:\/\/sites.usp.br\/fsp\/wp-json\/wp\/v2\/pages\/69","targetHints":{"allow":["GET"]}}],"collection":[{"href":"https:\/\/sites.usp.br\/fsp\/wp-json\/wp\/v2\/pages"}],"about":[{"href":"https:\/\/sites.usp.br\/fsp\/wp-json\/wp\/v2\/types\/page"}],"author":[{"embeddable":true,"href":"https:\/\/sites.usp.br\/fsp\/wp-json\/wp\/v2\/users\/1"}],"replies":[{"embeddable":true,"href":"https:\/\/sites.usp.br\/fsp\/wp-json\/wp\/v2\/comments?post=69"}],"version-history":[{"count":4,"href":"https:\/\/sites.usp.br\/fsp\/wp-json\/wp\/v2\/pages\/69\/revisions"}],"predecessor-version":[{"id":1562,"href":"https:\/\/sites.usp.br\/fsp\/wp-json\/wp\/v2\/pages\/69\/revisions\/1562"}],"up":[{"embeddable":true,"href":"https:\/\/sites.usp.br\/fsp\/wp-json\/wp\/v2\/pages\/20"}],"wp:attachment":[{"href":"https:\/\/sites.usp.br\/fsp\/wp-json\/wp\/v2\/media?parent=69"}],"curies":[{"name":"wp","href":"https:\/\/api.w.org\/{rel}","templated":true}]}}