{"id":71,"date":"2013-11-25T09:37:17","date_gmt":"2013-11-25T11:37:17","guid":{"rendered":"http:\/\/sites.usp.br\/fsp\/?page_id=71"},"modified":"2019-11-19T19:37:54","modified_gmt":"2019-11-19T21:37:54","slug":"hcv-2","status":"publish","type":"page","link":"https:\/\/sites.usp.br\/fsp\/departamentos\/hcv-2\/","title":{"rendered":"Sa\u00fade, Ciclo de Vida e Sociedade"},"content":{"rendered":"<p><span style=\"color: #0000ff;\"><a href=\"http:\/\/sites.usp.br\/fsp\/wp-content\/uploads\/sites\/3\/2013\/12\/100_0240.jpg\"><img loading=\"lazy\" decoding=\"async\" class=\" wp-image-832 alignright\" src=\"http:\/\/sites.usp.br\/fsp\/wp-content\/uploads\/sites\/3\/2013\/12\/100_0240.jpg\" alt=\"100_0240\" width=\"260\" height=\"193\" srcset=\"https:\/\/sites.usp.br\/fsp\/wp-content\/uploads\/sites\/3\/2013\/12\/100_0240.jpg 2080w, https:\/\/sites.usp.br\/fsp\/wp-content\/uploads\/sites\/3\/2013\/12\/100_0240-300x222.jpg 300w, https:\/\/sites.usp.br\/fsp\/wp-content\/uploads\/sites\/3\/2013\/12\/100_0240-1024x760.jpg 1024w\" sizes=\"auto, (max-width: 260px) 100vw, 260px\" \/><\/a><\/span><b>Vis\u00e3o<\/b><\/p>\n<p>Ser um centro interdisciplinar de excel\u00eancia em pesquisa e ensino pertinentes e inovadores em sa\u00fade, ciclos de vida e sociedade.<\/p>\n<p><b>Miss\u00e3o<\/b><\/p>\n<p>Gerar e difundir conhecimento, formar e aprimorar pessoas a respeito das rela\u00e7\u00f5es entre sa\u00fade, ciclos de vida e sociedade por meio da pesquisa, do ensino e da extens\u00e3o universit\u00e1ria, com vistas \u00e0 melhoria das condi\u00e7\u00f5es de sa\u00fade da popula\u00e7\u00e3o.<\/p>\n<div style=\"text-align: center;\"><strong>Veja vers\u00e3o completa de nosso site institucional em: <a href=\"https:\/\/www.fsp.usp.br\/site\/\">www.fsp.usp.br<\/a><\/strong><\/div>\n<div><\/div>\n<p style=\"text-align: center;\"><span style=\"color: #236b8e;\"><a style=\"color: #0000ff; font-weight: bold; line-height: 1.5;\" title=\"Linhas de Pesquisa\" href=\"http:\/\/sites.usp.br\/fsp\/departamentos\/hcv-2\/linhas-de-pesquisa\/\"><span style=\"color: #236b8e;\">Linhas de Pesquisa<\/span><\/a><\/span><\/p>\n<p><\/p>","protected":false},"excerpt":{"rendered":"<p>Vis\u00e3o Ser um centro interdisciplinar de excel\u00eancia em pesquisa e ensino pertinentes e inovadores em sa\u00fade, ciclos de vida e sociedade. Miss\u00e3o Gerar e difundir conhecimento, formar e aprimorar pessoas a respeito das rela\u00e7\u00f5es entre sa\u00fade, ciclos de vida e sociedade por meio da pesquisa, do ensino e da extens\u00e3o universit\u00e1ria, com vistas \u00e0 melhoria [&hellip;]<\/p>\n","protected":false},"author":1,"featured_media":0,"parent":20,"menu_order":2,"comment_status":"closed","ping_status":"closed","template":"","meta":{"footnotes":"","_links_to":"","_links_to_target":""},"class_list":["post-71","page","type-page","status-publish","hentry"],"_links":{"self":[{"href":"https:\/\/sites.usp.br\/fsp\/wp-json\/wp\/v2\/pages\/71","targetHints":{"allow":["GET"]}}],"collection":[{"href":"https:\/\/sites.usp.br\/fsp\/wp-json\/wp\/v2\/pages"}],"about":[{"href":"https:\/\/sites.usp.br\/fsp\/wp-json\/wp\/v2\/types\/page"}],"author":[{"embeddable":true,"href":"https:\/\/sites.usp.br\/fsp\/wp-json\/wp\/v2\/users\/1"}],"replies":[{"embeddable":true,"href":"https:\/\/sites.usp.br\/fsp\/wp-json\/wp\/v2\/comments?post=71"}],"version-history":[{"count":6,"href":"https:\/\/sites.usp.br\/fsp\/wp-json\/wp\/v2\/pages\/71\/revisions"}],"predecessor-version":[{"id":1560,"href":"https:\/\/sites.usp.br\/fsp\/wp-json\/wp\/v2\/pages\/71\/revisions\/1560"}],"up":[{"embeddable":true,"href":"https:\/\/sites.usp.br\/fsp\/wp-json\/wp\/v2\/pages\/20"}],"wp:attachment":[{"href":"https:\/\/sites.usp.br\/fsp\/wp-json\/wp\/v2\/media?parent=71"}],"curies":[{"name":"wp","href":"https:\/\/api.w.org\/{rel}","templated":true}]}}