{"id":75,"date":"2013-11-25T09:38:32","date_gmt":"2013-11-25T11:38:32","guid":{"rendered":"http:\/\/sites.usp.br\/fsp\/?page_id=75"},"modified":"2019-11-25T14:55:47","modified_gmt":"2019-11-25T16:55:47","slug":"hsp","status":"publish","type":"page","link":"https:\/\/sites.usp.br\/fsp\/departamentos\/hsp\/","title":{"rendered":"Pol\u00edtica, Gest\u00e3o e Sa\u00fade"},"content":{"rendered":"<p><\/p>\n<h6>Sobre o Departamento<\/h6>\n<p style=\"text-align: justify;\"><a href=\"http:\/\/sites.usp.br\/fsp\/wp-content\/uploads\/sites\/3\/2013\/12\/1641051.jpg\"><img loading=\"lazy\" decoding=\"async\" class=\" wp-image-942 alignright\" src=\"http:\/\/sites.usp.br\/fsp\/wp-content\/uploads\/sites\/3\/2013\/12\/1641051.jpg\" alt=\"164105\" width=\"256\" height=\"192\" srcset=\"https:\/\/sites.usp.br\/fsp\/wp-content\/uploads\/sites\/3\/2013\/12\/1641051.jpg 1024w, https:\/\/sites.usp.br\/fsp\/wp-content\/uploads\/sites\/3\/2013\/12\/1641051-300x225.jpg 300w\" sizes=\"auto, (max-width: 256px) 100vw, 256px\" \/><\/a>O Departamento de Pr\u00e1tica de Sa\u00fade P\u00fablica conta com 23 docentes, que tem as mais distintas atua\u00e7\u00f5es:\u00a0Ci\u00eancias Sociais, Direito, Economia, Educa\u00e7\u00e3o Sanit\u00e1ria, Enfermagem, Farm\u00e1cia, Medicina, Medicina Veterin\u00e1ria, Odontologia, Pedagogia, Servi\u00e7o Social,\u00a0todos dedicados ao Ensino, \u00e0 Pesquisa e \u00e0 Extens\u00e3o dentro da Universidade.<\/p>\n<p style=\"text-align: justify;\">Contamos com profissionais que constantemente est\u00e3o inovando e trabalhando no intuito de nortear e apoiar as pol\u00edticas p\u00fablicas em sa\u00fade no Brasil podendo, com os resultados alcan\u00e7ados, servir \u00e0 comunidade em geral.<\/p>\n<p style=\"text-align: justify;\">O Departamento mant\u00e9m parcerias e conv\u00eanios com universidades de outros munic\u00edpios e estados, assim como de outros pa\u00edses.<\/p>\n<div style=\"text-align: center;\"><strong>Veja vers\u00e3o completa de nosso site institucional em: <a href=\"https:\/\/www.fsp.usp.br\/site\/\">www.fsp.usp.br<\/a><\/strong><\/div>\n<div><\/div>\n<p style=\"text-align: center;\"><a title=\"Linhas de Pesquisa\" href=\"http:\/\/sites.usp.br\/fsp\/departamentos\/hsp\/linhas-de-pesquisa\/\" target=\"_blank\" rel=\"noopener noreferrer\"><span style=\"color: #236b8e;\"><strong>Linhas de Pesquisa<\/strong><\/span><\/a><\/p>\n<p><\/p>","protected":false},"excerpt":{"rendered":"<p>Sobre o Departamento O Departamento de Pr\u00e1tica de Sa\u00fade P\u00fablica conta com 23 docentes, que tem as mais distintas atua\u00e7\u00f5es:\u00a0Ci\u00eancias Sociais, Direito, Economia, Educa\u00e7\u00e3o Sanit\u00e1ria, Enfermagem, Farm\u00e1cia, Medicina, Medicina Veterin\u00e1ria, Odontologia, Pedagogia, Servi\u00e7o Social,\u00a0todos dedicados ao Ensino, \u00e0 Pesquisa e \u00e0 Extens\u00e3o dentro da Universidade. Contamos com profissionais que constantemente est\u00e3o inovando e trabalhando no [&hellip;]<\/p>\n","protected":false},"author":1,"featured_media":0,"parent":20,"menu_order":4,"comment_status":"closed","ping_status":"closed","template":"","meta":{"footnotes":"","_links_to":"","_links_to_target":""},"class_list":["post-75","page","type-page","status-publish","hentry"],"_links":{"self":[{"href":"https:\/\/sites.usp.br\/fsp\/wp-json\/wp\/v2\/pages\/75","targetHints":{"allow":["GET"]}}],"collection":[{"href":"https:\/\/sites.usp.br\/fsp\/wp-json\/wp\/v2\/pages"}],"about":[{"href":"https:\/\/sites.usp.br\/fsp\/wp-json\/wp\/v2\/types\/page"}],"author":[{"embeddable":true,"href":"https:\/\/sites.usp.br\/fsp\/wp-json\/wp\/v2\/users\/1"}],"replies":[{"embeddable":true,"href":"https:\/\/sites.usp.br\/fsp\/wp-json\/wp\/v2\/comments?post=75"}],"version-history":[{"count":5,"href":"https:\/\/sites.usp.br\/fsp\/wp-json\/wp\/v2\/pages\/75\/revisions"}],"predecessor-version":[{"id":1581,"href":"https:\/\/sites.usp.br\/fsp\/wp-json\/wp\/v2\/pages\/75\/revisions\/1581"}],"up":[{"embeddable":true,"href":"https:\/\/sites.usp.br\/fsp\/wp-json\/wp\/v2\/pages\/20"}],"wp:attachment":[{"href":"https:\/\/sites.usp.br\/fsp\/wp-json\/wp\/v2\/media?parent=75"}],"curies":[{"name":"wp","href":"https:\/\/api.w.org\/{rel}","templated":true}]}}