{"id":111,"date":"2017-03-27T00:01:13","date_gmt":"2017-03-27T02:01:13","guid":{"rendered":"http:\/\/sites.usp.br\/gaia\/?page_id=111"},"modified":"2023-06-12T17:35:09","modified_gmt":"2023-06-12T19:35:09","slug":"quem-somos","status":"publish","type":"page","link":"https:\/\/sites.usp.br\/gaia\/en\/quem-somos\/","title":{"rendered":"About"},"content":{"rendered":"<div id=\"pl-111\"  class=\"panel-layout\" ><div id=\"pg-111-0\"  class=\"panel-grid panel-no-style\" ><div id=\"pgc-111-0-0\"  class=\"panel-grid-cell\" ><div id=\"panel-111-0-0-0\" class=\"so-panel widget widget_text panel-first-child panel-last-child\" data-index=\"0\" ><div class=\"panel-widget-style panel-widget-style-for-111-0-0-0\" >\t\t\t<div class=\"textwidget\"><div class=\"translation__lang-pt\">\n<p class=\"text\">O Grupo de Arte e Intelig\u00eancia Artificial (GAIA) \u00e9 uma rede de pesquisadores e artistas interessados em refletir e problematizar as infraestruturas digitais contempor\u00e2neas de forma experimental e art\u00edstica.<\/p>\n<p class=\"text\">GAIA \u00e9 tamb\u00e9m um espa\u00e7o para a realiza\u00e7\u00e3o de experi\u00eancias em diferentes formatos, que exploram processos relacionados \u00e0s Intelig\u00eancias Artificiais, considerando suas implica\u00e7\u00f5es sociais e a ativa\u00e7\u00e3o cr\u00edtica de seus c\u00f3digos.<\/p>\n<p class=\"text\">Coordenado pela artista e professora da FAUUSP Giselle Beiguelman e pelo artista e pesquisador Bruno Moreschi, o GAIA integra o C4AI, Centro de Intelig\u00eancia Artificial do Inova USP dirigido pelo professor Fabio Gagliardi Cozman (Escola Polit\u00e9cnica da USP).<\/p>\n<p class=\"text\">Desde 2019, seus membros realizam pesquisas, supervis\u00f5es e artigos acad\u00eamicos, al\u00e9m de participar de congressos, resid\u00eancias art\u00edsticas, performances e manter um grupo quinzenal de leituras. Dessa forma, as formula\u00e7\u00f5es do GAIA buscam engajar tanto o universo acad\u00eamico, quanto o p\u00fablico em geral.<\/p>\n<p class=\"text\">Por meio de parcerias com universidades, institui\u00e7\u00f5es culturais e grupos ativistas do Brasil e do mundo, GAIA articula-se a partir de tr\u00eas eixos que respondem ao contexto em que este grupo est\u00e1 inserido: o Sul Global, a Am\u00e9rica Latina e o Brasil.<\/p>\n<p class=\"text\">GAIA tem como diretriz de trabalho contemplar a diversidade de g\u00eanero e de ra\u00e7a, desafio necess\u00e1rio n\u00e3o s\u00f3 para grupos como o GAIA, mas tamb\u00e9m para toda grande \u00e1rea que inclui arte, tecnologia e Intelig\u00eancia Artificial.<\/p>\n<p class=\"text\">Bem vindes!<\/p>\n<\/div>\n<div class=\"translation__lang-en\">\n<p>The Group on Artificial Intelligence and Art (GAIA) is a network of researchers and artists who are interested in reflecting and problematizing contemporary digital infrastructures in an experimental and artistic way.<\/p>\n<p>GAIA is also a space for carrying out experiments in different formats, that explore processes related to Artificial Intelligence and that consider the social implications and the critical activation of AI\u2019s codes.<\/p>\n<p>The group is coordinated by the artist and professor of FAUUSP (University of S\u00e3o Paulo\u2019s Faculty of Architecture and Urbanism), prof. Giselle Beiguelman, and by the artist and researcher, Dr. Bruno Moreschi. GAIA is part of the C4AI, Inova USP&#8217;s Artificial Intelligence Center that is directed by Professor Fabio Gagliardi Cozman (USP\u2019s Polytechnic School).<\/p>\n<p>Since 2019, GAIA\u2019s members have developed researches, supervisions and academic articles, besides participating in congresses, artistic residencies and performances, and maintaining a biweekly group of readings. Therefore, GAIA\u2019s design seeks to engage both academic and general public\u2019s universes.<\/p>\n<p>Through partnerships with universities, cultural institutions, and national and international activist groups, GAIA articulates itself from the three axes that respond to the context in which this group is inserted: the Global South, the Latin America and, of course, Brazil.<\/p>\n<p>As our guideline, we pursue the contemplation of the diversity of gender and race, which we think is a necessary challenge not only for groups such as GAIA, but also for any large area that includes art, technology and Artificial Intelligence.<\/p>\n<p>Welcome!<\/p>\n<\/div>\n<\/div>\n\t\t<\/div><\/div><\/div><div id=\"pgc-111-0-1\"  class=\"panel-grid-cell\" ><div id=\"panel-111-0-1-0\" class=\"so-panel widget widget_media_image panel-first-child panel-last-child\" data-index=\"1\" ><figure style=\"width: 1024px\" class=\"wp-caption alignnone\"><img loading=\"lazy\" decoding=\"async\" width=\"1024\" height=\"682\" src=\"https:\/\/sites.usp.br\/gaia\/wp-content\/uploads\/sites\/719\/2020\/07\/WhatsApp-Image-2020-07-17-at-19.45.02-1024x682.jpeg\" class=\"image wp-image-743  attachment-large size-large\" alt=\"&quot;Inser\u00e7\u00f5es em Circuitos Ideol\u00f3gicos: Projeto Coca-Cola&quot; (1970), de Cildo Meireles, lida pela Intelig\u00eancia Artificial DarkNet Yolo.\" style=\"max-width: 100%; height: auto;\" srcset=\"https:\/\/sites.usp.br\/gaia\/wp-content\/uploads\/sites\/719\/2020\/07\/WhatsApp-Image-2020-07-17-at-19.45.02-1024x682.jpeg 1024w, https:\/\/sites.usp.br\/gaia\/wp-content\/uploads\/sites\/719\/2020\/07\/WhatsApp-Image-2020-07-17-at-19.45.02-300x200.jpeg 300w, https:\/\/sites.usp.br\/gaia\/wp-content\/uploads\/sites\/719\/2020\/07\/WhatsApp-Image-2020-07-17-at-19.45.02-768x512.jpeg 768w, https:\/\/sites.usp.br\/gaia\/wp-content\/uploads\/sites\/719\/2020\/07\/WhatsApp-Image-2020-07-17-at-19.45.02-750x500.jpeg 750w, https:\/\/sites.usp.br\/gaia\/wp-content\/uploads\/sites\/719\/2020\/07\/WhatsApp-Image-2020-07-17-at-19.45.02-272x182.jpeg 272w, https:\/\/sites.usp.br\/gaia\/wp-content\/uploads\/sites\/719\/2020\/07\/WhatsApp-Image-2020-07-17-at-19.45.02-400x267.jpeg 400w, https:\/\/sites.usp.br\/gaia\/wp-content\/uploads\/sites\/719\/2020\/07\/WhatsApp-Image-2020-07-17-at-19.45.02.jpeg 1280w\" sizes=\"auto, (max-width: 1024px) 100vw, 1024px\" \/><figcaption class=\"wp-caption-text\">\"Inser\u00e7\u00f5es em Circuitos Ideol\u00f3gicos: Projeto Coca-Cola\" (1970), de Cildo Meireles, lida pela Intelig\u00eancia Artificial DarkNet Yolo, a partir de script criado por Gabriel Pereira, do GAIA.<\/figcaption><\/figure><\/div><\/div><\/div><\/div>","protected":false},"excerpt":{"rendered":"<p>O Grupo de Arte e Intelig\u00eancia Artificial (GAIA) \u00e9 uma rede de pesquisadores e artistas interessados em refletir e problematizar as infraestruturas digitais contempor\u00e2neas de forma experimental e art\u00edstica. GAIA \u00e9 tamb\u00e9m um espa\u00e7o para a realiza\u00e7\u00e3o de experi\u00eancias em diferentes formatos, que exploram processos relacionados \u00e0s Intelig\u00eancias Artificiais, considerando suas implica\u00e7\u00f5es sociais e a [&hellip;]<\/p>\n","protected":false},"author":309,"featured_media":0,"parent":0,"menu_order":0,"comment_status":"closed","ping_status":"closed","template":"","meta":{"footnotes":"","_links_to":"","_links_to_target":""},"class_list":["post-111","page","type-page","status-publish","hentry","entry"],"_links":{"self":[{"href":"https:\/\/sites.usp.br\/gaia\/en\/wp-json\/wp\/v2\/pages\/111","targetHints":{"allow":["GET"]}}],"collection":[{"href":"https:\/\/sites.usp.br\/gaia\/en\/wp-json\/wp\/v2\/pages"}],"about":[{"href":"https:\/\/sites.usp.br\/gaia\/en\/wp-json\/wp\/v2\/types\/page"}],"author":[{"embeddable":true,"href":"https:\/\/sites.usp.br\/gaia\/en\/wp-json\/wp\/v2\/users\/309"}],"replies":[{"embeddable":true,"href":"https:\/\/sites.usp.br\/gaia\/en\/wp-json\/wp\/v2\/comments?post=111"}],"version-history":[{"count":6,"href":"https:\/\/sites.usp.br\/gaia\/en\/wp-json\/wp\/v2\/pages\/111\/revisions"}],"predecessor-version":[{"id":1264,"href":"https:\/\/sites.usp.br\/gaia\/en\/wp-json\/wp\/v2\/pages\/111\/revisions\/1264"}],"wp:attachment":[{"href":"https:\/\/sites.usp.br\/gaia\/en\/wp-json\/wp\/v2\/media?parent=111"}],"curies":[{"name":"wp","href":"https:\/\/api.w.org\/{rel}","templated":true}]}}