{"id":1350,"date":"2023-07-06T11:03:19","date_gmt":"2023-07-06T13:03:19","guid":{"rendered":"https:\/\/sites.usp.br\/gaia\/?page_id=1350"},"modified":"2023-08-11T10:36:53","modified_gmt":"2023-08-11T12:36:53","slug":"producao","status":"publish","type":"page","link":"https:\/\/sites.usp.br\/gaia\/en\/producao\/","title":{"rendered":"Outputs"},"content":{"rendered":"Some of the academic and artistic productions carried out individually or collectively by GAIA members.<br \/>\nGAIA authors are highlighted <strong>in bold<\/strong>.<\/p>\n<p>&nbsp;<\/p>\n<p>TEXTS<\/p>\n<p><a href=\"https:\/\/doi.org\/10.1080\/17540763.2023.2189285\" target=\"_blank\" rel=\"noopener\">Living with images from large-scale data sets: A critical pedagogy for scaling down<\/a><br \/>\nPhotographs journal, vol. 16, 2, 2023<br \/>\nAuthors: <b>Gabriel Pereira<\/b> and <b>Bruno Moreschi<\/b><\/p>\n<p><a href=\"https:\/\/doi.org\/10.1177\/1329878X221074792\" target=\"_blank\" rel=\"noopener\">We&#8217;ve always been antagonistic: algorithmic resistances and dissidences beyond the Global North<\/a><br \/>\nMedia International Australia journal, v. 183, 1, 2022<br \/>\nAuthors: <b>Bruno Moreschi<\/b>, <b>Gabriel Pereira<\/b>, Andr\u00e9 Mintz and <b>Giselle Beiguelman<\/b><\/p>\n<p><a href=\"https:\/\/doi.org\/10.24908\/ss.v20i3.15000\" target=\"_blank\" rel=\"noopener\">From Banal Surveillance to Function Creep: Automated License Plate Recognition (ALPR) in Denmark<\/a><br \/>\nSurveillance &amp; Society journal, v. 20, 3, 2022<br \/>\nAuthors: <b>Gabriel Pereira<\/b> and Christoph Raetzsch<\/p>\n<p><a href=\"https:\/\/periodicos.sbu.unicamp.br\/ojs\/index.php\/mod\/article\/view\/8667715\" target=\"_blank\" rel=\"noopener\">Historical continuum and norms in art collections and datasets<\/a><br \/>\nModes: Art History Magazine, v. 6, 2, 2022<br \/>\nAuthors: <b>Bruno Moreschi<\/b>, <b>Amanda Jurno<\/b> and <b>Giselle Beiguelman<\/b><\/p>\n<p><a href=\"https:\/\/doi.org\/10.14361\/dcs-2021-070210\" target=\"_blank\" rel=\"noopener\">Apple Memories and Automated Memory-Making: The Networked Image Inside the iPhone Chip<\/a><br \/>\nDigital Culture &amp; Society journal, vol. 7, 2, 2022<br \/>\nAuthor: <b>Gabriel Pereira<\/b><\/p>\n<p><a href=\"https:\/\/journals.sagepub.com\/doi\/10.1177\/14614448221099225\" target=\"_blank\" rel=\"noopener\">Platform scams: Brazilian workers: experiences of dishonest and uncertain algorithmic management<\/a><br \/>\nNew Media &amp; Society journal, vol. 24, 7, 2022<br \/>\nAuthors: <b>Rafael Grohmann<\/b>, <b>Gabriel Pereira<\/b>, Abel Guerra and Ludmilla Costhek Abilio<\/p>\n<p><a href=\"https:\/\/imageria.fau.usp.br\/\" target=\"_blank\" rel=\"noopener\">A imagem-mensagem: cultura visual e design dissidente nas redes<\/a><br \/>\nPhD thesis, Faculty of Architecture and Urbanism at the University of S\u00e3o Paulo (FAUUSP), supervision by Giselle Beiguelman, 2022<br \/>\nAuthor: <b>Didiana Prata<\/b><\/p>\n<p><a href=\"https:\/\/reframe.sussex.ac.uk\/the-memorial-museum-in-the-digital-age\/\" target=\"_blank\" rel=\"noopener\">The museum with only walls: an involuntary memorial of Rio de Janeiro\u2019s National Museum on Instagram<\/a><br \/>\nChapter for the book Memorial Museum in the Digital Age, ed. Victoria Walden, Reframe publisher. University of Sussex, 2022<br \/>\nAuthors: <b>Giselle Beiguelman<\/b> and <b>Nathalia Lavigne<\/b><\/p>\n<p><a href=\"https:\/\/zenodo.org\/record\/7548309\" target=\"_blank\" rel=\"noopener\">Contested visibilities: artistic convergences on cloud computing<\/a><br \/>\nAnnals of the XII International Congress of the Interunit Graduate Program in Aesthetics and Art History \u2013 International Symposium on Innovation in Interactive Media; 21#ART \u2013 International Art and Technology Meeting; 9th Balance-Unbalance &#8211; art + science x technology = environment \/ responsibility, Chile, 2022<br \/>\nAuthor: <b>Felipe Mamone<\/b><\/p>\n<p><a href=\"https:\/\/proceedings.science\/eha-2022\/trabalhos\/a-curadoria-e-o-museu-virtual-aproximacoes-precedentes-possibilidades?lang=pt-br\" target=\"_blank\" rel=\"noopener\">A curadoria e o museu virtual: aproxima\u00e7\u00f5es, precedentes, possibilidades<\/a><br \/>\nAnnals of the XII International Congress of the Interunit Graduate Program in Aesthetics and Art History, v.1, 2022, Campinas: Galo\u00e1, 2022.<br \/>\nAuthor: <b>Felipe Mamone<\/b><\/p>\n<p><a href=\"https:\/\/revistarosa.com\/5\/aindassim-rimos\" target=\"_blank\" rel=\"noopener\">Aindassim rimos<\/a><br \/>\nRosa Magazine, 5, 2022<br \/>\nAuthor: <b>Gabriel Francisco Lemos<\/b><\/p>\n<p><a href=\"https:\/\/revistarosa.com\/5\/quem-ve\" target=\"_blank\" rel=\"noopener\">Quem v\u00ea?<\/a><br \/>\nRosa Magazine, 5, 2022<br \/>\nAuthor: <b>Bruno Moreschi<\/b>, <b>Bernardo Fontes<\/b> and Caroline Carrion<\/p>\n<p><a href=\"https:\/\/www.degruyter.com\/document\/doi\/10.14361\/dcs-2021-070211\/html\" target=\"_blank\" rel=\"noopener\">Images of Resistance: Thinking about Computer Vision AI in Surveillance Capitalism through Images of Marielle Franco<\/a><br \/>\nDigital Culture &amp; Society journal, vol. 7, 2, 2021<br \/>\nAuthors: <b>Vinicius Ariel Arruda dos Santos<\/b>, <b>Amanda Jurno<\/b>, <b>Didiana Prata<\/b>, <b>Monique Lemos<\/b> and <b>Lucas Sequeira Nunes<\/b>.<\/p>\n<p><a href=\"https:\/\/link.springer.com\/epdf\/10.1007\/s00146-020-01059-y?sharing_token=t6ZO74AzNIgqRPk93L3EXPe4RwlQNchNByi7wbcMAY7IoV3YG-njUK9lP4C_ek7ZkPNaCqooUlApLSCc3yv_X12RNb1BCGXUQ234EMeqEmYe3g-6tPzNCpFzhQXi2OKWfXyksRmomxm_AGIQfho1lLyf4F8xiT2cvt-Ilc71Vm0%3D\" target=\"_blank\" rel=\"noopener\">Artificial Intelligence and Institutional Critique 2.0: Unexpected Ways of Seeing with Computer Vision<\/a><br \/>\nAI &amp; Society journal, v., 2021<br \/>\nAuthors: <b>Gabriel Pereira<\/b> and <b>Bruno Moreschi<\/b>.<\/p>\n<p><a href=\"http:\/\/sites.poli.usp.br\/p\/fabio.cozman\/Publications\/Article\/prata-cozman-polleti-icdhs2020.pdf\" target=\"_blank\" rel=\"noopener\">Using AI to Classify Instagram&#8217;s Dissident Images<\/a><br \/>\nLessons to Learn? Past Design Experiences and Contemporary Design Practices, Proceedings of the ICDHS 12th International Conference on Design History and Design Studies, 2020<br \/>\nAuthors: <b>Didiana Prata<\/b>, <b>Fabio Cozman<\/b> and Gustavo Polleti<\/p>\n<p><a href=\"https:\/\/lavits.org\/wp-content\/uploads\/2019\/12\/FurquimVry-2019-LAVITSS-1.pdf\" target=\"_blank\" rel=\"noopener\">Interlocu\u00e7\u00f5es cr\u00edticas e criativas entre design, arte e a cidade instrumentalizada<\/a><br \/>\nProceedings of the VI International Symposium LAVITS: Asymmetries and (In)Visibilities: Surveillance, Gender and Race. Salvador, 2019<br \/>\nAuthor: <b>Renato Furquim Vry<\/b><\/p>\n<p>&nbsp;<\/p>\n<p>PRESENTATIONS<\/p>\n<p><a href=\"https:\/\/www.youtube.com\/watch?v=xuZsf3ZX7k8\" target=\"_blank\" rel=\"noopener\">Randomness, creativity and noise<\/a><br \/>\nCreative AI &#8211; Theory &amp; Practice, Creative AI Lab, King&#8217;s College London \/ Serpentine Galleries, 2023<br \/>\nAuthor: <b>Rodrigo Faustini<\/b><\/p>\n<p><a href=\"https:\/\/www.academia.edu\/78078223\/Pequena_anarqueologia_do_noise_na_anima%C3%A7%C3%A3o\" target=\"_blank\" rel=\"noopener\">Pequena anarqueologia do noise na anima\u00e7\u00e3o<\/a><br \/>\nAnais do II ExperimentAnima &#8211; National Meeting of Experimental Animation, Curitiba, 2021<br \/>\nAuthor: <b>Rodrigo Faustini<\/b><\/p>\n<p><a href=\"https:\/\/www.worldingcultures.org\/gatherings\/dresden-academy\" target=\"_blank\" rel=\"noopener\">Occupying the Archives: Agency Over Images and Folksonomy developed through Collaborative Initiatives<br \/>\n<\/a>Lessons Learned? Transcultural Perspectives in Curating and Pedagogies, organized by Worlding Public Cultures: The Arts and Social Innovation, Heidelberg University, Japanisches Palais, Staatliche Kunstsammlungen Dresden, 2022.<br \/>\nAuthor:<b> Nathalia Lavigne<\/b><\/p>\n<p>&nbsp;<\/p>\n<p>ARTISTIC PROJECTS<\/p>\n<p><a href=\"https:\/\/gabrielfranciscolemos.hotglue.me\/?latent_space\/\" target=\"_blank\" rel=\"noopener\">Latent Space<\/a><br \/>\nProject for spatial installation, binaural electroacoustic study, 2021<br \/>\nArtist: <b>Gabriel Francisco Lemos<\/b><\/p>\n<p><a href=\"https:\/\/brunomoreschi.com\/Outra-33-Bienal-EN\" target=\"_blank\" rel=\"noopener\">Another 33rd S\u00e3o Paulo Art Biennial<\/a><br \/>\nWebsite, AI experiences, video, photography, sound, texts, etc.<br \/>\nArtists: <strong>Bruno Moreschi, Bernardo Fontes, Gabriel Pereira<\/strong>, Guilherme Falc\u00e3o and Nina Bamberg<\/p>\n<p><a href=\"https:\/\/exchanges.withturkers.net\/\" target=\"_blank\" rel=\"noopener\">Exch w\/ Turkers<\/a><br \/>\nWebsite, project for the aarea platform<br \/>\nArtists: <b>Bruno Moreschi<\/b>, <b>Bernardo Fontes<\/b>, <b>Gabriel Pereira<\/b> and Guilherme Falc\u00e3o<\/p>\n<p><a href=\"http:\/\/demonumenta.fau.usp.br\/\" target=\"_blank\" rel=\"noopener\">demonumenta<\/a><br \/>\nWebsite, AI experience, 3D modeling, etc.<br \/>\nPedagogical project of the Faculty of Architecture and Urbanism of the University of S\u00e3o Paulo, in collaboration with C4AI \u2013 Inova USP, CITI \u2013 USP, Museu Paulista da USP, MIT Open Documentary Lab, PISA and co-realization of the Pro-Rectory of Culture and Extension from USP.<br \/>\nGAIA participants: <b>Giselle Beiguelman, Andrey Koens, Bruno Moreschi, Didiana Prata, Amanda Jurno, Gabriel Francisco Lemos<\/b> and <b>Bernardo Fontes<\/b>.<br \/>\n<a href=\"http:\/\/demonumenta.fau.usp.br\/demonumenters-2\/\" target=\"_blank\" rel=\"noopener\">Full team here.<\/a><\/p>\n<p><a href=\"https:\/\/ditamapa.desvirtual.com\/pt\/\" target=\"_blank\" rel=\"noopener\">Ditamapa<br \/>\n<\/a>website, 2021<br \/>\nArtists: <b>Andrey Koens<\/b> and <b>Giselle Beiguelman<\/b><\/p>\n<p>&nbsp;<\/p>\n<p>ART EXHIBITIONS (participation as an artist)<\/p>\n<p><a href=\"https:\/\/public.koens.com.br\/2023_Andrey_Koens__Na_terra_da_garoa.pdf\" target=\"_blank\" rel=\"noopener\">Na terra da Garoa<\/a> (solo exhibition)<br \/>\nInstituto de Artes da UNESP, S\u00e3o Paulo, 2023<br \/>\nArtista: <b>Andrey Koens<\/b><\/p>\n<p><a href=\"https:\/\/zkm.de\/en\/presskit\/2021\/exhibition-biomedia-the-age-of-media-with-life-like-behavior\" target=\"_blank\" rel=\"noopener\">BioMedia: The Age of Media with Life-like Behavior<\/a><br \/>\nZKM, Center for Art and Media Karlsruhe, 2021<br \/>\nArtists: <b>Giselle Beiguelman<\/b>, <b>Bruno Moreschi<\/b> and <b>Bernardo Fontes<\/b><\/p>\n<p>&nbsp;<\/p>\n<p>ART EXHIBITION (curated)<\/p>\n<p><a href=\"https:\/\/www.pacodasartes.org.br\/exposicoes\/futura\/8fe8ca76-882a-4e9e-977b-18e1cf060a58\/temporada-25-anos\" target=\"_blank\" rel=\"noopener\">T\u00e1ticas de Desaparecimento<\/a><br \/>\nPa\u00e7o das Artes. Collective exhibition &#8211; 2021 Season of Projects.<br \/>\nArtists: Aleta Valente, Maryam Monalisa Gharavi, Nino Cais, Regina Parra, Sallisa Rosa and Thiago Hon\u00f3rio.<br \/>\nCurator: <b>Nathalia Lavigne<\/b><\/p>\n<p>&nbsp;<\/p>\n<p>ORGANIZATION OF EVENTS AND PUBLICATIONS<\/p>\n<p><a href=\"https:\/\/casadopovo.org.br\/conscientizacoes-criticas-tecnologicas\/\" target=\"_blank\" rel=\"noopener\">Technologies of Critical Conscientization (ConCricTec)<\/a><br \/>\nArtist residency at the Center for Arts, Design and Social Research, Casa do Povo, 2023<br \/>\nOrganizers: <b>Dalida Maria Benfield<\/b>, <b>Gabriel Pereira, Bruno Moreschi <\/b>and Christopher A Bratton<br \/>\nGAIA facilitators and\/or speakers: <b>Silvana Bahia<\/b> and <b>Giselle Beiguelman<br \/>\n<\/b>GAIA participants: <b>Helena Tourinho, Luiza Futuro, Monique Lemos, Nathalia Lavigne<\/b> and <b>Felipe Mamone<\/b><\/p>\n<p><a href=\"https:\/\/brunomoreschi.com\/Affecting-Technologies-Machining-Intelligences\" target=\"_blank\" rel=\"noopener\">Affecting Technologies, Machining Intelligences<\/a><br \/>\nWorkshop at GAIA and Institute of Advanced Studies at USP + book<br \/>\nEditors: <b>Dalida Maria Benfield<\/b>, Kay Ye, <b>Bruno Moreschi<\/b> and <b>Gabriel Pereira<\/b>Some of the academic and artistic productions carried out individually or collectively by GAIA members.<br \/>\nGAIA authors are highlighted <strong>in bold<\/strong>.<\/p>\n<p>&nbsp;<\/p>\nSome of the academic and artistic productions carried out individually or collectively by GAIA members.<br \/>\nGAIA authors are highlighted <strong>in bold<\/strong>.<\/p>\n<p>&nbsp;<\/p>\n<p>TEXTS<\/p>\n<p><a href=\"https:\/\/doi.org\/10.1080\/17540763.2023.2189285\" target=\"_blank\" rel=\"noopener\">Living with images from large-scale data sets: A critical pedagogy for scaling down<\/a><br \/>\nPhotographs journal, vol. 16, 2, 2023<br \/>\nAuthors: <b>Gabriel Pereira<\/b> and <b>Bruno Moreschi<\/b><\/p>\n<p><a href=\"https:\/\/doi.org\/10.1177\/1329878X221074792\" target=\"_blank\" rel=\"noopener\">We&#8217;ve always been antagonistic: algorithmic resistances and dissidences beyond the Global North<\/a><br \/>\nMedia International Australia journal, v. 183, 1, 2022<br \/>\nAuthors: <b>Bruno Moreschi<\/b>, <b>Gabriel Pereira<\/b>, Andr\u00e9 Mintz and <b>Giselle Beiguelman<\/b><\/p>\n<p><a href=\"https:\/\/doi.org\/10.24908\/ss.v20i3.15000\" target=\"_blank\" rel=\"noopener\">From Banal Surveillance to Function Creep: Automated License Plate Recognition (ALPR) in Denmark<\/a><br \/>\nSurveillance &amp; Society journal, v. 20, 3, 2022<br \/>\nAuthors: <b>Gabriel Pereira<\/b> and Christoph Raetzsch<\/p>\n<p><a href=\"https:\/\/periodicos.sbu.unicamp.br\/ojs\/index.php\/mod\/article\/view\/8667715\" target=\"_blank\" rel=\"noopener\">Historical continuum and norms in art collections and datasets<\/a><br \/>\nModes: Art History Magazine, v. 6, 2, 2022<br \/>\nAuthors: <b>Bruno Moreschi<\/b>, <b>Amanda Jurno<\/b> and <b>Giselle Beiguelman<\/b><\/p>\n<p><a href=\"https:\/\/doi.org\/10.14361\/dcs-2021-070210\" target=\"_blank\" rel=\"noopener\">Apple Memories and Automated Memory-Making: The Networked Image Inside the iPhone Chip<\/a><br \/>\nDigital Culture &amp; Society journal, vol. 7, 2, 2022<br \/>\nAuthor: <b>Gabriel Pereira<\/b><\/p>\n<p><a href=\"https:\/\/journals.sagepub.com\/doi\/10.1177\/14614448221099225\" target=\"_blank\" rel=\"noopener\">Platform scams: Brazilian workers: experiences of dishonest and uncertain algorithmic management<\/a><br \/>\nNew Media &amp; Society journal, vol. 24, 7, 2022<br \/>\nAuthors: <b>Rafael Grohmann<\/b>, <b>Gabriel Pereira<\/b>, Abel Guerra and Ludmilla Costhek Abilio<\/p>\n<p><a href=\"https:\/\/imageria.fau.usp.br\/\" target=\"_blank\" rel=\"noopener\">A imagem-mensagem: cultura visual e design dissidente nas redes<\/a><br \/>\nPhD thesis, Faculty of Architecture and Urbanism at the University of S\u00e3o Paulo (FAUUSP), supervision by Giselle Beiguelman, 2022<br \/>\nAuthor: <b>Didiana Prata<\/b><\/p>\n<p><a href=\"https:\/\/reframe.sussex.ac.uk\/the-memorial-museum-in-the-digital-age\/\" target=\"_blank\" rel=\"noopener\">The museum with only walls: an involuntary memorial of Rio de Janeiro\u2019s National Museum on Instagram<\/a><br \/>\nChapter for the book Memorial Museum in the Digital Age, ed. Victoria Walden, Reframe publisher. University of Sussex, 2022<br \/>\nAuthors: <b>Giselle Beiguelman<\/b> and <b>Nathalia Lavigne<\/b><\/p>\n<p><a href=\"https:\/\/zenodo.org\/record\/7548309\" target=\"_blank\" rel=\"noopener\">Contested visibilities: artistic convergences on cloud computing<\/a><br \/>\nAnnals of the XII International Congress of the Interunit Graduate Program in Aesthetics and Art History \u2013 International Symposium on Innovation in Interactive Media; 21#ART \u2013 International Art and Technology Meeting; 9th Balance-Unbalance &#8211; art + science x technology = environment \/ responsibility, Chile, 2022<br \/>\nAuthor: <b>Felipe Mamone<\/b><\/p>\n<p><a href=\"https:\/\/proceedings.science\/eha-2022\/trabalhos\/a-curadoria-e-o-museu-virtual-aproximacoes-precedentes-possibilidades?lang=pt-br\" target=\"_blank\" rel=\"noopener\">A curadoria e o museu virtual: aproxima\u00e7\u00f5es, precedentes, possibilidades<\/a><br \/>\nAnnals of the XII International Congress of the Interunit Graduate Program in Aesthetics and Art History, v.1, 2022, Campinas: Galo\u00e1, 2022.<br \/>\nAuthor: <b>Felipe Mamone<\/b><\/p>\n<p><a href=\"https:\/\/revistarosa.com\/5\/aindassim-rimos\" target=\"_blank\" rel=\"noopener\">Aindassim rimos<\/a><br \/>\nRosa Magazine, 5, 2022<br \/>\nAuthor: <b>Gabriel Francisco Lemos<\/b><\/p>\n<p><a href=\"https:\/\/revistarosa.com\/5\/quem-ve\" target=\"_blank\" rel=\"noopener\">Quem v\u00ea?<\/a><br \/>\nRosa Magazine, 5, 2022<br \/>\nAuthor: <b>Bruno Moreschi<\/b>, <b>Bernardo Fontes<\/b> and Caroline Carrion<\/p>\n<p><a href=\"https:\/\/www.degruyter.com\/document\/doi\/10.14361\/dcs-2021-070211\/html\" target=\"_blank\" rel=\"noopener\">Images of Resistance: Thinking about Computer Vision AI in Surveillance Capitalism through Images of Marielle Franco<\/a><br \/>\nDigital Culture &amp; Society journal, vol. 7, 2, 2021<br \/>\nAuthors: <b>Vinicius Ariel Arruda dos Santos<\/b>, <b>Amanda Jurno<\/b>, <b>Didiana Prata<\/b>, <b>Monique Lemos<\/b> and <b>Lucas Sequeira Nunes<\/b>.<\/p>\n<p><a href=\"https:\/\/link.springer.com\/epdf\/10.1007\/s00146-020-01059-y?sharing_token=t6ZO74AzNIgqRPk93L3EXPe4RwlQNchNByi7wbcMAY7IoV3YG-njUK9lP4C_ek7ZkPNaCqooUlApLSCc3yv_X12RNb1BCGXUQ234EMeqEmYe3g-6tPzNCpFzhQXi2OKWfXyksRmomxm_AGIQfho1lLyf4F8xiT2cvt-Ilc71Vm0%3D\" target=\"_blank\" rel=\"noopener\">Artificial Intelligence and Institutional Critique 2.0: Unexpected Ways of Seeing with Computer Vision<\/a><br \/>\nAI &amp; Society journal, v., 2021<br \/>\nAuthors: <b>Gabriel Pereira<\/b> and <b>Bruno Moreschi<\/b>.<\/p>\n<p><a href=\"http:\/\/sites.poli.usp.br\/p\/fabio.cozman\/Publications\/Article\/prata-cozman-polleti-icdhs2020.pdf\" target=\"_blank\" rel=\"noopener\">Using AI to Classify Instagram&#8217;s Dissident Images<\/a><br \/>\nLessons to Learn? Past Design Experiences and Contemporary Design Practices, Proceedings of the ICDHS 12th International Conference on Design History and Design Studies, 2020<br \/>\nAuthors: <b>Didiana Prata<\/b>, <b>Fabio Cozman<\/b> and Gustavo Polleti<\/p>\n<p><a href=\"https:\/\/lavits.org\/wp-content\/uploads\/2019\/12\/FurquimVry-2019-LAVITSS-1.pdf\" target=\"_blank\" rel=\"noopener\">Interlocu\u00e7\u00f5es cr\u00edticas e criativas entre design, arte e a cidade instrumentalizada<\/a><br \/>\nProceedings of the VI International Symposium LAVITS: Asymmetries and (In)Visibilities: Surveillance, Gender and Race. Salvador, 2019<br \/>\nAuthor: <b>Renato Furquim Vry<\/b><\/p>\n<p>&nbsp;<\/p>\n<p>PRESENTATIONS<\/p>\n<p><a href=\"https:\/\/www.youtube.com\/watch?v=xuZsf3ZX7k8\" target=\"_blank\" rel=\"noopener\">Randomness, creativity and noise<\/a><br \/>\nCreative AI &#8211; Theory &amp; Practice, Creative AI Lab, King&#8217;s College London \/ Serpentine Galleries, 2023<br \/>\nAuthor: <b>Rodrigo Faustini<\/b><\/p>\n<p><a href=\"https:\/\/www.academia.edu\/78078223\/Pequena_anarqueologia_do_noise_na_anima%C3%A7%C3%A3o\" target=\"_blank\" rel=\"noopener\">Pequena anarqueologia do noise na anima\u00e7\u00e3o<\/a><br \/>\nAnais do II ExperimentAnima &#8211; National Meeting of Experimental Animation, Curitiba, 2021<br \/>\nAuthor: <b>Rodrigo Faustini<\/b><\/p>\n<p><a href=\"https:\/\/www.worldingcultures.org\/gatherings\/dresden-academy\" target=\"_blank\" rel=\"noopener\">Occupying the Archives: Agency Over Images and Folksonomy developed through Collaborative Initiatives<br \/>\n<\/a>Lessons Learned? Transcultural Perspectives in Curating and Pedagogies, organized by Worlding Public Cultures: The Arts and Social Innovation, Heidelberg University, Japanisches Palais, Staatliche Kunstsammlungen Dresden, 2022.<br \/>\nAuthor:<b> Nathalia Lavigne<\/b><\/p>\n<p>&nbsp;<\/p>\n<p>ARTISTIC PROJECTS<\/p>\n<p><a href=\"https:\/\/gabrielfranciscolemos.hotglue.me\/?latent_space\/\" target=\"_blank\" rel=\"noopener\">Latent Space<\/a><br \/>\nProject for spatial installation, binaural electroacoustic study, 2021<br \/>\nArtist: <b>Gabriel Francisco Lemos<\/b><\/p>\n<p><a href=\"https:\/\/brunomoreschi.com\/Outra-33-Bienal-EN\" target=\"_blank\" rel=\"noopener\">Another 33rd S\u00e3o Paulo Art Biennial<\/a><br \/>\nWebsite, AI experiences, video, photography, sound, texts, etc.<br \/>\nArtists: <strong>Bruno Moreschi, Bernardo Fontes, Gabriel Pereira<\/strong>, Guilherme Falc\u00e3o and Nina Bamberg<\/p>\n<p><a href=\"https:\/\/exchanges.withturkers.net\/\" target=\"_blank\" rel=\"noopener\">Exch w\/ Turkers<\/a><br \/>\nWebsite, project for the aarea platform<br \/>\nArtists: <b>Bruno Moreschi<\/b>, <b>Bernardo Fontes<\/b>, <b>Gabriel Pereira<\/b> and Guilherme Falc\u00e3o<\/p>\n<p><a href=\"http:\/\/demonumenta.fau.usp.br\/\" target=\"_blank\" rel=\"noopener\">demonumenta<\/a><br \/>\nWebsite, AI experience, 3D modeling, etc.<br \/>\nPedagogical project of the Faculty of Architecture and Urbanism of the University of S\u00e3o Paulo, in collaboration with C4AI \u2013 Inova USP, CITI \u2013 USP, Museu Paulista da USP, MIT Open Documentary Lab, PISA and co-realization of the Pro-Rectory of Culture and Extension from USP.<br \/>\nGAIA participants: <b>Giselle Beiguelman, Andrey Koens, Bruno Moreschi, Didiana Prata, Amanda Jurno, Gabriel Francisco Lemos<\/b> and <b>Bernardo Fontes<\/b>.<br \/>\n<a href=\"http:\/\/demonumenta.fau.usp.br\/demonumenters-2\/\" target=\"_blank\" rel=\"noopener\">Full team here.<\/a><\/p>\n<p><a href=\"https:\/\/ditamapa.desvirtual.com\/pt\/\" target=\"_blank\" rel=\"noopener\">Ditamapa<br \/>\n<\/a>website, 2021<br \/>\nArtists: <b>Andrey Koens<\/b> and <b>Giselle Beiguelman<\/b><\/p>\n<p>&nbsp;<\/p>\n<p>ART EXHIBITIONS (participation as an artist)<\/p>\n<p><a href=\"https:\/\/public.koens.com.br\/2023_Andrey_Koens__Na_terra_da_garoa.pdf\" rel=\"noopener\" target=\"_blank\">Na terra da Garoa<\/a> (solo exhibition)<br \/>\nInstituto de Artes da UNESP, S\u00e3o Paulo, 2023<br \/>\nArtista: Andrey Koens<\/p>\n<p><a href=\"https:\/\/zkm.de\/en\/presskit\/2021\/exhibition-biomedia-the-age-of-media-with-life-like-behavior\" target=\"_blank\" rel=\"noopener\">BioMedia: The Age of Media with Life-like Behavior<\/a><br \/>\nZKM, Center for Art and Media Karlsruhe, 2021<br \/>\nArtists: <b>Giselle Beiguelman<\/b>, <b>Bruno Moreschi<\/b> and <b>Bernardo Fontes<\/b><\/p>\n<p>&nbsp;<\/p>\n<p>ART EXHIBITION (curated)<\/p>\n<p><a href=\"https:\/\/www.pacodasartes.org.br\/exposicoes\/futura\/8fe8ca76-882a-4e9e-977b-18e1cf060a58\/temporada-25-anos\" target=\"_blank\" rel=\"noopener\">T\u00e1ticas de Desaparecimento<\/a><br \/>\nPa\u00e7o das Artes. Collective exhibition &#8211; 2021 Season of Projects.<br \/>\nArtists: Aleta Valente, Maryam Monalisa Gharavi, Nino Cais, Regina Parra, Sallisa Rosa and Thiago Hon\u00f3rio.<br \/>\nCurator: <b>Nathalia Lavigne<\/b><\/p>\n<p>&nbsp;<\/p>\n<p>ORGANIZATION OF EVENTS AND PUBLICATIONS<\/p>\n<p><a href=\"https:\/\/casadopovo.org.br\/conscientizacoes-criticas-tecnologicas\/\" target=\"_blank\" rel=\"noopener\">Technologies of Critical Conscientization (ConCricTec)<\/a><br \/>\nArtist residency at the Center for Arts, Design and Social Research, Casa do Povo, 2023<br \/>\nOrganizers: <b>Dalida Maria Benfield<\/b>, <b>Gabriel Pereira, Bruno Moreschi <\/b>and Christopher A Bratton<br \/>\nGAIA facilitators and\/or speakers: <b>Silvana Bahia<\/b> and <b>Giselle Beiguelman<br \/>\n<\/b>GAIA participants: <b>Helena Tourinho, Luiza Futuro, Monique Lemos, Nathalia Lavigne<\/b> and <b>Felipe Mamone<\/b><\/p>\n<p><a href=\"https:\/\/brunomoreschi.com\/Affecting-Technologies-Machining-Intelligences\" target=\"_blank\" rel=\"noopener\">Affecting Technologies, Machining Intelligences<\/a><br \/>\nWorkshop at GAIA and Institute of Advanced Studies at USP + book<br \/>\nEditors: <b>Dalida Maria Benfield<\/b>, Kay Ye, <b>Bruno Moreschi<\/b> and <b>Gabriel Pereira<\/b>Some of the academic and artistic productions carried out individually or collectively by GAIA members.<br \/>\nGAIA authors are highlighted <strong>in bold<\/strong>.<\/p>\n<p>&nbsp;<\/p>","protected":false},"excerpt":{"rendered":"<p>Some of the academic and artistic productions carried out individually or collectively by GAIA members. GAIA authors are highlighted in bold. &nbsp; TEXTS Living with images from large-scale data sets: A critical pedagogy for scaling down Photographs journal, vol. 16, 2, 2023 Authors: Gabriel Pereira and Bruno Moreschi We&#8217;ve always been antagonistic: algorithmic resistances and [&hellip;]<\/p>\n","protected":false},"author":283,"featured_media":0,"parent":0,"menu_order":0,"comment_status":"closed","ping_status":"closed","template":"","meta":{"footnotes":"","_links_to":"","_links_to_target":""},"class_list":["post-1350","page","type-page","status-publish","hentry","entry"],"_links":{"self":[{"href":"https:\/\/sites.usp.br\/gaia\/en\/wp-json\/wp\/v2\/pages\/1350","targetHints":{"allow":["GET"]}}],"collection":[{"href":"https:\/\/sites.usp.br\/gaia\/en\/wp-json\/wp\/v2\/pages"}],"about":[{"href":"https:\/\/sites.usp.br\/gaia\/en\/wp-json\/wp\/v2\/types\/page"}],"author":[{"embeddable":true,"href":"https:\/\/sites.usp.br\/gaia\/en\/wp-json\/wp\/v2\/users\/283"}],"replies":[{"embeddable":true,"href":"https:\/\/sites.usp.br\/gaia\/en\/wp-json\/wp\/v2\/comments?post=1350"}],"version-history":[{"count":4,"href":"https:\/\/sites.usp.br\/gaia\/en\/wp-json\/wp\/v2\/pages\/1350\/revisions"}],"predecessor-version":[{"id":1404,"href":"https:\/\/sites.usp.br\/gaia\/en\/wp-json\/wp\/v2\/pages\/1350\/revisions\/1404"}],"wp:attachment":[{"href":"https:\/\/sites.usp.br\/gaia\/en\/wp-json\/wp\/v2\/media?parent=1350"}],"curies":[{"name":"wp","href":"https:\/\/api.w.org\/{rel}","templated":true}]}}