{"id":747,"date":"2020-07-24T16:07:19","date_gmt":"2020-07-24T18:07:19","guid":{"rendered":"https:\/\/sites.usp.br\/gaia\/?page_id=747"},"modified":"2020-08-26T13:35:07","modified_gmt":"2020-08-26T15:35:07","slug":"difusao","status":"publish","type":"page","link":"https:\/\/sites.usp.br\/gaia\/difusao\/","title":{"rendered":"M\u00eddia"},"content":{"rendered":"Eventos, reportagens e outros materiais de difus\u00e3o sobre as pesquisas desenvolvidas no GAIA.<\/p>\n<p><a href=\"https:\/\/jornal.usp.br\/radio-usp\/projeto-revela-o-precariado-que-move-a-inteligencia-artificial\/\" target=\"_blank\" rel=\"noopener noreferrer\"><i class=\"fas fa-external-link-square-alt\"><\/i> <b>Projeto revela o precariado que move a Intelig\u00eancia Artificial<\/b><\/a><br \/>\nFonte: Radio USP &#8211; Ouvir Imagens, por Giselle Beiguelman.<\/p>\n<p><a href=\"https:\/\/tab.uol.com.br\/edicao\/servidao-digital\/#cover\" target=\"_blank\" rel=\"noopener noreferrer\"><i class=\"fas fa-external-link-square-alt\"><\/i> <strong>Pago por Clique \u2013 A promessa de trabalho remoto da era digital se transformou numa servid\u00e3o contempor\u00e2nea<\/strong><\/a><br \/>\nFonte: UOL Tab.<\/p>\n<p><a href=\"https:\/\/jornal.usp.br\/radio-usp\/site-recupera-a-memoria-do-design-ativista-atual\/\" target=\"_blank\" rel=\"noopener noreferrer\"><i class=\"fas fa-external-link-square-alt\"><\/i> <strong> Site recupera a mem\u00f3ria do design ativista atual<\/strong><\/a><br \/>\nFonte: Radio USP &#8211; Ouvir Imagens, por Giselle Beiguelman.<\/p>\n<p><a href=\"https:\/\/webjornalismo.unicap.br\/inteligenciaartificial\/\" target=\"_blank\" rel=\"noopener noreferrer\"><i class=\"fas fa-external-link-square-alt\"><\/i> <strong> N\u00f3s fazemos parte do futuro?<\/strong><\/a><br \/>\nFonte: Victor Augusto Ten\u00f3rio Fonte (Trabalho apresentado como conclus\u00e3o do curso de Jornalismo da Universidade Cat\u00f3lica de Pernambuco).<\/p>\n<p><a href=\"https:\/\/digilabour.com.br\/2019\/12\/20\/os-brasileiros-da-amazon-mechanical-turk\/\" target=\"_blank\" rel=\"noopener noreferrer\"><i class=\"fas fa-external-link-square-alt\"><\/i> <strong> Os brasileiros da Amazon Mechanical Turk<\/strong><\/a><br \/>\nFonte: DigiLabour, por Rafael Grohmann.","protected":false},"excerpt":{"rendered":"<p>Eventos, reportagens e outros materiais de difus\u00e3o sobre as pesquisas desenvolvidas no GAIA. Projeto revela o precariado que move a Intelig\u00eancia Artificial Fonte: Radio USP &#8211; Ouvir Imagens, por Giselle Beiguelman. Pago por Clique \u2013 A promessa de trabalho remoto da era digital se transformou numa servid\u00e3o contempor\u00e2nea Fonte: UOL Tab. Site recupera a mem\u00f3ria [&hellip;]<\/p>\n","protected":false},"author":21822,"featured_media":0,"parent":0,"menu_order":0,"comment_status":"closed","ping_status":"closed","template":"","meta":{"footnotes":"","_links_to":"","_links_to_target":""},"class_list":["post-747","page","type-page","status-publish","hentry","entry"],"_links":{"self":[{"href":"https:\/\/sites.usp.br\/gaia\/wp-json\/wp\/v2\/pages\/747","targetHints":{"allow":["GET"]}}],"collection":[{"href":"https:\/\/sites.usp.br\/gaia\/wp-json\/wp\/v2\/pages"}],"about":[{"href":"https:\/\/sites.usp.br\/gaia\/wp-json\/wp\/v2\/types\/page"}],"author":[{"embeddable":true,"href":"https:\/\/sites.usp.br\/gaia\/wp-json\/wp\/v2\/users\/21822"}],"replies":[{"embeddable":true,"href":"https:\/\/sites.usp.br\/gaia\/wp-json\/wp\/v2\/comments?post=747"}],"version-history":[{"count":4,"href":"https:\/\/sites.usp.br\/gaia\/wp-json\/wp\/v2\/pages\/747\/revisions"}],"predecessor-version":[{"id":1218,"href":"https:\/\/sites.usp.br\/gaia\/wp-json\/wp\/v2\/pages\/747\/revisions\/1218"}],"wp:attachment":[{"href":"https:\/\/sites.usp.br\/gaia\/wp-json\/wp\/v2\/media?parent=747"}],"curies":[{"name":"wp","href":"https:\/\/api.w.org\/{rel}","templated":true}]}}