{"id":620,"date":"2021-09-14T11:46:00","date_gmt":"2021-09-14T13:46:00","guid":{"rendered":"https:\/\/sites.usp.br\/gbi\/?page_id=620"},"modified":"2021-12-08T10:47:59","modified_gmt":"2021-12-08T12:47:59","slug":"2021-2","status":"publish","type":"page","link":"https:\/\/sites.usp.br\/gbi\/publicacoes\/2021-2\/","title":{"rendered":"2021"},"content":{"rendered":"<p><span style=\"font-size: 14pt; color: #003366;\"><strong>Artigos completos publicados em peri\u00f3dicos de 2021<\/strong><\/span><\/p>\n<ul style=\"list-style-type: circle;\">\n<li>CRUZ, JOSIANE V. ; Giuliatti, Silvana ; ALVES, LEVY B. ; SILVA, RA\u00cd C. ; FERREIRA, ELENILZE F. B. ; KIMANI, NJOGU M. ; SILVA, CARLOS H. T. P. ; SOUZA, JO\u00c3O S. N. DE ; ESPEJO-ROM\u00c1N, JOS\u00c9 M. ; SANTOS, CLEYDSON B. R. . Identification of novel potential cyclooxygenase-2 inhibitors using ligand- and structure-based virtual screening approaches. JOURNAL OF BIOMOLECULAR STRUCTURE &amp; DYNAMICS, v. 39, p. 1-23, 2021. <span style=\"color: #993300;\">[<a href=\"https:\/\/pubmed.ncbi.nlm.nih.gov\/33427075\/\" target=\"_blank\" rel=\"noopener\">DOI<\/a>]<\/span><\/li>\n<li>ALZATE-MARIN, ANA LILIA ; RIVAS, PRISCILA MARLYS S\u00c1 ; GALASCHI-TEIXEIRA, JULIANA S. ; BONIF\u00c1CIO-ANACLETO, FERNANDO ; SILVA, CAROLINA COSTA ; SCHUSTER, IVAN ; NAZARENO, ALISON GON\u00c7ALVES ; Giuliatti, Silvana ; DA ROCHA FILHO, L\u00c9O CORREIA ; GAR\u00d3FALO, CARLOS A. ; MARTINEZ, CARLOS A. . Warming and elevated CO2 induces changes in the reproductive dynamics of a tropical plant species. SCIENCE OF THE TOTAL ENVIRONMENT, v. 768, p. 1-11, 2021. <span style=\"color: #993300;\">[<a href=\"https:\/\/europepmc.org\/article\/MED\/33736351\" target=\"_blank\" rel=\"noopener\">DOI<\/a>]<\/span><\/li>\n<li>MUSQUIARI, BRUNO ; CREVELIN, EDUARDO J. ; BERTONI, BIANCA W. ; FRAN\u00c7A, SUZELEI DE C. ; PEREIRA, ANA MARIA S. ; CASTELLO, ANA CAROLINA DEVIDES ; CASTILLO-ORDO\u00d1EZ, WILLIAN O. ; Giuliatti, Silvana ; LOPES, ADRIANA A. . Precursor-directed Biosynthesis in Tabernaemontana catharinensis as a New Avenue for Alzheimer-s Disease-modifying Agents. PLANTA MEDICA (INTERNET), v. 87, p. 136-147, 2021. <span style=\"color: #993300;\">[<a href=\"https:\/\/pubmed.ncbi.nlm.nih.gov\/33321518\/\" target=\"_blank\" rel=\"noopener\">DOI<\/a>]<\/span><\/li>\n<li>FIGUEIREDO, FERNANDA BARBOSA ; SILVA, WILSON ARA\u00daJO ; Giuliatti, Silvana ; TOMASELLI, PEDRO JOS\u00c9 ; LOUREN\u00c7O, CHARLES MARQUES ; GOUV\u00caA, SILMARA DE PAULA ; COVALESKI, ANNA PAULA PARANHOS MIRANDA ; HALLAK, JAIME E. ; MARQUES, WILSON . GDAP1 mutations are frequent among Brazilian patients with autosomal recessive axonal Charcot-Marie-Tooth disease. NEUROMUSCULAR DISORDERS, v. 31, p. 505-511, 2021. <span style=\"color: #993300;\">[<a href=\"https:\/\/www.sciencedirect.com\/science\/article\/pii\/S0960896621000699\" target=\"_blank\" rel=\"noopener\">DOI<\/a>]<\/span><\/li>\n<li>CARLI, GABRIEL JOS\u00c9 ; CONTILIANI, DANYEL FERNANDES ; Giuliatti, Silvana ; PEREIRA, TIAGO CAMPOS . An Animal Able To Tolerate D 2 O. CHEMBIOCHEM, v. 22, p. 988-991, 2021. <span style=\"color: #993300;\">[<a href=\"https:\/\/chemistry-europe.onlinelibrary.wiley.com\/doi\/full\/10.1002\/cbic.202000642\" target=\"_blank\" rel=\"noopener\">DOI<\/a>]<\/span><\/li>\n<li>KEITA, HADY ; DOS SANTOS, CLEYDSON BRENO RODRIGUES ; RAMOS, MATHEUS MERC\u00caS ; PADILHA, ELIAS CARVALHO ; SERAFIM, RODOLFO BORTOLOZO ; CASTRO, ANDRES NAVARRETE ; AMADO, JESUS RAFAEL RODRIGUEZ ; DA SILVA, GABRIEL MONTEIRO ; FERREIRA, IRLON MACIEL ; Giuliatti, Silvana ; CARVALHO, JOS\u00c9 CARLOS TAVARES . Assessment of the hypoglycemic effect of Bixin in alloxan-induced diabetic rats: in vivo and in silico studies. JOURNAL OF BIOMOLECULAR STRUCTURE &amp; DYNAMICS, v. 39, p. 1017-1028, 2021. <span style=\"color: #993300;\">[<a href=\"https:\/\/pubmed.ncbi.nlm.nih.gov\/32028848\/\" target=\"_blank\" rel=\"noopener\">DOI<\/a>]<\/span><\/li>\n<li>ALVES, CINTHIA C.; DONADI, EDUARDO A.; GIULIATTI, SILVANA. Structural Characterization of the Interaction of Hypoxia Inducible Factor-1 with Its Hypoxia Responsive Element at the \u2212964G &gt; A Variation Site of the HLA-G Promoter Region. International Journal of Molecular Sciences, v. 22, n. 23, 2021. [<a href=\"https:\/\/www.mdpi.com\/1422-0067\/22\/23\/13046#cite\" target=\"_blank\" rel=\"noopener\">DOI<\/a>]<\/li>\n<\/ul>\n","protected":false},"excerpt":{"rendered":"<p>Artigos completos publicados em peri\u00f3dicos de 2021 CRUZ, JOSIANE V. ; Giuliatti, Silvana ; ALVES, LEVY B. ; SILVA, RA\u00cd C. ; FERREIRA, ELENILZE F. B. ; KIMANI, NJOGU M. ; SILVA, CARLOS H. T. P. ; SOUZA, JO\u00c3O S. N. DE ; ESPEJO-ROM\u00c1N, JOS\u00c9 M. ; SANTOS, CLEYDSON B. R. . Identification of novel [&hellip;]<\/p>\n","protected":false},"author":22595,"featured_media":0,"parent":521,"menu_order":0,"comment_status":"closed","ping_status":"closed","template":"","meta":{"ocean_post_layout":"","ocean_both_sidebars_style":"","ocean_both_sidebars_content_width":0,"ocean_both_sidebars_sidebars_width":0,"ocean_sidebar":"0","ocean_second_sidebar":"0","ocean_disable_margins":"enable","ocean_add_body_class":"","ocean_shortcode_before_top_bar":"","ocean_shortcode_after_top_bar":"","ocean_shortcode_before_header":"","ocean_shortcode_after_header":"","ocean_has_shortcode":"","ocean_shortcode_after_title":"","ocean_shortcode_before_footer_widgets":"","ocean_shortcode_after_footer_widgets":"","ocean_shortcode_before_footer_bottom":"","ocean_shortcode_after_footer_bottom":"","ocean_display_top_bar":"default","ocean_display_header":"default","ocean_header_style":"","ocean_center_header_left_menu":"0","ocean_custom_header_template":"0","ocean_custom_logo":0,"ocean_custom_retina_logo":0,"ocean_custom_logo_max_width":0,"ocean_custom_logo_tablet_max_width":0,"ocean_custom_logo_mobile_max_width":0,"ocean_custom_logo_max_height":0,"ocean_custom_logo_tablet_max_height":0,"ocean_custom_logo_mobile_max_height":0,"ocean_header_custom_menu":"0","ocean_menu_typo_font_family":"0","ocean_menu_typo_font_subset":"","ocean_menu_typo_font_size":0,"ocean_menu_typo_font_size_tablet":0,"ocean_menu_typo_font_size_mobile":0,"ocean_menu_typo_font_size_unit":"px","ocean_menu_typo_font_weight":"","ocean_menu_typo_font_weight_tablet":"","ocean_menu_typo_font_weight_mobile":"","ocean_menu_typo_transform":"","ocean_menu_typo_transform_tablet":"","ocean_menu_typo_transform_mobile":"","ocean_menu_typo_line_height":0,"ocean_menu_typo_line_height_tablet":0,"ocean_menu_typo_line_height_mobile":0,"ocean_menu_typo_line_height_unit":"","ocean_menu_typo_spacing":0,"ocean_menu_typo_spacing_tablet":0,"ocean_menu_typo_spacing_mobile":0,"ocean_menu_typo_spacing_unit":"","ocean_menu_link_color":"","ocean_menu_link_color_hover":"","ocean_menu_link_color_active":"","ocean_menu_link_background":"","ocean_menu_link_hover_background":"","ocean_menu_link_active_background":"","ocean_menu_social_links_bg":"","ocean_menu_social_hover_links_bg":"","ocean_menu_social_links_color":"","ocean_menu_social_hover_links_color":"","ocean_disable_title":"default","ocean_disable_heading":"default","ocean_post_title":"","ocean_post_subheading":"","ocean_post_title_style":"","ocean_post_title_background_color":"","ocean_post_title_background":0,"ocean_post_title_bg_image_position":"","ocean_post_title_bg_image_attachment":"","ocean_post_title_bg_image_repeat":"","ocean_post_title_bg_image_size":"","ocean_post_title_height":0,"ocean_post_title_bg_overlay":0.5,"ocean_post_title_bg_overlay_color":"","ocean_disable_breadcrumbs":"default","ocean_breadcrumbs_color":"","ocean_breadcrumbs_separator_color":"","ocean_breadcrumbs_links_color":"","ocean_breadcrumbs_links_hover_color":"","ocean_display_footer_widgets":"default","ocean_display_footer_bottom":"default","ocean_custom_footer_template":"0","footnotes":"","_links_to":"","_links_to_target":""},"class_list":["post-620","page","type-page","status-publish","hentry","entry"],"jetpack_sharing_enabled":true,"_links":{"self":[{"href":"https:\/\/sites.usp.br\/gbi\/wp-json\/wp\/v2\/pages\/620","targetHints":{"allow":["GET"]}}],"collection":[{"href":"https:\/\/sites.usp.br\/gbi\/wp-json\/wp\/v2\/pages"}],"about":[{"href":"https:\/\/sites.usp.br\/gbi\/wp-json\/wp\/v2\/types\/page"}],"author":[{"embeddable":true,"href":"https:\/\/sites.usp.br\/gbi\/wp-json\/wp\/v2\/users\/22595"}],"replies":[{"embeddable":true,"href":"https:\/\/sites.usp.br\/gbi\/wp-json\/wp\/v2\/comments?post=620"}],"version-history":[{"count":5,"href":"https:\/\/sites.usp.br\/gbi\/wp-json\/wp\/v2\/pages\/620\/revisions"}],"predecessor-version":[{"id":751,"href":"https:\/\/sites.usp.br\/gbi\/wp-json\/wp\/v2\/pages\/620\/revisions\/751"}],"up":[{"embeddable":true,"href":"https:\/\/sites.usp.br\/gbi\/wp-json\/wp\/v2\/pages\/521"}],"wp:attachment":[{"href":"https:\/\/sites.usp.br\/gbi\/wp-json\/wp\/v2\/media?parent=620"}],"curies":[{"name":"wp","href":"https:\/\/api.w.org\/{rel}","templated":true}]}}