{"id":652,"date":"2021-09-14T12:30:51","date_gmt":"2021-09-14T14:30:51","guid":{"rendered":"https:\/\/sites.usp.br\/gbi\/?page_id=652"},"modified":"2021-09-24T12:09:36","modified_gmt":"2021-09-24T14:09:36","slug":"2012-2","status":"publish","type":"page","link":"https:\/\/sites.usp.br\/gbi\/publicacoes\/2012-2\/","title":{"rendered":"2012"},"content":{"rendered":"<p><span style=\"font-size: 14pt; color: #003366;\"><strong>Artigos completos publicados em peri\u00f3dicos de 2012<\/strong><\/span><\/p>\n<ul style=\"list-style-type: circle;\">\n<li>de Mendon\u00e7a, Patr\u00edcia Calligioni ; Bertoni, Bianca Wal\u00e9ria ; Amui, Saulo Fran\u00e7a ; Giuliatti, Silvana ; Corr\u00eaa, Val\u00e9ria Sieiro Conde ; Fran\u00e7a, Suzelei de Castro ; Pereira, Ana Maria Soares . Genetic diversity of Stryphnodendron adstringens (Mart.) Coville determined by AFLP molecular markers. Biochemical Systematics and Ecology, v. 41, p. 16-20, 2012. <span style=\"color: #993300;\">[<a href=\"https:\/\/www.sciencedirect.com\/science\/article\/pii\/S030519781100233X\" target=\"_blank\" rel=\"noopener\">DOI<\/a>]<\/span><\/li>\n<li>MASSARO, J. D. ; EVANGELISTA, A. F. ; CASTELLI, E. C. ; Giuliatti, S. ; DONADI, E. A. . In Silico Analysis of HLA-G Promoter Region to Identify DNA Elements Near to SNPS and Transcription Alterations Evidences. Tissue Antigens, v. 80, p. 100-100, 2012. <span style=\"color: #993300;\">[DOI]<\/span><\/li>\n<\/ul>\n","protected":false},"excerpt":{"rendered":"<p>Artigos completos publicados em peri\u00f3dicos de 2012 de Mendon\u00e7a, Patr\u00edcia Calligioni ; Bertoni, Bianca Wal\u00e9ria ; Amui, Saulo Fran\u00e7a ; Giuliatti, Silvana ; Corr\u00eaa, Val\u00e9ria Sieiro Conde ; Fran\u00e7a, Suzelei de Castro ; Pereira, Ana Maria Soares . Genetic diversity of Stryphnodendron adstringens (Mart.) Coville determined by AFLP molecular markers. Biochemical Systematics and Ecology, v. [&hellip;]<\/p>\n","protected":false},"author":22595,"featured_media":0,"parent":521,"menu_order":0,"comment_status":"closed","ping_status":"closed","template":"","meta":{"ocean_post_layout":"","ocean_both_sidebars_style":"","ocean_both_sidebars_content_width":0,"ocean_both_sidebars_sidebars_width":0,"ocean_sidebar":"0","ocean_second_sidebar":"0","ocean_disable_margins":"enable","ocean_add_body_class":"","ocean_shortcode_before_top_bar":"","ocean_shortcode_after_top_bar":"","ocean_shortcode_before_header":"","ocean_shortcode_after_header":"","ocean_has_shortcode":"","ocean_shortcode_after_title":"","ocean_shortcode_before_footer_widgets":"","ocean_shortcode_after_footer_widgets":"","ocean_shortcode_before_footer_bottom":"","ocean_shortcode_after_footer_bottom":"","ocean_display_top_bar":"default","ocean_display_header":"default","ocean_header_style":"","ocean_center_header_left_menu":"0","ocean_custom_header_template":"0","ocean_custom_logo":0,"ocean_custom_retina_logo":0,"ocean_custom_logo_max_width":0,"ocean_custom_logo_tablet_max_width":0,"ocean_custom_logo_mobile_max_width":0,"ocean_custom_logo_max_height":0,"ocean_custom_logo_tablet_max_height":0,"ocean_custom_logo_mobile_max_height":0,"ocean_header_custom_menu":"0","ocean_menu_typo_font_family":"0","ocean_menu_typo_font_subset":"","ocean_menu_typo_font_size":0,"ocean_menu_typo_font_size_tablet":0,"ocean_menu_typo_font_size_mobile":0,"ocean_menu_typo_font_size_unit":"px","ocean_menu_typo_font_weight":"","ocean_menu_typo_font_weight_tablet":"","ocean_menu_typo_font_weight_mobile":"","ocean_menu_typo_transform":"","ocean_menu_typo_transform_tablet":"","ocean_menu_typo_transform_mobile":"","ocean_menu_typo_line_height":0,"ocean_menu_typo_line_height_tablet":0,"ocean_menu_typo_line_height_mobile":0,"ocean_menu_typo_line_height_unit":"","ocean_menu_typo_spacing":0,"ocean_menu_typo_spacing_tablet":0,"ocean_menu_typo_spacing_mobile":0,"ocean_menu_typo_spacing_unit":"","ocean_menu_link_color":"","ocean_menu_link_color_hover":"","ocean_menu_link_color_active":"","ocean_menu_link_background":"","ocean_menu_link_hover_background":"","ocean_menu_link_active_background":"","ocean_menu_social_links_bg":"","ocean_menu_social_hover_links_bg":"","ocean_menu_social_links_color":"","ocean_menu_social_hover_links_color":"","ocean_disable_title":"default","ocean_disable_heading":"default","ocean_post_title":"","ocean_post_subheading":"","ocean_post_title_style":"","ocean_post_title_background_color":"","ocean_post_title_background":0,"ocean_post_title_bg_image_position":"","ocean_post_title_bg_image_attachment":"","ocean_post_title_bg_image_repeat":"","ocean_post_title_bg_image_size":"","ocean_post_title_height":0,"ocean_post_title_bg_overlay":0.5,"ocean_post_title_bg_overlay_color":"","ocean_disable_breadcrumbs":"default","ocean_breadcrumbs_color":"","ocean_breadcrumbs_separator_color":"","ocean_breadcrumbs_links_color":"","ocean_breadcrumbs_links_hover_color":"","ocean_display_footer_widgets":"default","ocean_display_footer_bottom":"default","ocean_custom_footer_template":"0","footnotes":"","_links_to":"","_links_to_target":""},"class_list":["post-652","page","type-page","status-publish","hentry","entry"],"jetpack_sharing_enabled":true,"_links":{"self":[{"href":"https:\/\/sites.usp.br\/gbi\/wp-json\/wp\/v2\/pages\/652","targetHints":{"allow":["GET"]}}],"collection":[{"href":"https:\/\/sites.usp.br\/gbi\/wp-json\/wp\/v2\/pages"}],"about":[{"href":"https:\/\/sites.usp.br\/gbi\/wp-json\/wp\/v2\/types\/page"}],"author":[{"embeddable":true,"href":"https:\/\/sites.usp.br\/gbi\/wp-json\/wp\/v2\/users\/22595"}],"replies":[{"embeddable":true,"href":"https:\/\/sites.usp.br\/gbi\/wp-json\/wp\/v2\/comments?post=652"}],"version-history":[{"count":4,"href":"https:\/\/sites.usp.br\/gbi\/wp-json\/wp\/v2\/pages\/652\/revisions"}],"predecessor-version":[{"id":716,"href":"https:\/\/sites.usp.br\/gbi\/wp-json\/wp\/v2\/pages\/652\/revisions\/716"}],"up":[{"embeddable":true,"href":"https:\/\/sites.usp.br\/gbi\/wp-json\/wp\/v2\/pages\/521"}],"wp:attachment":[{"href":"https:\/\/sites.usp.br\/gbi\/wp-json\/wp\/v2\/media?parent=652"}],"curies":[{"name":"wp","href":"https:\/\/api.w.org\/{rel}","templated":true}]}}