{"id":656,"date":"2021-09-14T12:32:21","date_gmt":"2021-09-14T14:32:21","guid":{"rendered":"https:\/\/sites.usp.br\/gbi\/?page_id=656"},"modified":"2021-09-24T12:06:34","modified_gmt":"2021-09-24T14:06:34","slug":"2010-2","status":"publish","type":"page","link":"https:\/\/sites.usp.br\/gbi\/publicacoes\/2010-2\/","title":{"rendered":"2010"},"content":{"rendered":"<p><span style=\"font-size: 14pt; color: #003366;\"><strong>Artigos completos publicados em peri\u00f3dicos de 2010<\/strong><\/span><\/p>\n<ul style=\"list-style-type: circle;\">\n<li>Meola, Juliana ; Rosa e Silva, J\u00falio C\u00e9sar ; Dentillo, Daniel Blassioli ; da Silva, Wilson Ara\u00fajo ; Veiga-Castelli, Luciana Caricati ; de Souza Bernardes, Luciano Angelo ; Ferriani, Rui Alberto ; de Paz, Claudia Cristina Paro ; Giuliatti, Silvana ; Martelli, L\u00facia . Differentially expressed genes in eutopic and ectopic endometrium of women with endometriosis. Fertility and Sterility, v. 93, p. 1750-1773, 2010. <span style=\"color: #993300;\">[<a href=\"https:\/\/www.fertstert.org\/article\/S0015-0282(08)04787-0\/fulltext\" target=\"_blank\" rel=\"noopener\">DOI<\/a>]<\/span><\/li>\n<li>Biase, Fernando Henrique ; Martelli, L\u00facia ; Puga, Renato ; Giuliatti, Silvana ; Santos-Biase, Weruska Karyna Freitas ; Fonseca Merighe, Giovana Krempel ; Meirelles, Flavio Vieira . Messenger RNA expression of Pabpnl1 and Mbd3l2 genes in oocytes and cleavage embryos. Fertility and Sterility, v. 93, p. 2507-2512, 2010. <span style=\"color: #993300;\">[<a href=\"https:\/\/pubmed.ncbi.nlm.nih.gov\/19819433\/\" target=\"_blank\" rel=\"noopener\">DOI<\/a>]<\/span><\/li>\n<li>DENTILLO, D. B. ; Meola, J. ; Rosa e Silva, J. C. ; GIULIATTI, S. ; SILVA, W. A. ; FERRIANI, R. A. ; Martelli, L. ; MARTELLI, L. . Deregulation of LOXL1 and HTRA1 Gene Expression in Endometriosis. Reproductive Sciences (Thousand Oaks, Calif.), v. 17, p. 1016-1023, 2010. <span style=\"color: #993300;\">[<a href=\"https:\/\/pubmed.ncbi.nlm.nih.gov\/20940247\/\" target=\"_blank\" rel=\"noopener\">DOI<\/a>]<\/span><\/li>\n<li>OLIVEIRA, LARIZA L. DE ; PERSINOTI, GABRIELA F. ; Giuliatti, Silvana ; TIN\u00d3S, RENATO . Feature Selection via Genetic Algorithms in the Classification of Anti-Snake Venom Medicinal Plants. LEARNING AND NONLINEAR MODELS, v. 8, p. 125-134, 2010. <span style=\"color: #993300;\">[<a href=\"https:\/\/sbic.org.br\/wp-content\/uploads\/sites\/4\/2016\/07\/vol8-no3-art1.pdf\" target=\"_blank\" rel=\"noopener\">DOI<\/a>]<\/span><\/li>\n<\/ul>\n","protected":false},"excerpt":{"rendered":"<p>Artigos completos publicados em peri\u00f3dicos de 2010 Meola, Juliana ; Rosa e Silva, J\u00falio C\u00e9sar ; Dentillo, Daniel Blassioli ; da Silva, Wilson Ara\u00fajo ; Veiga-Castelli, Luciana Caricati ; de Souza Bernardes, Luciano Angelo ; Ferriani, Rui Alberto ; de Paz, Claudia Cristina Paro ; Giuliatti, Silvana ; Martelli, L\u00facia . Differentially expressed genes in [&hellip;]<\/p>\n","protected":false},"author":22595,"featured_media":0,"parent":521,"menu_order":0,"comment_status":"closed","ping_status":"closed","template":"","meta":{"ocean_post_layout":"","ocean_both_sidebars_style":"","ocean_both_sidebars_content_width":0,"ocean_both_sidebars_sidebars_width":0,"ocean_sidebar":"0","ocean_second_sidebar":"0","ocean_disable_margins":"enable","ocean_add_body_class":"","ocean_shortcode_before_top_bar":"","ocean_shortcode_after_top_bar":"","ocean_shortcode_before_header":"","ocean_shortcode_after_header":"","ocean_has_shortcode":"","ocean_shortcode_after_title":"","ocean_shortcode_before_footer_widgets":"","ocean_shortcode_after_footer_widgets":"","ocean_shortcode_before_footer_bottom":"","ocean_shortcode_after_footer_bottom":"","ocean_display_top_bar":"default","ocean_display_header":"default","ocean_header_style":"","ocean_center_header_left_menu":"0","ocean_custom_header_template":"0","ocean_custom_logo":0,"ocean_custom_retina_logo":0,"ocean_custom_logo_max_width":0,"ocean_custom_logo_tablet_max_width":0,"ocean_custom_logo_mobile_max_width":0,"ocean_custom_logo_max_height":0,"ocean_custom_logo_tablet_max_height":0,"ocean_custom_logo_mobile_max_height":0,"ocean_header_custom_menu":"0","ocean_menu_typo_font_family":"0","ocean_menu_typo_font_subset":"","ocean_menu_typo_font_size":0,"ocean_menu_typo_font_size_tablet":0,"ocean_menu_typo_font_size_mobile":0,"ocean_menu_typo_font_size_unit":"px","ocean_menu_typo_font_weight":"","ocean_menu_typo_font_weight_tablet":"","ocean_menu_typo_font_weight_mobile":"","ocean_menu_typo_transform":"","ocean_menu_typo_transform_tablet":"","ocean_menu_typo_transform_mobile":"","ocean_menu_typo_line_height":0,"ocean_menu_typo_line_height_tablet":0,"ocean_menu_typo_line_height_mobile":0,"ocean_menu_typo_line_height_unit":"","ocean_menu_typo_spacing":0,"ocean_menu_typo_spacing_tablet":0,"ocean_menu_typo_spacing_mobile":0,"ocean_menu_typo_spacing_unit":"","ocean_menu_link_color":"","ocean_menu_link_color_hover":"","ocean_menu_link_color_active":"","ocean_menu_link_background":"","ocean_menu_link_hover_background":"","ocean_menu_link_active_background":"","ocean_menu_social_links_bg":"","ocean_menu_social_hover_links_bg":"","ocean_menu_social_links_color":"","ocean_menu_social_hover_links_color":"","ocean_disable_title":"default","ocean_disable_heading":"default","ocean_post_title":"","ocean_post_subheading":"","ocean_post_title_style":"","ocean_post_title_background_color":"","ocean_post_title_background":0,"ocean_post_title_bg_image_position":"","ocean_post_title_bg_image_attachment":"","ocean_post_title_bg_image_repeat":"","ocean_post_title_bg_image_size":"","ocean_post_title_height":0,"ocean_post_title_bg_overlay":0.5,"ocean_post_title_bg_overlay_color":"","ocean_disable_breadcrumbs":"default","ocean_breadcrumbs_color":"","ocean_breadcrumbs_separator_color":"","ocean_breadcrumbs_links_color":"","ocean_breadcrumbs_links_hover_color":"","ocean_display_footer_widgets":"default","ocean_display_footer_bottom":"default","ocean_custom_footer_template":"0","footnotes":"","_links_to":"","_links_to_target":""},"class_list":["post-656","page","type-page","status-publish","hentry","entry"],"jetpack_sharing_enabled":true,"_links":{"self":[{"href":"https:\/\/sites.usp.br\/gbi\/wp-json\/wp\/v2\/pages\/656","targetHints":{"allow":["GET"]}}],"collection":[{"href":"https:\/\/sites.usp.br\/gbi\/wp-json\/wp\/v2\/pages"}],"about":[{"href":"https:\/\/sites.usp.br\/gbi\/wp-json\/wp\/v2\/types\/page"}],"author":[{"embeddable":true,"href":"https:\/\/sites.usp.br\/gbi\/wp-json\/wp\/v2\/users\/22595"}],"replies":[{"embeddable":true,"href":"https:\/\/sites.usp.br\/gbi\/wp-json\/wp\/v2\/comments?post=656"}],"version-history":[{"count":4,"href":"https:\/\/sites.usp.br\/gbi\/wp-json\/wp\/v2\/pages\/656\/revisions"}],"predecessor-version":[{"id":714,"href":"https:\/\/sites.usp.br\/gbi\/wp-json\/wp\/v2\/pages\/656\/revisions\/714"}],"up":[{"embeddable":true,"href":"https:\/\/sites.usp.br\/gbi\/wp-json\/wp\/v2\/pages\/521"}],"wp:attachment":[{"href":"https:\/\/sites.usp.br\/gbi\/wp-json\/wp\/v2\/media?parent=656"}],"curies":[{"name":"wp","href":"https:\/\/api.w.org\/{rel}","templated":true}]}}