{"id":658,"date":"2021-09-14T12:33:02","date_gmt":"2021-09-14T14:33:02","guid":{"rendered":"https:\/\/sites.usp.br\/gbi\/?page_id=658"},"modified":"2021-09-24T12:02:24","modified_gmt":"2021-09-24T14:02:24","slug":"2009-2","status":"publish","type":"page","link":"https:\/\/sites.usp.br\/gbi\/publicacoes\/2009-2\/","title":{"rendered":"2009"},"content":{"rendered":"<p><span style=\"font-size: 14pt; color: #003366;\"><strong>Artigos completos publicados em peri\u00f3dicos de 2009<\/strong><\/span><\/p>\n<ul style=\"list-style-type: circle;\">\n<li>Junta, Cristina Moraes ; Sandrin-Garcia, Paula ; Fachin-Saltoratto, Ana L\u00facia ; Mello, Stephano Span\u00f3 ; Oliveira, Rene D. R. ; Rassi, Diane Meyre ; Giuliatti, Silvana ; Sakamoto-Hojo, Elza Tiemi ; Louzada-Junior, Paulo ; Donadi, Eduardo Antonio ; Passos, Geraldo A. S. . Differential gene expression of peripheral blood mononuclear cells from rheumatoid arthritis patients may discriminate immunogenetic, pathogenic and treatment features. Immunology (Oxford. Print), v. 127, p. 365-372, 2009. <span style=\"color: #993300;\">[<a href=\"https:\/\/doi.org\/10.1111\/j.1365-2567.2008.03005.x\" target=\"_blank\" rel=\"noopener\">DOI<\/a>]<\/span><\/li>\n<li>Meola, Juliana ; Dentillo, Daniel Blassioli ; Rosa e Silva, J\u00falio C\u00e9sar ; Ferriani, Rui Alberto ; Veiga, Luciana Caricati ; Paro de Paz, Claudia Cristina ; Giuliatti, Silvana ; Martelli, L\u00facia . Glycodelin expression in the endometrium of healthy women and in the eutopic and ectopic endometrium of women with endometriosis. Fertility and Sterility, v. 91, p. 1676-1680, 2009. <span style=\"color: #993300;\">[<a href=\"https:\/\/pubmed.ncbi.nlm.nih.gov\/18402941\/\">DOI<\/a>]<\/span><\/li>\n<li>Castelli, Erick C. ; Moreau, Philippe ; Chiromatzo, Alynne Oya e ; Mendes-Junior, Celso Teixeira ; Veiga-Castelli, Luciana C. ; Yaghi, Layale ; Giuliatti, Silvana ; Carosella, Edgardo D. ; Donadi, Eduardo Antonio . In silico analysis of microRNAS targeting the HLA-G 3&#8242; untranslated region alleles and haplotypes. Human Immunology, v. 70, p. 1020-1025, 2009. <span style=\"color: #993300;\">[<a href=\"https:\/\/pubmed.ncbi.nlm.nih.gov\/19664672\/\">DOI<\/a>]<\/span><\/li>\n<li>Diogo, Luciana C. ; Fernandes, Renata S. ; Marcussi, Silvana ; Menaldo, Danilo L. ; Roberto, Patr\u00ed\u00adcia G. ; Matrangulo, Paula V. F. ; Pereira, Paulo S. ; Fran\u00e7a, Suzelei C. ; Giuliatti, Silvana ; Soares, Andreimar M. ; Louren\u00e7o, Miriam V. . Inhibition of Snake Venoms and Phospholipases A 2 by Extracts from Native and Genetically Modified Eclipta alba : Isolation of Active Coumestans. Basic &amp; Clinical Pharmacology &amp; Toxicology (Print), v. 104, p. 293-299, 2009. <span style=\"color: #993300;\">[<a href=\"https:\/\/pubmed.ncbi.nlm.nih.gov\/19320636\/\">DOI<\/a>]<\/span><\/li>\n<li>Quiapim, A. C. ; BRITO, M. S. ; Bernardes, L. A.S. ; daSilva, I. ; MALAVAZI, I. ; DEPAOLI, H. C. ; MOLFETTA-MACHADO, J. B. ; Giuliatti, S. ; GOLDMAN, G. H. ; GOLDMAN, M. H. S. . Analysis of the Nicotiana tabacum Stigma\/Style Transcriptome Reveals Gene Expression Differences between Wet and Dry Stigma Species. Plant Physiology (Bethesda), v. 149, p. 1211-1230, 2009. <span style=\"color: #993300;\">[<a href=\"https:\/\/pubmed.ncbi.nlm.nih.gov\/19052150\/\">DOI<\/a>]<\/span><\/li>\n<\/ul>\n","protected":false},"excerpt":{"rendered":"<p>Artigos completos publicados em peri\u00f3dicos de 2009 Junta, Cristina Moraes ; Sandrin-Garcia, Paula ; Fachin-Saltoratto, Ana L\u00facia ; Mello, Stephano Span\u00f3 ; Oliveira, Rene D. R. ; Rassi, Diane Meyre ; Giuliatti, Silvana ; Sakamoto-Hojo, Elza Tiemi ; Louzada-Junior, Paulo ; Donadi, Eduardo Antonio ; Passos, Geraldo A. S. . Differential gene expression of peripheral [&hellip;]<\/p>\n","protected":false},"author":22595,"featured_media":0,"parent":521,"menu_order":0,"comment_status":"closed","ping_status":"closed","template":"","meta":{"ocean_post_layout":"","ocean_both_sidebars_style":"","ocean_both_sidebars_content_width":0,"ocean_both_sidebars_sidebars_width":0,"ocean_sidebar":"0","ocean_second_sidebar":"0","ocean_disable_margins":"enable","ocean_add_body_class":"","ocean_shortcode_before_top_bar":"","ocean_shortcode_after_top_bar":"","ocean_shortcode_before_header":"","ocean_shortcode_after_header":"","ocean_has_shortcode":"","ocean_shortcode_after_title":"","ocean_shortcode_before_footer_widgets":"","ocean_shortcode_after_footer_widgets":"","ocean_shortcode_before_footer_bottom":"","ocean_shortcode_after_footer_bottom":"","ocean_display_top_bar":"default","ocean_display_header":"default","ocean_header_style":"","ocean_center_header_left_menu":"0","ocean_custom_header_template":"0","ocean_custom_logo":0,"ocean_custom_retina_logo":0,"ocean_custom_logo_max_width":0,"ocean_custom_logo_tablet_max_width":0,"ocean_custom_logo_mobile_max_width":0,"ocean_custom_logo_max_height":0,"ocean_custom_logo_tablet_max_height":0,"ocean_custom_logo_mobile_max_height":0,"ocean_header_custom_menu":"0","ocean_menu_typo_font_family":"0","ocean_menu_typo_font_subset":"","ocean_menu_typo_font_size":0,"ocean_menu_typo_font_size_tablet":0,"ocean_menu_typo_font_size_mobile":0,"ocean_menu_typo_font_size_unit":"px","ocean_menu_typo_font_weight":"","ocean_menu_typo_font_weight_tablet":"","ocean_menu_typo_font_weight_mobile":"","ocean_menu_typo_transform":"","ocean_menu_typo_transform_tablet":"","ocean_menu_typo_transform_mobile":"","ocean_menu_typo_line_height":0,"ocean_menu_typo_line_height_tablet":0,"ocean_menu_typo_line_height_mobile":0,"ocean_menu_typo_line_height_unit":"","ocean_menu_typo_spacing":0,"ocean_menu_typo_spacing_tablet":0,"ocean_menu_typo_spacing_mobile":0,"ocean_menu_typo_spacing_unit":"","ocean_menu_link_color":"","ocean_menu_link_color_hover":"","ocean_menu_link_color_active":"","ocean_menu_link_background":"","ocean_menu_link_hover_background":"","ocean_menu_link_active_background":"","ocean_menu_social_links_bg":"","ocean_menu_social_hover_links_bg":"","ocean_menu_social_links_color":"","ocean_menu_social_hover_links_color":"","ocean_disable_title":"default","ocean_disable_heading":"default","ocean_post_title":"","ocean_post_subheading":"","ocean_post_title_style":"","ocean_post_title_background_color":"","ocean_post_title_background":0,"ocean_post_title_bg_image_position":"","ocean_post_title_bg_image_attachment":"","ocean_post_title_bg_image_repeat":"","ocean_post_title_bg_image_size":"","ocean_post_title_height":0,"ocean_post_title_bg_overlay":0.5,"ocean_post_title_bg_overlay_color":"","ocean_disable_breadcrumbs":"default","ocean_breadcrumbs_color":"","ocean_breadcrumbs_separator_color":"","ocean_breadcrumbs_links_color":"","ocean_breadcrumbs_links_hover_color":"","ocean_display_footer_widgets":"default","ocean_display_footer_bottom":"default","ocean_custom_footer_template":"0","footnotes":"","_links_to":"","_links_to_target":""},"class_list":["post-658","page","type-page","status-publish","hentry","entry"],"jetpack_sharing_enabled":true,"_links":{"self":[{"href":"https:\/\/sites.usp.br\/gbi\/wp-json\/wp\/v2\/pages\/658","targetHints":{"allow":["GET"]}}],"collection":[{"href":"https:\/\/sites.usp.br\/gbi\/wp-json\/wp\/v2\/pages"}],"about":[{"href":"https:\/\/sites.usp.br\/gbi\/wp-json\/wp\/v2\/types\/page"}],"author":[{"embeddable":true,"href":"https:\/\/sites.usp.br\/gbi\/wp-json\/wp\/v2\/users\/22595"}],"replies":[{"embeddable":true,"href":"https:\/\/sites.usp.br\/gbi\/wp-json\/wp\/v2\/comments?post=658"}],"version-history":[{"count":4,"href":"https:\/\/sites.usp.br\/gbi\/wp-json\/wp\/v2\/pages\/658\/revisions"}],"predecessor-version":[{"id":713,"href":"https:\/\/sites.usp.br\/gbi\/wp-json\/wp\/v2\/pages\/658\/revisions\/713"}],"up":[{"embeddable":true,"href":"https:\/\/sites.usp.br\/gbi\/wp-json\/wp\/v2\/pages\/521"}],"wp:attachment":[{"href":"https:\/\/sites.usp.br\/gbi\/wp-json\/wp\/v2\/media?parent=658"}],"curies":[{"name":"wp","href":"https:\/\/api.w.org\/{rel}","templated":true}]}}