{"id":777,"date":"2022-08-23T09:29:06","date_gmt":"2022-08-23T11:29:06","guid":{"rendered":"https:\/\/sites.usp.br\/gbi\/?page_id=777"},"modified":"2023-11-30T10:55:47","modified_gmt":"2023-11-30T12:55:47","slug":"2022-2","status":"publish","type":"page","link":"https:\/\/sites.usp.br\/gbi\/publicacoes\/2022-2\/","title":{"rendered":"2022"},"content":{"rendered":"<p><span style=\"font-size: 14pt; color: #003366;\"><strong>Artigos completos publicados em peri\u00f3dicos de 2022<\/strong><\/span><\/p>\n<ul style=\"list-style-type: circle;\">\n<li>ALVES, L. B.; CASTILLO-ORDO\u00d1EZ, W. O.; GIULIATTI, S. Virtual screening and molecular dynamics study of natural products against Rab10 for the treatment of Alzheimer\u2019s disease. JOURNAL OF BIOMOLECULAR STRUCTURE &amp; DYNAMICS, v. 0, p. 1-21, 2022. <span style=\"color: #993300;\">[<a href=\"https:\/\/doi.org\/10.1080\/07391102.2022.2112079\" target=\"_blank\" rel=\"noopener\">DOI<\/a>]<\/span><\/li>\n<li>SANTOS, A. S. ; GIULIATTI, SILVANA ; BARRIOS-LEAL, D. Y. ; MANFRIN, M. H. Molecular evolution of the GstD1 protein with alkaloid interaction in cactophilic Drosophila species. DROSOPHILA INFORMATION SERVICE, v. 105, p. 41-52, 2022. [<a href=\"https:\/\/www.ou.edu\/journals\/dis\/DIS105\/DIS_105_2022.pdf\" target=\"_blank\" rel=\"noopener\">DOI<\/a>]<\/li>\n<li>OLIVEIRA, MARIA LUIZA GUIMAR\u00c3ES ; CASTELLI, ERICK C. ; VEIGA&#8217;CASTELLI, LUCIANA C. ; PEREIRA, ALISON LUIS E. ; MARCORIN, LET\u00cdCIA ; CARRATTO, TH\u00c1SSIA M. T. ; SOUZA, ANDREIA S. ; ANDRADE, HELOISA S. ; SIM\u00d5ES, AGUINALDO L. ; DONADI, EDUARDO A. ; COURTIN, DAVID ; SABBAGH, AUDREY ; GIULIATTI, SILVANA ; MENDES&#8217;JUNIOR, CELSO TEIXEIRA . Genetic diversity of the LILRB1 and LILRB2 coding regions in an admixed Brazilian population sample. HLA, v. 100, p. 325-348, 2022. [<a href=\"https:\/\/doi.org\/10.1111\/tan.14725\" target=\"_blank\" rel=\"noopener\">DOI<\/a>]<\/li>\n<li>CRUZ, JOSIANE VIANA ; ROSA, JOAQU\u00cdN MAR\u00cdA CAMPOS ; KIMANI, NJOGU MARK ; GIULIATTI, SILVANA ; DOS SANTOS, CLEYDSON BRENO RODRIGUES . The Role of Celecoxib as a Potential Inhibitor in the Treatment ofInflammatory Diseases &#8211; A Review. CURRENT MEDICINAL CHEMISTRY, v. 29, p. 3028-3049, 2022. [<a href=\"http:\/\/dx.doi.org\/10.2174\/0929867328666210910125229\" target=\"_blank\" rel=\"noopener\">DOI]<\/a><\/li>\n<\/ul>\n","protected":false},"excerpt":{"rendered":"<p>Artigos completos publicados em peri\u00f3dicos de 2022 ALVES, L. B.; CASTILLO-ORDO\u00d1EZ, W. O.; GIULIATTI, S. Virtual screening and molecular dynamics study of natural products against Rab10 for the treatment of Alzheimer\u2019s disease. JOURNAL OF BIOMOLECULAR STRUCTURE &amp; DYNAMICS, v. 0, p. 1-21, 2022. [DOI] SANTOS, A. S. ; GIULIATTI, SILVANA ; BARRIOS-LEAL, D. Y. ; [&hellip;]<\/p>\n","protected":false},"author":22595,"featured_media":0,"parent":521,"menu_order":0,"comment_status":"closed","ping_status":"closed","template":"","meta":{"ocean_post_layout":"","ocean_both_sidebars_style":"","ocean_both_sidebars_content_width":0,"ocean_both_sidebars_sidebars_width":0,"ocean_sidebar":"0","ocean_second_sidebar":"0","ocean_disable_margins":"enable","ocean_add_body_class":"","ocean_shortcode_before_top_bar":"","ocean_shortcode_after_top_bar":"","ocean_shortcode_before_header":"","ocean_shortcode_after_header":"","ocean_has_shortcode":"","ocean_shortcode_after_title":"","ocean_shortcode_before_footer_widgets":"","ocean_shortcode_after_footer_widgets":"","ocean_shortcode_before_footer_bottom":"","ocean_shortcode_after_footer_bottom":"","ocean_display_top_bar":"default","ocean_display_header":"default","ocean_header_style":"","ocean_center_header_left_menu":"0","ocean_custom_header_template":"0","ocean_custom_logo":0,"ocean_custom_retina_logo":0,"ocean_custom_logo_max_width":0,"ocean_custom_logo_tablet_max_width":0,"ocean_custom_logo_mobile_max_width":0,"ocean_custom_logo_max_height":0,"ocean_custom_logo_tablet_max_height":0,"ocean_custom_logo_mobile_max_height":0,"ocean_header_custom_menu":"0","ocean_menu_typo_font_family":"0","ocean_menu_typo_font_subset":"","ocean_menu_typo_font_size":0,"ocean_menu_typo_font_size_tablet":0,"ocean_menu_typo_font_size_mobile":0,"ocean_menu_typo_font_size_unit":"px","ocean_menu_typo_font_weight":"","ocean_menu_typo_font_weight_tablet":"","ocean_menu_typo_font_weight_mobile":"","ocean_menu_typo_transform":"","ocean_menu_typo_transform_tablet":"","ocean_menu_typo_transform_mobile":"","ocean_menu_typo_line_height":0,"ocean_menu_typo_line_height_tablet":0,"ocean_menu_typo_line_height_mobile":0,"ocean_menu_typo_line_height_unit":"","ocean_menu_typo_spacing":0,"ocean_menu_typo_spacing_tablet":0,"ocean_menu_typo_spacing_mobile":0,"ocean_menu_typo_spacing_unit":"","ocean_menu_link_color":"","ocean_menu_link_color_hover":"","ocean_menu_link_color_active":"","ocean_menu_link_background":"","ocean_menu_link_hover_background":"","ocean_menu_link_active_background":"","ocean_menu_social_links_bg":"","ocean_menu_social_hover_links_bg":"","ocean_menu_social_links_color":"","ocean_menu_social_hover_links_color":"","ocean_disable_title":"default","ocean_disable_heading":"default","ocean_post_title":"","ocean_post_subheading":"","ocean_post_title_style":"","ocean_post_title_background_color":"","ocean_post_title_background":0,"ocean_post_title_bg_image_position":"","ocean_post_title_bg_image_attachment":"","ocean_post_title_bg_image_repeat":"","ocean_post_title_bg_image_size":"","ocean_post_title_height":0,"ocean_post_title_bg_overlay":0.5,"ocean_post_title_bg_overlay_color":"","ocean_disable_breadcrumbs":"default","ocean_breadcrumbs_color":"","ocean_breadcrumbs_separator_color":"","ocean_breadcrumbs_links_color":"","ocean_breadcrumbs_links_hover_color":"","ocean_display_footer_widgets":"default","ocean_display_footer_bottom":"default","ocean_custom_footer_template":"0","footnotes":"","_links_to":"","_links_to_target":""},"class_list":["post-777","page","type-page","status-publish","hentry","entry"],"jetpack_sharing_enabled":true,"_links":{"self":[{"href":"https:\/\/sites.usp.br\/gbi\/wp-json\/wp\/v2\/pages\/777","targetHints":{"allow":["GET"]}}],"collection":[{"href":"https:\/\/sites.usp.br\/gbi\/wp-json\/wp\/v2\/pages"}],"about":[{"href":"https:\/\/sites.usp.br\/gbi\/wp-json\/wp\/v2\/types\/page"}],"author":[{"embeddable":true,"href":"https:\/\/sites.usp.br\/gbi\/wp-json\/wp\/v2\/users\/22595"}],"replies":[{"embeddable":true,"href":"https:\/\/sites.usp.br\/gbi\/wp-json\/wp\/v2\/comments?post=777"}],"version-history":[{"count":3,"href":"https:\/\/sites.usp.br\/gbi\/wp-json\/wp\/v2\/pages\/777\/revisions"}],"predecessor-version":[{"id":966,"href":"https:\/\/sites.usp.br\/gbi\/wp-json\/wp\/v2\/pages\/777\/revisions\/966"}],"up":[{"embeddable":true,"href":"https:\/\/sites.usp.br\/gbi\/wp-json\/wp\/v2\/pages\/521"}],"wp:attachment":[{"href":"https:\/\/sites.usp.br\/gbi\/wp-json\/wp\/v2\/media?parent=777"}],"curies":[{"name":"wp","href":"https:\/\/api.w.org\/{rel}","templated":true}]}}