{"id":925,"date":"2023-01-18T17:26:46","date_gmt":"2023-01-18T19:26:46","guid":{"rendered":"https:\/\/sites.usp.br\/gbi\/?page_id=925"},"modified":"2025-04-10T10:42:58","modified_gmt":"2025-04-10T12:42:58","slug":"membros-do-laboratorio-copy","status":"publish","type":"page","link":"https:\/\/sites.usp.br\/gbi\/membros-do-laboratorio-copy\/","title":{"rendered":"Colaboradores"},"content":{"rendered":"<h4 style=\"text-align: center;\"><span style=\"color: #003366;\">Colaboradores<\/span><\/h4>\n<table style=\"border-collapse: collapse;\">\n<tbody>\n<tr>\n<td style=\"width: 25%; padding: 10px;\" rowspan=\"3\"><a href=\"https:\/\/sites.usp.br\/gbi\/wp-content\/uploads\/sites\/1005\/2025\/04\/nohelia.png\"><img fetchpriority=\"high\" decoding=\"async\" class=\"alignnone size-medium wp-image-1117\" src=\"https:\/\/sites.usp.br\/gbi\/wp-content\/uploads\/sites\/1005\/2025\/04\/nohelia-300x300.png\" alt=\"\" width=\"300\" height=\"300\" srcset=\"https:\/\/sites.usp.br\/gbi\/wp-content\/uploads\/sites\/1005\/2025\/04\/nohelia-300x300.png 300w, https:\/\/sites.usp.br\/gbi\/wp-content\/uploads\/sites\/1005\/2025\/04\/nohelia-1024x1024.png 1024w, https:\/\/sites.usp.br\/gbi\/wp-content\/uploads\/sites\/1005\/2025\/04\/nohelia-150x150.png 150w, https:\/\/sites.usp.br\/gbi\/wp-content\/uploads\/sites\/1005\/2025\/04\/nohelia-768x768.png 768w, https:\/\/sites.usp.br\/gbi\/wp-content\/uploads\/sites\/1005\/2025\/04\/nohelia-1536x1536.png 1536w, https:\/\/sites.usp.br\/gbi\/wp-content\/uploads\/sites\/1005\/2025\/04\/nohelia-600x600.png 600w, https:\/\/sites.usp.br\/gbi\/wp-content\/uploads\/sites\/1005\/2025\/04\/nohelia-45x45.png 45w, https:\/\/sites.usp.br\/gbi\/wp-content\/uploads\/sites\/1005\/2025\/04\/nohelia.png 1728w\" sizes=\"(max-width: 300px) 100vw, 300px\" \/><\/a><\/td>\n<td style=\"width: 75%;\"><span style=\"color: #333333;\"><strong>Profa. Dra. Nohelia Cajas Salazar<\/strong><\/span><\/td>\n<\/tr>\n<tr>\n<td><a href=\"https:\/\/scholar.google.com\/citations?user=5HdssEgAAAAJ&amp;hl=en\" target=\"_blank\" rel=\"noopener\"><img decoding=\"async\" class=\"alignleft wp-image-575\" src=\"https:\/\/sites.usp.br\/gbi\/wp-content\/uploads\/sites\/1005\/2021\/09\/logo_google-300x300.png\" alt=\"\" width=\"24\" height=\"24\" srcset=\"https:\/\/sites.usp.br\/gbi\/wp-content\/uploads\/sites\/1005\/2021\/09\/logo_google-300x300.png 300w, https:\/\/sites.usp.br\/gbi\/wp-content\/uploads\/sites\/1005\/2021\/09\/logo_google-1024x1024.png 1024w, https:\/\/sites.usp.br\/gbi\/wp-content\/uploads\/sites\/1005\/2021\/09\/logo_google-150x150.png 150w, https:\/\/sites.usp.br\/gbi\/wp-content\/uploads\/sites\/1005\/2021\/09\/logo_google-768x768.png 768w, https:\/\/sites.usp.br\/gbi\/wp-content\/uploads\/sites\/1005\/2021\/09\/logo_google-1536x1536.png 1536w, https:\/\/sites.usp.br\/gbi\/wp-content\/uploads\/sites\/1005\/2021\/09\/logo_google-2048x2048.png 2048w, https:\/\/sites.usp.br\/gbi\/wp-content\/uploads\/sites\/1005\/2021\/09\/logo_google-45x45.png 45w\" sizes=\"(max-width: 24px) 100vw, 24px\" \/><\/a> <a href=\"https:\/\/orcid.org\/0000-0003-3157-7251\" target=\"_blank\" rel=\"noopener\"><img decoding=\"async\" class=\"alignleft wp-image-570 size-full\" src=\"https:\/\/sites.usp.br\/gbi\/wp-content\/uploads\/sites\/1005\/2021\/09\/orcid2-e1631552882932.png\" alt=\"\" width=\"24\" height=\"24\" \/><\/a><\/td>\n<\/tr>\n<tr>\n<td style=\"text-align: justify;\"><span style=\"font-size: 10pt;\">Bacharel em Ci\u00eancias Biol\u00f3gicas e Doutora em Ci\u00eancias Biom\u00e9dicas pelo Programa de Medicina Preventiva e Sa\u00fade Comunit\u00e1ria da Universidade do Texas, EUA. Desde 2001, \u00e9 professora titular do Departamento de Biologia da Universidade do Cauca, onde coordena o Grupo de Pesquisa em Toxicologia Gen\u00e9tica. Seu foco tem sido conduzir estudos para avaliar o efeito de fatores de risco ambientais, ocupacionais e de estilo de vida no DNA em popula\u00e7\u00f5es expostas, bem como sua import\u00e2ncia no desenvolvimento de doen\u00e7as cr\u00f4nicas de import\u00e2ncia regional. Da mesma forma, ela conduziu pesquisas para estabelecer doses genot\u00f3xicas de subst\u00e2ncias qu\u00edmicas, incluindo produtos farmac\u00eauticos e extratos naturais, pesticidas e outros. Essas investiga\u00e7\u00f5es usaram biomarcadores gen\u00e9ticos e epigen\u00e9ticos de exposi\u00e7\u00e3o, efeito e suscetibilidade em diferentes amostras biol\u00f3gicas, incluindo linf\u00f3citos do sangue perif\u00e9rico, c\u00e9lulas de transi\u00e7\u00e3o da bexiga e c\u00e9lulas epiteliais orais.\u00a0<\/span><\/td>\n<\/tr>\n<\/tbody>\n<\/table>\n<p>&nbsp;<\/p>\n<table style=\"border-collapse: collapse;\">\n<tbody>\n<tr>\n<td style=\"width: 25%; padding: 10px;\" rowspan=\"3\"><a href=\"https:\/\/sites.usp.br\/gbi\/wp-content\/uploads\/sites\/1005\/2025\/04\/william.png\"><img loading=\"lazy\" decoding=\"async\" class=\"alignnone size-medium wp-image-1118\" src=\"https:\/\/sites.usp.br\/gbi\/wp-content\/uploads\/sites\/1005\/2025\/04\/william-300x300.png\" alt=\"\" width=\"300\" height=\"300\" srcset=\"https:\/\/sites.usp.br\/gbi\/wp-content\/uploads\/sites\/1005\/2025\/04\/william-300x300.png 300w, https:\/\/sites.usp.br\/gbi\/wp-content\/uploads\/sites\/1005\/2025\/04\/william-1024x1024.png 1024w, https:\/\/sites.usp.br\/gbi\/wp-content\/uploads\/sites\/1005\/2025\/04\/william-150x150.png 150w, https:\/\/sites.usp.br\/gbi\/wp-content\/uploads\/sites\/1005\/2025\/04\/william-768x768.png 768w, https:\/\/sites.usp.br\/gbi\/wp-content\/uploads\/sites\/1005\/2025\/04\/william-1536x1536.png 1536w, https:\/\/sites.usp.br\/gbi\/wp-content\/uploads\/sites\/1005\/2025\/04\/william-600x600.png 600w, https:\/\/sites.usp.br\/gbi\/wp-content\/uploads\/sites\/1005\/2025\/04\/william-45x45.png 45w, https:\/\/sites.usp.br\/gbi\/wp-content\/uploads\/sites\/1005\/2025\/04\/william.png 1728w\" sizes=\"(max-width: 300px) 100vw, 300px\" \/><\/a><\/td>\n<td style=\"width: 75%;\"><span style=\"color: #333333;\"><strong>Prof. Dr. Willian Orlando Castillo\u00a0<\/strong><\/span><\/td>\n<\/tr>\n<tr>\n<td><a href=\"https:\/\/scholar.google.com.br\/citations?user=0-TMrLIAAAAJ&amp;hl=pt-BR\" target=\"_blank\" rel=\"noopener\"><img decoding=\"async\" class=\"alignleft wp-image-575\" src=\"https:\/\/sites.usp.br\/gbi\/wp-content\/uploads\/sites\/1005\/2021\/09\/logo_google-300x300.png\" alt=\"\" width=\"24\" height=\"24\" srcset=\"https:\/\/sites.usp.br\/gbi\/wp-content\/uploads\/sites\/1005\/2021\/09\/logo_google-300x300.png 300w, https:\/\/sites.usp.br\/gbi\/wp-content\/uploads\/sites\/1005\/2021\/09\/logo_google-1024x1024.png 1024w, https:\/\/sites.usp.br\/gbi\/wp-content\/uploads\/sites\/1005\/2021\/09\/logo_google-150x150.png 150w, https:\/\/sites.usp.br\/gbi\/wp-content\/uploads\/sites\/1005\/2021\/09\/logo_google-768x768.png 768w, https:\/\/sites.usp.br\/gbi\/wp-content\/uploads\/sites\/1005\/2021\/09\/logo_google-1536x1536.png 1536w, https:\/\/sites.usp.br\/gbi\/wp-content\/uploads\/sites\/1005\/2021\/09\/logo_google-2048x2048.png 2048w, https:\/\/sites.usp.br\/gbi\/wp-content\/uploads\/sites\/1005\/2021\/09\/logo_google-45x45.png 45w\" sizes=\"(max-width: 24px) 100vw, 24px\" \/><\/a> <a href=\"https:\/\/orcid.org\/0000-0001-9138-1248\" target=\"_blank\" rel=\"noopener\"><img decoding=\"async\" class=\"alignleft wp-image-570 size-full\" src=\"https:\/\/sites.usp.br\/gbi\/wp-content\/uploads\/sites\/1005\/2021\/09\/orcid2-e1631552882932.png\" alt=\"\" width=\"24\" height=\"24\" \/><\/a> <a href=\"https:\/\/scienti.minciencias.gov.co\/cvlac\/visualizador\/generarCurriculoCv.do?cod_rh=0001345845\" target=\"_blank\" rel=\"noopener\"><img loading=\"lazy\" decoding=\"async\" class=\"alignleft wp-image-566 size-full\" src=\"https:\/\/sites.usp.br\/gbi\/wp-content\/uploads\/sites\/1005\/2021\/09\/lattes-e1631552752641.png\" alt=\"\" width=\"24\" height=\"24\" \/><\/a><\/td>\n<\/tr>\n<tr>\n<td style=\"text-align: justify;\"><span style=\"font-size: 10pt;\">O Dr. Willian Orlando Castillo \u00e9 bi\u00f3logo e professor de biologia do desenvolvimento no Departamento de Biologia da Universidade do Cauca (Popay\u00e1n, Col\u00f4mbia). Obteve seu mestrado em Neuroci\u00eancias pela Universidade ICESI (Cali, Col\u00f4mbia) e seu doutorado em Gen\u00e9tica pela Universidade de S\u00e3o Paulo (Brasil), com pesquisa focada nas propriedades anticolinester\u00e1sicas de extratos vegetais, com aten\u00e7\u00e3o especial \u00e0 doen\u00e7a de Alzheimer. Sua pesquisa atual se concentra na avalia\u00e7\u00e3o das propriedades anticolinester\u00e1sicas e antioxidantes de plantas da fam\u00edlia Amaryllidaceae. Este trabalho integra estudos mecan\u00edsticos sobre neuroprote\u00e7\u00e3o, neurotoxicidade, antimutagenicidade, diferencia\u00e7\u00e3o celular, reparo de DNA e regula\u00e7\u00e3o epigen\u00e9tica, que s\u00e3o complementados com m\u00e9todos de predi\u00e7\u00e3o <em>in silico<\/em>, como <em>docking<\/em> e simula\u00e7\u00e3o de din\u00e2mica molecular.<\/span><\/td>\n<\/tr>\n<\/tbody>\n<\/table>\n<p>&nbsp;<\/p>\n","protected":false},"excerpt":{"rendered":"<p>Colaboradores Profa. Dra. Nohelia Cajas Salazar Bacharel em Ci\u00eancias Biol\u00f3gicas e Doutora em Ci\u00eancias Biom\u00e9dicas pelo Programa de Medicina Preventiva e Sa\u00fade Comunit\u00e1ria da Universidade do Texas, EUA. Desde 2001, \u00e9 professora titular do Departamento de Biologia da Universidade do Cauca, onde coordena o Grupo de Pesquisa em Toxicologia Gen\u00e9tica. Seu foco tem sido conduzir [&hellip;]<\/p>\n","protected":false},"author":22595,"featured_media":0,"parent":0,"menu_order":0,"comment_status":"closed","ping_status":"closed","template":"","meta":{"ocean_post_layout":"","ocean_both_sidebars_style":"","ocean_both_sidebars_content_width":0,"ocean_both_sidebars_sidebars_width":0,"ocean_sidebar":"0","ocean_second_sidebar":"0","ocean_disable_margins":"enable","ocean_add_body_class":"","ocean_shortcode_before_top_bar":"","ocean_shortcode_after_top_bar":"","ocean_shortcode_before_header":"","ocean_shortcode_after_header":"","ocean_has_shortcode":"","ocean_shortcode_after_title":"","ocean_shortcode_before_footer_widgets":"","ocean_shortcode_after_footer_widgets":"","ocean_shortcode_before_footer_bottom":"","ocean_shortcode_after_footer_bottom":"","ocean_display_top_bar":"default","ocean_display_header":"default","ocean_header_style":"","ocean_center_header_left_menu":"0","ocean_custom_header_template":"0","ocean_custom_logo":0,"ocean_custom_retina_logo":0,"ocean_custom_logo_max_width":0,"ocean_custom_logo_tablet_max_width":0,"ocean_custom_logo_mobile_max_width":0,"ocean_custom_logo_max_height":0,"ocean_custom_logo_tablet_max_height":0,"ocean_custom_logo_mobile_max_height":0,"ocean_header_custom_menu":"0","ocean_menu_typo_font_family":"0","ocean_menu_typo_font_subset":"","ocean_menu_typo_font_size":0,"ocean_menu_typo_font_size_tablet":0,"ocean_menu_typo_font_size_mobile":0,"ocean_menu_typo_font_size_unit":"px","ocean_menu_typo_font_weight":"","ocean_menu_typo_font_weight_tablet":"","ocean_menu_typo_font_weight_mobile":"","ocean_menu_typo_transform":"","ocean_menu_typo_transform_tablet":"","ocean_menu_typo_transform_mobile":"","ocean_menu_typo_line_height":0,"ocean_menu_typo_line_height_tablet":0,"ocean_menu_typo_line_height_mobile":0,"ocean_menu_typo_line_height_unit":"","ocean_menu_typo_spacing":0,"ocean_menu_typo_spacing_tablet":0,"ocean_menu_typo_spacing_mobile":0,"ocean_menu_typo_spacing_unit":"","ocean_menu_link_color":"","ocean_menu_link_color_hover":"","ocean_menu_link_color_active":"","ocean_menu_link_background":"","ocean_menu_link_hover_background":"","ocean_menu_link_active_background":"","ocean_menu_social_links_bg":"","ocean_menu_social_hover_links_bg":"","ocean_menu_social_links_color":"","ocean_menu_social_hover_links_color":"","ocean_disable_title":"default","ocean_disable_heading":"default","ocean_post_title":"","ocean_post_subheading":"","ocean_post_title_style":"","ocean_post_title_background_color":"","ocean_post_title_background":0,"ocean_post_title_bg_image_position":"","ocean_post_title_bg_image_attachment":"","ocean_post_title_bg_image_repeat":"","ocean_post_title_bg_image_size":"","ocean_post_title_height":0,"ocean_post_title_bg_overlay":0.5,"ocean_post_title_bg_overlay_color":"","ocean_disable_breadcrumbs":"default","ocean_breadcrumbs_color":"","ocean_breadcrumbs_separator_color":"","ocean_breadcrumbs_links_color":"","ocean_breadcrumbs_links_hover_color":"","ocean_display_footer_widgets":"default","ocean_display_footer_bottom":"default","ocean_custom_footer_template":"0","footnotes":"","_links_to":"","_links_to_target":""},"class_list":["post-925","page","type-page","status-publish","hentry","entry"],"jetpack_sharing_enabled":true,"_links":{"self":[{"href":"https:\/\/sites.usp.br\/gbi\/wp-json\/wp\/v2\/pages\/925","targetHints":{"allow":["GET"]}}],"collection":[{"href":"https:\/\/sites.usp.br\/gbi\/wp-json\/wp\/v2\/pages"}],"about":[{"href":"https:\/\/sites.usp.br\/gbi\/wp-json\/wp\/v2\/types\/page"}],"author":[{"embeddable":true,"href":"https:\/\/sites.usp.br\/gbi\/wp-json\/wp\/v2\/users\/22595"}],"replies":[{"embeddable":true,"href":"https:\/\/sites.usp.br\/gbi\/wp-json\/wp\/v2\/comments?post=925"}],"version-history":[{"count":4,"href":"https:\/\/sites.usp.br\/gbi\/wp-json\/wp\/v2\/pages\/925\/revisions"}],"predecessor-version":[{"id":1120,"href":"https:\/\/sites.usp.br\/gbi\/wp-json\/wp\/v2\/pages\/925\/revisions\/1120"}],"wp:attachment":[{"href":"https:\/\/sites.usp.br\/gbi\/wp-json\/wp\/v2\/media?parent=925"}],"curies":[{"name":"wp","href":"https:\/\/api.w.org\/{rel}","templated":true}]}}